{"id":2715,"date":"2025-08-17T14:21:09","date_gmt":"2025-08-17T14:21:09","guid":{"rendered":"https:\/\/unicoring.com\/?page_id=2715"},"modified":"2025-08-17T14:21:10","modified_gmt":"2025-08-17T14:21:10","slug":"our-quality-assurance","status":"publish","type":"page","link":"https:\/\/unicoring.com\/de\/our-quality-assurance\/","title":{"rendered":"Unsere Qualit\u00e4tssicherung"},"content":{"rendered":"<p id=\"wd-4fe0e6ef\" class=\"wp-block-wd-paragraph\"><\/p>\n\n\n\n<p id=\"wd-1b071f18\" class=\"wp-block-wd-paragraph\">Bei Unicoring sind unsere Werte in jedem Aspekt unseres Gesch\u00e4fts verankert.<\/p>\n\n\n\n<p id=\"wd-5744d739\" class=\"wp-block-wd-paragraph\">Qualit\u00e4t steht an erster Stelle: Im Rahmen unseres Engagements f\u00fcr Qualit\u00e4t steht f\u00fcr uns die Herstellung sorgf\u00e4ltig gestalteter, hochwertiger Schmuckst\u00fccke im Vordergrund, die nicht nur dauerhaften Wert und Zufriedenheit bieten, sondern auch hypoallergen und bleifrei sind.<\/p>\n\n\n\n<p id=\"wd-800d6aad\" class=\"wp-block-wd-paragraph\">\u00d6kologische Nachhaltigkeit: Wir sind uns unserer Auswirkungen auf die Umwelt bewusst und f\u00f6rdern aktiv eine nachhaltige Entwicklung durch die Verwendung umweltfreundlicher Materialien und Prozesse.<\/p>\n\n\n\n<p id=\"wd-d2e2da14\" class=\"wp-block-wd-paragraph\">Einzigartiges Design: Wir legen Wert auf Einzigartigkeit und Innovation und bieten eine vielf\u00e4ltige Auswahl an Schmuck, mit dem unsere Kunden ihre Individualit\u00e4t und ihren Geschmack zum Ausdruck bringen k\u00f6nnen.<\/p>\n\n\n\n<p id=\"wd-ff348192\" class=\"wp-block-wd-paragraph\">Unsere Produkte sind bekannt f\u00fcr ihre Einzigartigkeit, ihren Stil und ihre Umweltfreundlichkeit. Von exquisitem Moissanit bis hin zu im Labor gez\u00fcchteten Diamanten umfasst unsere Schmuckkollektion Ringe, Halsketten, Ohrringe und mehr \u2013 jedes St\u00fcck mit Pers\u00f6nlichkeit und Charme. Mit viel Liebe zum Detail gefertigt, verbinden unsere St\u00fccke Mode und Umweltbewusstsein nahtlos miteinander und erm\u00f6glichen Ihnen, sich auszudr\u00fccken und gleichzeitig einen Beitrag zum Umweltschutz zu leisten.<\/p>\n\n\n\n<p id=\"wd-26c9fb0d\" class=\"wp-block-wd-paragraph\">Bei unicoting halten wir strenge Qualit\u00e4tsstandards ein, um sicherzustellen, dass jedes Schmuckst\u00fcck unseren hohen Qualit\u00e4tskriterien entspricht. Jedes Produkt wird gr\u00fcndlichen Qualit\u00e4tskontrollen und Tests unterzogen, um Langlebigkeit und Zuverl\u00e4ssigkeit zu gew\u00e4hrleisten und Ihnen ein zufriedenstellendes und sorgenfreies Einkaufserlebnis zu bieten.<\/p>\n\n\n\n<p><\/p>","protected":false},"excerpt":{"rendered":"","protected":false},"author":3,"featured_media":0,"parent":0,"menu_order":0,"comment_status":"closed","ping_status":"closed","template":"","meta":{"footnotes":""},"class_list":["post-2715","page","type-page","status-publish","hentry"],"yoast_head":"<!-- This site is optimized with the Yoast SEO plugin v25.7 - https:\/\/yoast.com\/wordpress\/plugins\/seo\/ -->\n<title>Our Quality Assurance - UniCoring<\/title>\n<meta name=\"robots\" content=\"index, follow, max-snippet:-1, max-image-preview:large, max-video-preview:-1\" \/>\n<link rel=\"canonical\" href=\"https:\/\/unicoring.com\/de\/our-quality-assurance\/\" \/>\n<meta property=\"og:locale\" content=\"de_DE\" \/>\n<meta property=\"og:type\" content=\"article\" \/>\n<meta property=\"og:title\" content=\"Our Quality Assurance - UniCoring\" \/>\n<meta property=\"og:url\" content=\"https:\/\/unicoring.com\/de\/our-quality-assurance\/\" \/>\n<meta property=\"og:site_name\" content=\"UniCoring\" \/>\n<meta property=\"article:modified_time\" content=\"2025-08-17T14:21:10+00:00\" \/>\n<meta name=\"twitter:card\" content=\"summary_large_image\" \/>\n<meta name=\"twitter:label1\" content=\"Gesch\u00e4tzte Lesezeit\" \/>\n\t<meta name=\"twitter:data1\" content=\"1\u00a0Minute\" \/>\n<script type=\"application\/ld+json\" class=\"yoast-schema-graph\">{\"@context\":\"https:\/\/schema.org\",\"@graph\":[{\"@type\":\"WebPage\",\"@id\":\"https:\/\/unicoring.com\/our-quality-assurance\/\",\"url\":\"https:\/\/unicoring.com\/our-quality-assurance\/\",\"name\":\"Our Quality Assurance - UniCoring\",\"isPartOf\":{\"@id\":\"https:\/\/unicoring.com\/#website\"},\"datePublished\":\"2025-08-17T14:21:09+00:00\",\"dateModified\":\"2025-08-17T14:21:10+00:00\",\"breadcrumb\":{\"@id\":\"https:\/\/unicoring.com\/our-quality-assurance\/#breadcrumb\"},\"inLanguage\":\"de\",\"potentialAction\":[{\"@type\":\"ReadAction\",\"target\":[\"https:\/\/unicoring.com\/our-quality-assurance\/\"]}]},{\"@type\":\"BreadcrumbList\",\"@id\":\"https:\/\/unicoring.com\/our-quality-assurance\/#breadcrumb\",\"itemListElement\":[{\"@type\":\"ListItem\",\"position\":1,\"name\":\"\u9996\u9875\",\"item\":\"https:\/\/unicoring.com\/\"},{\"@type\":\"ListItem\",\"position\":2,\"name\":\"Our Quality Assurance\"}]},{\"@type\":\"WebSite\",\"@id\":\"https:\/\/unicoring.com\/#website\",\"url\":\"https:\/\/unicoring.com\/\",\"name\":\"UniCoring\",\"description\":\"\",\"potentialAction\":[{\"@type\":\"SearchAction\",\"target\":{\"@type\":\"EntryPoint\",\"urlTemplate\":\"https:\/\/unicoring.com\/?s={search_term_string}\"},\"query-input\":{\"@type\":\"PropertyValueSpecification\",\"valueRequired\":true,\"valueName\":\"search_term_string\"}}],\"inLanguage\":\"de\"}]}<\/script>\n<!-- \/ Yoast SEO plugin. -->","yoast_head_json":{"title":"Our Quality Assurance - UniCoring","robots":{"index":"index","follow":"follow","max-snippet":"max-snippet:-1","max-image-preview":"max-image-preview:large","max-video-preview":"max-video-preview:-1"},"canonical":"https:\/\/unicoring.com\/de\/our-quality-assurance\/","og_locale":"de_DE","og_type":"article","og_title":"Our Quality Assurance - UniCoring","og_url":"https:\/\/unicoring.com\/de\/our-quality-assurance\/","og_site_name":"UniCoring","article_modified_time":"2025-08-17T14:21:10+00:00","twitter_card":"summary_large_image","twitter_misc":{"Gesch\u00e4tzte Lesezeit":"1\u00a0Minute"},"schema":{"@context":"https:\/\/schema.org","@graph":[{"@type":"WebPage","@id":"https:\/\/unicoring.com\/our-quality-assurance\/","url":"https:\/\/unicoring.com\/our-quality-assurance\/","name":"Our Quality Assurance - UniCoring","isPartOf":{"@id":"https:\/\/unicoring.com\/#website"},"datePublished":"2025-08-17T14:21:09+00:00","dateModified":"2025-08-17T14:21:10+00:00","breadcrumb":{"@id":"https:\/\/unicoring.com\/our-quality-assurance\/#breadcrumb"},"inLanguage":"de","potentialAction":[{"@type":"ReadAction","target":["https:\/\/unicoring.com\/our-quality-assurance\/"]}]},{"@type":"BreadcrumbList","@id":"https:\/\/unicoring.com\/our-quality-assurance\/#breadcrumb","itemListElement":[{"@type":"ListItem","position":1,"name":"\u9996\u9875","item":"https:\/\/unicoring.com\/"},{"@type":"ListItem","position":2,"name":"Our Quality Assurance"}]},{"@type":"WebSite","@id":"https:\/\/unicoring.com\/#website","url":"https:\/\/unicoring.com\/","name":"UniCoring","description":"","potentialAction":[{"@type":"SearchAction","target":{"@type":"EntryPoint","urlTemplate":"https:\/\/unicoring.com\/?s={search_term_string}"},"query-input":{"@type":"PropertyValueSpecification","valueRequired":true,"valueName":"search_term_string"}}],"inLanguage":"de"}]}},"_links":{"self":[{"href":"https:\/\/unicoring.com\/de\/wp-json\/wp\/v2\/pages\/2715","targetHints":{"allow":["GET"]}}],"collection":[{"href":"https:\/\/unicoring.com\/de\/wp-json\/wp\/v2\/pages"}],"about":[{"href":"https:\/\/unicoring.com\/de\/wp-json\/wp\/v2\/types\/page"}],"author":[{"embeddable":true,"href":"https:\/\/unicoring.com\/de\/wp-json\/wp\/v2\/users\/3"}],"replies":[{"embeddable":true,"href":"https:\/\/unicoring.com\/de\/wp-json\/wp\/v2\/comments?post=2715"}],"version-history":[{"count":1,"href":"https:\/\/unicoring.com\/de\/wp-json\/wp\/v2\/pages\/2715\/revisions"}],"predecessor-version":[{"id":2717,"href":"https:\/\/unicoring.com\/de\/wp-json\/wp\/v2\/pages\/2715\/revisions\/2717"}],"wp:attachment":[{"href":"https:\/\/unicoring.com\/de\/wp-json\/wp\/v2\/media?parent=2715"}],"curies":[{"name":"wp","href":"https:\/\/api.w.org\/{rel}","templated":true}]}}