{"id":2719,"date":"2025-08-17T14:27:11","date_gmt":"2025-08-17T14:27:11","guid":{"rendered":"https:\/\/unicoring.com\/?page_id=2719"},"modified":"2025-08-19T07:32:48","modified_gmt":"2025-08-19T07:32:48","slug":"uincoringjewelry","status":"publish","type":"page","link":"https:\/\/unicoring.com\/de\/uincoringjewelry\/","title":{"rendered":"Kostenlose Gravur und Politur"},"content":{"rendered":"<p id=\"wd-b2a67859\" class=\"wp-block-wd-paragraph\">Bei unicoring legen wir nicht nur Wert auf hochwertigen Schmuck, sondern bieten auch zus\u00e4tzliche Services f\u00fcr ein au\u00dfergew\u00f6hnliches Einkaufserlebnis. Neben unserem sorgf\u00e4ltig gefertigten Schmuck bieten wir folgende Leistungen an:<\/p>\n\n\n\n<figure class=\"wp-block-image size-full\"><img fetchpriority=\"high\" decoding=\"async\" width=\"340\" height=\"274\" src=\"https:\/\/unicoring.com\/wp-content\/uploads\/2025\/08\/\u5fae\u4fe1\u56fe\u7247_2025-08-17_223046_356.png\" alt=\"\" class=\"wp-image-2725\" srcset=\"https:\/\/unicoring.com\/wp-content\/uploads\/2025\/08\/\u5fae\u4fe1\u56fe\u7247_2025-08-17_223046_356.png 340w, https:\/\/unicoring.com\/wp-content\/uploads\/2025\/08\/\u5fae\u4fe1\u56fe\u7247_2025-08-17_223046_356-300x242.png 300w, https:\/\/unicoring.com\/wp-content\/uploads\/2025\/08\/\u5fae\u4fe1\u56fe\u7247_2025-08-17_223046_356-15x12.png 15w, https:\/\/unicoring.com\/wp-content\/uploads\/2025\/08\/\u5fae\u4fe1\u56fe\u7247_2025-08-17_223046_356-150x121.png 150w\" sizes=\"(max-width: 340px) 100vw, 340px\" \/><\/figure>\n\n\n\n<p id=\"wd-54fdd50c\" class=\"wp-block-wd-paragraph\"><\/p>\n\n\n\n<p>1. Kostenlose Gravur: Wir bieten eine kostenlose Gravur f\u00fcr alle gekauften Artikel an. Ob Sie Schmuck f\u00fcr sich selbst personalisieren oder ihn Ihren Lieben schenken m\u00f6chten \u2013 Sie k\u00f6nnen einzigartige Worte oder Daten in unseren Schmuck eingravieren, um ihn noch spezieller und bedeutungsvoller zu machen.<\/p>\n\n\n\n<figure class=\"wp-block-image size-full\"><img decoding=\"async\" width=\"330\" height=\"183\" src=\"https:\/\/unicoring.com\/wp-content\/uploads\/2025\/08\/\u5fae\u4fe1\u56fe\u7247_2025-08-17_223121_214.png\" alt=\"\" class=\"wp-image-2724\" srcset=\"https:\/\/unicoring.com\/wp-content\/uploads\/2025\/08\/\u5fae\u4fe1\u56fe\u7247_2025-08-17_223121_214.png 330w, https:\/\/unicoring.com\/wp-content\/uploads\/2025\/08\/\u5fae\u4fe1\u56fe\u7247_2025-08-17_223121_214-300x166.png 300w, https:\/\/unicoring.com\/wp-content\/uploads\/2025\/08\/\u5fae\u4fe1\u56fe\u7247_2025-08-17_223121_214-18x10.png 18w, https:\/\/unicoring.com\/wp-content\/uploads\/2025\/08\/\u5fae\u4fe1\u56fe\u7247_2025-08-17_223121_214-150x83.png 150w\" sizes=\"(max-width: 330px) 100vw, 330px\" \/><\/figure>\n\n\n\n<p id=\"wd-f5004c0d\" class=\"wp-block-wd-paragraph\">2. Drei Jahre kostenloses Polieren: Da wir wissen, dass t\u00e4glicher Verschlei\u00df den Glanz von Schmuckst\u00fccken beeintr\u00e4chtigen kann, bieten wir drei Jahre kostenloses Polieren f\u00fcr alle gekauften Artikel an. Sie k\u00f6nnen Ihren Schmuck jederzeit an uns zur\u00fccksenden und wir polieren ihn professionell, um seinen Glanz wiederherzustellen.<\/p>\n\n\n\n<p id=\"wd-024d7c38\" class=\"wp-block-wd-paragraph\">Bitte beachten Sie, dass der Polierservice kostenlos ist, die Versandkosten jedoch vom Kunden zu tragen sind. Wir empfehlen eine sichere und zuverl\u00e4ssige Versandmethode, um sicherzustellen, dass Ihr Schmuck sicher ankommt. Bei Fragen oder wenn Sie Hilfe ben\u00f6tigen, wenden Sie sich bitte an unseren Kundenservice. Wir helfen Ihnen gerne weiter.<\/p>\n\n\n\n<p id=\"wd-0366f157\" class=\"wp-block-wd-paragraph\">Bei Unicoring haben wir es uns zur Aufgabe gemacht, Ihnen Schmuck und Service h\u00f6chster Qualit\u00e4t zu bieten und Ihr Einkaufserlebnis angenehm und unvergesslich zu machen.<\/p>\n\n\n\n<p><\/p>","protected":false},"excerpt":{"rendered":"<p>1. Free Engraving: We offer complimentary engraving for all purchased items. Whether it&#8217;s personalizing jewelry for yourself or gifting to<\/p>","protected":false},"author":3,"featured_media":0,"parent":0,"menu_order":0,"comment_status":"closed","ping_status":"closed","template":"","meta":{"footnotes":""},"class_list":["post-2719","page","type-page","status-publish","hentry"],"yoast_head":"<!-- This site is optimized with the Yoast SEO plugin v25.7 - https:\/\/yoast.com\/wordpress\/plugins\/seo\/ -->\n<title>Free Engraving &amp; Polishing - UniCoring<\/title>\n<meta name=\"robots\" content=\"index, follow, max-snippet:-1, max-image-preview:large, max-video-preview:-1\" \/>\n<link rel=\"canonical\" href=\"https:\/\/unicoring.com\/de\/uincoringjewelry\/\" \/>\n<meta property=\"og:locale\" content=\"de_DE\" \/>\n<meta property=\"og:type\" content=\"article\" \/>\n<meta property=\"og:title\" content=\"Free Engraving &amp; Polishing - UniCoring\" \/>\n<meta property=\"og:description\" content=\"1. Free Engraving: We offer complimentary engraving for all purchased items. Whether it&#8217;s personalizing jewelry for yourself or gifting to\" \/>\n<meta property=\"og:url\" content=\"https:\/\/unicoring.com\/de\/uincoringjewelry\/\" \/>\n<meta property=\"og:site_name\" content=\"UniCoring\" \/>\n<meta property=\"article:modified_time\" content=\"2025-08-19T07:32:48+00:00\" \/>\n<meta name=\"twitter:card\" content=\"summary_large_image\" \/>\n<meta name=\"twitter:label1\" content=\"Gesch\u00e4tzte Lesezeit\" \/>\n\t<meta name=\"twitter:data1\" content=\"2\u00a0Minuten\" \/>\n<script type=\"application\/ld+json\" class=\"yoast-schema-graph\">{\"@context\":\"https:\/\/schema.org\",\"@graph\":[{\"@type\":\"WebPage\",\"@id\":\"https:\/\/unicoring.com\/uincoringjewelry\/\",\"url\":\"https:\/\/unicoring.com\/uincoringjewelry\/\",\"name\":\"Free Engraving &amp; Polishing - UniCoring\",\"isPartOf\":{\"@id\":\"https:\/\/unicoring.com\/#website\"},\"datePublished\":\"2025-08-17T14:27:11+00:00\",\"dateModified\":\"2025-08-19T07:32:48+00:00\",\"breadcrumb\":{\"@id\":\"https:\/\/unicoring.com\/uincoringjewelry\/#breadcrumb\"},\"inLanguage\":\"de\",\"potentialAction\":[{\"@type\":\"ReadAction\",\"target\":[\"https:\/\/unicoring.com\/uincoringjewelry\/\"]}]},{\"@type\":\"BreadcrumbList\",\"@id\":\"https:\/\/unicoring.com\/uincoringjewelry\/#breadcrumb\",\"itemListElement\":[{\"@type\":\"ListItem\",\"position\":1,\"name\":\"\u9996\u9875\",\"item\":\"https:\/\/unicoring.com\/\"},{\"@type\":\"ListItem\",\"position\":2,\"name\":\"Free Engraving &amp; Polishing\"}]},{\"@type\":\"WebSite\",\"@id\":\"https:\/\/unicoring.com\/#website\",\"url\":\"https:\/\/unicoring.com\/\",\"name\":\"UniCoring\",\"description\":\"\",\"potentialAction\":[{\"@type\":\"SearchAction\",\"target\":{\"@type\":\"EntryPoint\",\"urlTemplate\":\"https:\/\/unicoring.com\/?s={search_term_string}\"},\"query-input\":{\"@type\":\"PropertyValueSpecification\",\"valueRequired\":true,\"valueName\":\"search_term_string\"}}],\"inLanguage\":\"de\"}]}<\/script>\n<!-- \/ Yoast SEO plugin. -->","yoast_head_json":{"title":"Free Engraving &amp; Polishing - UniCoring","robots":{"index":"index","follow":"follow","max-snippet":"max-snippet:-1","max-image-preview":"max-image-preview:large","max-video-preview":"max-video-preview:-1"},"canonical":"https:\/\/unicoring.com\/de\/uincoringjewelry\/","og_locale":"de_DE","og_type":"article","og_title":"Free Engraving &amp; Polishing - UniCoring","og_description":"1. Free Engraving: We offer complimentary engraving for all purchased items. Whether it&#8217;s personalizing jewelry for yourself or gifting to","og_url":"https:\/\/unicoring.com\/de\/uincoringjewelry\/","og_site_name":"UniCoring","article_modified_time":"2025-08-19T07:32:48+00:00","twitter_card":"summary_large_image","twitter_misc":{"Gesch\u00e4tzte Lesezeit":"2\u00a0Minuten"},"schema":{"@context":"https:\/\/schema.org","@graph":[{"@type":"WebPage","@id":"https:\/\/unicoring.com\/uincoringjewelry\/","url":"https:\/\/unicoring.com\/uincoringjewelry\/","name":"Free Engraving &amp; Polishing - UniCoring","isPartOf":{"@id":"https:\/\/unicoring.com\/#website"},"datePublished":"2025-08-17T14:27:11+00:00","dateModified":"2025-08-19T07:32:48+00:00","breadcrumb":{"@id":"https:\/\/unicoring.com\/uincoringjewelry\/#breadcrumb"},"inLanguage":"de","potentialAction":[{"@type":"ReadAction","target":["https:\/\/unicoring.com\/uincoringjewelry\/"]}]},{"@type":"BreadcrumbList","@id":"https:\/\/unicoring.com\/uincoringjewelry\/#breadcrumb","itemListElement":[{"@type":"ListItem","position":1,"name":"\u9996\u9875","item":"https:\/\/unicoring.com\/"},{"@type":"ListItem","position":2,"name":"Free Engraving &amp; Polishing"}]},{"@type":"WebSite","@id":"https:\/\/unicoring.com\/#website","url":"https:\/\/unicoring.com\/","name":"UniCoring","description":"","potentialAction":[{"@type":"SearchAction","target":{"@type":"EntryPoint","urlTemplate":"https:\/\/unicoring.com\/?s={search_term_string}"},"query-input":{"@type":"PropertyValueSpecification","valueRequired":true,"valueName":"search_term_string"}}],"inLanguage":"de"}]}},"_links":{"self":[{"href":"https:\/\/unicoring.com\/de\/wp-json\/wp\/v2\/pages\/2719","targetHints":{"allow":["GET"]}}],"collection":[{"href":"https:\/\/unicoring.com\/de\/wp-json\/wp\/v2\/pages"}],"about":[{"href":"https:\/\/unicoring.com\/de\/wp-json\/wp\/v2\/types\/page"}],"author":[{"embeddable":true,"href":"https:\/\/unicoring.com\/de\/wp-json\/wp\/v2\/users\/3"}],"replies":[{"embeddable":true,"href":"https:\/\/unicoring.com\/de\/wp-json\/wp\/v2\/comments?post=2719"}],"version-history":[{"count":3,"href":"https:\/\/unicoring.com\/de\/wp-json\/wp\/v2\/pages\/2719\/revisions"}],"predecessor-version":[{"id":2727,"href":"https:\/\/unicoring.com\/de\/wp-json\/wp\/v2\/pages\/2719\/revisions\/2727"}],"wp:attachment":[{"href":"https:\/\/unicoring.com\/de\/wp-json\/wp\/v2\/media?parent=2719"}],"curies":[{"name":"wp","href":"https:\/\/api.w.org\/{rel}","templated":true}]}}