{"id":2728,"date":"2025-08-17T15:00:32","date_gmt":"2025-08-17T15:00:32","guid":{"rendered":"https:\/\/unicoring.com\/?page_id=2728"},"modified":"2025-08-17T15:04:54","modified_gmt":"2025-08-17T15:04:54","slug":"size-guide","status":"publish","type":"page","link":"https:\/\/unicoring.com\/de\/size-guide\/","title":{"rendered":"Gr\u00f6\u00dfentabelle"},"content":{"rendered":"<h2 id=\"wd-ab115b5e\" class=\"wp-block-wd-title title\">Wie ermitteln Sie Ihre Ringgr\u00f6\u00dfe?<\/h2>\n\n\n\n<p>Die perfekte Ringgr\u00f6\u00dfe ist entscheidend f\u00fcr einen bequemen und sicheren Sitz. Wir von unicoring helfen Ihnen dabei, Ihre Ringgr\u00f6\u00dfe ganz einfach zu bestimmen. Folgen Sie unseren einfachen Schritten und w\u00e4hlen Sie aus den folgenden verschiedenen Methoden:<\/p>\n\n\n\n<div id=\"wd-5fe7596b\" class=\"wp-block-wd-image wd-block-image\"><img fetchpriority=\"high\" decoding=\"async\" width=\"1016\" height=\"314\" class=\"wp-image-2729\" src=\"https:\/\/unicoring.com\/wp-content\/uploads\/2025\/08\/\u5fae\u4fe1\u56fe\u7247_2025-08-17_224628_132.png\" alt=\"\" srcset=\"https:\/\/unicoring.com\/wp-content\/uploads\/2025\/08\/\u5fae\u4fe1\u56fe\u7247_2025-08-17_224628_132.png 1016w, https:\/\/unicoring.com\/wp-content\/uploads\/2025\/08\/\u5fae\u4fe1\u56fe\u7247_2025-08-17_224628_132-300x93.png 300w, https:\/\/unicoring.com\/wp-content\/uploads\/2025\/08\/\u5fae\u4fe1\u56fe\u7247_2025-08-17_224628_132-768x237.png 768w, https:\/\/unicoring.com\/wp-content\/uploads\/2025\/08\/\u5fae\u4fe1\u56fe\u7247_2025-08-17_224628_132-18x6.png 18w, https:\/\/unicoring.com\/wp-content\/uploads\/2025\/08\/\u5fae\u4fe1\u56fe\u7247_2025-08-17_224628_132-150x46.png 150w\" sizes=\"(max-width: 1016px) 100vw, 1016px\" \/><\/div>\n\n\n\n<figure class=\"wp-block-image size-full is-resized\"><img decoding=\"async\" width=\"300\" height=\"270\" src=\"https:\/\/unicoring.com\/wp-content\/uploads\/2025\/08\/\u5fae\u4fe1\u56fe\u7247_2025-08-17_224134_977.png\" alt=\"\" class=\"wp-image-2730\" style=\"width:841px;height:auto\" srcset=\"https:\/\/unicoring.com\/wp-content\/uploads\/2025\/08\/\u5fae\u4fe1\u56fe\u7247_2025-08-17_224134_977.png 300w, https:\/\/unicoring.com\/wp-content\/uploads\/2025\/08\/\u5fae\u4fe1\u56fe\u7247_2025-08-17_224134_977-13x12.png 13w, https:\/\/unicoring.com\/wp-content\/uploads\/2025\/08\/\u5fae\u4fe1\u56fe\u7247_2025-08-17_224134_977-150x135.png 150w\" sizes=\"(max-width: 300px) 100vw, 300px\" \/><\/figure>\n\n\n\n<h3 id=\"wd-1a51a915\" class=\"wp-block-wd-title title\">Option 1 \u2013 Papierstreifen- und Linealmethode<\/h3>\n\n\n\n<p>Orem ipsum dolor sit amet, consectetur adipiscing elit, sed do eiusmod tempor incididunt ut labore et dolore magna aliqua. Bis zu einem gewissen Grad ist es uns gelungen, unsere Arbeit zu erledigen, ohne dass wir sie von der entsprechenden Kommode \u00fcbernehmen m\u00fcssen.<\/p>\n\n\n\n<figure class=\"wp-block-image size-full\"><img decoding=\"async\" width=\"800\" height=\"246\" src=\"https:\/\/unicoring.com\/wp-content\/uploads\/2025\/08\/\u5fae\u4fe1\u56fe\u7247_2025-08-17_224200_700.png\" alt=\"\" class=\"wp-image-2731\" srcset=\"https:\/\/unicoring.com\/wp-content\/uploads\/2025\/08\/\u5fae\u4fe1\u56fe\u7247_2025-08-17_224200_700.png 800w, https:\/\/unicoring.com\/wp-content\/uploads\/2025\/08\/\u5fae\u4fe1\u56fe\u7247_2025-08-17_224200_700-300x92.png 300w, https:\/\/unicoring.com\/wp-content\/uploads\/2025\/08\/\u5fae\u4fe1\u56fe\u7247_2025-08-17_224200_700-768x236.png 768w, https:\/\/unicoring.com\/wp-content\/uploads\/2025\/08\/\u5fae\u4fe1\u56fe\u7247_2025-08-17_224200_700-18x6.png 18w, https:\/\/unicoring.com\/wp-content\/uploads\/2025\/08\/\u5fae\u4fe1\u56fe\u7247_2025-08-17_224200_700-150x46.png 150w\" sizes=\"(max-width: 800px) 100vw, 800px\" \/><\/figure>\n\n\n\n<figure class=\"wp-block-table\"><table class=\"has-fixed-layout\"><thead><tr><th>Innendurchmesser (mm)<\/th><th>Innenumfang (mm)<\/th><th>USA, Kanada<\/th><th>Gro\u00dfbritannien, Australien, S\u00fcdafrika<\/th><th>Frankreich<\/th><th>Deutschland, Russland, Ukraine, Asien<\/th><th>Japan, S\u00fcdamerika<\/th><th>Italien, Spanien<\/th><\/tr><\/thead><tbody><tr><td>14.1<\/td><td>44.2<\/td><td>3<\/td><td>F<\/td><td>44<\/td><td>14<\/td><td>4<\/td><td>4<\/td><\/tr><tr><td>14.3<\/td><td>44.8<\/td><td>3.25<\/td><td>F 1\/2<\/td><td>45<\/td><td>14 1\/4<\/td><td>&#8212;<\/td><td>4 5\/8<\/td><\/tr><tr><td>14.5<\/td><td>45.5<\/td><td>3.5<\/td><td>G<\/td><td>45.5<\/td><td>14 1\/2<\/td><td>5<\/td><td>5 1\/4<\/td><\/tr><tr><td>14.7<\/td><td>46.1<\/td><td>3.75<\/td><td>G 1\/2<\/td><td>46<\/td><td>14 3\/4<\/td><td>6<\/td><td>5 7\/8<\/td><\/tr><tr><td>14.9<\/td><td>46.8<\/td><td>4<\/td><td>H<\/td><td>47<\/td><td>15<\/td><td>7<\/td><td>6 1\/2<\/td><\/tr><tr><td>15.1<\/td><td>47.4<\/td><td>4.25<\/td><td>H 1\/2<\/td><td>47.5<\/td><td>&#8212;<\/td><td>&#8212;<\/td><td>7 1\/8<\/td><\/tr><tr><td>15.3<\/td><td>48<\/td><td>4.5<\/td><td>ICH<\/td><td>48<\/td><td>15 1\/4<\/td><td>8<\/td><td>7 3\/4<\/td><\/tr><tr><td>15.5<\/td><td>48.7<\/td><td>4.75<\/td><td>J<\/td><td>48.5<\/td><td>15 1\/2<\/td><td>&#8212;<\/td><td>8 3\/8<\/td><\/tr><tr><td>15.7<\/td><td>49.3<\/td><td>5<\/td><td>J 1\/2<\/td><td>49<\/td><td>15 3\/4<\/td><td>9<\/td><td>9<\/td><\/tr><tr><td>15.9<\/td><td>50<\/td><td>5.25<\/td><td>K<\/td><td>50<\/td><td>16<\/td><td>&#8212;<\/td><td>9 5\/8<\/td><\/tr><tr><td>16.1<\/td><td>50.6<\/td><td>5.5<\/td><td>K 1\/2<\/td><td>50.5<\/td><td>16 1\/4<\/td><td>10<\/td><td>10 1\/4<\/td><\/tr><tr><td>16.3<\/td><td>51.2<\/td><td>5.75<\/td><td>L<\/td><td>51<\/td><td>&#8212;<\/td><td>11<\/td><td>10 7\/8<\/td><\/tr><tr><td>16.5<\/td><td>51.9<\/td><td>6<\/td><td>L 1\/2<\/td><td>52<\/td><td>16 1\/2<\/td><td>12<\/td><td>11 1\/2<\/td><\/tr><tr><td>16.7<\/td><td>52.5<\/td><td>6.25<\/td><td>M<\/td><td>52.5<\/td><td>16 3\/4<\/td><td>&#8212;<\/td><td>12 1\/8<\/td><\/tr><tr><td>16.9<\/td><td>53.1&nbsp;<\/td><td>6.5<\/td><td>M 1\/2&nbsp;<\/td><td>53<\/td><td>17<\/td><td>13<\/td><td>12 3\/4<\/td><\/tr><tr><td>17.1<\/td><td>53.8<\/td><td>6.75<\/td><td>N<\/td><td>54<\/td><td>&#8212;<\/td><td>&#8212;<\/td><td>13 3\/8<\/td><\/tr><tr><td>17.3<\/td><td>54.4<\/td><td>7<\/td><td>N 1\/2<\/td><td>54.5<\/td><td>17 1\/4<\/td><td>14<\/td><td>14<\/td><\/tr><tr><td>17.5<\/td><td>55.1<\/td><td>7.25<\/td><td>O<\/td><td>55<\/td><td>17 1\/2<\/td><td>&#8212;<\/td><td>14 5\/8<\/td><\/tr><tr><td>17.7<\/td><td>55.7<\/td><td>7.5<\/td><td>O 1\/2<\/td><td>56<\/td><td>17 3\/4<\/td><td>15<\/td><td>15 1\/4<\/td><\/tr><tr><td>17.9<\/td><td>56.3<\/td><td>7.75<\/td><td>P<\/td><td>56.5<\/td><td>18<\/td><td>&#8212;<\/td><td>15 7\/8<\/td><\/tr><tr><td>18.1<\/td><td>57<\/td><td>8<\/td><td>P 1\/2<\/td><td>57<\/td><td>&#8212;<\/td><td>16<\/td><td>16 1\/2<\/td><\/tr><tr><td>18.3<\/td><td>57.6<\/td><td>8.25<\/td><td>Q<\/td><td>58<\/td><td>18 1\/4<\/td><td>&#8212;<\/td><td>17 1\/8<\/td><\/tr><tr><td>18.5<\/td><td>58.3<\/td><td>8.5<\/td><td>Q 1\/2<\/td><td>58.5<\/td><td>18 1\/2<\/td><td>17<\/td><td>17 3\/4<\/td><\/tr><tr><td>18.7<\/td><td>58.9<\/td><td>8.75<\/td><td>R<\/td><td>59<\/td><td>18 3\/4<\/td><td>&#8212;<\/td><td>18 3\/8<\/td><\/tr><tr><td>19<\/td><td>59.5<\/td><td>9&nbsp;<\/td><td>R 1\/2<\/td><td>60<\/td><td>19<\/td><td>18<\/td><td>19<\/td><\/tr><tr><td>19.1<\/td><td>60.2<\/td><td>9.25<\/td><td>S<\/td><td>60.5<\/td><td>19 1\/4<\/td><td>&#8212;<\/td><td>19 5\/8<\/td><\/tr><tr><td>19.4<\/td><td>60.8<\/td><td>9.5<\/td><td>S 1\/2<\/td><td>61<\/td><td>19 1\/2<\/td><td>19<\/td><td>20 1\/4<\/td><\/tr><tr><td>19.5<\/td><td>61.4<\/td><td>9.75<\/td><td>T<\/td><td>61.5<\/td><td>&#8212;<\/td><td>&#8212;<\/td><td>20 7\/8<\/td><\/tr><tr><td>19.8<\/td><td>62.1<\/td><td>10<\/td><td>T 1\/2<\/td><td>62<\/td><td>19 3\/4<\/td><td>20<\/td><td>21 1\/2<\/td><\/tr><tr><td>20<\/td><td>62.7<\/td><td>10.25<\/td><td>U<\/td><td>63<\/td><td>20<\/td><td>21<\/td><td>22 1\/8<\/td><\/tr><tr><td>20.2<\/td><td>63.4<\/td><td>10.5<\/td><td>U 1\/2<\/td><td>63.5<\/td><td>&#8212;<\/td><td>22<\/td><td>22 3\/4<\/td><\/tr><tr><td>20.4<\/td><td>64<\/td><td>10.75<\/td><td>V<\/td><td>64<\/td><td>20 1\/2<\/td><td>&#8212;<\/td><td>23 3\/8<\/td><\/tr><tr><td>20.6<\/td><td>64.6<\/td><td>11<\/td><td>V 1\/2<\/td><td>65<\/td><td>20 3\/4<\/td><td>23<\/td><td>24<\/td><\/tr><tr><td>20.8<\/td><td>65.3<\/td><td>11.25<\/td><td>W<\/td><td>65.5<\/td><td>&#8212;<\/td><td>&#8212;<\/td><td>24 5\/8<\/td><\/tr><tr><td>21<\/td><td>65.9<\/td><td>11.5<\/td><td>W 1\/2<\/td><td>66<\/td><td>21<\/td><td>24<\/td><td>25 1\/4<\/td><\/tr><tr><td>21.2<\/td><td>66.6<\/td><td>11.75&nbsp;<\/td><td>X<\/td><td>67<\/td><td>21 1\/4<\/td><td>&#8212;<\/td><td>25 7\/8<\/td><\/tr><tr><td>21.4<\/td><td>67.2<\/td><td>12<\/td><td>X 1\/2<\/td><td>67.5<\/td><td>21 1\/2<\/td><td>25<\/td><td>26 1\/2<\/td><\/tr><tr><td>21.6<\/td><td>68.1<\/td><td>12.25<\/td><td>Y<\/td><td>68<\/td><td>&#8212;<\/td><td>&#8212;<\/td><td>27 1\/8<\/td><\/tr><tr><td>21.8<\/td><td>68.5<\/td><td>12.5<\/td><td>Z<\/td><td>69<\/td><td>21 3\/4<\/td><td>26<\/td><td>27 3\/4<\/td><\/tr><tr><td>22.2<\/td><td>69.7<\/td><td>13<\/td><td>Z+1<\/td><td>70<\/td><td>22<\/td><td>27<\/td><td>29<\/td><\/tr><\/tbody><\/table><\/figure>\n\n\n\n<p>Lorem ipsum dolor sit amet, consectetur adipiscing elit, sed do eiusmod tempor incididunt ut labore et dolore magna aliqua. Bis zu einem gewissen Grad ist es uns gelungen, unsere Arbeit zu erledigen, ohne dass wir sie von der entsprechenden Kommode \u00fcbernehmen m\u00fcssen.<\/p>\n\n\n\n<h3 id=\"wd-8b827007\" class=\"wp-block-wd-title title\">Option 2 \u2013 Perfect Fit Ringgr\u00f6\u00dfenmesser<\/h3>\n\n\n\n<p id=\"wd-78b5f100\" class=\"wp-block-wd-paragraph\">F\u00fcr eine m\u00f6glichst genaue Messung fordern Sie bei TAYLOR KOM einen kostenlosen Ringgr\u00f6\u00dfenmesser an. Mit diesem praktischen Werkzeug erhalten Sie die perfekte Passform.<a href=\"https:\/\/bit.ly\/46tB2ji\" target=\"_blank\" rel=\"noreferrer noopener\"><\/a><\/p>\n\n\n\n<p id=\"wd-7a8feaef\" class=\"wp-block-wd-paragraph\"><a href=\"https:\/\/taylorkom.com\/pages\/free-ring-sizer-form\">KOSTENLOSER RINGGR\u00d6SSENMESSER<\/a><\/p>\n\n\n\n<figure class=\"wp-block-image size-full\"><img loading=\"lazy\" decoding=\"async\" width=\"500\" height=\"125\" src=\"https:\/\/unicoring.com\/wp-content\/uploads\/2025\/08\/\u5fae\u4fe1\u56fe\u7247_2025-08-17_225154_544.png\" alt=\"\" class=\"wp-image-2732\" srcset=\"https:\/\/unicoring.com\/wp-content\/uploads\/2025\/08\/\u5fae\u4fe1\u56fe\u7247_2025-08-17_225154_544.png 500w, https:\/\/unicoring.com\/wp-content\/uploads\/2025\/08\/\u5fae\u4fe1\u56fe\u7247_2025-08-17_225154_544-300x75.png 300w, https:\/\/unicoring.com\/wp-content\/uploads\/2025\/08\/\u5fae\u4fe1\u56fe\u7247_2025-08-17_225154_544-18x5.png 18w, https:\/\/unicoring.com\/wp-content\/uploads\/2025\/08\/\u5fae\u4fe1\u56fe\u7247_2025-08-17_225154_544-150x38.png 150w\" sizes=\"(max-width: 500px) 100vw, 500px\" \/><\/figure>\n\n\n\n<p id=\"wd-1ec7e2bb\" class=\"wp-block-wd-paragraph\">Anwendung:<\/p>\n\n\n\n<ol class=\"wp-block-list\">\n<li>Schieben Sie das Ende durch die Schlaufe, um einen Ring zu bilden<\/li>\n\n\n\n<li>Finger durch die Schlaufe stecken und die Enge einstellen<\/li>\n\n\n\n<li>Nicht zu fest ziehen! Es sollte sich angenehm und fest anf\u00fchlen<\/li>\n\n\n\n<li>Schauen Sie auf den Pfeil, um zu sehen, welche Gr\u00f6\u00dfe Sie haben<\/li>\n\n\n\n<li>Wenn Sie eine halbe Gr\u00f6\u00dfe haben, erh\u00f6hen Sie die Gr\u00f6\u00dfe auf die n\u00e4chste ganze Zahl<\/li>\n\n\n\n<li>Wiederholen Sie die Schritte f\u00fcr den anderen Finger, auch f\u00fcr MIDI-Ringe!<\/li>\n<\/ol>\n\n\n\n<h3 id=\"wd-6c2e9ad2\" class=\"wp-block-wd-title title\">Option 3 \u2013 Kontaktieren Sie uns<\/h3>\n\n\n\n<p>Wenn Sie bereits einen Ring besitzen, der gut passt, messen Sie den Innendurchmesser des Rings mit einem Lineal oder Ma\u00dfband. Vergleichen Sie dieses Ma\u00df mit unserer Ringgr\u00f6\u00dfentabelle, um Ihre Gr\u00f6\u00dfe zu bestimmen.<\/p>\n\n\n\n<h3 id=\"wd-be0e881e\" class=\"wp-block-wd-title title\">Option 4 \u2013 Verwenden Sie Ihren vorhandenen Ring<br><\/h3>\n\n\n\n<p id=\"wd-7e0a21ce\" class=\"wp-block-wd-paragraph\">F\u00fcr eine individuelle Beratung wenden Sie sich bitte an unsere Experten. Wir helfen Ihnen gerne, die perfekte Ringgr\u00f6\u00dfe zu finden oder eine Sonderbestellung aufzugeben.<em><a href=\"https:\/\/unicoring.com\/de\/contact-us\/\"><strong>Kontaktieren Sie uns hier<\/strong>.<\/a><\/em><br><\/p>\n\n\n\n<p><\/p>","protected":false},"excerpt":{"rendered":"<p>Finding the perfect ring size is essential for a comfortable and secure fit. At unicoring, we&#8217;re here to help you<\/p>","protected":false},"author":3,"featured_media":0,"parent":0,"menu_order":0,"comment_status":"closed","ping_status":"closed","template":"","meta":{"footnotes":""},"class_list":["post-2728","page","type-page","status-publish","hentry"],"yoast_head":"<!-- This site is optimized with the Yoast SEO plugin v25.7 - https:\/\/yoast.com\/wordpress\/plugins\/seo\/ -->\n<title>Size Guide - UniCoring<\/title>\n<meta name=\"robots\" content=\"index, follow, max-snippet:-1, max-image-preview:large, max-video-preview:-1\" \/>\n<link rel=\"canonical\" href=\"https:\/\/unicoring.com\/de\/size-guide\/\" \/>\n<meta property=\"og:locale\" content=\"de_DE\" \/>\n<meta property=\"og:type\" content=\"article\" \/>\n<meta property=\"og:title\" content=\"Size Guide - UniCoring\" \/>\n<meta property=\"og:description\" content=\"Finding the perfect ring size is essential for a comfortable and secure fit. At unicoring, we&#8217;re here to help you\" \/>\n<meta property=\"og:url\" content=\"https:\/\/unicoring.com\/de\/size-guide\/\" \/>\n<meta property=\"og:site_name\" content=\"UniCoring\" \/>\n<meta property=\"article:modified_time\" content=\"2025-08-17T15:04:54+00:00\" \/>\n<meta name=\"twitter:card\" content=\"summary_large_image\" \/>\n<meta name=\"twitter:label1\" content=\"Gesch\u00e4tzte Lesezeit\" \/>\n\t<meta name=\"twitter:data1\" content=\"4\u00a0Minuten\" \/>\n<script type=\"application\/ld+json\" class=\"yoast-schema-graph\">{\"@context\":\"https:\/\/schema.org\",\"@graph\":[{\"@type\":\"WebPage\",\"@id\":\"https:\/\/unicoring.com\/size-guide\/\",\"url\":\"https:\/\/unicoring.com\/size-guide\/\",\"name\":\"Size Guide - UniCoring\",\"isPartOf\":{\"@id\":\"https:\/\/unicoring.com\/#website\"},\"datePublished\":\"2025-08-17T15:00:32+00:00\",\"dateModified\":\"2025-08-17T15:04:54+00:00\",\"breadcrumb\":{\"@id\":\"https:\/\/unicoring.com\/size-guide\/#breadcrumb\"},\"inLanguage\":\"de\",\"potentialAction\":[{\"@type\":\"ReadAction\",\"target\":[\"https:\/\/unicoring.com\/size-guide\/\"]}]},{\"@type\":\"BreadcrumbList\",\"@id\":\"https:\/\/unicoring.com\/size-guide\/#breadcrumb\",\"itemListElement\":[{\"@type\":\"ListItem\",\"position\":1,\"name\":\"\u9996\u9875\",\"item\":\"https:\/\/unicoring.com\/\"},{\"@type\":\"ListItem\",\"position\":2,\"name\":\"Size Guide\"}]},{\"@type\":\"WebSite\",\"@id\":\"https:\/\/unicoring.com\/#website\",\"url\":\"https:\/\/unicoring.com\/\",\"name\":\"UniCoring\",\"description\":\"\",\"potentialAction\":[{\"@type\":\"SearchAction\",\"target\":{\"@type\":\"EntryPoint\",\"urlTemplate\":\"https:\/\/unicoring.com\/?s={search_term_string}\"},\"query-input\":{\"@type\":\"PropertyValueSpecification\",\"valueRequired\":true,\"valueName\":\"search_term_string\"}}],\"inLanguage\":\"de\"}]}<\/script>\n<!-- \/ Yoast SEO plugin. -->","yoast_head_json":{"title":"Size Guide - UniCoring","robots":{"index":"index","follow":"follow","max-snippet":"max-snippet:-1","max-image-preview":"max-image-preview:large","max-video-preview":"max-video-preview:-1"},"canonical":"https:\/\/unicoring.com\/de\/size-guide\/","og_locale":"de_DE","og_type":"article","og_title":"Size Guide - UniCoring","og_description":"Finding the perfect ring size is essential for a comfortable and secure fit. At unicoring, we&#8217;re here to help you","og_url":"https:\/\/unicoring.com\/de\/size-guide\/","og_site_name":"UniCoring","article_modified_time":"2025-08-17T15:04:54+00:00","twitter_card":"summary_large_image","twitter_misc":{"Gesch\u00e4tzte Lesezeit":"4\u00a0Minuten"},"schema":{"@context":"https:\/\/schema.org","@graph":[{"@type":"WebPage","@id":"https:\/\/unicoring.com\/size-guide\/","url":"https:\/\/unicoring.com\/size-guide\/","name":"Size Guide - UniCoring","isPartOf":{"@id":"https:\/\/unicoring.com\/#website"},"datePublished":"2025-08-17T15:00:32+00:00","dateModified":"2025-08-17T15:04:54+00:00","breadcrumb":{"@id":"https:\/\/unicoring.com\/size-guide\/#breadcrumb"},"inLanguage":"de","potentialAction":[{"@type":"ReadAction","target":["https:\/\/unicoring.com\/size-guide\/"]}]},{"@type":"BreadcrumbList","@id":"https:\/\/unicoring.com\/size-guide\/#breadcrumb","itemListElement":[{"@type":"ListItem","position":1,"name":"\u9996\u9875","item":"https:\/\/unicoring.com\/"},{"@type":"ListItem","position":2,"name":"Size Guide"}]},{"@type":"WebSite","@id":"https:\/\/unicoring.com\/#website","url":"https:\/\/unicoring.com\/","name":"UniCoring","description":"","potentialAction":[{"@type":"SearchAction","target":{"@type":"EntryPoint","urlTemplate":"https:\/\/unicoring.com\/?s={search_term_string}"},"query-input":{"@type":"PropertyValueSpecification","valueRequired":true,"valueName":"search_term_string"}}],"inLanguage":"de"}]}},"_links":{"self":[{"href":"https:\/\/unicoring.com\/de\/wp-json\/wp\/v2\/pages\/2728","targetHints":{"allow":["GET"]}}],"collection":[{"href":"https:\/\/unicoring.com\/de\/wp-json\/wp\/v2\/pages"}],"about":[{"href":"https:\/\/unicoring.com\/de\/wp-json\/wp\/v2\/types\/page"}],"author":[{"embeddable":true,"href":"https:\/\/unicoring.com\/de\/wp-json\/wp\/v2\/users\/3"}],"replies":[{"embeddable":true,"href":"https:\/\/unicoring.com\/de\/wp-json\/wp\/v2\/comments?post=2728"}],"version-history":[{"count":2,"href":"https:\/\/unicoring.com\/de\/wp-json\/wp\/v2\/pages\/2728\/revisions"}],"predecessor-version":[{"id":2736,"href":"https:\/\/unicoring.com\/de\/wp-json\/wp\/v2\/pages\/2728\/revisions\/2736"}],"wp:attachment":[{"href":"https:\/\/unicoring.com\/de\/wp-json\/wp\/v2\/media?parent=2728"}],"curies":[{"name":"wp","href":"https:\/\/api.w.org\/{rel}","templated":true}]}}