{"id":3178,"date":"2025-08-19T02:57:17","date_gmt":"2025-08-19T02:57:17","guid":{"rendered":"https:\/\/unicoring.com\/?page_id=3178"},"modified":"2025-08-19T07:09:33","modified_gmt":"2025-08-19T07:09:33","slug":"free-lifetime-warranty","status":"publish","type":"page","link":"https:\/\/unicoring.com\/de\/free-lifetime-warranty\/","title":{"rendered":"Kostenlose lebenslange Garantie"},"content":{"rendered":"<p id=\"wd-57d5a513\" class=\"wp-block-wd-paragraph\">Unicoring-Schmuck ist f\u00fcr seine au\u00dfergew\u00f6hnliche Qualit\u00e4t und Handwerkskunst bekannt. F\u00fcr alle \u00fcber unsere Website gekauften Schmuckst\u00fccke gilt eine lebenslange Garantie gegen Material- und Verarbeitungsfehler.<\/p>\n\n\n\n<p id=\"wd-3f9b25db\" class=\"wp-block-wd-paragraph\">Unsere Zuchtdiamanten und Schmuckst\u00fccke werden nach h\u00f6chsten Standards und aus den besten Materialien hergestellt. Jedes Produkt wird vor dem Versand in unseren Studios und Fulfillment-Centern sorgf\u00e4ltig gepr\u00fcft.<\/p>\n\n\n\n<p id=\"wd-f8155693\" class=\"wp-block-wd-paragraph\">Wir bieten allen Kunden eine lebenslange Herstellergarantie, unabh\u00e4ngig von Preis und Art des Artikels. Diese lebenslange Herstellergarantie gilt nur f\u00fcr Artikel, die auf Unicoring.com gekauft wurden und ist nicht \u00fcbertragbar. Sollten Sie der Meinung sein, dass Ihr Artikel einen Herstellungsfehler aufweist, k\u00f6nnen Sie ihn zur \u00dcberpr\u00fcfung an uns zur\u00fccksenden. Sollten wir feststellen, dass Ihr Artikel aufgrund eines Herstellungsfehlers besch\u00e4digt wurde, reparieren wir ihn oder ersetzen ihn, falls wir dies f\u00fcr angemessen halten. Sollte der Artikel nicht mehr verf\u00fcgbar sein, k\u00f6nnen wir ihn nach eigenem Ermessen durch einen vergleichbaren Artikel ersetzen oder den urspr\u00fcnglichen Kaufpreis des Artikels oder der Komponente erstatten.<\/p>\n\n\n\n<h2 class=\"wp-block-heading\">Obwohl wir hinter unseren Produkten stehen, decken wir die folgenden M\u00e4ngel nicht durch unsere lebenslange Herstellergarantie ab:<\/h2>\n\n\n\n<ul class=\"wp-block-list\">\n<li>\u00dcberm\u00e4\u00dfiger Verschlei\u00df und\/oder physischer\/versehentlicher Missbrauch, Verlust (einschlie\u00dflich Verlust von Edelsteinen), Diebstahl oder unsachgem\u00e4\u00dfe Reinigung und Lagerung.<\/li>\n\n\n\n<li>Metalle k\u00f6nnen sich mit der Zeit aufgrund unsachgem\u00e4\u00dfer Pflege verf\u00e4rben oder anlaufen (z. B. durch Tragen in einem Whirlpool oder Schwimmbecken, direktes Aufspr\u00fchen von Parf\u00fcm oder anderen Chemikalien auf den Schmuck usw.).<\/li>\n\n\n\n<li>Edelmetalle, insbesondere Zinken, nutzen sich bei normalem Gebrauch mit der Zeit ab. Durch die t\u00e4gliche Abnutzung k\u00f6nnen die Zinken d\u00fcnner werden, wodurch sie brechen und Diamanten herausfallen k\u00f6nnen. Dies gilt jedoch nicht als Herstellungsfehler.<\/li>\n\n\n\n<li>Der Verlust von Diamanten durch normale Abnutzung ist nicht durch die lebenslange Diamantgarantie abgedeckt. Wir ersetzen den fehlenden Edelstein gerne gegen die Kosten des Edelsteins und eine geringe Fassgeb\u00fchr.<\/li>\n\n\n\n<li>Jegliche Reparaturen oder Dienstleistungen an Ihrem Schmuck durch andere Unternehmen als UNIGORING (einschlie\u00dflich, aber nicht beschr\u00e4nkt auf Ringgr\u00f6\u00dfen\u00e4nderungen oder andere Reparaturen) f\u00fchren zum Erl\u00f6schen Ihrer Garantie.<\/li>\n<\/ul>\n\n\n\n<p>UNIGORING-Schmuck ist sowohl sch\u00f6n als auch langlebig. Wir m\u00f6chten, dass Ihr UNIGORING-Schmuck viele Jahre h\u00e4lt.<\/p>\n\n\n\n<p id=\"wd-c997c110\" class=\"wp-block-wd-paragraph\">Sollte Ihr Kauf einen Herstellungsfehler aufweisen, senden Sie bitte eine E-Mail an service@unicoring.com. Wir teilen Ihnen dann eine R\u00fccksendeadresse mit. Nach Erhalt pr\u00fcfen wir den Schmuck, um festzustellen, ob der Schaden durch unsere lebenslange Herstellergarantie abgedeckt ist. Ist dies der Fall, reparieren wir ihn oder ersetzen ihn nach unserem Ermessen kostenlos und senden ihn an Sie zur\u00fcck. Ist der Schaden nicht durch die lebenslange Herstellergarantie abgedeckt, senden wir Ihnen vor der Reparatur per E-Mail ein Angebot. Stimmen Sie dem Angebot zu, berechnen wir Ihnen die Reparatur- und Versandkosten. Anschlie\u00dfend f\u00fchren wir die Reparatur durch und senden Ihnen den Artikel zur\u00fcck.<\/p>\n\n\n\n<p id=\"wd-5ce480eb\" class=\"wp-block-wd-paragraph\">Wir empfehlen Ihnen, Ihren Schmuck gegen Verlust, Diebstahl, schwere Sch\u00e4den oder Sch\u00e4den am Mittelstein zu versichern. Beispiele f\u00fcr Sch\u00e4den am Mittelstein sind Absplitterungen, Risse oder Br\u00fcche. Unsere Moissanit- und Farbedelsteine sind zwar langlebig, aber nicht unzerst\u00f6rbar. Normale Abnutzung, insbesondere bei Ringen, kann zu Sch\u00e4den f\u00fchren.<\/p>\n\n\n\n<p id=\"wd-d759995d\" class=\"wp-block-wd-paragraph\">Um unsere Garantie in Anspruch zu nehmen, kontaktieren Sie uns bitte unter service@unicoring.com.<\/p>\n\n\n\n<p id=\"wd-d9a2f064\" class=\"wp-block-wd-paragraph\"><\/p>\n\n\n\n<h2 class=\"wp-block-heading\">Kostenlose Ringgr\u00f6\u00dfen\u00e4nderung<\/h2>\n\n\n\n<p id=\"wd-d73f7a30\" class=\"wp-block-wd-paragraph\">Wenn Ihr Ring (ausgenommen 10K\/14K\/18K Massivgold, Platin, Sondergr\u00f6\u00dfen\/-stile und Gravuren) nicht passt, keine Sorge! Wir passen die Gr\u00f6\u00dfe Ihres Rings gerne einmalig kostenlos innerhalb von 30 Tagen nach dem Kauf an. Schicken Sie uns einfach Ihren Ring zu, wir k\u00fcmmern uns um den Rest. Sollte eine Gr\u00f6\u00dfen\u00e4nderung nicht m\u00f6glich sein, benachrichtigen wir Sie und bieten Ihnen Sonderanfertigungen oder R\u00fcckgabem\u00f6glichkeiten an.<\/p>\n\n\n\n<p id=\"wd-40fb0b6d\" class=\"wp-block-wd-paragraph\">Bitte beachten Sie, dass wir die Gr\u00f6\u00dfe von Ringen \u00e4ndern, um ihre Integrit\u00e4t zu erhalten. Bei manchen Ringen ist dies m\u00f6glicherweise nicht m\u00f6glich. In diesen F\u00e4llen m\u00fcssen wir den Ring m\u00f6glicherweise gegen eine zus\u00e4tzliche Geb\u00fchr in der Gr\u00f6\u00dfe \u00e4ndern oder reparieren, um die richtige Gr\u00f6\u00dfe sicherzustellen.<\/p>\n\n\n\n<h2 class=\"wp-block-heading\">F\u00fcr eine kostenlose Ringgr\u00f6\u00dfen\u00e4nderung kontaktieren Sie uns bitte unter service@unicoring.com. UNICORING<\/h2>\n\n\n\n<p id=\"wd-50bb5f73\" class=\"wp-block-wd-paragraph\">UNICORING erhebt f\u00fcr die folgenden Artikel eine Anpassungsgeb\u00fchr von 30%:<\/p>\n\n\n\n<ol class=\"wp-block-list\">\n<li>Sonderanfertigungen in 10-kar\u00e4tigem\/14-kar\u00e4tigem\/18-kar\u00e4tigem Wei\u00df-, Ros\u00e9- oder Gelbgold.<\/li>\n\n\n\n<li>Sonderanfertigungen in Platin.<\/li>\n\n\n\n<li>Individuelle St\u00fccke mit Moissanit, synthetischen Diamanten, nat\u00fcrlichen Diamanten und Edelsteinen.<\/li>\n\n\n\n<li>Personalisierte Artikel mit Gravur, wie Ringe, Halsketten und Armb\u00e4nder.<\/li>\n\n\n\n<li>Die Gr\u00f6\u00dfe der endg\u00fcltigen Elemente kann nicht ge\u00e4ndert werden.<\/li>\n<\/ol>\n\n\n\n<h2 class=\"wp-block-heading\">Kleiner Edelsteinersatz:<\/h2>\n\n\n\n<p id=\"wd-cc2077b5\" class=\"wp-block-wd-paragraph\">Wenn sich innerhalb von 6 Monaten nach Erhalt Ihres Rings ein kleiner Pav\u00e9-Edelstein (mit einem Durchmesser von weniger als 2 mm) aus Ihrer Fassung l\u00f6st,<br>Wir liefern Ihnen kostenlos Ersatz. Der Kunde tr\u00e4gt alle Versandkosten zu und von einem UNICORING-Reparaturzentrum. Reparaturen dauern in der Regel 4-5 Wochen ab Erhalt des Rings. Alternativ k\u00f6nnen wir Ihnen den kleinen Edelstein zur Reparatur direkt an Ihren \u00f6rtlichen Juwelier schicken, um Versandkosten und Zeit zu sparen.<\/p>\n\n\n\n<p id=\"wd-6408631e\" class=\"wp-block-wd-paragraph\"><\/p>\n\n\n\n<h2 class=\"wp-block-heading\">Haben Sie Fragen oder Bedenken zu Ihrer Garantie?<\/h2>\n\n\n\n<h2 class=\"wp-block-heading\"><a href=\"https:\/\/unicoring.com\/de\/contact-us\/\">Kontaktieren Sie uns<\/a><\/h2>\n\n\n\n<p id=\"wd-674b45fa\" class=\"wp-block-wd-paragraph\">Wir m\u00f6chten, dass Ihr UNICORING-Schmuck einen bleibenden Eindruck hinterl\u00e4sst. Wenn Sie weitere Fragen haben oder weitere Informationen zu unserer lebenslangen Garantie ben\u00f6tigen, k\u00f6nnen Sie sich gerne an uns wenden.<\/p>\n\n\n\n<p id=\"wd-8367f7bc\" class=\"wp-block-wd-paragraph\"><\/p>\n\n\n\n<p><\/p>","protected":false},"excerpt":{"rendered":"<p>While we stand behind our products, we do not cover the following defects under our lifetime manufacturer&#8217;s warranty: UNIGORING jewelry<\/p>","protected":false},"author":3,"featured_media":0,"parent":0,"menu_order":0,"comment_status":"closed","ping_status":"closed","template":"","meta":{"footnotes":""},"class_list":["post-3178","page","type-page","status-publish","hentry"],"yoast_head":"<!-- This site is optimized with the Yoast SEO plugin v25.7 - https:\/\/yoast.com\/wordpress\/plugins\/seo\/ -->\n<title>Free Lifetime Warranty - UniCoring<\/title>\n<meta name=\"robots\" content=\"index, follow, max-snippet:-1, max-image-preview:large, max-video-preview:-1\" \/>\n<link rel=\"canonical\" href=\"https:\/\/unicoring.com\/de\/free-lifetime-warranty\/\" \/>\n<meta property=\"og:locale\" content=\"de_DE\" \/>\n<meta property=\"og:type\" content=\"article\" \/>\n<meta property=\"og:title\" content=\"Free Lifetime Warranty - UniCoring\" \/>\n<meta property=\"og:description\" content=\"While we stand behind our products, we do not cover the following defects under our lifetime manufacturer&#8217;s warranty: UNIGORING jewelry\" \/>\n<meta property=\"og:url\" content=\"https:\/\/unicoring.com\/de\/free-lifetime-warranty\/\" \/>\n<meta property=\"og:site_name\" content=\"UniCoring\" \/>\n<meta property=\"article:modified_time\" content=\"2025-08-19T07:09:33+00:00\" \/>\n<meta name=\"twitter:card\" content=\"summary_large_image\" \/>\n<meta name=\"twitter:label1\" content=\"Gesch\u00e4tzte Lesezeit\" \/>\n\t<meta name=\"twitter:data1\" content=\"4\u00a0Minuten\" \/>\n<script type=\"application\/ld+json\" class=\"yoast-schema-graph\">{\"@context\":\"https:\/\/schema.org\",\"@graph\":[{\"@type\":\"WebPage\",\"@id\":\"https:\/\/unicoring.com\/free-lifetime-warranty\/\",\"url\":\"https:\/\/unicoring.com\/free-lifetime-warranty\/\",\"name\":\"Free Lifetime Warranty - UniCoring\",\"isPartOf\":{\"@id\":\"https:\/\/unicoring.com\/#website\"},\"datePublished\":\"2025-08-19T02:57:17+00:00\",\"dateModified\":\"2025-08-19T07:09:33+00:00\",\"breadcrumb\":{\"@id\":\"https:\/\/unicoring.com\/free-lifetime-warranty\/#breadcrumb\"},\"inLanguage\":\"de\",\"potentialAction\":[{\"@type\":\"ReadAction\",\"target\":[\"https:\/\/unicoring.com\/free-lifetime-warranty\/\"]}]},{\"@type\":\"BreadcrumbList\",\"@id\":\"https:\/\/unicoring.com\/free-lifetime-warranty\/#breadcrumb\",\"itemListElement\":[{\"@type\":\"ListItem\",\"position\":1,\"name\":\"\u9996\u9875\",\"item\":\"https:\/\/unicoring.com\/\"},{\"@type\":\"ListItem\",\"position\":2,\"name\":\"Free Lifetime Warranty\"}]},{\"@type\":\"WebSite\",\"@id\":\"https:\/\/unicoring.com\/#website\",\"url\":\"https:\/\/unicoring.com\/\",\"name\":\"UniCoring\",\"description\":\"\",\"potentialAction\":[{\"@type\":\"SearchAction\",\"target\":{\"@type\":\"EntryPoint\",\"urlTemplate\":\"https:\/\/unicoring.com\/?s={search_term_string}\"},\"query-input\":{\"@type\":\"PropertyValueSpecification\",\"valueRequired\":true,\"valueName\":\"search_term_string\"}}],\"inLanguage\":\"de\"}]}<\/script>\n<!-- \/ Yoast SEO plugin. -->","yoast_head_json":{"title":"Free Lifetime Warranty - UniCoring","robots":{"index":"index","follow":"follow","max-snippet":"max-snippet:-1","max-image-preview":"max-image-preview:large","max-video-preview":"max-video-preview:-1"},"canonical":"https:\/\/unicoring.com\/de\/free-lifetime-warranty\/","og_locale":"de_DE","og_type":"article","og_title":"Free Lifetime Warranty - UniCoring","og_description":"While we stand behind our products, we do not cover the following defects under our lifetime manufacturer&#8217;s warranty: UNIGORING jewelry","og_url":"https:\/\/unicoring.com\/de\/free-lifetime-warranty\/","og_site_name":"UniCoring","article_modified_time":"2025-08-19T07:09:33+00:00","twitter_card":"summary_large_image","twitter_misc":{"Gesch\u00e4tzte Lesezeit":"4\u00a0Minuten"},"schema":{"@context":"https:\/\/schema.org","@graph":[{"@type":"WebPage","@id":"https:\/\/unicoring.com\/free-lifetime-warranty\/","url":"https:\/\/unicoring.com\/free-lifetime-warranty\/","name":"Free Lifetime Warranty - UniCoring","isPartOf":{"@id":"https:\/\/unicoring.com\/#website"},"datePublished":"2025-08-19T02:57:17+00:00","dateModified":"2025-08-19T07:09:33+00:00","breadcrumb":{"@id":"https:\/\/unicoring.com\/free-lifetime-warranty\/#breadcrumb"},"inLanguage":"de","potentialAction":[{"@type":"ReadAction","target":["https:\/\/unicoring.com\/free-lifetime-warranty\/"]}]},{"@type":"BreadcrumbList","@id":"https:\/\/unicoring.com\/free-lifetime-warranty\/#breadcrumb","itemListElement":[{"@type":"ListItem","position":1,"name":"\u9996\u9875","item":"https:\/\/unicoring.com\/"},{"@type":"ListItem","position":2,"name":"Free Lifetime Warranty"}]},{"@type":"WebSite","@id":"https:\/\/unicoring.com\/#website","url":"https:\/\/unicoring.com\/","name":"UniCoring","description":"","potentialAction":[{"@type":"SearchAction","target":{"@type":"EntryPoint","urlTemplate":"https:\/\/unicoring.com\/?s={search_term_string}"},"query-input":{"@type":"PropertyValueSpecification","valueRequired":true,"valueName":"search_term_string"}}],"inLanguage":"de"}]}},"_links":{"self":[{"href":"https:\/\/unicoring.com\/de\/wp-json\/wp\/v2\/pages\/3178","targetHints":{"allow":["GET"]}}],"collection":[{"href":"https:\/\/unicoring.com\/de\/wp-json\/wp\/v2\/pages"}],"about":[{"href":"https:\/\/unicoring.com\/de\/wp-json\/wp\/v2\/types\/page"}],"author":[{"embeddable":true,"href":"https:\/\/unicoring.com\/de\/wp-json\/wp\/v2\/users\/3"}],"replies":[{"embeddable":true,"href":"https:\/\/unicoring.com\/de\/wp-json\/wp\/v2\/comments?post=3178"}],"version-history":[{"count":2,"href":"https:\/\/unicoring.com\/de\/wp-json\/wp\/v2\/pages\/3178\/revisions"}],"predecessor-version":[{"id":3264,"href":"https:\/\/unicoring.com\/de\/wp-json\/wp\/v2\/pages\/3178\/revisions\/3264"}],"wp:attachment":[{"href":"https:\/\/unicoring.com\/de\/wp-json\/wp\/v2\/media?parent=3178"}],"curies":[{"name":"wp","href":"https:\/\/api.w.org\/{rel}","templated":true}]}}