{"id":3236,"date":"2025-08-19T04:16:26","date_gmt":"2025-08-19T04:16:26","guid":{"rendered":"https:\/\/unicoring.com\/?page_id=3236"},"modified":"2025-08-19T04:16:27","modified_gmt":"2025-08-19T04:16:27","slug":"free-30-day-returns","status":"publish","type":"page","link":"https:\/\/unicoring.com\/de\/free-30-day-returns\/","title":{"rendered":"Kostenlose 30-Tage-R\u00fcckgabe"},"content":{"rendered":"<p id=\"wd-820e671d\" class=\"wp-block-wd-paragraph\">R\u00fcckgabe- und Umtauschrichtlinien von UNICORING<\/p>\n\n\n\n<p id=\"wd-5848d3c2\" class=\"wp-block-wd-paragraph\">UNICORING ist bestrebt, Ihnen hochwertigen Schmuck anzubieten und m\u00f6chte, dass Sie mit Ihrem Kauf rundum zufrieden sind. Sollten Sie aus irgendeinem Grund mit Ihrer Bestellung nicht zufrieden sein, sorgen unsere einfachen und flexiblen R\u00fcckgabe- und Umtauschbedingungen f\u00fcr einen reibungslosen Ablauf.<\/p>\n\n\n\n<hr class=\"wp-block-separator has-alpha-channel-opacity\"\/>\n\n\n\n<h2 class=\"wp-block-heading\">So leiten Sie eine R\u00fccksendung ein:<\/h2>\n\n\n\n<p>Um einen Artikel zur\u00fcckzugeben oder umzutauschen, wenden Sie sich bitte an unseren Kundenservice, um eine R\u00fccksendenummer zu erhalten. Sie erreichen uns per E-Mail unter service@unicoring.com. Sobald Sie die R\u00fccksendenummer erhalten haben, erhalten Sie von unserem Team eine R\u00fccksendeadresse und weitere Anweisungen. Wir beantworten Ihre Anfrage innerhalb von 24 Stunden.<\/p>\n\n\n\n<hr class=\"wp-block-separator has-alpha-channel-opacity\"\/>\n\n\n\n<h2 class=\"wp-block-heading\">R\u00fcckgabe- und Umtauschrichtlinien<\/h2>\n\n\n\n<h3 class=\"wp-block-heading\">R\u00fcckgabefenster:<\/h3>\n\n\n\n<ul class=\"wp-block-list\">\n<li>R\u00fccksendungen werden innerhalb von 30 Tagen ab Lieferdatum akzeptiert.<\/li>\n\n\n\n<li>Umtausch wird innerhalb von 60 Tagen ab Lieferdatum akzeptiert.<\/li>\n<\/ul>\n\n\n\n<h2 class=\"wp-block-heading\">R\u00fcckgabebedingungen:<\/h2>\n\n\n\n<ul class=\"wp-block-list\">\n<li>Alle zur\u00fcckgegebenen Artikel m\u00fcssen im Originalzustand und ungetragen sein und \u00fcber angebrachte Etiketten und alle Originaldokumente verf\u00fcgen (Bitte entfernen Sie die Etiketten nicht vom Schmuck, wenn Sie ihn zur\u00fcckgeben m\u00f6chten).<\/li>\n\n\n\n<li>Gravierte oder kundenspezifische Artikel k\u00f6nnen nur unter bestimmten Umst\u00e4nden zur\u00fcckgegeben werden (falsche Gr\u00f6\u00dfe, Stil, Farbe oder wenn der Artikel bei der Ankunft defekt war).<\/li>\n\n\n\n<li>Wir akzeptieren keine R\u00fccksendungen von Artikeln, die Gebrauchsspuren aufweisen, deren Gr\u00f6\u00dfe ge\u00e4ndert wurde oder die von Dritten ver\u00e4ndert wurden.<\/li>\n\n\n\n<li>Artikel, die vom Kunden ver\u00e4ndert oder besch\u00e4digt wurden (z. B. in der Gr\u00f6\u00dfe ge\u00e4ndert oder modifiziert), k\u00f6nnen nicht zur\u00fcckgegeben werden.<\/li>\n<\/ul>\n\n\n\n<h2 class=\"wp-block-heading\">Nicht erstattungsf\u00e4hige Geb\u00fchren:<\/h2>\n\n\n\n<ul class=\"wp-block-list\">\n<li>Versand- und Bearbeitungsgeb\u00fchren werden nicht erstattet, es sei denn, der Artikel ist defekt oder wir haben einen Fehler gemacht.<\/li>\n\n\n\n<li>Die Verantwortung f\u00fcr die R\u00fccksendung tr\u00e4gt der Kunde, es sei denn, der Artikel ist defekt oder besch\u00e4digt. In diesem Fall \u00fcbernehmen wir die Kosten f\u00fcr die R\u00fccksendung.<\/li>\n<\/ul>\n\n\n\n<h2 class=\"wp-block-heading\">Schlussverkaufsartikel:<\/h2>\n\n\n\n<ul class=\"wp-block-list\">\n<li>Artikel mit der Kennzeichnung \u201eEndg\u00fcltiger Verkauf\u201c k\u00f6nnen nicht zur\u00fcckgegeben oder umgetauscht werden.<\/li>\n<\/ul>\n\n\n\n<hr class=\"wp-block-separator has-alpha-channel-opacity\"\/>\n\n\n\n<h2 class=\"wp-block-heading\">F\u00fcr kundenspezifische oder gravierte Artikel:<\/h2>\n\n\n\n<p>Wir wissen, dass Sonderanfertigungen etwas Besonderes und Einzigartiges sind. Daher k\u00f6nnen Sonderanfertigungen (einschlie\u00dflich individueller Gravuren oder Gr\u00f6\u00dfen) nur dann zur\u00fcckgegeben werden, wenn:<\/p>\n\n\n\n<ul class=\"wp-block-list\">\n<li>Der erhaltene Artikel ist falsch graviert, besch\u00e4digt oder hat die falsche Gr\u00f6\u00dfe\/den falschen Stil\/die falsche Farbe.<\/li>\n\n\n\n<li>Bitte \u00fcberpr\u00fcfen Sie die Details Ihrer Sonderbestellung sorgf\u00e4ltig, bevor Sie Ihre Bestellung aufgeben, um deren Richtigkeit sicherzustellen.<\/li>\n<\/ul>\n\n\n\n<hr class=\"wp-block-separator has-alpha-channel-opacity\"\/>\n\n\n\n<h2 class=\"wp-block-heading\">So geben Sie ein Produkt zur\u00fcck:<\/h2>\n\n\n\n<h4 class=\"wp-block-heading\">1. Holen Sie sich die R\u00fccksendeadresse:<\/h4>\n\n\n\n<ul class=\"wp-block-list\">\n<li>Bitte kontaktieren Sie den Kundenservice unter service@unicoring.com, um Ihre R\u00fccksendenummer und R\u00fccksendeadresse zu erhalten. Unser Team wird Ihnen die Details innerhalb von 24 Stunden mitteilen.<\/li>\n<\/ul>\n\n\n\n<h4 class=\"wp-block-heading\">2. Bereiten Sie sich auf eine R\u00fccksendung vor:<\/h4>\n\n\n\n<ul class=\"wp-block-list\">\n<li>Legen Sie die gesamte Originalverpackung und das Begleitmaterial bei, einschlie\u00dflich aller Geschenke, Packzettel und Zertifikate (andernfalls wird eine Ersatzgeb\u00fchr von 30% pro Zertifikat erhoben).<\/li>\n\n\n\n<li>Bitte legen Sie Ihren Artikel in den Originalkarton, in dem er geliefert wurde. Zu Ihrer Bequemlichkeit empfehlen wir Ihnen, die Originalverpackung Ihrer Bestellung zu verwenden.<\/li>\n\n\n\n<li>Schreiben Sie Ihre Bestellnummer (beginnend mit #xxxxxx) auf die Au\u00dfenseite des Pakets<\/li>\n\n\n\n<li>Vermeiden Sie aus Sicherheitsgr\u00fcnden, auf der Verpackung die Bezeichnungen \u201eSchmuck\u201c, \u201eDiamanten\u201c oder \u00e4hnliche Begriffe zu schreiben.<\/li>\n\n\n\n<li>Bitte stellen Sie sicher, dass die Bestellnummer auf dem Etikett oder auf der Au\u00dfenseite des Kartons deutlich sichtbar ist. Andernfalls k\u00f6nnen wir Ihre R\u00fccksendung nicht bearbeiten. Sie m\u00fcssen die Sendungsverfolgungsnummer per E-Mail an service@unicoring.com senden.<\/li>\n<\/ul>\n\n\n\n<h4 class=\"wp-block-heading\">3.Senden Sie Ihre R\u00fccksendung an:<\/h4>\n\n\n\n<ul class=\"wp-block-list\">\n<li>Geben Sie das Paket bei Ihrer \u00f6rtlichen Postfiliale ab und bewahren Sie die Quittung als Versandnachweis auf.<\/li>\n\n\n\n<li>Senden Sie Ihre Sendungsverfolgungsnummer oder Quittung per E-Mail an service@unicoring.com<\/li>\n\n\n\n<li>Die Kosten f\u00fcr die R\u00fccksendung gehen zu Ihren Lasten, es sei denn, der Artikel ist defekt oder falsch.<\/li>\n<\/ul>\n\n\n\n<hr class=\"wp-block-separator has-alpha-channel-opacity\"\/>\n\n\n\n<h2 class=\"wp-block-heading\">R\u00fcckerstattungsprozess:<\/h2>\n\n\n\n<ul class=\"wp-block-list\">\n<li>Wenn die R\u00fccksendung genehmigt wird, erstatten wir Ihnen den Betrag auf Ihre urspr\u00fcngliche Zahlungsart zur\u00fcck, abz\u00fcglich einer Wiedereinlagerungsgeb\u00fchr von 20% und Bearbeitungsgeb\u00fchren.<\/li>\n\n\n\n<li><strong>Bitte beachten Sie:<\/strong> Diese Geb\u00fchr f\u00e4llt f\u00fcr R\u00fccksendungen an, die nicht auf einen Produktfehler (z. B. falsche Gr\u00f6\u00dfe, Gravur oder Besch\u00e4digung) zur\u00fcckzuf\u00fchren sind. Diese Geb\u00fchr deckt die Kosten f\u00fcr die Bearbeitung der R\u00fccksendung, die Bestandsverwaltung und die Entsorgung nicht mehr f\u00fcr den Weiterverkauf geeigneter Waren.<\/li>\n\n\n\n<li>Sie erhalten eine E-Mail-Benachrichtigung, sobald Ihre R\u00fcckerstattung bearbeitet wurde.<\/li>\n<\/ul>\n\n\n\n<hr class=\"wp-block-separator has-alpha-channel-opacity\"\/>\n\n\n\n<h2 class=\"wp-block-heading\">Stornierungsbedingungen:<\/h2>\n\n\n\n<ul class=\"wp-block-list\">\n<li>Alle Bestellungen gehen kurz nach dem Kauf in Produktion. Sobald Ihre Bestellung eingegangen ist, beginnen wir mit dem Design- und Produktionsprozess.<\/li>\n\n\n\n<li><strong>Eine Stornierung innerhalb von 24 Stunden ist kostenlos.<\/strong><\/li>\n\n\n\n<li>Da die Arbeiten bereits begonnen haben, fallen bei Stornierungen nach 24 Stunden Bearbeitungsgeb\u00fchren an:<\/li>\n<\/ul>\n\n\n\n<ul class=\"wp-block-list\">\n<li>Besteckgeb\u00fchr 10%<\/li>\n\n\n\n<li>F\u00fcr Goldgegenst\u00e4nde (einschlie\u00dflich aller Karat) f\u00e4llt eine Geb\u00fchr von 20% an.<\/li>\n<\/ul>\n\n\n\n<h4 class=\"wp-block-heading\">Bitte beachten Sie, dass Sonderanfertigungen, Gravuren oder Ringe in Sondergr\u00f6\u00dfen nach 24 Stunden nicht mehr storniert werden k\u00f6nnen.<\/h4>\n\n\n\n<hr class=\"wp-block-separator has-alpha-channel-opacity\"\/>\n\n\n\n<h2 class=\"wp-block-heading\">Wichtiger Hinweis:<\/h2>\n\n\n\n<ul class=\"wp-block-list\">\n<li><strong>R\u00fcckkehrmissbraucher:<\/strong> Wir behalten uns das Recht vor, den Zugriff auf unsere Website einzuschr\u00e4nken oder die Konten von Kunden zu k\u00fcndigen, die h\u00e4ufig Produkte zur\u00fcckgeben.<\/li>\n\n\n\n<li>R\u00fcckverfolgung: UNICORING \u00fcbernimmt keine Verantwortung f\u00fcr Waren, die w\u00e4hrend der R\u00fccksendung verloren gehen oder besch\u00e4digt werden. Wir empfehlen Ihnen, eine nachverfolgbare Versandmethode zu verwenden und den Versandnachweis aufzubewahren.<\/li>\n\n\n\n<li>R\u00fccksendeadresse: Bitte senden Sie Ihre Bestellung nicht an die auf dem Paket angegebene Adresse zur\u00fcck. Sie m\u00fcssen die von unserem Kundenservice-Team angegebene R\u00fccksendeadresse verwenden.<\/li>\n<\/ul>\n\n\n\n<h5 class=\"wp-block-heading\">Wir helfen Ihnen gerne! Wenn Sie Fragen zu unseren R\u00fcckgabe- und Umtauschrichtlinien haben oder Hilfe ben\u00f6tigen, wenden Sie sich bitte an<strong><a href=\"https:\/\/unicoring.com\/de\/contact-us\/\"> Kontakt<\/a><\/strong>. Wir m\u00f6chten sicherstellen, dass Sie mit Ihrem Kauf zufrieden sind.<\/h5>\n\n\n\n<hr class=\"wp-block-separator has-alpha-channel-opacity\"\/>\n\n\n\n<h2 class=\"wp-block-heading\">Vielen Dank, dass Sie sich f\u00fcr UNICORING entschieden haben!<\/h2>\n\n\n\n<p><\/p>","protected":false},"excerpt":{"rendered":"<p>How to initiate a return: To return or exchange an item, please contact our Customer Service team to obtain a<\/p>","protected":false},"author":3,"featured_media":0,"parent":0,"menu_order":0,"comment_status":"closed","ping_status":"closed","template":"","meta":{"footnotes":""},"class_list":["post-3236","page","type-page","status-publish","hentry"],"yoast_head":"<!-- This site is optimized with the Yoast SEO plugin v25.7 - https:\/\/yoast.com\/wordpress\/plugins\/seo\/ -->\n<title>Free 30 Day Returns - UniCoring<\/title>\n<meta name=\"robots\" content=\"index, follow, max-snippet:-1, max-image-preview:large, max-video-preview:-1\" \/>\n<link rel=\"canonical\" href=\"https:\/\/unicoring.com\/de\/free-30-day-returns\/\" \/>\n<meta property=\"og:locale\" content=\"de_DE\" \/>\n<meta property=\"og:type\" content=\"article\" \/>\n<meta property=\"og:title\" content=\"Free 30 Day Returns - UniCoring\" \/>\n<meta property=\"og:description\" content=\"How to initiate a return: To return or exchange an item, please contact our Customer Service team to obtain a\" \/>\n<meta property=\"og:url\" content=\"https:\/\/unicoring.com\/de\/free-30-day-returns\/\" \/>\n<meta property=\"og:site_name\" content=\"UniCoring\" \/>\n<meta property=\"article:modified_time\" content=\"2025-08-19T04:16:27+00:00\" \/>\n<meta name=\"twitter:card\" content=\"summary_large_image\" \/>\n<meta name=\"twitter:label1\" content=\"Gesch\u00e4tzte Lesezeit\" \/>\n\t<meta name=\"twitter:data1\" content=\"4\u00a0Minuten\" \/>\n<script type=\"application\/ld+json\" class=\"yoast-schema-graph\">{\"@context\":\"https:\/\/schema.org\",\"@graph\":[{\"@type\":\"WebPage\",\"@id\":\"https:\/\/unicoring.com\/free-30-day-returns\/\",\"url\":\"https:\/\/unicoring.com\/free-30-day-returns\/\",\"name\":\"Free 30 Day Returns - UniCoring\",\"isPartOf\":{\"@id\":\"https:\/\/unicoring.com\/#website\"},\"datePublished\":\"2025-08-19T04:16:26+00:00\",\"dateModified\":\"2025-08-19T04:16:27+00:00\",\"breadcrumb\":{\"@id\":\"https:\/\/unicoring.com\/free-30-day-returns\/#breadcrumb\"},\"inLanguage\":\"de\",\"potentialAction\":[{\"@type\":\"ReadAction\",\"target\":[\"https:\/\/unicoring.com\/free-30-day-returns\/\"]}]},{\"@type\":\"BreadcrumbList\",\"@id\":\"https:\/\/unicoring.com\/free-30-day-returns\/#breadcrumb\",\"itemListElement\":[{\"@type\":\"ListItem\",\"position\":1,\"name\":\"\u9996\u9875\",\"item\":\"https:\/\/unicoring.com\/\"},{\"@type\":\"ListItem\",\"position\":2,\"name\":\"Free 30 Day Returns\"}]},{\"@type\":\"WebSite\",\"@id\":\"https:\/\/unicoring.com\/#website\",\"url\":\"https:\/\/unicoring.com\/\",\"name\":\"UniCoring\",\"description\":\"\",\"potentialAction\":[{\"@type\":\"SearchAction\",\"target\":{\"@type\":\"EntryPoint\",\"urlTemplate\":\"https:\/\/unicoring.com\/?s={search_term_string}\"},\"query-input\":{\"@type\":\"PropertyValueSpecification\",\"valueRequired\":true,\"valueName\":\"search_term_string\"}}],\"inLanguage\":\"de\"}]}<\/script>\n<!-- \/ Yoast SEO plugin. -->","yoast_head_json":{"title":"Free 30 Day Returns - UniCoring","robots":{"index":"index","follow":"follow","max-snippet":"max-snippet:-1","max-image-preview":"max-image-preview:large","max-video-preview":"max-video-preview:-1"},"canonical":"https:\/\/unicoring.com\/de\/free-30-day-returns\/","og_locale":"de_DE","og_type":"article","og_title":"Free 30 Day Returns - UniCoring","og_description":"How to initiate a return: To return or exchange an item, please contact our Customer Service team to obtain a","og_url":"https:\/\/unicoring.com\/de\/free-30-day-returns\/","og_site_name":"UniCoring","article_modified_time":"2025-08-19T04:16:27+00:00","twitter_card":"summary_large_image","twitter_misc":{"Gesch\u00e4tzte Lesezeit":"4\u00a0Minuten"},"schema":{"@context":"https:\/\/schema.org","@graph":[{"@type":"WebPage","@id":"https:\/\/unicoring.com\/free-30-day-returns\/","url":"https:\/\/unicoring.com\/free-30-day-returns\/","name":"Free 30 Day Returns - UniCoring","isPartOf":{"@id":"https:\/\/unicoring.com\/#website"},"datePublished":"2025-08-19T04:16:26+00:00","dateModified":"2025-08-19T04:16:27+00:00","breadcrumb":{"@id":"https:\/\/unicoring.com\/free-30-day-returns\/#breadcrumb"},"inLanguage":"de","potentialAction":[{"@type":"ReadAction","target":["https:\/\/unicoring.com\/free-30-day-returns\/"]}]},{"@type":"BreadcrumbList","@id":"https:\/\/unicoring.com\/free-30-day-returns\/#breadcrumb","itemListElement":[{"@type":"ListItem","position":1,"name":"\u9996\u9875","item":"https:\/\/unicoring.com\/"},{"@type":"ListItem","position":2,"name":"Free 30 Day Returns"}]},{"@type":"WebSite","@id":"https:\/\/unicoring.com\/#website","url":"https:\/\/unicoring.com\/","name":"UniCoring","description":"","potentialAction":[{"@type":"SearchAction","target":{"@type":"EntryPoint","urlTemplate":"https:\/\/unicoring.com\/?s={search_term_string}"},"query-input":{"@type":"PropertyValueSpecification","valueRequired":true,"valueName":"search_term_string"}}],"inLanguage":"de"}]}},"_links":{"self":[{"href":"https:\/\/unicoring.com\/de\/wp-json\/wp\/v2\/pages\/3236","targetHints":{"allow":["GET"]}}],"collection":[{"href":"https:\/\/unicoring.com\/de\/wp-json\/wp\/v2\/pages"}],"about":[{"href":"https:\/\/unicoring.com\/de\/wp-json\/wp\/v2\/types\/page"}],"author":[{"embeddable":true,"href":"https:\/\/unicoring.com\/de\/wp-json\/wp\/v2\/users\/3"}],"replies":[{"embeddable":true,"href":"https:\/\/unicoring.com\/de\/wp-json\/wp\/v2\/comments?post=3236"}],"version-history":[{"count":1,"href":"https:\/\/unicoring.com\/de\/wp-json\/wp\/v2\/pages\/3236\/revisions"}],"predecessor-version":[{"id":3255,"href":"https:\/\/unicoring.com\/de\/wp-json\/wp\/v2\/pages\/3236\/revisions\/3255"}],"wp:attachment":[{"href":"https:\/\/unicoring.com\/de\/wp-json\/wp\/v2\/media?parent=3236"}],"curies":[{"name":"wp","href":"https:\/\/api.w.org\/{rel}","templated":true}]}}