{"id":3412,"date":"2025-08-21T04:16:09","date_gmt":"2025-08-21T04:16:09","guid":{"rendered":"https:\/\/unicoring.com\/?page_id=3412"},"modified":"2025-08-21T04:16:09","modified_gmt":"2025-08-21T04:16:09","slug":"free-resizing","status":"publish","type":"page","link":"https:\/\/unicoring.com\/de\/free-resizing\/","title":{"rendered":"Kostenlose Gr\u00f6\u00dfen\u00e4nderung"},"content":{"rendered":"<h3 class=\"wp-block-heading\">Ringgr\u00f6\u00dfen\u00e4nderungsprozess und Geb\u00fchren<\/h3>\n\n\n\n<h5 class=\"wp-block-heading\">Wir bei UNICORING wissen, wie wichtig ein perfekt passender Ring ist. Sollte die von Ihnen bestellte Gr\u00f6\u00dfe nicht passen, bieten wir Ihnen einen Ringgr\u00f6\u00dfen\u00e4nderungsservice an. Nachfolgend finden Sie die Details zu unserem Gr\u00f6\u00dfen\u00e4nderungsservice.<\/h5>\n\n\n\n<figure class=\"wp-block-image size-large\"><img fetchpriority=\"high\" decoding=\"async\" width=\"1024\" height=\"726\" src=\"https:\/\/unicoring.com\/wp-content\/uploads\/2025\/08\/5eb2f027-9895-41be-b26b-4d6561dc048d-1024x726.png\" alt=\"\" class=\"wp-image-3413\" srcset=\"https:\/\/unicoring.com\/wp-content\/uploads\/2025\/08\/5eb2f027-9895-41be-b26b-4d6561dc048d-1024x726.png 1024w, https:\/\/unicoring.com\/wp-content\/uploads\/2025\/08\/5eb2f027-9895-41be-b26b-4d6561dc048d-300x213.png 300w, https:\/\/unicoring.com\/wp-content\/uploads\/2025\/08\/5eb2f027-9895-41be-b26b-4d6561dc048d-768x545.png 768w, https:\/\/unicoring.com\/wp-content\/uploads\/2025\/08\/5eb2f027-9895-41be-b26b-4d6561dc048d-18x12.png 18w, https:\/\/unicoring.com\/wp-content\/uploads\/2025\/08\/5eb2f027-9895-41be-b26b-4d6561dc048d-150x106.png 150w, https:\/\/unicoring.com\/wp-content\/uploads\/2025\/08\/5eb2f027-9895-41be-b26b-4d6561dc048d.png 1152w\" sizes=\"(max-width: 1024px) 100vw, 1024px\" \/><\/figure>\n\n\n\n<h2 class=\"wp-block-heading\">Bearbeitungszeit<\/h2>\n\n\n\n<p>Unser Standard-Gr\u00f6\u00dfen\u00e4nderungsprozess dauert je nach Komplexit\u00e4t des Designs 3\u20135 Wochen. Ringe mit komplizierten Details, insbesondere solche mit Diamanten, k\u00f6nnen l\u00e4nger dauern. Bei einigen Modellen, wie z. B. Eternity-Ringen, ist eine Gr\u00f6\u00dfen\u00e4nderung nicht m\u00f6glich.<\/p>\n\n\n\n<h4 class=\"wp-block-heading\">Richtlinie zur kostenlosen Gr\u00f6\u00dfenanpassung<\/h4>\n\n\n\n<h4 class=\"wp-block-heading\">Wir bieten kostenlose Gr\u00f6\u00dfenanpassungen innerhalb von 30 Tagen nach dem Kauf unter folgenden Bedingungen an:<\/h4>\n\n\n\n<ul class=\"wp-block-list\">\n<li>Gr\u00f6\u00dfenreduzierung: Bis zu drei Gr\u00f6\u00dfen kleiner (z. B. Gr\u00f6\u00dfe T auf Q reduziert).<\/li>\n\n\n\n<li>Gr\u00f6\u00dfe erh\u00f6hen: Bis zu zwei Gr\u00f6\u00dfen gr\u00f6\u00dfer (z. B. von Gr\u00f6\u00dfe O auf Q).<\/li>\n<\/ul>\n\n\n\n<p id=\"wd-f8bdca79\" class=\"wp-block-wd-paragraph\">Gr\u00f6\u00dfe erh\u00f6hen: Bis zu zwei Gr\u00f6\u00dfen gr\u00f6\u00dfer (z. B. von Gr\u00f6\u00dfe O auf Gr\u00f6\u00dfe Q).<br>F\u00fcr Kunden, die beim Checkout die Option \u201eDamen Einheitsgr\u00f6\u00dfe O \u2013 Wenn Sie unsicher sind, w\u00e4hlen Sie diese Option \u2013 Kostenlose Gr\u00f6\u00dfenanpassung sp\u00e4ter\u201c ausgew\u00e4hlt haben, ist die Gr\u00f6\u00dfenanpassung innerhalb von 30 Tagen kostenlos und Sie m\u00fcssen lediglich die Versandkosten \u00fcbernehmen.<\/p>\n\n\n\n<h2 class=\"wp-block-heading\">Anpassungsgeb\u00fchren (\u00c4nderungsgeb\u00fchren)<\/h2>\n\n\n\n<h4 class=\"wp-block-heading\">F\u00fcr Anpassungen, die das kostenlose Limit \u00fcberschreiten oder nach 30 Tagen vorgenommen werden, f\u00e4llt eine \u00c4nderungsgeb\u00fchr an:<\/h4>\n\n\n\n<p id=\"wd-e9d7e8bf\" class=\"wp-block-wd-paragraph\">$100 bis $500, je nach Komplexit\u00e4t der Gr\u00f6\u00dfenanpassung und Ausf\u00fchrung.<\/p>\n\n\n\n<p id=\"wd-9a5c4a4c\" class=\"wp-block-wd-paragraph\">Hinweis: Kunden sind f\u00fcr die Kosten der R\u00fccksendung und des erneuten Versands verantwortlich.<\/p>\n\n\n\n<h3 class=\"wp-block-heading\">Ringe, deren Gr\u00f6\u00dfe nicht ge\u00e4ndert werden kann<\/h3>\n\n\n\n<h4 class=\"wp-block-heading\">Bestimmte Ringdesigns k\u00f6nnen aufgrund struktureller Einschr\u00e4nkungen nicht in der Gr\u00f6\u00dfe ge\u00e4ndert werden, darunter:<\/h4>\n\n\n\n<p id=\"wd-11e1499b\" class=\"wp-block-wd-paragraph\">Ewigkeitsringe (Ringe mit Diamanten oder Edelsteinen, die um den Ring herum angeordnet sind).<br>Komplexe und filigrane Designs k\u00f6nnen durch die Gr\u00f6\u00dfen\u00e4nderung beeintr\u00e4chtigt werden.<br>F\u00fcr Kunden, die kleinere Gr\u00f6\u00dfenanpassungen ben\u00f6tigen, die Gr\u00f6\u00dfe ihrer Ringe aber nicht \u00e4ndern k\u00f6nnen, bieten wir Ringversteller an, die als vor\u00fcbergehende Anpassungsl\u00f6sung in den Ring eingesetzt werden k\u00f6nnen.<\/p>\n\n\n\n<h3 class=\"wp-block-heading\">So fordern Sie eine Gr\u00f6\u00dfen\u00e4nderung an<\/h3>\n\n\n\n<p id=\"wd-276a4ad2\" class=\"wp-block-wd-paragraph\">\u8bf7\u901a\u8fc7service@unicoring.com\u8054\u7cfb\u6211\u4eec\u4ee5\u83b7\u53d6\u8c03\u6574\u5c3a\u5bf8\u7968\u53f7\u548c\u56de\u90ae\u5730\u5740.<br>Unser Team wird innerhalb von 24 Stunden antworten und weitere Anweisungen geben.<br>Bevor Sie Ihren Ring an uns senden, verpacken Sie ihn bitte sicher und vermerken Sie Ihre Bestellnummer deutlich sichtbar auf der Au\u00dfenseite der Verpackung.<br>Wie geht es weiter?<\/p>\n\n\n\n<h3 class=\"wp-block-heading\">Sobald wir Ihren Ring erhalten haben:<\/h3>\n\n\n\n<p id=\"wd-05794ce8\" class=\"wp-block-wd-paragraph\">Unser Team wird es pr\u00fcfen und best\u00e4tigen, ob die Gr\u00f6\u00dfe ge\u00e4ndert werden kann.<br>Wenn zus\u00e4tzliche Geb\u00fchren anfallen, benachrichtigen wir Sie, bevor wir fortfahren.<br>Nach der Gr\u00f6\u00dfen\u00e4nderung wird der Ring gereinigt, poliert und (falls zutreffend) neu plattiert.<br>Bevor wir es an Sie zur\u00fccksenden, senden wir Ihnen abschlie\u00dfend Fotos oder Videos zur Qualit\u00e4tskontrolle.<br>Kontaktieren Sie uns<br>Wenn Sie Fragen zur Gr\u00f6\u00dfen\u00e4nderung haben, kontaktieren Sie uns bitte unter \u8bf7\u968f\u65f6\u53d1\u9001\u7535\u5b50\u90ae\u4ef6\u81f3service@unicoring.com. Wir helfen Ihnen gerne weiter!<\/p>","protected":false},"excerpt":{"rendered":"<p>Ring resizing process and fees At UNICORING, we understand how important it is to have a ring that fits perfectly.<\/p>","protected":false},"author":3,"featured_media":0,"parent":0,"menu_order":0,"comment_status":"closed","ping_status":"closed","template":"","meta":{"footnotes":""},"class_list":["post-3412","page","type-page","status-publish","hentry"],"yoast_head":"<!-- This site is optimized with the Yoast SEO plugin v25.7 - https:\/\/yoast.com\/wordpress\/plugins\/seo\/ -->\n<title>Free Resizing - UniCoring<\/title>\n<meta name=\"robots\" content=\"index, follow, max-snippet:-1, max-image-preview:large, max-video-preview:-1\" \/>\n<link rel=\"canonical\" href=\"https:\/\/unicoring.com\/de\/free-resizing\/\" \/>\n<meta property=\"og:locale\" content=\"de_DE\" \/>\n<meta property=\"og:type\" content=\"article\" \/>\n<meta property=\"og:title\" content=\"Free Resizing - UniCoring\" \/>\n<meta property=\"og:description\" content=\"Ring resizing process and fees At UNICORING, we understand how important it is to have a ring that fits perfectly.\" \/>\n<meta property=\"og:url\" content=\"https:\/\/unicoring.com\/de\/free-resizing\/\" \/>\n<meta property=\"og:site_name\" content=\"UniCoring\" \/>\n<meta property=\"og:image\" content=\"https:\/\/unicoring.com\/wp-content\/uploads\/2025\/08\/5eb2f027-9895-41be-b26b-4d6561dc048d.png\" \/>\n\t<meta property=\"og:image:width\" content=\"1152\" \/>\n\t<meta property=\"og:image:height\" content=\"817\" \/>\n\t<meta property=\"og:image:type\" content=\"image\/png\" \/>\n<meta name=\"twitter:card\" content=\"summary_large_image\" \/>\n<meta name=\"twitter:label1\" content=\"Gesch\u00e4tzte Lesezeit\" \/>\n\t<meta name=\"twitter:data1\" content=\"2\u00a0Minuten\" \/>\n<script type=\"application\/ld+json\" class=\"yoast-schema-graph\">{\"@context\":\"https:\/\/schema.org\",\"@graph\":[{\"@type\":\"WebPage\",\"@id\":\"https:\/\/unicoring.com\/free-resizing\/\",\"url\":\"https:\/\/unicoring.com\/free-resizing\/\",\"name\":\"Free Resizing - UniCoring\",\"isPartOf\":{\"@id\":\"https:\/\/unicoring.com\/#website\"},\"primaryImageOfPage\":{\"@id\":\"https:\/\/unicoring.com\/free-resizing\/#primaryimage\"},\"image\":{\"@id\":\"https:\/\/unicoring.com\/free-resizing\/#primaryimage\"},\"thumbnailUrl\":\"https:\/\/unicoring.com\/wp-content\/uploads\/2025\/08\/5eb2f027-9895-41be-b26b-4d6561dc048d-1024x726.png\",\"datePublished\":\"2025-08-21T04:16:09+00:00\",\"breadcrumb\":{\"@id\":\"https:\/\/unicoring.com\/free-resizing\/#breadcrumb\"},\"inLanguage\":\"de\",\"potentialAction\":[{\"@type\":\"ReadAction\",\"target\":[\"https:\/\/unicoring.com\/free-resizing\/\"]}]},{\"@type\":\"ImageObject\",\"inLanguage\":\"de\",\"@id\":\"https:\/\/unicoring.com\/free-resizing\/#primaryimage\",\"url\":\"https:\/\/unicoring.com\/wp-content\/uploads\/2025\/08\/5eb2f027-9895-41be-b26b-4d6561dc048d-1024x726.png\",\"contentUrl\":\"https:\/\/unicoring.com\/wp-content\/uploads\/2025\/08\/5eb2f027-9895-41be-b26b-4d6561dc048d-1024x726.png\"},{\"@type\":\"BreadcrumbList\",\"@id\":\"https:\/\/unicoring.com\/free-resizing\/#breadcrumb\",\"itemListElement\":[{\"@type\":\"ListItem\",\"position\":1,\"name\":\"\u9996\u9875\",\"item\":\"https:\/\/unicoring.com\/\"},{\"@type\":\"ListItem\",\"position\":2,\"name\":\"Free Resizing\"}]},{\"@type\":\"WebSite\",\"@id\":\"https:\/\/unicoring.com\/#website\",\"url\":\"https:\/\/unicoring.com\/\",\"name\":\"UniCoring\",\"description\":\"\",\"potentialAction\":[{\"@type\":\"SearchAction\",\"target\":{\"@type\":\"EntryPoint\",\"urlTemplate\":\"https:\/\/unicoring.com\/?s={search_term_string}\"},\"query-input\":{\"@type\":\"PropertyValueSpecification\",\"valueRequired\":true,\"valueName\":\"search_term_string\"}}],\"inLanguage\":\"de\"}]}<\/script>\n<!-- \/ Yoast SEO plugin. -->","yoast_head_json":{"title":"Free Resizing - UniCoring","robots":{"index":"index","follow":"follow","max-snippet":"max-snippet:-1","max-image-preview":"max-image-preview:large","max-video-preview":"max-video-preview:-1"},"canonical":"https:\/\/unicoring.com\/de\/free-resizing\/","og_locale":"de_DE","og_type":"article","og_title":"Free Resizing - UniCoring","og_description":"Ring resizing process and fees At UNICORING, we understand how important it is to have a ring that fits perfectly.","og_url":"https:\/\/unicoring.com\/de\/free-resizing\/","og_site_name":"UniCoring","og_image":[{"width":1152,"height":817,"url":"https:\/\/unicoring.com\/wp-content\/uploads\/2025\/08\/5eb2f027-9895-41be-b26b-4d6561dc048d.png","type":"image\/png"}],"twitter_card":"summary_large_image","twitter_misc":{"Gesch\u00e4tzte Lesezeit":"2\u00a0Minuten"},"schema":{"@context":"https:\/\/schema.org","@graph":[{"@type":"WebPage","@id":"https:\/\/unicoring.com\/free-resizing\/","url":"https:\/\/unicoring.com\/free-resizing\/","name":"Free Resizing - UniCoring","isPartOf":{"@id":"https:\/\/unicoring.com\/#website"},"primaryImageOfPage":{"@id":"https:\/\/unicoring.com\/free-resizing\/#primaryimage"},"image":{"@id":"https:\/\/unicoring.com\/free-resizing\/#primaryimage"},"thumbnailUrl":"https:\/\/unicoring.com\/wp-content\/uploads\/2025\/08\/5eb2f027-9895-41be-b26b-4d6561dc048d-1024x726.png","datePublished":"2025-08-21T04:16:09+00:00","breadcrumb":{"@id":"https:\/\/unicoring.com\/free-resizing\/#breadcrumb"},"inLanguage":"de","potentialAction":[{"@type":"ReadAction","target":["https:\/\/unicoring.com\/free-resizing\/"]}]},{"@type":"ImageObject","inLanguage":"de","@id":"https:\/\/unicoring.com\/free-resizing\/#primaryimage","url":"https:\/\/unicoring.com\/wp-content\/uploads\/2025\/08\/5eb2f027-9895-41be-b26b-4d6561dc048d-1024x726.png","contentUrl":"https:\/\/unicoring.com\/wp-content\/uploads\/2025\/08\/5eb2f027-9895-41be-b26b-4d6561dc048d-1024x726.png"},{"@type":"BreadcrumbList","@id":"https:\/\/unicoring.com\/free-resizing\/#breadcrumb","itemListElement":[{"@type":"ListItem","position":1,"name":"\u9996\u9875","item":"https:\/\/unicoring.com\/"},{"@type":"ListItem","position":2,"name":"Free Resizing"}]},{"@type":"WebSite","@id":"https:\/\/unicoring.com\/#website","url":"https:\/\/unicoring.com\/","name":"UniCoring","description":"","potentialAction":[{"@type":"SearchAction","target":{"@type":"EntryPoint","urlTemplate":"https:\/\/unicoring.com\/?s={search_term_string}"},"query-input":{"@type":"PropertyValueSpecification","valueRequired":true,"valueName":"search_term_string"}}],"inLanguage":"de"}]}},"_links":{"self":[{"href":"https:\/\/unicoring.com\/de\/wp-json\/wp\/v2\/pages\/3412","targetHints":{"allow":["GET"]}}],"collection":[{"href":"https:\/\/unicoring.com\/de\/wp-json\/wp\/v2\/pages"}],"about":[{"href":"https:\/\/unicoring.com\/de\/wp-json\/wp\/v2\/types\/page"}],"author":[{"embeddable":true,"href":"https:\/\/unicoring.com\/de\/wp-json\/wp\/v2\/users\/3"}],"replies":[{"embeddable":true,"href":"https:\/\/unicoring.com\/de\/wp-json\/wp\/v2\/comments?post=3412"}],"version-history":[{"count":1,"href":"https:\/\/unicoring.com\/de\/wp-json\/wp\/v2\/pages\/3412\/revisions"}],"predecessor-version":[{"id":3414,"href":"https:\/\/unicoring.com\/de\/wp-json\/wp\/v2\/pages\/3412\/revisions\/3414"}],"wp:attachment":[{"href":"https:\/\/unicoring.com\/de\/wp-json\/wp\/v2\/media?parent=3412"}],"curies":[{"name":"wp","href":"https:\/\/api.w.org\/{rel}","templated":true}]}}