{"id":3526,"date":"2025-08-22T03:07:53","date_gmt":"2025-08-22T03:07:53","guid":{"rendered":"https:\/\/unicoring.com\/?page_id=3526"},"modified":"2025-08-22T03:07:55","modified_gmt":"2025-08-22T03:07:55","slug":"privacy-policy-2","status":"publish","type":"page","link":"https:\/\/unicoring.com\/de\/privacy-policy-2\/","title":{"rendered":"Datenschutzrichtlinie"},"content":{"rendered":"<p id=\"wd-f2bb4a80\" class=\"wp-block-wd-paragraph\">Datenschutzerkl\u00e4rung<br>Letzte \u00c4nderung: [9. Mai 2025]<\/p>\n\n\n\n<p id=\"wd-dc5cb95c\" class=\"wp-block-wd-paragraph\">Wir nehmen Ihre Privatsph\u00e4re sehr ernst. Diese Datenschutzerkl\u00e4rung erl\u00e4utert, wie unicoring.com (zusammen \u201eUNICORING\u201c, \u201ewir\u201c, \u201euns\u201c oder \u201eunser\u201c) Ihre Daten sammelt, verwendet, weitergibt und verarbeitet.<\/p>\n\n\n\n<hr class=\"wp-block-separator has-alpha-channel-opacity\"\/>\n\n\n\n<p>Bitte lesen Sie diese Datenschutzrichtlinie sorgf\u00e4ltig durch. Durch die Nutzung und den Zugriff auf die Dienste stimmen Sie der Erfassung, Verwendung und Weitergabe Ihrer Daten gem\u00e4\u00df dieser Datenschutzrichtlinie zu. Wenn Sie dieser Datenschutzrichtlinie nicht zustimmen, sehen Sie bitte von der Nutzung der Dienste ab.<\/p>\n\n\n\n<h3 id=\"wd-28f50a75\" class=\"wp-block-wd-title title\">Erhebung und Verwendung personenbezogener Daten<\/h3>\n\n\n\n<p id=\"wd-f1bbb4c5\" class=\"wp-block-wd-paragraph\">Bei UNICORING erfassen wir Informationen direkt von Ihnen durch verschiedene Interaktionen mit unseren Diensten. Dazu geh\u00f6ren die Registrierung eines Kontos, die Aktualisierung Ihres Profils, der Zugriff auf unsere Inhalte, Eink\u00e4ufe, die Teilnahme an Werbeaktionen, die Kontaktaufnahme mit dem Kundensupport oder die Bewerbung auf eine Stelle. Wir k\u00f6nnen die Hilfe von Dienstanbietern in Anspruch nehmen, um diese Daten zu erfassen.<\/p>\n\n\n\n<p>Die von uns gesammelten Informationen umfassen verschiedene Kategorien, die direkt oder indirekt mit Ihnen verkn\u00fcpft werden k\u00f6nnen. Hier ist eine \u00dcbersicht \u00fcber die Arten von Informationen, die wir sammeln:<\/p>\n\n\n\n<ul class=\"wp-block-list\">\n<li><strong>Kontaktdaten<\/strong>: Dazu geh\u00f6ren Ihr vollst\u00e4ndiger Name, Ihre E-Mail-Adresse, Postanschrift, Telefonnummer und \u00e4hnliche Kontaktdaten.<br><strong>Anmeldeinformationen<\/strong>: Wir erfassen Passw\u00f6rter und andere Authentifizierungsinformationen f\u00fcr den Kontozugriff.<br><strong>Demografische Daten<\/strong>: Informationen wie Alter, Geschlecht und Land.<br><strong>Zahlungsdaten<\/strong>: Notwendige Angaben zur Zahlungsabwicklung, wie Kreditkartennummern, Sicherheitscodes und Ablaufdaten. Wir speichern diese Daten nach der Transaktion nicht.<br><strong>Profildaten<\/strong>: Ihre Interessen, Favoriten, Wunschlisten, Ringgr\u00f6\u00dfenpr\u00e4ferenzen und andere profilbezogene Informationen.<br><strong>Kontakte<\/strong>: Informationen \u00fcber Ihre Kontakte, die zur Erf\u00fcllung Ihrer Anfragen verwendet werden, z. B. zum Teilen von Produktdetails mit Freunden.<br><strong>Inhalt<\/strong>: Nachrichten, Feedback, Produktbewertungen, Fragen an den Kundensupport oder andere Inhalte, die Sie auf unseren Plattformen, einschlie\u00dflich sozialer Medien, generieren.<br><strong>Besch\u00e4ftigungsdaten<\/strong>: F\u00fcr Bewerbungen erforderliche Informationen, wie z. B. beruflicher Werdegang, Lebensl\u00e4ufe, Zeugnisse und Referenzen.<br><strong>Identifikationsdaten der Regierung<\/strong>: Pers\u00f6nliche Identifikationsdaten, die zur Betrugspr\u00e4vention oder zu Steuererkl\u00e4rungszwecken bereitgestellt werden.<br>Dar\u00fcber hinaus k\u00f6nnen Sie uns freiwillig weitere Informationen \u00fcbermitteln, f\u00fcr die Sie ausschlie\u00dflich verantwortlich sind.<\/li>\n<\/ul>\n\n\n\n<h5 class=\"wp-block-heading\">Hinweis: Bitte beachten Sie, dass Sie Ihre Einwilligung f\u00fcr alle oben beschriebenen Datenverwendungen, die Ihre vorherige ausdr\u00fcckliche Zustimmung erfordern, jederzeit widerrufen k\u00f6nnen, indem Sie sich an unicoring.com wenden.<\/h5>\n\n\n\n<hr class=\"wp-block-separator has-alpha-channel-opacity\"\/>\n\n\n\n<h3 id=\"wd-15170145\" class=\"wp-block-wd-title title\">Cookies und \u00e4hnliche Technologien<\/h3>\n\n\n\n<p id=\"wd-9eb34a38\" class=\"wp-block-wd-paragraph\">Diese Cookie-Erkl\u00e4rung gilt f\u00fcr alle Tochtergesellschaften, Marken, Websites, Produkte und Dienste von unicoring.com (zusammen \u201eUNICORING\u201c, \u201ewir\u201c, \u201euns\u201c oder \u201eunser\u201c) und erl\u00e4utert, wie wir Cookies auf unseren Websites und Onlinediensten verwenden und welche Auswahlm\u00f6glichkeiten Sie haben.<\/p>\n\n\n\n<p id=\"wd-cee37cb8\" class=\"wp-block-wd-paragraph\">Definition von \u201eCookies\u201c<br>Cookies sind kleine Textdateien, die zum Speichern von Informationen in Webbrowsern verwendet werden. Cookies werden h\u00e4ufig zum Speichern und Empfangen von Kennungen und anderen Informationen auf Computern, Telefonen und anderen Ger\u00e4ten verwendet. Wir verwenden f\u00fcr \u00e4hnliche Zwecke auch andere Technologien, darunter Daten, die wir in Ihrem Webbrowser oder Ger\u00e4t speichern, mit Ihrem Ger\u00e4t verkn\u00fcpfte Kennungen und andere Software. In dieser Cookie-Erkl\u00e4rung bezeichnen wir alle diese Technologien als \u201eCookies\u201c.<\/p>\n\n\n\n<p id=\"wd-0f7d7b7f\" class=\"wp-block-wd-paragraph\">Verwendung von Cookies<br>Wir verwenden Cookies, um unsere Produkte und Dienstleistungen bereitzustellen, zu sch\u00fctzen und zu verbessern, beispielsweise durch die Personalisierung von Inhalten, das Anbieten und Messen von Werbung, das Verstehen des Nutzerverhaltens und die Bereitstellung einer sichereren Erfahrung. Bitte beachten Sie, dass die von uns verwendeten Cookies je nach den von Ihnen genutzten Websites und Diensten variieren k\u00f6nnen.<\/p>\n\n\n\n<hr class=\"wp-block-separator has-alpha-channel-opacity\"\/>\n\n\n\n<p id=\"wd-c2c7512b\" class=\"wp-block-wd-paragraph\"><strong>Informationen aus anderen Quellen<\/strong><\/p>\n\n\n\n<p id=\"wd-5ed103f7\" class=\"wp-block-wd-paragraph\">Wir beziehen auch Informationen aus externen Quellen, um die von Ihnen bereitgestellten Daten zu erg\u00e4nzen. Zu diesen Quellen geh\u00f6ren Datenbroker, soziale Netzwerke, Finanzierungsanbieter, Co-Branding-Partner, Werbefirmen und \u00f6ffentlich zug\u00e4ngliche Datenbanken.<\/p>\n\n\n\n<p id=\"wd-842cf38a\" class=\"wp-block-wd-paragraph\"><strong>Verwendung von Informationen<\/strong><\/p>\n\n\n\n<p id=\"wd-bae2f9d7\" class=\"wp-block-wd-paragraph\">Die gesammelten Informationen dienen verschiedenen gesch\u00e4ftlichen und kommerziellen Zwecken, darunter:<\/p>\n\n\n\n<ul class=\"wp-block-list\">\n<li>Verwaltung unserer Dienste, einschlie\u00dflich Registrierungen, Konten und Transaktionen.<\/li>\n\n\n\n<li>Bereitstellung angeforderter Dienste, Bearbeitung von Bestellungen und Bereitstellung von Kundensupport.<\/li>\n\n\n\n<li>Senden von Benachrichtigungen, Updates, Sicherheitswarnungen und administrativen Nachrichten.<\/li>\n\n\n\n<li>Verhinderung illegaler Aktivit\u00e4ten und Betrug sowie \u00dcberwachung von Trends und Aktivit\u00e4ten.<\/li>\n\n\n\n<li>Durchf\u00fchrung von Umfragen, Recherchen und Verbesserung von Marketingbem\u00fchungen und Produktangeboten.<\/li>\n\n\n\n<li>Senden von Direktmarketing-Mitteilungen und Werbung.<\/li>\n\n\n\n<li>\u00dcberpr\u00fcfung der Teilnahmeberechtigung und \u00dcbergabe von Preisen f\u00fcr Werbeaktionen.<\/li>\n\n\n\n<li>Bereitstellung und Bereitstellung von Werbung auf unseren Plattformen und dar\u00fcber hinaus.<\/li>\n\n\n\n<li>Einhaltung gesetzlicher Verpflichtungen und Erf\u00fcllung offengelegter Gesch\u00e4ftszwecke.<\/li>\n<\/ul>\n\n\n\n<hr class=\"wp-block-separator has-alpha-channel-opacity\"\/>\n\n\n\n<p id=\"wd-b8e2408c\" class=\"wp-block-wd-paragraph\"><strong>Weitergabe von Informationen<\/strong><\/p>\n\n\n\n<p id=\"wd-24f4a08d\" class=\"wp-block-wd-paragraph\">Wir geben Ihre Daten zu den oben beschriebenen Zwecken an verschiedene Stellen weiter, darunter:<\/p>\n\n\n\n<ul class=\"wp-block-list\">\n<li>Dienstanbieter, verbundene Unternehmen und Gesch\u00e4ftspartner.<\/li>\n\n\n\n<li>Organisatoren spezieller Events, Feedback-Plattformen und Vermittler von Anfragen.<\/li>\n\n\n\n<li>Lieferanten, Reedereien, Finanzdienstleister und Technologiepartner.<\/li>\n\n\n\n<li>Bei Unternehmens\u00fcbertragungen, Fusionen, \u00dcbernahmen oder zur Einhaltung gesetzlicher Anforderungen zum Schutz vor Betrug und zur Strafverfolgung.<\/li>\n<\/ul>\n\n\n\n<p id=\"wd-7274a266\" class=\"wp-block-wd-paragraph\"><strong>Sicherheit, Gesetzeskonformit\u00e4t und Betrugsschutz<\/strong><\/p>\n\n\n\n<p id=\"wd-310759f5\" class=\"wp-block-wd-paragraph\">Sicherheit und die Einhaltung geltender Gesetze und Vorschriften stehen f\u00fcr uns an erster Stelle. Wir geben Informationen weiter, wenn dies zur Untersuchung illegaler Aktivit\u00e4ten, zur Betrugspr\u00e4vention oder zum Schutz der Rechte, des Eigentums und der Sicherheit unserer Nutzer und der Community erforderlich ist.<\/p>\n\n\n\n<hr class=\"wp-block-separator has-alpha-channel-opacity\"\/>\n\n\n\n<h2 class=\"wp-block-heading\"><strong>Kinder<\/strong><\/h2>\n\n\n\n<p>Kinder Unsere Produkte und Dienstleistungen richten sich an Erwachsene. Daher erheben, verwenden oder ver\u00f6ffentlichen wir wissentlich keine personenbezogenen Daten von Kindern unter 16 Jahren. Sollten wir feststellen, dass wir personenbezogene Daten von einem Kind unter 16 Jahren (oder dem gesetzlich vorgeschriebenen Mindestalter) erhoben haben, werden wir diese Daten schnellstm\u00f6glich l\u00f6schen. Sollten Sie feststellen, dass ein Kind unter 16 Jahren uns personenbezogene Daten \u00fcbermittelt hat, kontaktieren Sie uns bitte umgehend.<\/p>\n\n\n\n<p id=\"wd-915d2126\" class=\"wp-block-wd-paragraph\"><strong>Websites und Dienste anderer Parteien<\/strong><\/p>\n\n\n\n<p id=\"wd-e03eed5b\" class=\"wp-block-wd-paragraph\">Unser Service bietet Links zu Websites, Standorten, Plattformen und Diensten, die von anderen Parteien betrieben und betrieben werden, auf die wir keinen Einfluss haben und die nicht unter diese Datenschutzrichtlinie fallen. Wir empfehlen Ihnen, die Datenschutzrichtlinien dieser (und aller) Websites und Dienste zu lesen. Auf nicht verbundenen Websites und Diensten k\u00f6nnen Tracking-Technologien zum Einsatz kommen, die eigenst\u00e4ndig Informationen \u00fcber Sie sammeln und Informationen von Ihnen anfordern. Die von anderen Parteien gesammelten und gespeicherten Informationen, sei es \u00fcber unseren Service, ihre Dienste oder sozialen Funktionen (siehe Definition unten), unterliegen weiterhin deren eigenen Richtlinien und Praktiken. Dies umfasst, welche Informationen sie mit uns teilen, Ihre Rechte und Wahlm\u00f6glichkeiten in Bezug auf ihre Dienste und Ger\u00e4te und ob sie Informationen in den USA oder anderswo speichern. Wir empfehlen Ihnen, sich mit deren Datenschutzrichtlinien und Nutzungsbedingungen vertraut zu machen und diese zu lesen.<\/p>\n\n\n\n<p id=\"wd-0d9f76c6\" class=\"wp-block-wd-paragraph\"><strong>IHRE RECHTE UND WAHLM\u00d6GLICHKEITEN<\/strong><\/p>\n\n\n\n<p id=\"wd-60205ce7\" class=\"wp-block-wd-paragraph\"><strong>Von Ihnen bereitgestellte Informationen<\/strong><\/p>\n\n\n\n<p id=\"wd-74865161\" class=\"wp-block-wd-paragraph\">Sie k\u00f6nnen jederzeit entscheiden, ob Sie auf dieser Website Informationen bereitstellen m\u00f6chten oder nicht. Wenn Sie sich jedoch dazu entschlie\u00dfen, bestimmte Informationen nicht preiszugeben, k\u00f6nnen Sie sich m\u00f6glicherweise nicht als Benutzer dieser Website registrieren, was Ihren Zugriff auf bestimmte Bereiche dieser Website einschr\u00e4nken kann.<\/p>\n\n\n\n<p id=\"wd-95809633\" class=\"wp-block-wd-paragraph\"><strong>E-Mail-Abmeldung<\/strong><\/p>\n\n\n\n<p id=\"wd-e192e5f8\" class=\"wp-block-wd-paragraph\">Alle unsere Marketing-E-Mails enthalten einen Link zum Abbestellen unserer E-Mails. Registrierte Benutzer der Website k\u00f6nnen sich auch im Bereich \u201eMein Konto\u201c anmelden, um ihre E-Mail-Einstellungen zu \u00e4ndern. Wir werden Ihren Abmeldewunsch so schnell wie m\u00f6glich bearbeiten. M\u00f6glicherweise laufen Werbe-E-Mail-Kampagnen, und Sie erhalten m\u00f6glicherweise noch einige Tage lang E-Mails von uns. Wir ben\u00f6tigen bis zu vierzehn Tage, um Ihren Abmeldewunsch zu bearbeiten. Nach Ablauf dieser Zeit erhalten Sie keine Marketing-E-Mails mehr von UNICORING. Sie erhalten m\u00f6glicherweise weiterhin E-Mails zu Ihren Transaktionen, z. B. zur Best\u00e4tigung, dass Sie eine Bestellung aufgegeben haben oder dass ein von Ihnen bestelltes Produkt versandt wurde.<\/p>\n\n\n\n<hr class=\"wp-block-separator has-alpha-channel-opacity\"\/>\n\n\n\n<h3 id=\"wd-9e54b5d2\" class=\"wp-block-wd-title title\">ext Messaging-Programm<\/h3>\n\n\n\n<p id=\"wd-e80f4a66\" class=\"wp-block-wd-paragraph\">1. Anmeldung. Wenn Sie sich f\u00fcr unser SMS-Programm anmelden, werden Sie um Ihre ausdr\u00fcckliche Zustimmung gebeten \u2013 nachgewiesen durch die Angabe Ihrer Mobiltelefonnummer, der angegebenen Schl\u00fcsselw\u00f6rter oder einer SMS oder einer anderen Textnachricht als Ihre Unterschrift \u2013, um dem Erhalt regelm\u00e4\u00dfiger automatisierter Marketingnachrichten zuzustimmen, die wir oder unsere Anbieter an die von Ihnen bei der Anmeldung angegebene Mobiltelefonnummer senden k\u00f6nnen. Diese Zustimmung ist keine Voraussetzung f\u00fcr die Nutzung unserer Dienste und kann jederzeit \u00fcber den in Punkt 2 beschriebenen Opt-out-Mechanismus oder durch Kontaktaufnahme mit uns auf andere Weise widerrufen werden.<\/p>\n\n\n\n<p id=\"wd-9928dcee\" class=\"wp-block-wd-paragraph\">2. Abmeldung. Sie k\u00f6nnen den Empfang von SMS-Textnachrichten abbestellen, indem Sie in der Textnachricht, die Sie in unserem Textnachrichtenprogramm erhalten, auf den Abmeldelink klicken.<\/p>\n\n\n\n<p id=\"wd-c7b2a447\" class=\"wp-block-wd-paragraph\">3. Ihr eigener Mobilfunktarif. Wie immer k\u00f6nnen f\u00fcr alle von Ihnen gesendeten Nachrichten und Nachrichten Geb\u00fchren anfallen. Bei Fragen zu Ihrem SMS- oder Datentarif wenden Sie sich am besten an Ihren Mobilfunkanbieter.<\/p>\n\n\n\n<p id=\"wd-b3018d75\" class=\"wp-block-wd-paragraph\">4. Ihre Pflichten in Bezug auf Ihre eigene Telefonnummer. Sie erkl\u00e4ren, dass Sie der Kontoinhaber oder gew\u00f6hnliche Nutzer der Mobiltelefonnummer sind, die Sie bei der Anmeldung zu unserem SMS-Programm angeben. Wenn Sie diese Nummer \u00e4ndern oder deaktivieren, sind Sie verpflichtet, uns im Datenschutzcenter unverz\u00fcglich dar\u00fcber zu informieren. Weder wir noch unsere Lieferanten und\/oder Mobilfunkanbieter haften f\u00fcr versp\u00e4tete oder nicht zugestellte Nachrichten. Sie verpflichten sich, uns von allen Anspr\u00fcchen, Kosten und Sch\u00e4den freizustellen, die im Zusammenhang mit Ihrer unterlassenen Benachrichtigung \u00fcber die \u00c4nderung Ihrer Telefonnummer stehen oder ganz oder teilweise dadurch verursacht werden.<\/p>\n\n\n\n<p id=\"wd-e5bd649e\" class=\"wp-block-wd-paragraph\">5. Teilnahme vorbehaltlich K\u00fcndigung oder \u00c4nderung. Wir k\u00f6nnen den Erhalt automatisierter Marketingnachrichten von uns aussetzen oder beenden, wenn wir der Ansicht sind, dass Sie gegen diese Bedingungen versto\u00dfen. Der Erhalt dieser Nachrichten kann auch beendet werden, wenn Ihr Mobilfunkvertrag endet oder ausl\u00e4uft. Wir behalten uns das Recht vor, diese Nachrichten ganz oder teilweise mit oder ohne Benachrichtigung vor\u00fcbergehend oder dauerhaft zu \u00e4ndern oder einzustellen.<\/p>\n\n\n\n<hr class=\"wp-block-separator has-alpha-channel-opacity\"\/>\n\n\n\n<h3 id=\"wd-fbbecf31\" class=\"wp-block-wd-title title\">\u00c4nderungen dieser Datenschutzerkl\u00e4rung<\/h3>\n\n\n\n<p>Wir behalten uns das Recht vor, diese Datenschutzerkl\u00e4rung regelm\u00e4\u00dfig zu \u00e4ndern, um sie an neue Technologien, Branchenpraktiken und gesetzliche Anforderungen anzupassen. Ihre fortgesetzte Nutzung unserer Produkte und Dienstleistungen nach dem Inkrafttreten der Datenschutzerkl\u00e4rung bedeutet, dass Sie die \u00fcberarbeitete Datenschutzerkl\u00e4rung akzeptieren. Wenn Sie der \u00fcberarbeiteten Datenschutzerkl\u00e4rung nicht zustimmen, sehen Sie bitte von der Nutzung unserer Produkte oder Dienstleistungen ab und\u00a0<a href=\"https:\/\/unicoring.com\/de\/contact-us\/\">Kontaktieren Sie uns<\/a>\u00a0um alle von Ihnen erstellten Konten zu schlie\u00dfen.<\/p>\n\n\n\n<hr class=\"wp-block-separator has-alpha-channel-opacity\"\/>\n\n\n\n<h3 id=\"wd-f82f1d51\" class=\"wp-block-wd-title title\">Kontaktieren Sie uns<\/h3>\n\n\n\n<p id=\"wd-aef8f102\" class=\"wp-block-wd-paragraph\">Wenn Sie Fragen zu dieser Datenschutzerkl\u00e4rung oder ihrer Umsetzung haben, k\u00f6nnen Sie uns unter folgender Adresse kontaktieren:<br>Bez\u00fcglich der Verwendung Ihrer personenbezogenen Daten zur Bereitstellung der von Ihnen angeforderten Produkte und Dienstleistungen: service@unicoring.com<\/p>","protected":false},"excerpt":{"rendered":"<p>Please read this Privacy Policy carefully. By using and accessing any of the Services, you consent to the collection, use,<\/p>","protected":false},"author":3,"featured_media":0,"parent":0,"menu_order":0,"comment_status":"closed","ping_status":"closed","template":"","meta":{"footnotes":""},"class_list":["post-3526","page","type-page","status-publish","hentry"],"yoast_head":"<!-- This site is optimized with the Yoast SEO plugin v25.7 - https:\/\/yoast.com\/wordpress\/plugins\/seo\/ -->\n<title>Privacy Policy - UniCoring<\/title>\n<meta name=\"robots\" content=\"index, follow, max-snippet:-1, max-image-preview:large, max-video-preview:-1\" \/>\n<link rel=\"canonical\" href=\"https:\/\/unicoring.com\/de\/privacy-policy-2\/\" \/>\n<meta property=\"og:locale\" content=\"de_DE\" \/>\n<meta property=\"og:type\" content=\"article\" \/>\n<meta property=\"og:title\" content=\"Privacy Policy - UniCoring\" \/>\n<meta property=\"og:description\" content=\"Please read this Privacy Policy carefully. By using and accessing any of the Services, you consent to the collection, use,\" \/>\n<meta property=\"og:url\" content=\"https:\/\/unicoring.com\/de\/privacy-policy-2\/\" \/>\n<meta property=\"og:site_name\" content=\"UniCoring\" \/>\n<meta property=\"article:modified_time\" content=\"2025-08-22T03:07:55+00:00\" \/>\n<meta name=\"twitter:card\" content=\"summary_large_image\" \/>\n<meta name=\"twitter:label1\" content=\"Gesch\u00e4tzte Lesezeit\" \/>\n\t<meta name=\"twitter:data1\" content=\"7\u00a0Minuten\" \/>\n<script type=\"application\/ld+json\" class=\"yoast-schema-graph\">{\"@context\":\"https:\/\/schema.org\",\"@graph\":[{\"@type\":\"WebPage\",\"@id\":\"https:\/\/unicoring.com\/privacy-policy-2\/\",\"url\":\"https:\/\/unicoring.com\/privacy-policy-2\/\",\"name\":\"Privacy Policy - UniCoring\",\"isPartOf\":{\"@id\":\"https:\/\/unicoring.com\/#website\"},\"datePublished\":\"2025-08-22T03:07:53+00:00\",\"dateModified\":\"2025-08-22T03:07:55+00:00\",\"breadcrumb\":{\"@id\":\"https:\/\/unicoring.com\/privacy-policy-2\/#breadcrumb\"},\"inLanguage\":\"de\",\"potentialAction\":[{\"@type\":\"ReadAction\",\"target\":[\"https:\/\/unicoring.com\/privacy-policy-2\/\"]}]},{\"@type\":\"BreadcrumbList\",\"@id\":\"https:\/\/unicoring.com\/privacy-policy-2\/#breadcrumb\",\"itemListElement\":[{\"@type\":\"ListItem\",\"position\":1,\"name\":\"\u9996\u9875\",\"item\":\"https:\/\/unicoring.com\/\"},{\"@type\":\"ListItem\",\"position\":2,\"name\":\"Privacy Policy\"}]},{\"@type\":\"WebSite\",\"@id\":\"https:\/\/unicoring.com\/#website\",\"url\":\"https:\/\/unicoring.com\/\",\"name\":\"UniCoring\",\"description\":\"\",\"potentialAction\":[{\"@type\":\"SearchAction\",\"target\":{\"@type\":\"EntryPoint\",\"urlTemplate\":\"https:\/\/unicoring.com\/?s={search_term_string}\"},\"query-input\":{\"@type\":\"PropertyValueSpecification\",\"valueRequired\":true,\"valueName\":\"search_term_string\"}}],\"inLanguage\":\"de\"}]}<\/script>\n<!-- \/ Yoast SEO plugin. -->","yoast_head_json":{"title":"Privacy Policy - UniCoring","robots":{"index":"index","follow":"follow","max-snippet":"max-snippet:-1","max-image-preview":"max-image-preview:large","max-video-preview":"max-video-preview:-1"},"canonical":"https:\/\/unicoring.com\/de\/privacy-policy-2\/","og_locale":"de_DE","og_type":"article","og_title":"Privacy Policy - UniCoring","og_description":"Please read this Privacy Policy carefully. By using and accessing any of the Services, you consent to the collection, use,","og_url":"https:\/\/unicoring.com\/de\/privacy-policy-2\/","og_site_name":"UniCoring","article_modified_time":"2025-08-22T03:07:55+00:00","twitter_card":"summary_large_image","twitter_misc":{"Gesch\u00e4tzte Lesezeit":"7\u00a0Minuten"},"schema":{"@context":"https:\/\/schema.org","@graph":[{"@type":"WebPage","@id":"https:\/\/unicoring.com\/privacy-policy-2\/","url":"https:\/\/unicoring.com\/privacy-policy-2\/","name":"Privacy Policy - UniCoring","isPartOf":{"@id":"https:\/\/unicoring.com\/#website"},"datePublished":"2025-08-22T03:07:53+00:00","dateModified":"2025-08-22T03:07:55+00:00","breadcrumb":{"@id":"https:\/\/unicoring.com\/privacy-policy-2\/#breadcrumb"},"inLanguage":"de","potentialAction":[{"@type":"ReadAction","target":["https:\/\/unicoring.com\/privacy-policy-2\/"]}]},{"@type":"BreadcrumbList","@id":"https:\/\/unicoring.com\/privacy-policy-2\/#breadcrumb","itemListElement":[{"@type":"ListItem","position":1,"name":"\u9996\u9875","item":"https:\/\/unicoring.com\/"},{"@type":"ListItem","position":2,"name":"Privacy Policy"}]},{"@type":"WebSite","@id":"https:\/\/unicoring.com\/#website","url":"https:\/\/unicoring.com\/","name":"UniCoring","description":"","potentialAction":[{"@type":"SearchAction","target":{"@type":"EntryPoint","urlTemplate":"https:\/\/unicoring.com\/?s={search_term_string}"},"query-input":{"@type":"PropertyValueSpecification","valueRequired":true,"valueName":"search_term_string"}}],"inLanguage":"de"}]}},"_links":{"self":[{"href":"https:\/\/unicoring.com\/de\/wp-json\/wp\/v2\/pages\/3526","targetHints":{"allow":["GET"]}}],"collection":[{"href":"https:\/\/unicoring.com\/de\/wp-json\/wp\/v2\/pages"}],"about":[{"href":"https:\/\/unicoring.com\/de\/wp-json\/wp\/v2\/types\/page"}],"author":[{"embeddable":true,"href":"https:\/\/unicoring.com\/de\/wp-json\/wp\/v2\/users\/3"}],"replies":[{"embeddable":true,"href":"https:\/\/unicoring.com\/de\/wp-json\/wp\/v2\/comments?post=3526"}],"version-history":[{"count":1,"href":"https:\/\/unicoring.com\/de\/wp-json\/wp\/v2\/pages\/3526\/revisions"}],"predecessor-version":[{"id":3527,"href":"https:\/\/unicoring.com\/de\/wp-json\/wp\/v2\/pages\/3526\/revisions\/3527"}],"wp:attachment":[{"href":"https:\/\/unicoring.com\/de\/wp-json\/wp\/v2\/media?parent=3526"}],"curies":[{"name":"wp","href":"https:\/\/api.w.org\/{rel}","templated":true}]}}