{"id":2524,"date":"2025-08-15T10:05:50","date_gmt":"2025-08-15T10:05:50","guid":{"rendered":"https:\/\/unicoring.com\/?post_type=product&#038;p=2524"},"modified":"2025-09-10T08:13:52","modified_gmt":"2025-09-10T08:13:52","slug":"lab-grown-diamond-halo-stud-earrings-0-5-0-3-ct-tw-in-14k-18k-ptplatinum","status":"publish","type":"product","link":"https:\/\/unicoring.com\/de\/produkt\/lab-grown-diamond-halo-stud-earrings-0-5-0-3-ct-tw-in-14k-18k-ptplatinum\/","title":{"rendered":"\u200b\u200bIm Labor gez\u00fcchtete Halo-Ohrstecker mit Diamanten (1,4\u20130,9 ct tw) in 14 K\/18 K Gold und Platin\u200b"},"content":{"rendered":"<p>Diese im Labor gez\u00fcchteten Diamant-Ohrstecker verf\u00fcgen \u00fcber einen schillernden Heiligenschein, der den Mittelstein in schimmernde Brillanz h\u00fcllt und so einen eleganten und raffinierten Look f\u00fcr den Alltag schafft.<\/p>\n<p>Ohrring-Spezifikationen<br \/>\nStil:ZBE0040<br \/>\nMetall: 14K\/18K Wei\u00df-\/Gelbgold und Platin<br \/>\nAbmessungen: 0,33 Zoll * 0,33 Zoll 0,37 Zoll * 0,37 Zoll<br \/>\nUnterst\u00fctzung: Zur\u00fcckschieben<br \/>\nFassung: Krappenfassung mit Micro-Pav\u00e9<\/p>\n<p>Edelsteindetails<br \/>\nTyp: Im Labor gez\u00fcchteter Diamant<br \/>\nForm: Rund Brillant<br \/>\nDiamanten insgesamt: 32-34<br \/>\nGewicht des Mittelsteins: 0,6 ct\/1 ct<\/p>\n<p>Gesamtgewicht des Halo-Steins: 0,29 ct\/0,37<br \/>\nDurchschnittliche Farbe: DE\/F<br \/>\nDurchschnittliche Klarheit: VVS2-VS1<\/p>","protected":false},"excerpt":{"rendered":"<p>These lab-grown diamond stud earrings feature a dazzling halo that envelops the center stone in shimmering brilliance, creating an elegant<\/p>","protected":false},"featured_media":3346,"comment_status":"closed","ping_status":"closed","template":"","meta":[],"product_brand":[107],"product_cat":[220,209,75,208,163,210,148,216,74,201,89,161,162,157,207,77,274,214,211,164,79,226,200,204,205],"product_tag":[],"class_list":{"0":"post-2524","1":"product","2":"type-product","3":"status-publish","4":"has-post-thumbnail","6":"product_brand-unicorimg","7":"product_cat-all-jewelry","8":"product_cat-anniversary-gifts","9":"product_cat-best-sellers","10":"product_cat-birthday-gifts","11":"product_cat-birthstone-jewelry","12":"product_cat-bridal-party-gifts","13":"product_cat-earrings","14":"product_cat-earrings-shop-by-category","15":"product_cat-fine-jewelry","16":"product_cat-fine-jewelry-fine-jewelry","17":"product_cat-jewelry","18":"product_cat-gifts-by-occasion","19":"product_cat-gifts-by-recipient","20":"product_cat-gifts-for-her","21":"product_cat-gifts-or-everyone","22":"product_cat-diamonds","23":"product_cat-lab-grown-diamond-earrings","24":"product_cat-luxe-gifts","25":"product_cat-milestone-gifts","26":"product_cat-more-gift-ideas","27":"product_cat-round","28":"product_cat-see-all-fine-jewelry-fine-jewelry","29":"product_cat-shop-by-category","30":"product_cat-204","31":"product_cat-205","33":"first","34":"instock","35":"sale","36":"shipping-taxable","37":"purchasable","38":"product-type-variable"},"yoast_head":"<!-- This site is optimized with the Yoast SEO plugin v25.7 - https:\/\/yoast.com\/wordpress\/plugins\/seo\/ -->\n<title>\u200b\u200bLab-Grown Diamond Halo Stud Earrings (1.4-0.9 ct tw) in 14K\/18K Gold &amp; Platinum\u200b - UniCoring<\/title>\n<meta name=\"description\" content=\"\u200b\u200bLab Created Diamond Studs\u200b\uff0cVS Clarity Lab Grown Earrings\" \/>\n<meta name=\"robots\" content=\"index, follow, max-snippet:-1, max-image-preview:large, max-video-preview:-1\" \/>\n<link rel=\"canonical\" href=\"https:\/\/unicoring.com\/de\/produkt\/lab-grown-diamond-halo-stud-earrings-0-5-0-3-ct-tw-in-14k-18k-ptplatinum\/\" \/>\n<meta property=\"og:locale\" content=\"de_DE\" \/>\n<meta property=\"og:type\" content=\"article\" \/>\n<meta property=\"og:title\" content=\"\u200b\u200bLab-Grown Diamond Halo Stud Earrings (1.4-0.9 ct tw) in 14K\/18K Gold &amp; Platinum\u200b - UniCoring\" \/>\n<meta property=\"og:description\" content=\"\u200b\u200bLab Created Diamond Studs\u200b\uff0cVS Clarity Lab Grown Earrings\" \/>\n<meta property=\"og:url\" content=\"https:\/\/unicoring.com\/de\/produkt\/lab-grown-diamond-halo-stud-earrings-0-5-0-3-ct-tw-in-14k-18k-ptplatinum\/\" \/>\n<meta property=\"og:site_name\" content=\"UniCoring\" \/>\n<meta property=\"article:modified_time\" content=\"2025-09-10T08:13:52+00:00\" \/>\n<meta property=\"og:image\" content=\"https:\/\/unicoring.com\/wp-content\/uploads\/2025\/08\/\u8033\u948910-1.jpg\" \/>\n\t<meta property=\"og:image:width\" content=\"1000\" \/>\n\t<meta property=\"og:image:height\" content=\"1000\" \/>\n\t<meta property=\"og:image:type\" content=\"image\/jpeg\" \/>\n<meta name=\"twitter:card\" content=\"summary_large_image\" \/>\n<meta name=\"twitter:label1\" content=\"Gesch\u00e4tzte Lesezeit\" \/>\n\t<meta name=\"twitter:data1\" content=\"1\u00a0Minute\" \/>\n<script type=\"application\/ld+json\" class=\"yoast-schema-graph\">{\"@context\":\"https:\/\/schema.org\",\"@graph\":[{\"@type\":\"WebPage\",\"@id\":\"https:\/\/unicoring.com\/product\/lab-grown-diamond-halo-stud-earrings-0-5-0-3-ct-tw-in-14k-18k-ptplatinum\/\",\"url\":\"https:\/\/unicoring.com\/product\/lab-grown-diamond-halo-stud-earrings-0-5-0-3-ct-tw-in-14k-18k-ptplatinum\/\",\"name\":\"\u200b\u200bLab-Grown Diamond Halo Stud Earrings (1.4-0.9 ct tw) in 14K\/18K Gold &amp; Platinum\u200b - UniCoring\",\"isPartOf\":{\"@id\":\"https:\/\/unicoring.com\/#website\"},\"primaryImageOfPage\":{\"@id\":\"https:\/\/unicoring.com\/product\/lab-grown-diamond-halo-stud-earrings-0-5-0-3-ct-tw-in-14k-18k-ptplatinum\/#primaryimage\"},\"image\":{\"@id\":\"https:\/\/unicoring.com\/product\/lab-grown-diamond-halo-stud-earrings-0-5-0-3-ct-tw-in-14k-18k-ptplatinum\/#primaryimage\"},\"thumbnailUrl\":\"https:\/\/unicoring.com\/wp-content\/uploads\/2025\/08\/\u8033\u948910-1.jpg\",\"datePublished\":\"2025-08-15T10:05:50+00:00\",\"dateModified\":\"2025-09-10T08:13:52+00:00\",\"description\":\"\u200b\u200bLab Created Diamond Studs\u200b\uff0cVS Clarity Lab Grown Earrings\",\"breadcrumb\":{\"@id\":\"https:\/\/unicoring.com\/product\/lab-grown-diamond-halo-stud-earrings-0-5-0-3-ct-tw-in-14k-18k-ptplatinum\/#breadcrumb\"},\"inLanguage\":\"de\",\"potentialAction\":[{\"@type\":\"ReadAction\",\"target\":[\"https:\/\/unicoring.com\/product\/lab-grown-diamond-halo-stud-earrings-0-5-0-3-ct-tw-in-14k-18k-ptplatinum\/\"]}]},{\"@type\":\"ImageObject\",\"inLanguage\":\"de\",\"@id\":\"https:\/\/unicoring.com\/product\/lab-grown-diamond-halo-stud-earrings-0-5-0-3-ct-tw-in-14k-18k-ptplatinum\/#primaryimage\",\"url\":\"https:\/\/unicoring.com\/wp-content\/uploads\/2025\/08\/\u8033\u948910-1.jpg\",\"contentUrl\":\"https:\/\/unicoring.com\/wp-content\/uploads\/2025\/08\/\u8033\u948910-1.jpg\",\"width\":1000,\"height\":1000},{\"@type\":\"BreadcrumbList\",\"@id\":\"https:\/\/unicoring.com\/product\/lab-grown-diamond-halo-stud-earrings-0-5-0-3-ct-tw-in-14k-18k-ptplatinum\/#breadcrumb\",\"itemListElement\":[{\"@type\":\"ListItem\",\"position\":1,\"name\":\"\u9996\u9875\",\"item\":\"https:\/\/unicoring.com\/\"},{\"@type\":\"ListItem\",\"position\":2,\"name\":\"Shop\",\"item\":\"https:\/\/unicoring.com\/shop\/\"},{\"@type\":\"ListItem\",\"position\":3,\"name\":\"\u200b\u200bLab-Grown Diamond Halo Stud Earrings (1.4-0.9 ct tw) in 14K\/18K Gold &amp; Platinum\u200b\"}]},{\"@type\":\"WebSite\",\"@id\":\"https:\/\/unicoring.com\/#website\",\"url\":\"https:\/\/unicoring.com\/\",\"name\":\"UniCoring\",\"description\":\"\",\"potentialAction\":[{\"@type\":\"SearchAction\",\"target\":{\"@type\":\"EntryPoint\",\"urlTemplate\":\"https:\/\/unicoring.com\/?s={search_term_string}\"},\"query-input\":{\"@type\":\"PropertyValueSpecification\",\"valueRequired\":true,\"valueName\":\"search_term_string\"}}],\"inLanguage\":\"de\"}]}<\/script>\n<!-- \/ Yoast SEO plugin. -->","yoast_head_json":{"title":"\u200b\u200bLab-Grown Diamond Halo Stud Earrings (1.4-0.9 ct tw) in 14K\/18K Gold &amp; Platinum\u200b - UniCoring","description":"\u200b\u200bLab Created Diamond Studs\u200b\uff0cVS Clarity Lab Grown Earrings","robots":{"index":"index","follow":"follow","max-snippet":"max-snippet:-1","max-image-preview":"max-image-preview:large","max-video-preview":"max-video-preview:-1"},"canonical":"https:\/\/unicoring.com\/de\/produkt\/lab-grown-diamond-halo-stud-earrings-0-5-0-3-ct-tw-in-14k-18k-ptplatinum\/","og_locale":"de_DE","og_type":"article","og_title":"\u200b\u200bLab-Grown Diamond Halo Stud Earrings (1.4-0.9 ct tw) in 14K\/18K Gold &amp; Platinum\u200b - UniCoring","og_description":"\u200b\u200bLab Created Diamond Studs\u200b\uff0cVS Clarity Lab Grown Earrings","og_url":"https:\/\/unicoring.com\/de\/produkt\/lab-grown-diamond-halo-stud-earrings-0-5-0-3-ct-tw-in-14k-18k-ptplatinum\/","og_site_name":"UniCoring","article_modified_time":"2025-09-10T08:13:52+00:00","og_image":[{"width":1000,"height":1000,"url":"https:\/\/unicoring.com\/wp-content\/uploads\/2025\/08\/\u8033\u948910-1.jpg","type":"image\/jpeg"}],"twitter_card":"summary_large_image","twitter_misc":{"Gesch\u00e4tzte Lesezeit":"1\u00a0Minute"},"schema":{"@context":"https:\/\/schema.org","@graph":[{"@type":"WebPage","@id":"https:\/\/unicoring.com\/product\/lab-grown-diamond-halo-stud-earrings-0-5-0-3-ct-tw-in-14k-18k-ptplatinum\/","url":"https:\/\/unicoring.com\/product\/lab-grown-diamond-halo-stud-earrings-0-5-0-3-ct-tw-in-14k-18k-ptplatinum\/","name":"\u200b\u200bLab-Grown Diamond Halo Stud Earrings (1.4-0.9 ct tw) in 14K\/18K Gold &amp; Platinum\u200b - UniCoring","isPartOf":{"@id":"https:\/\/unicoring.com\/#website"},"primaryImageOfPage":{"@id":"https:\/\/unicoring.com\/product\/lab-grown-diamond-halo-stud-earrings-0-5-0-3-ct-tw-in-14k-18k-ptplatinum\/#primaryimage"},"image":{"@id":"https:\/\/unicoring.com\/product\/lab-grown-diamond-halo-stud-earrings-0-5-0-3-ct-tw-in-14k-18k-ptplatinum\/#primaryimage"},"thumbnailUrl":"https:\/\/unicoring.com\/wp-content\/uploads\/2025\/08\/\u8033\u948910-1.jpg","datePublished":"2025-08-15T10:05:50+00:00","dateModified":"2025-09-10T08:13:52+00:00","description":"\u200b\u200bLab Created Diamond Studs\u200b\uff0cVS Clarity Lab Grown Earrings","breadcrumb":{"@id":"https:\/\/unicoring.com\/product\/lab-grown-diamond-halo-stud-earrings-0-5-0-3-ct-tw-in-14k-18k-ptplatinum\/#breadcrumb"},"inLanguage":"de","potentialAction":[{"@type":"ReadAction","target":["https:\/\/unicoring.com\/product\/lab-grown-diamond-halo-stud-earrings-0-5-0-3-ct-tw-in-14k-18k-ptplatinum\/"]}]},{"@type":"ImageObject","inLanguage":"de","@id":"https:\/\/unicoring.com\/product\/lab-grown-diamond-halo-stud-earrings-0-5-0-3-ct-tw-in-14k-18k-ptplatinum\/#primaryimage","url":"https:\/\/unicoring.com\/wp-content\/uploads\/2025\/08\/\u8033\u948910-1.jpg","contentUrl":"https:\/\/unicoring.com\/wp-content\/uploads\/2025\/08\/\u8033\u948910-1.jpg","width":1000,"height":1000},{"@type":"BreadcrumbList","@id":"https:\/\/unicoring.com\/product\/lab-grown-diamond-halo-stud-earrings-0-5-0-3-ct-tw-in-14k-18k-ptplatinum\/#breadcrumb","itemListElement":[{"@type":"ListItem","position":1,"name":"\u9996\u9875","item":"https:\/\/unicoring.com\/"},{"@type":"ListItem","position":2,"name":"Shop","item":"https:\/\/unicoring.com\/shop\/"},{"@type":"ListItem","position":3,"name":"\u200b\u200bLab-Grown Diamond Halo Stud Earrings (1.4-0.9 ct tw) in 14K\/18K Gold &amp; Platinum\u200b"}]},{"@type":"WebSite","@id":"https:\/\/unicoring.com\/#website","url":"https:\/\/unicoring.com\/","name":"UniCoring","description":"","potentialAction":[{"@type":"SearchAction","target":{"@type":"EntryPoint","urlTemplate":"https:\/\/unicoring.com\/?s={search_term_string}"},"query-input":{"@type":"PropertyValueSpecification","valueRequired":true,"valueName":"search_term_string"}}],"inLanguage":"de"}]}},"_links":{"self":[{"href":"https:\/\/unicoring.com\/de\/wp-json\/wp\/v2\/product\/2524","targetHints":{"allow":["GET"]}}],"collection":[{"href":"https:\/\/unicoring.com\/de\/wp-json\/wp\/v2\/product"}],"about":[{"href":"https:\/\/unicoring.com\/de\/wp-json\/wp\/v2\/types\/product"}],"replies":[{"embeddable":true,"href":"https:\/\/unicoring.com\/de\/wp-json\/wp\/v2\/comments?post=2524"}],"wp:featuredmedia":[{"embeddable":true,"href":"https:\/\/unicoring.com\/de\/wp-json\/wp\/v2\/media\/3346"}],"wp:attachment":[{"href":"https:\/\/unicoring.com\/de\/wp-json\/wp\/v2\/media?parent=2524"}],"wp:term":[{"taxonomy":"product_brand","embeddable":true,"href":"https:\/\/unicoring.com\/de\/wp-json\/wp\/v2\/product_brand?post=2524"},{"taxonomy":"product_cat","embeddable":true,"href":"https:\/\/unicoring.com\/de\/wp-json\/wp\/v2\/product_cat?post=2524"},{"taxonomy":"product_tag","embeddable":true,"href":"https:\/\/unicoring.com\/de\/wp-json\/wp\/v2\/product_tag?post=2524"}],"curies":[{"name":"wp","href":"https:\/\/api.w.org\/{rel}","templated":true}]}}