{"id":2847,"date":"2025-08-18T06:19:51","date_gmt":"2025-08-18T06:19:51","guid":{"rendered":"https:\/\/unicoring.com\/?post_type=product&#038;p=2847"},"modified":"2025-09-10T08:13:51","modified_gmt":"2025-09-10T08:13:51","slug":"unicoring-lab-diamond-stud-earrings-0-7-ct-tw-in-14k-18k-pt","status":"publish","type":"product","link":"https:\/\/unicoring.com\/de\/produkt\/unicoring-lab-diamond-stud-earrings-0-7-ct-tw-in-14k-18k-pt\/","title":{"rendered":"Dreizackige, im Labor gez\u00fcchtete Diamant-Ohrstecker (1,47 ct tw) in 14 K\/18 K Gold und Platin\u200b"},"content":{"rendered":"<p>Unsere dreizackige Martini-Fassung minimiert den Metallverbrauch und maximiert die Lichtreflexion dank der im Labor gez\u00fcchteten UniCoring-Diamanten. Das flache Design sorgt daf\u00fcr, dass die Ohrringe eng am konkaven Ohr anliegen, ohne durchzuh\u00e4ngen oder sich zu verdrehen.<\/p>\n<p>Die Perfect UniCoring-Kollektion wird mit viel Liebe zum Detail gefertigt, wobei jeder Aspekt sorgf\u00e4ltig auf dauerhafte Sch\u00f6nheit ausgelegt ist.<\/p>\n<p>Ohrring-Spezifikationen<br \/>\nStil: ZBE0181<br \/>\nMetall: 14K\/18K Gold und Platin (PT)<br \/>\nAbmessungen: 0,24 x 0,24 Zoll<br \/>\nUnterst\u00fctzung: Guardian-Unterst\u00fctzung<br \/>\nRhodiniert: Ja<br \/>\nEinstellung: Dreizackiger Martini<\/p>\n<p>Edelsteindetails<br \/>\nTyp: Im Labor gez\u00fcchteter Diamant<br \/>\nForm: Rund Brillant<br \/>\nMenge: 2<br \/>\nGesamtkaratgewicht: 1,47 Karat<br \/>\nDurchschnittliche Farbe: DE\/F<br \/>\nDurchschnittliche Klarheit: VVS2-VS1<\/p>","protected":false},"excerpt":{"rendered":"<p>Our three-prong Martini setting minimizes metal usage and maximizes light reflection thanks to the UniCoring laboratory-grown diamonds. The low-profile design<\/p>","protected":false},"featured_media":2849,"comment_status":"open","ping_status":"closed","template":"","meta":[],"product_brand":[],"product_cat":[209,75,208,163,210,148,216,74,201,89,161,162,157,206,207,212,77,274,211,164,79,200,204,205],"product_tag":[],"class_list":{"0":"post-2847","1":"product","2":"type-product","3":"status-publish","4":"has-post-thumbnail","6":"product_cat-anniversary-gifts","7":"product_cat-best-sellers","8":"product_cat-birthday-gifts","9":"product_cat-birthstone-jewelry","10":"product_cat-bridal-party-gifts","11":"product_cat-earrings","12":"product_cat-earrings-shop-by-category","13":"product_cat-fine-jewelry","14":"product_cat-fine-jewelry-fine-jewelry","15":"product_cat-jewelry","16":"product_cat-gifts-by-occasion","17":"product_cat-gifts-by-recipient","18":"product_cat-gifts-for-her","19":"product_cat-gifts-for-him","20":"product_cat-gifts-or-everyone","21":"product_cat-gifts-under-250","22":"product_cat-diamonds","23":"product_cat-lab-grown-diamond-earrings","24":"product_cat-milestone-gifts","25":"product_cat-more-gift-ideas","26":"product_cat-round","27":"product_cat-shop-by-category","28":"product_cat-204","29":"product_cat-205","31":"first","32":"instock","33":"sale","34":"shipping-taxable","35":"purchasable","36":"product-type-variable"},"yoast_head":"<!-- This site is optimized with the Yoast SEO plugin v25.7 - https:\/\/yoast.com\/wordpress\/plugins\/seo\/ -->\n<title>Three-Prong Lab-Grown Diamond Stud Earrings (1.47ct tw) in 14K\/18K Gold &amp; Platinum\u200b - UniCoring<\/title>\n<meta name=\"description\" content=\"\u200b\u200bLab Created Diamond Studs\u200b\uff0cVS Clarity Lab Grown Earrings\" \/>\n<meta name=\"robots\" content=\"index, follow, max-snippet:-1, max-image-preview:large, max-video-preview:-1\" \/>\n<link rel=\"canonical\" href=\"https:\/\/unicoring.com\/de\/produkt\/unicoring-lab-diamond-stud-earrings-0-7-ct-tw-in-14k-18k-pt\/\" \/>\n<meta property=\"og:locale\" content=\"de_DE\" \/>\n<meta property=\"og:type\" content=\"article\" \/>\n<meta property=\"og:title\" content=\"Three-Prong Lab-Grown Diamond Stud Earrings (1.47ct tw) in 14K\/18K Gold &amp; Platinum\u200b - UniCoring\" \/>\n<meta property=\"og:description\" content=\"\u200b\u200bLab Created Diamond Studs\u200b\uff0cVS Clarity Lab Grown Earrings\" \/>\n<meta property=\"og:url\" content=\"https:\/\/unicoring.com\/de\/produkt\/unicoring-lab-diamond-stud-earrings-0-7-ct-tw-in-14k-18k-pt\/\" \/>\n<meta property=\"og:site_name\" content=\"UniCoring\" \/>\n<meta property=\"article:modified_time\" content=\"2025-09-10T08:13:51+00:00\" \/>\n<meta property=\"og:image\" content=\"https:\/\/unicoring.com\/wp-content\/uploads\/2025\/08\/\u672a\u6807\u9898-1.jpg\" \/>\n\t<meta property=\"og:image:width\" content=\"1000\" \/>\n\t<meta property=\"og:image:height\" content=\"1000\" \/>\n\t<meta property=\"og:image:type\" content=\"image\/jpeg\" \/>\n<meta name=\"twitter:card\" content=\"summary_large_image\" \/>\n<meta name=\"twitter:label1\" content=\"Gesch\u00e4tzte Lesezeit\" \/>\n\t<meta name=\"twitter:data1\" content=\"1\u00a0Minute\" \/>\n<script type=\"application\/ld+json\" class=\"yoast-schema-graph\">{\"@context\":\"https:\/\/schema.org\",\"@graph\":[{\"@type\":\"WebPage\",\"@id\":\"https:\/\/unicoring.com\/product\/unicoring-lab-diamond-stud-earrings-0-7-ct-tw-in-14k-18k-pt\/\",\"url\":\"https:\/\/unicoring.com\/product\/unicoring-lab-diamond-stud-earrings-0-7-ct-tw-in-14k-18k-pt\/\",\"name\":\"Three-Prong Lab-Grown Diamond Stud Earrings (1.47ct tw) in 14K\/18K Gold &amp; Platinum\u200b - UniCoring\",\"isPartOf\":{\"@id\":\"https:\/\/unicoring.com\/#website\"},\"primaryImageOfPage\":{\"@id\":\"https:\/\/unicoring.com\/product\/unicoring-lab-diamond-stud-earrings-0-7-ct-tw-in-14k-18k-pt\/#primaryimage\"},\"image\":{\"@id\":\"https:\/\/unicoring.com\/product\/unicoring-lab-diamond-stud-earrings-0-7-ct-tw-in-14k-18k-pt\/#primaryimage\"},\"thumbnailUrl\":\"https:\/\/unicoring.com\/wp-content\/uploads\/2025\/08\/\u672a\u6807\u9898-1.jpg\",\"datePublished\":\"2025-08-18T06:19:51+00:00\",\"dateModified\":\"2025-09-10T08:13:51+00:00\",\"description\":\"\u200b\u200bLab Created Diamond Studs\u200b\uff0cVS Clarity Lab Grown Earrings\",\"breadcrumb\":{\"@id\":\"https:\/\/unicoring.com\/product\/unicoring-lab-diamond-stud-earrings-0-7-ct-tw-in-14k-18k-pt\/#breadcrumb\"},\"inLanguage\":\"de\",\"potentialAction\":[{\"@type\":\"ReadAction\",\"target\":[\"https:\/\/unicoring.com\/product\/unicoring-lab-diamond-stud-earrings-0-7-ct-tw-in-14k-18k-pt\/\"]}]},{\"@type\":\"ImageObject\",\"inLanguage\":\"de\",\"@id\":\"https:\/\/unicoring.com\/product\/unicoring-lab-diamond-stud-earrings-0-7-ct-tw-in-14k-18k-pt\/#primaryimage\",\"url\":\"https:\/\/unicoring.com\/wp-content\/uploads\/2025\/08\/\u672a\u6807\u9898-1.jpg\",\"contentUrl\":\"https:\/\/unicoring.com\/wp-content\/uploads\/2025\/08\/\u672a\u6807\u9898-1.jpg\",\"width\":1000,\"height\":1000},{\"@type\":\"BreadcrumbList\",\"@id\":\"https:\/\/unicoring.com\/product\/unicoring-lab-diamond-stud-earrings-0-7-ct-tw-in-14k-18k-pt\/#breadcrumb\",\"itemListElement\":[{\"@type\":\"ListItem\",\"position\":1,\"name\":\"\u9996\u9875\",\"item\":\"https:\/\/unicoring.com\/\"},{\"@type\":\"ListItem\",\"position\":2,\"name\":\"Shop\",\"item\":\"https:\/\/unicoring.com\/shop\/\"},{\"@type\":\"ListItem\",\"position\":3,\"name\":\"Three-Prong Lab-Grown Diamond Stud Earrings (1.47ct tw) in 14K\/18K Gold &amp; Platinum\u200b\"}]},{\"@type\":\"WebSite\",\"@id\":\"https:\/\/unicoring.com\/#website\",\"url\":\"https:\/\/unicoring.com\/\",\"name\":\"UniCoring\",\"description\":\"\",\"potentialAction\":[{\"@type\":\"SearchAction\",\"target\":{\"@type\":\"EntryPoint\",\"urlTemplate\":\"https:\/\/unicoring.com\/?s={search_term_string}\"},\"query-input\":{\"@type\":\"PropertyValueSpecification\",\"valueRequired\":true,\"valueName\":\"search_term_string\"}}],\"inLanguage\":\"de\"}]}<\/script>\n<!-- \/ Yoast SEO plugin. -->","yoast_head_json":{"title":"Three-Prong Lab-Grown Diamond Stud Earrings (1.47ct tw) in 14K\/18K Gold &amp; Platinum\u200b - UniCoring","description":"\u200b\u200bLab Created Diamond Studs\u200b\uff0cVS Clarity Lab Grown Earrings","robots":{"index":"index","follow":"follow","max-snippet":"max-snippet:-1","max-image-preview":"max-image-preview:large","max-video-preview":"max-video-preview:-1"},"canonical":"https:\/\/unicoring.com\/de\/produkt\/unicoring-lab-diamond-stud-earrings-0-7-ct-tw-in-14k-18k-pt\/","og_locale":"de_DE","og_type":"article","og_title":"Three-Prong Lab-Grown Diamond Stud Earrings (1.47ct tw) in 14K\/18K Gold &amp; Platinum\u200b - UniCoring","og_description":"\u200b\u200bLab Created Diamond Studs\u200b\uff0cVS Clarity Lab Grown Earrings","og_url":"https:\/\/unicoring.com\/de\/produkt\/unicoring-lab-diamond-stud-earrings-0-7-ct-tw-in-14k-18k-pt\/","og_site_name":"UniCoring","article_modified_time":"2025-09-10T08:13:51+00:00","og_image":[{"width":1000,"height":1000,"url":"https:\/\/unicoring.com\/wp-content\/uploads\/2025\/08\/\u672a\u6807\u9898-1.jpg","type":"image\/jpeg"}],"twitter_card":"summary_large_image","twitter_misc":{"Gesch\u00e4tzte Lesezeit":"1\u00a0Minute"},"schema":{"@context":"https:\/\/schema.org","@graph":[{"@type":"WebPage","@id":"https:\/\/unicoring.com\/product\/unicoring-lab-diamond-stud-earrings-0-7-ct-tw-in-14k-18k-pt\/","url":"https:\/\/unicoring.com\/product\/unicoring-lab-diamond-stud-earrings-0-7-ct-tw-in-14k-18k-pt\/","name":"Three-Prong Lab-Grown Diamond Stud Earrings (1.47ct tw) in 14K\/18K Gold &amp; Platinum\u200b - UniCoring","isPartOf":{"@id":"https:\/\/unicoring.com\/#website"},"primaryImageOfPage":{"@id":"https:\/\/unicoring.com\/product\/unicoring-lab-diamond-stud-earrings-0-7-ct-tw-in-14k-18k-pt\/#primaryimage"},"image":{"@id":"https:\/\/unicoring.com\/product\/unicoring-lab-diamond-stud-earrings-0-7-ct-tw-in-14k-18k-pt\/#primaryimage"},"thumbnailUrl":"https:\/\/unicoring.com\/wp-content\/uploads\/2025\/08\/\u672a\u6807\u9898-1.jpg","datePublished":"2025-08-18T06:19:51+00:00","dateModified":"2025-09-10T08:13:51+00:00","description":"\u200b\u200bLab Created Diamond Studs\u200b\uff0cVS Clarity Lab Grown Earrings","breadcrumb":{"@id":"https:\/\/unicoring.com\/product\/unicoring-lab-diamond-stud-earrings-0-7-ct-tw-in-14k-18k-pt\/#breadcrumb"},"inLanguage":"de","potentialAction":[{"@type":"ReadAction","target":["https:\/\/unicoring.com\/product\/unicoring-lab-diamond-stud-earrings-0-7-ct-tw-in-14k-18k-pt\/"]}]},{"@type":"ImageObject","inLanguage":"de","@id":"https:\/\/unicoring.com\/product\/unicoring-lab-diamond-stud-earrings-0-7-ct-tw-in-14k-18k-pt\/#primaryimage","url":"https:\/\/unicoring.com\/wp-content\/uploads\/2025\/08\/\u672a\u6807\u9898-1.jpg","contentUrl":"https:\/\/unicoring.com\/wp-content\/uploads\/2025\/08\/\u672a\u6807\u9898-1.jpg","width":1000,"height":1000},{"@type":"BreadcrumbList","@id":"https:\/\/unicoring.com\/product\/unicoring-lab-diamond-stud-earrings-0-7-ct-tw-in-14k-18k-pt\/#breadcrumb","itemListElement":[{"@type":"ListItem","position":1,"name":"\u9996\u9875","item":"https:\/\/unicoring.com\/"},{"@type":"ListItem","position":2,"name":"Shop","item":"https:\/\/unicoring.com\/shop\/"},{"@type":"ListItem","position":3,"name":"Three-Prong Lab-Grown Diamond Stud Earrings (1.47ct tw) in 14K\/18K Gold &amp; Platinum\u200b"}]},{"@type":"WebSite","@id":"https:\/\/unicoring.com\/#website","url":"https:\/\/unicoring.com\/","name":"UniCoring","description":"","potentialAction":[{"@type":"SearchAction","target":{"@type":"EntryPoint","urlTemplate":"https:\/\/unicoring.com\/?s={search_term_string}"},"query-input":{"@type":"PropertyValueSpecification","valueRequired":true,"valueName":"search_term_string"}}],"inLanguage":"de"}]}},"_links":{"self":[{"href":"https:\/\/unicoring.com\/de\/wp-json\/wp\/v2\/product\/2847","targetHints":{"allow":["GET"]}}],"collection":[{"href":"https:\/\/unicoring.com\/de\/wp-json\/wp\/v2\/product"}],"about":[{"href":"https:\/\/unicoring.com\/de\/wp-json\/wp\/v2\/types\/product"}],"replies":[{"embeddable":true,"href":"https:\/\/unicoring.com\/de\/wp-json\/wp\/v2\/comments?post=2847"}],"wp:featuredmedia":[{"embeddable":true,"href":"https:\/\/unicoring.com\/de\/wp-json\/wp\/v2\/media\/2849"}],"wp:attachment":[{"href":"https:\/\/unicoring.com\/de\/wp-json\/wp\/v2\/media?parent=2847"}],"wp:term":[{"taxonomy":"product_brand","embeddable":true,"href":"https:\/\/unicoring.com\/de\/wp-json\/wp\/v2\/product_brand?post=2847"},{"taxonomy":"product_cat","embeddable":true,"href":"https:\/\/unicoring.com\/de\/wp-json\/wp\/v2\/product_cat?post=2847"},{"taxonomy":"product_tag","embeddable":true,"href":"https:\/\/unicoring.com\/de\/wp-json\/wp\/v2\/product_tag?post=2847"}],"curies":[{"name":"wp","href":"https:\/\/api.w.org\/{rel}","templated":true}]}}