{"id":3060,"date":"2025-08-18T07:39:16","date_gmt":"2025-08-18T07:39:16","guid":{"rendered":"https:\/\/unicoring.com\/?post_type=product&#038;p=3060"},"modified":"2025-09-10T08:12:59","modified_gmt":"2025-09-10T08:12:59","slug":"unicoring-lab-diamond-ring-4-2-6-ct-tw-in-14k-18k-pt","status":"publish","type":"product","link":"https:\/\/unicoring.com\/de\/produkt\/unicoring-lab-diamond-ring-4-2-6-ct-tw-in-14k-18k-pt\/","title":{"rendered":"\u200b\u200bSolit\u00e4r-Trauringe mit im Labor gez\u00fcchteten Diamanten (5 ct tw) in 14K\/18K Gold und Platin"},"content":{"rendered":"<p>Dieser bezaubernde, klassische Ewigkeitsring verf\u00fcgt \u00fcber ein durchbrochenes Gittermotiv, das jeden funkelnden, im Labor gez\u00fcchteten Diamanten umrahmt.<\/p>\n<p>Unsere Eternity-Ringe werden sorgf\u00e4ltig gefertigt, um perfekt an Ihren Finger zu passen. Jede einzigartige Gr\u00f6\u00dfe zeichnet sich durch eine proportionale Diamantanzahl und ein proportionales Gewicht aus und sorgt so f\u00fcr ausgewogenen Tragekomfort und Glanz.<\/p>\n<p>Ihre Bestellung beinhaltet:<br \/>\n\u2013 Kostenloser Versand<br \/>\n\u2013 Diskrete Verpackung<br \/>\n\u2013 Kostenlose lebenslange Garantie<\/p>\n<p>Ringspezifikationen<br \/>\nStil:ZBR0148-OVAL<br \/>\nMetall: 14 Karat Wei\u00dfgold\/14 Karat Gelbgold\/14 Karat Ros\u00e9gold\/18 Karat Wei\u00dfgold\/18 Karat Gelbgold\/18 Karat Ros\u00e9gold\/PT<br \/>\nBreite: 2,3 mm<br \/>\nRhodiniert: Ja<\/p>\n<p>Edelsteindetails<br \/>\nTyp: Im Labor gez\u00fcchteter Diamant<br \/>\nForm: Rund Brillant<br \/>\nDiamantanzahl: 14\u201318 Steine<br \/>\nGesamtkaratgewicht: 4,20\u20136,00 ct<br \/>\nFassung: Gemeinsame Krappenfassung<br \/>\nDurchschnittliche Farbe: DE\/F<br \/>\nDurchschnittliche Klarheit: VVS2-VS1<\/p>","protected":false},"excerpt":{"rendered":"<p>Dieser charmante, klassische Ewigkeitsring verf\u00fcgt \u00fcber ein durchbrochenes Gittermotiv, das jeden funkelnden, im Labor gez\u00fcchteten Diamanten umrahmt. Unsere Ewigkeitsringe werden sorgf\u00e4ltig<\/p>","protected":false},"featured_media":3376,"comment_status":"open","ping_status":"closed","template":"","meta":[],"product_brand":[107],"product_cat":[15,220,209,75,208,163,210,167,201,74,89,161,162,157,207,77,199,277,211,164,78,181,98,189,226,197,200,158,159,195,76,71,204,205],"product_tag":[],"class_list":{"0":"post-3060","1":"product","2":"type-product","3":"status-publish","4":"has-post-thumbnail","6":"product_brand-unicorimg","7":"product_cat-engagement-rings","8":"product_cat-all-jewelry","9":"product_cat-anniversary-gifts","10":"product_cat-best-sellers","11":"product_cat-birthday-gifts","12":"product_cat-birthstone-jewelry","13":"product_cat-bridal-party-gifts","14":"product_cat-classic-bands","15":"product_cat-fine-jewelry-fine-jewelry","16":"product_cat-fine-jewelry","17":"product_cat-jewelry","18":"product_cat-gifts-by-occasion","19":"product_cat-gifts-by-recipient","20":"product_cat-gifts-for-her","21":"product_cat-gifts-or-everyone","22":"product_cat-diamonds","23":"product_cat-lab-grown-diamond","24":"product_cat-lab-grown-diamond-ring","25":"product_cat-milestone-gifts","26":"product_cat-more-gift-ideas","27":"product_cat-oval","28":"product_cat-oval-shop-by-shape","29":"product_cat-ring","30":"product_cat-see-all-shop-by-shape","31":"product_cat-see-all-fine-jewelry-fine-jewelry","32":"product_cat-see-all-2","33":"product_cat-shop-by-category","34":"product_cat-shop-by-shape","35":"product_cat-shop-by-style","36":"product_cat-vintage","37":"product_cat-wedding-rings","38":"product_cat-womens-wedding-rings","39":"product_cat-204","40":"product_cat-205","42":"first","43":"instock","44":"sale","45":"shipping-taxable","46":"purchasable","47":"product-type-variable","48":"has-default-attributes"},"yoast_head":"<!-- This site is optimized with the Yoast SEO plugin v25.7 - https:\/\/yoast.com\/wordpress\/plugins\/seo\/ -->\n<title>\u200b\u200bSolitaire Lab-Grown Diamond wedding Rings (5 ct tw) in 14K\/18K Gold &amp; Platinum - UniCoring<\/title>\n<meta name=\"description\" content=\"Lab Grown Diamond Rings\u200b\uff0cLab Created Diamond Engagement\" \/>\n<meta name=\"robots\" content=\"index, follow, max-snippet:-1, max-image-preview:large, max-video-preview:-1\" \/>\n<link rel=\"canonical\" href=\"https:\/\/unicoring.com\/de\/produkt\/unicoring-lab-diamond-ring-4-2-6-ct-tw-in-14k-18k-pt\/\" \/>\n<meta property=\"og:locale\" content=\"de_DE\" \/>\n<meta property=\"og:type\" content=\"article\" \/>\n<meta property=\"og:title\" content=\"\u200b\u200bSolitaire Lab-Grown Diamond wedding Rings (5 ct tw) in 14K\/18K Gold &amp; Platinum - UniCoring\" \/>\n<meta property=\"og:description\" content=\"Lab Grown Diamond Rings\u200b\uff0cLab Created Diamond Engagement\" \/>\n<meta property=\"og:url\" content=\"https:\/\/unicoring.com\/de\/produkt\/unicoring-lab-diamond-ring-4-2-6-ct-tw-in-14k-18k-pt\/\" \/>\n<meta property=\"og:site_name\" content=\"UniCoring\" \/>\n<meta property=\"article:modified_time\" content=\"2025-09-10T08:12:59+00:00\" \/>\n<meta property=\"og:image\" content=\"https:\/\/unicoring.com\/wp-content\/uploads\/2025\/08\/zbr0148-1.jpg\" \/>\n\t<meta property=\"og:image:width\" content=\"1000\" \/>\n\t<meta property=\"og:image:height\" content=\"1000\" \/>\n\t<meta property=\"og:image:type\" content=\"image\/jpeg\" \/>\n<meta name=\"twitter:card\" content=\"summary_large_image\" \/>\n<meta name=\"twitter:label1\" content=\"Gesch\u00e4tzte Lesezeit\" \/>\n\t<meta name=\"twitter:data1\" content=\"1\u00a0Minute\" \/>\n<script type=\"application\/ld+json\" class=\"yoast-schema-graph\">{\"@context\":\"https:\/\/schema.org\",\"@graph\":[{\"@type\":\"WebPage\",\"@id\":\"https:\/\/unicoring.com\/product\/unicoring-lab-diamond-ring-4-2-6-ct-tw-in-14k-18k-pt\/\",\"url\":\"https:\/\/unicoring.com\/product\/unicoring-lab-diamond-ring-4-2-6-ct-tw-in-14k-18k-pt\/\",\"name\":\"\u200b\u200bSolitaire Lab-Grown Diamond wedding Rings (5 ct tw) in 14K\/18K Gold &amp; Platinum - UniCoring\",\"isPartOf\":{\"@id\":\"https:\/\/unicoring.com\/#website\"},\"primaryImageOfPage\":{\"@id\":\"https:\/\/unicoring.com\/product\/unicoring-lab-diamond-ring-4-2-6-ct-tw-in-14k-18k-pt\/#primaryimage\"},\"image\":{\"@id\":\"https:\/\/unicoring.com\/product\/unicoring-lab-diamond-ring-4-2-6-ct-tw-in-14k-18k-pt\/#primaryimage\"},\"thumbnailUrl\":\"https:\/\/unicoring.com\/wp-content\/uploads\/2025\/08\/zbr0148-1.jpg\",\"datePublished\":\"2025-08-18T07:39:16+00:00\",\"dateModified\":\"2025-09-10T08:12:59+00:00\",\"description\":\"Lab Grown Diamond Rings\u200b\uff0cLab Created Diamond Engagement\",\"breadcrumb\":{\"@id\":\"https:\/\/unicoring.com\/product\/unicoring-lab-diamond-ring-4-2-6-ct-tw-in-14k-18k-pt\/#breadcrumb\"},\"inLanguage\":\"de\",\"potentialAction\":[{\"@type\":\"ReadAction\",\"target\":[\"https:\/\/unicoring.com\/product\/unicoring-lab-diamond-ring-4-2-6-ct-tw-in-14k-18k-pt\/\"]}]},{\"@type\":\"ImageObject\",\"inLanguage\":\"de\",\"@id\":\"https:\/\/unicoring.com\/product\/unicoring-lab-diamond-ring-4-2-6-ct-tw-in-14k-18k-pt\/#primaryimage\",\"url\":\"https:\/\/unicoring.com\/wp-content\/uploads\/2025\/08\/zbr0148-1.jpg\",\"contentUrl\":\"https:\/\/unicoring.com\/wp-content\/uploads\/2025\/08\/zbr0148-1.jpg\",\"width\":1000,\"height\":1000},{\"@type\":\"BreadcrumbList\",\"@id\":\"https:\/\/unicoring.com\/product\/unicoring-lab-diamond-ring-4-2-6-ct-tw-in-14k-18k-pt\/#breadcrumb\",\"itemListElement\":[{\"@type\":\"ListItem\",\"position\":1,\"name\":\"\u9996\u9875\",\"item\":\"https:\/\/unicoring.com\/\"},{\"@type\":\"ListItem\",\"position\":2,\"name\":\"Shop\",\"item\":\"https:\/\/unicoring.com\/shop\/\"},{\"@type\":\"ListItem\",\"position\":3,\"name\":\"\u200b\u200bSolitaire Lab-Grown Diamond wedding Rings (5 ct tw) in 14K\/18K Gold &amp; Platinum\"}]},{\"@type\":\"WebSite\",\"@id\":\"https:\/\/unicoring.com\/#website\",\"url\":\"https:\/\/unicoring.com\/\",\"name\":\"UniCoring\",\"description\":\"\",\"potentialAction\":[{\"@type\":\"SearchAction\",\"target\":{\"@type\":\"EntryPoint\",\"urlTemplate\":\"https:\/\/unicoring.com\/?s={search_term_string}\"},\"query-input\":{\"@type\":\"PropertyValueSpecification\",\"valueRequired\":true,\"valueName\":\"search_term_string\"}}],\"inLanguage\":\"de\"}]}<\/script>\n<!-- \/ Yoast SEO plugin. -->","yoast_head_json":{"title":"\u200b\u200bSolitaire Lab-Grown Diamond wedding Rings (5 ct tw) in 14K\/18K Gold &amp; Platinum - UniCoring","description":"Im Labor gez\u00fcchtete Diamantringe, Verlobungsringe mit im Labor gez\u00fcchteten Diamanten","robots":{"index":"index","follow":"follow","max-snippet":"max-snippet:-1","max-image-preview":"max-image-preview:large","max-video-preview":"max-video-preview:-1"},"canonical":"https:\/\/unicoring.com\/de\/produkt\/unicoring-lab-diamond-ring-4-2-6-ct-tw-in-14k-18k-pt\/","og_locale":"de_DE","og_type":"article","og_title":"\u200b\u200bSolitaire Lab-Grown Diamond wedding Rings (5 ct tw) in 14K\/18K Gold &amp; Platinum - UniCoring","og_description":"Lab Grown Diamond Rings\u200b\uff0cLab Created Diamond Engagement","og_url":"https:\/\/unicoring.com\/de\/produkt\/unicoring-lab-diamond-ring-4-2-6-ct-tw-in-14k-18k-pt\/","og_site_name":"UniCoring","article_modified_time":"2025-09-10T08:12:59+00:00","og_image":[{"width":1000,"height":1000,"url":"https:\/\/unicoring.com\/wp-content\/uploads\/2025\/08\/zbr0148-1.jpg","type":"image\/jpeg"}],"twitter_card":"summary_large_image","twitter_misc":{"Gesch\u00e4tzte Lesezeit":"1\u00a0Minute"},"schema":{"@context":"https:\/\/schema.org","@graph":[{"@type":"WebPage","@id":"https:\/\/unicoring.com\/product\/unicoring-lab-diamond-ring-4-2-6-ct-tw-in-14k-18k-pt\/","url":"https:\/\/unicoring.com\/product\/unicoring-lab-diamond-ring-4-2-6-ct-tw-in-14k-18k-pt\/","name":"\u200b\u200bSolitaire Lab-Grown Diamond wedding Rings (5 ct tw) in 14K\/18K Gold &amp; Platinum - UniCoring","isPartOf":{"@id":"https:\/\/unicoring.com\/#website"},"primaryImageOfPage":{"@id":"https:\/\/unicoring.com\/product\/unicoring-lab-diamond-ring-4-2-6-ct-tw-in-14k-18k-pt\/#primaryimage"},"image":{"@id":"https:\/\/unicoring.com\/product\/unicoring-lab-diamond-ring-4-2-6-ct-tw-in-14k-18k-pt\/#primaryimage"},"thumbnailUrl":"https:\/\/unicoring.com\/wp-content\/uploads\/2025\/08\/zbr0148-1.jpg","datePublished":"2025-08-18T07:39:16+00:00","dateModified":"2025-09-10T08:12:59+00:00","description":"Im Labor gez\u00fcchtete Diamantringe, Verlobungsringe mit im Labor gez\u00fcchteten Diamanten","breadcrumb":{"@id":"https:\/\/unicoring.com\/product\/unicoring-lab-diamond-ring-4-2-6-ct-tw-in-14k-18k-pt\/#breadcrumb"},"inLanguage":"de","potentialAction":[{"@type":"ReadAction","target":["https:\/\/unicoring.com\/product\/unicoring-lab-diamond-ring-4-2-6-ct-tw-in-14k-18k-pt\/"]}]},{"@type":"ImageObject","inLanguage":"de","@id":"https:\/\/unicoring.com\/product\/unicoring-lab-diamond-ring-4-2-6-ct-tw-in-14k-18k-pt\/#primaryimage","url":"https:\/\/unicoring.com\/wp-content\/uploads\/2025\/08\/zbr0148-1.jpg","contentUrl":"https:\/\/unicoring.com\/wp-content\/uploads\/2025\/08\/zbr0148-1.jpg","width":1000,"height":1000},{"@type":"BreadcrumbList","@id":"https:\/\/unicoring.com\/product\/unicoring-lab-diamond-ring-4-2-6-ct-tw-in-14k-18k-pt\/#breadcrumb","itemListElement":[{"@type":"ListItem","position":1,"name":"\u9996\u9875","item":"https:\/\/unicoring.com\/"},{"@type":"ListItem","position":2,"name":"Shop","item":"https:\/\/unicoring.com\/shop\/"},{"@type":"ListItem","position":3,"name":"\u200b\u200bSolitaire Lab-Grown Diamond wedding Rings (5 ct tw) in 14K\/18K Gold &amp; Platinum"}]},{"@type":"WebSite","@id":"https:\/\/unicoring.com\/#website","url":"https:\/\/unicoring.com\/","name":"UniCoring","description":"","potentialAction":[{"@type":"SearchAction","target":{"@type":"EntryPoint","urlTemplate":"https:\/\/unicoring.com\/?s={search_term_string}"},"query-input":{"@type":"PropertyValueSpecification","valueRequired":true,"valueName":"search_term_string"}}],"inLanguage":"de"}]}},"_links":{"self":[{"href":"https:\/\/unicoring.com\/de\/wp-json\/wp\/v2\/product\/3060","targetHints":{"allow":["GET"]}}],"collection":[{"href":"https:\/\/unicoring.com\/de\/wp-json\/wp\/v2\/product"}],"about":[{"href":"https:\/\/unicoring.com\/de\/wp-json\/wp\/v2\/types\/product"}],"replies":[{"embeddable":true,"href":"https:\/\/unicoring.com\/de\/wp-json\/wp\/v2\/comments?post=3060"}],"wp:featuredmedia":[{"embeddable":true,"href":"https:\/\/unicoring.com\/de\/wp-json\/wp\/v2\/media\/3376"}],"wp:attachment":[{"href":"https:\/\/unicoring.com\/de\/wp-json\/wp\/v2\/media?parent=3060"}],"wp:term":[{"taxonomy":"product_brand","embeddable":true,"href":"https:\/\/unicoring.com\/de\/wp-json\/wp\/v2\/product_brand?post=3060"},{"taxonomy":"product_cat","embeddable":true,"href":"https:\/\/unicoring.com\/de\/wp-json\/wp\/v2\/product_cat?post=3060"},{"taxonomy":"product_tag","embeddable":true,"href":"https:\/\/unicoring.com\/de\/wp-json\/wp\/v2\/product_tag?post=3060"}],"curies":[{"name":"wp","href":"https:\/\/api.w.org\/{rel}","templated":true}]}}