{"id":4212,"date":"2025-08-29T03:12:48","date_gmt":"2025-08-29T03:12:48","guid":{"rendered":"https:\/\/unicoring.com\/?post_type=product&#038;p=4212"},"modified":"2025-09-10T08:49:12","modified_gmt":"2025-09-10T08:49:12","slug":"lab-grown-diamond-necklace%ef%bc%8csparkling-diamond-necklace%ef%bc%8cgift-for-her-diamond-necklace-%ef%bc%8ccustom-diamond-necklace","status":"publish","type":"product","link":"https:\/\/unicoring.com\/de\/produkt\/lab-grown-diamond-necklace%ef%bc%8csparkling-diamond-necklace%ef%bc%8cgift-for-her-diamond-necklace-%ef%bc%8ccustom-diamond-necklace\/","title":{"rendered":"Im Labor hergestellter Solit\u00e4ranh\u00e4nger mit Diamanten in 14 Karat\/18 Karat Wei\u00df-\/Gelbgold f\u00fcr Verabredungen und besondere Momente (1 Karat)"},"content":{"rendered":"<p>Dieser exquisite, im Labor gefertigte Diamantanh\u00e4nger besticht durch einen einzelnen Brillanten im Rundschliff in einer klassischen Zargenfassung. Gefertigt aus warmem 18-kar\u00e4tigem Gelbgold mit einer zarten Perlenkette, betont das Solit\u00e4rdesign das reine Funkeln und das au\u00dfergew\u00f6hnliche Feuer des Diamanten. Das minimalistische Design macht ihn vielseitig einsetzbar \u2013 sowohl f\u00fcr den Alltag als auch f\u00fcr besondere Anl\u00e4sse.<\/p>\n<p>Halsketteninformationen<br \/>\nStil:ZBN0082<br \/>\nMetall: 14K\/18K Wei\u00df-\/Gelbgold<br \/>\nRhodium-Finish: Ja<br \/>\nFassung: L\u00fcnettenfassung<\/p>\n<p>Edelsteindetails<br \/>\nTyp: Im Labor gez\u00fcchteter Diamant<\/p>\n<p>Mittelstein<br \/>\nForm: rund<br \/>\nGewicht: 1 CT<\/p>\n<p>Seitensteine<br \/>\nForm: Kreis<br \/>\nMenge: 1<br \/>\nGewicht: 0,02 ct<\/p>\n<p>Durchschnittliche Farbe: DE\/F<br \/>\nDurchschnittliche Klarheit: VS-VVS2<\/p>","protected":false},"excerpt":{"rendered":"<p>This exquisite lab-created diamond pendant features a single brilliant round cut diamond set in a classicbezel setting setting. Crafted in<\/p>","protected":false},"featured_media":4218,"comment_status":"open","ping_status":"closed","template":"","meta":[],"product_brand":[107],"product_cat":[220,209,75,208,163,210,74,89,161,162,157,207,77,275,211,164,217,79,226,200,204,205],"product_tag":[],"class_list":{"0":"post-4212","1":"product","2":"type-product","3":"status-publish","4":"has-post-thumbnail","6":"product_brand-unicorimg","7":"product_cat-all-jewelry","8":"product_cat-anniversary-gifts","9":"product_cat-best-sellers","10":"product_cat-birthday-gifts","11":"product_cat-birthstone-jewelry","12":"product_cat-bridal-party-gifts","13":"product_cat-fine-jewelry","14":"product_cat-jewelry","15":"product_cat-gifts-by-occasion","16":"product_cat-gifts-by-recipient","17":"product_cat-gifts-for-her","18":"product_cat-gifts-or-everyone","19":"product_cat-diamonds","20":"product_cat-lab-grown-diamond-necklace","21":"product_cat-milestone-gifts","22":"product_cat-more-gift-ideas","23":"product_cat-necklaces","24":"product_cat-round","25":"product_cat-see-all-fine-jewelry-fine-jewelry","26":"product_cat-shop-by-category","27":"product_cat-204","28":"product_cat-205","30":"first","31":"instock","32":"sale","33":"shipping-taxable","34":"purchasable","35":"product-type-variable"},"yoast_head":"<!-- This site is optimized with the Yoast SEO plugin v25.7 - https:\/\/yoast.com\/wordpress\/plugins\/seo\/ -->\n<title>Lab-Created Diamond Solitaire Pendant in 14K\/18K White\/Yellow Gold for Dating &amp; Special Moments\uff081CT\uff09 - UniCoring<\/title>\n<meta name=\"description\" content=\"\u200bLab-grown diamond necklace\u200b\u200b\uff0cSparkling diamond necklace\uff0cGift for her diamond necklace\u200b\u200b \uff0c\u200bCustom diamond necklace\u200b\u200b\" \/>\n<meta name=\"robots\" content=\"index, follow, max-snippet:-1, max-image-preview:large, max-video-preview:-1\" \/>\n<link rel=\"canonical\" href=\"https:\/\/unicoring.com\/de\/produkt\/lab-grown-diamond-necklace\uff0csparkling-diamond-necklace\uff0cgift-for-her-diamond-necklace-\uff0ccustom-diamond-necklace\/\" \/>\n<meta property=\"og:locale\" content=\"de_DE\" \/>\n<meta property=\"og:type\" content=\"article\" \/>\n<meta property=\"og:title\" content=\"Lab-Created Diamond Solitaire Pendant in 14K\/18K White\/Yellow Gold for Dating &amp; Special Moments\uff081CT\uff09 - UniCoring\" \/>\n<meta property=\"og:description\" content=\"\u200bLab-grown diamond necklace\u200b\u200b\uff0cSparkling diamond necklace\uff0cGift for her diamond necklace\u200b\u200b \uff0c\u200bCustom diamond necklace\u200b\u200b\" \/>\n<meta property=\"og:url\" content=\"https:\/\/unicoring.com\/de\/produkt\/lab-grown-diamond-necklace\uff0csparkling-diamond-necklace\uff0cgift-for-her-diamond-necklace-\uff0ccustom-diamond-necklace\/\" \/>\n<meta property=\"og:site_name\" content=\"UniCoring\" \/>\n<meta property=\"article:modified_time\" content=\"2025-09-10T08:49:12+00:00\" \/>\n<meta property=\"og:image\" content=\"https:\/\/unicoring.com\/wp-content\/uploads\/2025\/08\/IMG_5706.jpg\" \/>\n\t<meta property=\"og:image:width\" content=\"1000\" \/>\n\t<meta property=\"og:image:height\" content=\"1000\" \/>\n\t<meta property=\"og:image:type\" content=\"image\/jpeg\" \/>\n<meta name=\"twitter:card\" content=\"summary_large_image\" \/>\n<meta name=\"twitter:label1\" content=\"Gesch\u00e4tzte Lesezeit\" \/>\n\t<meta name=\"twitter:data1\" content=\"1\u00a0Minute\" \/>\n<script type=\"application\/ld+json\" class=\"yoast-schema-graph\">{\"@context\":\"https:\/\/schema.org\",\"@graph\":[{\"@type\":\"WebPage\",\"@id\":\"https:\/\/unicoring.com\/product\/lab-grown-diamond-necklace%ef%bc%8csparkling-diamond-necklace%ef%bc%8cgift-for-her-diamond-necklace-%ef%bc%8ccustom-diamond-necklace\/\",\"url\":\"https:\/\/unicoring.com\/product\/lab-grown-diamond-necklace%ef%bc%8csparkling-diamond-necklace%ef%bc%8cgift-for-her-diamond-necklace-%ef%bc%8ccustom-diamond-necklace\/\",\"name\":\"Lab-Created Diamond Solitaire Pendant in 14K\/18K White\/Yellow Gold for Dating &amp; Special Moments\uff081CT\uff09 - UniCoring\",\"isPartOf\":{\"@id\":\"https:\/\/unicoring.com\/#website\"},\"primaryImageOfPage\":{\"@id\":\"https:\/\/unicoring.com\/product\/lab-grown-diamond-necklace%ef%bc%8csparkling-diamond-necklace%ef%bc%8cgift-for-her-diamond-necklace-%ef%bc%8ccustom-diamond-necklace\/#primaryimage\"},\"image\":{\"@id\":\"https:\/\/unicoring.com\/product\/lab-grown-diamond-necklace%ef%bc%8csparkling-diamond-necklace%ef%bc%8cgift-for-her-diamond-necklace-%ef%bc%8ccustom-diamond-necklace\/#primaryimage\"},\"thumbnailUrl\":\"https:\/\/unicoring.com\/wp-content\/uploads\/2025\/08\/IMG_5706.jpg\",\"datePublished\":\"2025-08-29T03:12:48+00:00\",\"dateModified\":\"2025-09-10T08:49:12+00:00\",\"description\":\"\u200bLab-grown diamond necklace\u200b\u200b\uff0cSparkling diamond necklace\uff0cGift for her diamond necklace\u200b\u200b \uff0c\u200bCustom diamond necklace\u200b\u200b\",\"breadcrumb\":{\"@id\":\"https:\/\/unicoring.com\/product\/lab-grown-diamond-necklace%ef%bc%8csparkling-diamond-necklace%ef%bc%8cgift-for-her-diamond-necklace-%ef%bc%8ccustom-diamond-necklace\/#breadcrumb\"},\"inLanguage\":\"de\",\"potentialAction\":[{\"@type\":\"ReadAction\",\"target\":[\"https:\/\/unicoring.com\/product\/lab-grown-diamond-necklace%ef%bc%8csparkling-diamond-necklace%ef%bc%8cgift-for-her-diamond-necklace-%ef%bc%8ccustom-diamond-necklace\/\"]}]},{\"@type\":\"ImageObject\",\"inLanguage\":\"de\",\"@id\":\"https:\/\/unicoring.com\/product\/lab-grown-diamond-necklace%ef%bc%8csparkling-diamond-necklace%ef%bc%8cgift-for-her-diamond-necklace-%ef%bc%8ccustom-diamond-necklace\/#primaryimage\",\"url\":\"https:\/\/unicoring.com\/wp-content\/uploads\/2025\/08\/IMG_5706.jpg\",\"contentUrl\":\"https:\/\/unicoring.com\/wp-content\/uploads\/2025\/08\/IMG_5706.jpg\",\"width\":1000,\"height\":1000},{\"@type\":\"BreadcrumbList\",\"@id\":\"https:\/\/unicoring.com\/product\/lab-grown-diamond-necklace%ef%bc%8csparkling-diamond-necklace%ef%bc%8cgift-for-her-diamond-necklace-%ef%bc%8ccustom-diamond-necklace\/#breadcrumb\",\"itemListElement\":[{\"@type\":\"ListItem\",\"position\":1,\"name\":\"\u9996\u9875\",\"item\":\"https:\/\/unicoring.com\/\"},{\"@type\":\"ListItem\",\"position\":2,\"name\":\"Shop\",\"item\":\"https:\/\/unicoring.com\/shop\/\"},{\"@type\":\"ListItem\",\"position\":3,\"name\":\"Lab-Created Diamond Solitaire Pendant in 14K\/18K White\/Yellow Gold for Dating &amp; Special Moments\uff081CT\uff09\"}]},{\"@type\":\"WebSite\",\"@id\":\"https:\/\/unicoring.com\/#website\",\"url\":\"https:\/\/unicoring.com\/\",\"name\":\"UniCoring\",\"description\":\"\",\"potentialAction\":[{\"@type\":\"SearchAction\",\"target\":{\"@type\":\"EntryPoint\",\"urlTemplate\":\"https:\/\/unicoring.com\/?s={search_term_string}\"},\"query-input\":{\"@type\":\"PropertyValueSpecification\",\"valueRequired\":true,\"valueName\":\"search_term_string\"}}],\"inLanguage\":\"de\"}]}<\/script>\n<!-- \/ Yoast SEO plugin. -->","yoast_head_json":{"title":"Lab-Created Diamond Solitaire Pendant in 14K\/18K White\/Yellow Gold for Dating &amp; Special Moments\uff081CT\uff09 - UniCoring","description":"\u200bLab-grown diamond necklace\u200b\u200b\uff0cSparkling diamond necklace\uff0cGift for her diamond necklace\u200b\u200b \uff0c\u200bCustom diamond necklace\u200b\u200b","robots":{"index":"index","follow":"follow","max-snippet":"max-snippet:-1","max-image-preview":"max-image-preview:large","max-video-preview":"max-video-preview:-1"},"canonical":"https:\/\/unicoring.com\/de\/produkt\/lab-grown-diamond-necklace\uff0csparkling-diamond-necklace\uff0cgift-for-her-diamond-necklace-\uff0ccustom-diamond-necklace\/","og_locale":"de_DE","og_type":"article","og_title":"Lab-Created Diamond Solitaire Pendant in 14K\/18K White\/Yellow Gold for Dating &amp; Special Moments\uff081CT\uff09 - UniCoring","og_description":"\u200bLab-grown diamond necklace\u200b\u200b\uff0cSparkling diamond necklace\uff0cGift for her diamond necklace\u200b\u200b \uff0c\u200bCustom diamond necklace\u200b\u200b","og_url":"https:\/\/unicoring.com\/de\/produkt\/lab-grown-diamond-necklace\uff0csparkling-diamond-necklace\uff0cgift-for-her-diamond-necklace-\uff0ccustom-diamond-necklace\/","og_site_name":"UniCoring","article_modified_time":"2025-09-10T08:49:12+00:00","og_image":[{"width":1000,"height":1000,"url":"https:\/\/unicoring.com\/wp-content\/uploads\/2025\/08\/IMG_5706.jpg","type":"image\/jpeg"}],"twitter_card":"summary_large_image","twitter_misc":{"Gesch\u00e4tzte Lesezeit":"1\u00a0Minute"},"schema":{"@context":"https:\/\/schema.org","@graph":[{"@type":"WebPage","@id":"https:\/\/unicoring.com\/product\/lab-grown-diamond-necklace%ef%bc%8csparkling-diamond-necklace%ef%bc%8cgift-for-her-diamond-necklace-%ef%bc%8ccustom-diamond-necklace\/","url":"https:\/\/unicoring.com\/product\/lab-grown-diamond-necklace%ef%bc%8csparkling-diamond-necklace%ef%bc%8cgift-for-her-diamond-necklace-%ef%bc%8ccustom-diamond-necklace\/","name":"Lab-Created Diamond Solitaire Pendant in 14K\/18K White\/Yellow Gold for Dating &amp; Special Moments\uff081CT\uff09 - UniCoring","isPartOf":{"@id":"https:\/\/unicoring.com\/#website"},"primaryImageOfPage":{"@id":"https:\/\/unicoring.com\/product\/lab-grown-diamond-necklace%ef%bc%8csparkling-diamond-necklace%ef%bc%8cgift-for-her-diamond-necklace-%ef%bc%8ccustom-diamond-necklace\/#primaryimage"},"image":{"@id":"https:\/\/unicoring.com\/product\/lab-grown-diamond-necklace%ef%bc%8csparkling-diamond-necklace%ef%bc%8cgift-for-her-diamond-necklace-%ef%bc%8ccustom-diamond-necklace\/#primaryimage"},"thumbnailUrl":"https:\/\/unicoring.com\/wp-content\/uploads\/2025\/08\/IMG_5706.jpg","datePublished":"2025-08-29T03:12:48+00:00","dateModified":"2025-09-10T08:49:12+00:00","description":"\u200bLab-grown diamond necklace\u200b\u200b\uff0cSparkling diamond necklace\uff0cGift for her diamond necklace\u200b\u200b \uff0c\u200bCustom diamond necklace\u200b\u200b","breadcrumb":{"@id":"https:\/\/unicoring.com\/product\/lab-grown-diamond-necklace%ef%bc%8csparkling-diamond-necklace%ef%bc%8cgift-for-her-diamond-necklace-%ef%bc%8ccustom-diamond-necklace\/#breadcrumb"},"inLanguage":"de","potentialAction":[{"@type":"ReadAction","target":["https:\/\/unicoring.com\/product\/lab-grown-diamond-necklace%ef%bc%8csparkling-diamond-necklace%ef%bc%8cgift-for-her-diamond-necklace-%ef%bc%8ccustom-diamond-necklace\/"]}]},{"@type":"ImageObject","inLanguage":"de","@id":"https:\/\/unicoring.com\/product\/lab-grown-diamond-necklace%ef%bc%8csparkling-diamond-necklace%ef%bc%8cgift-for-her-diamond-necklace-%ef%bc%8ccustom-diamond-necklace\/#primaryimage","url":"https:\/\/unicoring.com\/wp-content\/uploads\/2025\/08\/IMG_5706.jpg","contentUrl":"https:\/\/unicoring.com\/wp-content\/uploads\/2025\/08\/IMG_5706.jpg","width":1000,"height":1000},{"@type":"BreadcrumbList","@id":"https:\/\/unicoring.com\/product\/lab-grown-diamond-necklace%ef%bc%8csparkling-diamond-necklace%ef%bc%8cgift-for-her-diamond-necklace-%ef%bc%8ccustom-diamond-necklace\/#breadcrumb","itemListElement":[{"@type":"ListItem","position":1,"name":"\u9996\u9875","item":"https:\/\/unicoring.com\/"},{"@type":"ListItem","position":2,"name":"Shop","item":"https:\/\/unicoring.com\/shop\/"},{"@type":"ListItem","position":3,"name":"Lab-Created Diamond Solitaire Pendant in 14K\/18K White\/Yellow Gold for Dating &amp; Special Moments\uff081CT\uff09"}]},{"@type":"WebSite","@id":"https:\/\/unicoring.com\/#website","url":"https:\/\/unicoring.com\/","name":"UniCoring","description":"","potentialAction":[{"@type":"SearchAction","target":{"@type":"EntryPoint","urlTemplate":"https:\/\/unicoring.com\/?s={search_term_string}"},"query-input":{"@type":"PropertyValueSpecification","valueRequired":true,"valueName":"search_term_string"}}],"inLanguage":"de"}]}},"_links":{"self":[{"href":"https:\/\/unicoring.com\/de\/wp-json\/wp\/v2\/product\/4212","targetHints":{"allow":["GET"]}}],"collection":[{"href":"https:\/\/unicoring.com\/de\/wp-json\/wp\/v2\/product"}],"about":[{"href":"https:\/\/unicoring.com\/de\/wp-json\/wp\/v2\/types\/product"}],"replies":[{"embeddable":true,"href":"https:\/\/unicoring.com\/de\/wp-json\/wp\/v2\/comments?post=4212"}],"wp:featuredmedia":[{"embeddable":true,"href":"https:\/\/unicoring.com\/de\/wp-json\/wp\/v2\/media\/4218"}],"wp:attachment":[{"href":"https:\/\/unicoring.com\/de\/wp-json\/wp\/v2\/media?parent=4212"}],"wp:term":[{"taxonomy":"product_brand","embeddable":true,"href":"https:\/\/unicoring.com\/de\/wp-json\/wp\/v2\/product_brand?post=4212"},{"taxonomy":"product_cat","embeddable":true,"href":"https:\/\/unicoring.com\/de\/wp-json\/wp\/v2\/product_cat?post=4212"},{"taxonomy":"product_tag","embeddable":true,"href":"https:\/\/unicoring.com\/de\/wp-json\/wp\/v2\/product_tag?post=4212"}],"curies":[{"name":"wp","href":"https:\/\/api.w.org\/{rel}","templated":true}]}}