{"id":4283,"date":"2025-08-29T09:49:53","date_gmt":"2025-08-29T09:49:53","guid":{"rendered":"https:\/\/unicoring.com\/?post_type=product&#038;p=4283"},"modified":"2025-09-10T07:55:52","modified_gmt":"2025-09-10T07:55:52","slug":"lab-grown-diamond-stud-earrings%ef%bc%8cvs-clarity-lab-grown-earrings%ef%bc%8ceveryday-lab-diamond-studs%e3%80%81comfort-fit-synthetic-studs-3","status":"publish","type":"product","link":"https:\/\/unicoring.com\/de\/produkt\/lab-grown-diamond-stud-earrings%ef%bc%8cvs-clarity-lab-grown-earrings%ef%bc%8ceveryday-lab-diamond-studs%e3%80%81comfort-fit-synthetic-studs-3\/","title":{"rendered":"Im Labor hergestellte Diamant-Kreisohrringe in 14 Karat\/18 Karat Wei\u00df-\/Gelbgold\/PT f\u00fcr Verabredungen und Ausfl\u00fcge (1,0 Karat tw)"},"content":{"rendered":"<p>Die Steine im Brillantschliff erzeugen ein kontinuierliches Funkeln, das sich mit Ihnen bewegt und aus jedem Blickwinkel eine au\u00dfergew\u00f6hnliche Ausstrahlung bietet. Perfekt f\u00fcr romantische Verabredungen, Wochenendausfl\u00fcge oder um allt\u00e4glichen Momenten einen Hauch von Glamour zu verleihen.<\/p>\n<p>Ohrring-Spezifikationen<br \/>\nStil: ZBE0092<br \/>\nMetall: 14K\/18K Gold und Platin<br \/>\nAbmessungen: 18 mm x 20 mm<br \/>\nFassung: L\u00fcnettenfassung<\/p>\n<p>Edelsteindetails<br \/>\nTyp: Im Labor gez\u00fcchteter Diamant<\/p>\n<p>Mittelstein<br \/>\nForm: Rechteck<br \/>\nMenge: 8<br \/>\nGesamtkaratgewicht: 0,66 ct tw<\/p>\n<p>Seitensteine<br \/>\nForm: rund<br \/>\nMenge: 8<br \/>\nGewicht: 0,34 ct tw<\/p>\n<p>Durchschnittliche Farbe: DE\/F<br \/>\nDurchschnittliche Klarheit: VVS2-VS1<\/p>","protected":false},"excerpt":{"rendered":"<p>The brilliant-cut stones create a continuous sparkle that moves with you, offering exceptional radiance from every angle. Perfect for romantic<\/p>","protected":false},"featured_media":4534,"comment_status":"open","ping_status":"closed","template":"","meta":[],"product_brand":[107],"product_cat":[220,209,75,208,163,210,216,148,74,201,89,161,162,157,207,77,274,211,222,86,79,226,200],"product_tag":[],"class_list":{"0":"post-4283","1":"product","2":"type-product","3":"status-publish","4":"has-post-thumbnail","6":"product_brand-unicorimg","7":"product_cat-all-jewelry","8":"product_cat-anniversary-gifts","9":"product_cat-best-sellers","10":"product_cat-birthday-gifts","11":"product_cat-birthstone-jewelry","12":"product_cat-bridal-party-gifts","13":"product_cat-earrings-shop-by-category","14":"product_cat-earrings","15":"product_cat-fine-jewelry","16":"product_cat-fine-jewelry-fine-jewelry","17":"product_cat-jewelry","18":"product_cat-gifts-by-occasion","19":"product_cat-gifts-by-recipient","20":"product_cat-gifts-for-her","21":"product_cat-gifts-or-everyone","22":"product_cat-diamonds","23":"product_cat-lab-grown-diamond-earrings","24":"product_cat-milestone-gifts","25":"product_cat-moissanite-tennis-bracelet","26":"product_cat-princess","27":"product_cat-round","28":"product_cat-see-all-fine-jewelry-fine-jewelry","29":"product_cat-shop-by-category","31":"first","32":"instock","33":"sale","34":"shipping-taxable","35":"purchasable","36":"product-type-variable","37":"has-default-attributes"},"yoast_head":"<!-- This site is optimized with the Yoast SEO plugin v25.7 - https:\/\/yoast.com\/wordpress\/plugins\/seo\/ -->\n<title>Lab-Created Diamond Circle Earrings in 14K\/18K White\/Yellow Gold\/PT for Dating &amp; Outings\uff081.0ct tw\uff09 - UniCoring<\/title>\n<meta name=\"description\" content=\"\u200b\u200bLab Grown Diamond Stud Earrings\u200b\uff0cVS Clarity Lab Grown Earrings\uff0cEveryday Lab Diamond Studs\u3001Comfort Fit Synthetic Studs\" \/>\n<meta name=\"robots\" content=\"index, follow, max-snippet:-1, max-image-preview:large, max-video-preview:-1\" \/>\n<link rel=\"canonical\" href=\"https:\/\/unicoring.com\/de\/produkt\/lab-grown-diamond-stud-earrings\uff0cvs-clarity-lab-grown-earrings\uff0ceveryday-lab-diamond-studs\u3001comfort-fit-synthetic-studs-3\/\" \/>\n<meta property=\"og:locale\" content=\"de_DE\" \/>\n<meta property=\"og:type\" content=\"article\" \/>\n<meta property=\"og:title\" content=\"Lab-Created Diamond Circle Earrings in 14K\/18K White\/Yellow Gold\/PT for Dating &amp; Outings\uff081.0ct tw\uff09 - UniCoring\" \/>\n<meta property=\"og:description\" content=\"\u200b\u200bLab Grown Diamond Stud Earrings\u200b\uff0cVS Clarity Lab Grown Earrings\uff0cEveryday Lab Diamond Studs\u3001Comfort Fit Synthetic Studs\" \/>\n<meta property=\"og:url\" content=\"https:\/\/unicoring.com\/de\/produkt\/lab-grown-diamond-stud-earrings\uff0cvs-clarity-lab-grown-earrings\uff0ceveryday-lab-diamond-studs\u3001comfort-fit-synthetic-studs-3\/\" \/>\n<meta property=\"og:site_name\" content=\"UniCoring\" \/>\n<meta property=\"article:modified_time\" content=\"2025-09-10T07:55:52+00:00\" \/>\n<meta property=\"og:image\" content=\"https:\/\/unicoring.com\/wp-content\/uploads\/2025\/08\/ZBE00921-2.jpg\" \/>\n\t<meta property=\"og:image:width\" content=\"1000\" \/>\n\t<meta property=\"og:image:height\" content=\"1000\" \/>\n\t<meta property=\"og:image:type\" content=\"image\/jpeg\" \/>\n<meta name=\"twitter:card\" content=\"summary_large_image\" \/>\n<meta name=\"twitter:label1\" content=\"Gesch\u00e4tzte Lesezeit\" \/>\n\t<meta name=\"twitter:data1\" content=\"1\u00a0Minute\" \/>\n<script type=\"application\/ld+json\" class=\"yoast-schema-graph\">{\"@context\":\"https:\/\/schema.org\",\"@graph\":[{\"@type\":\"WebPage\",\"@id\":\"https:\/\/unicoring.com\/product\/lab-grown-diamond-stud-earrings%ef%bc%8cvs-clarity-lab-grown-earrings%ef%bc%8ceveryday-lab-diamond-studs%e3%80%81comfort-fit-synthetic-studs-3\/\",\"url\":\"https:\/\/unicoring.com\/product\/lab-grown-diamond-stud-earrings%ef%bc%8cvs-clarity-lab-grown-earrings%ef%bc%8ceveryday-lab-diamond-studs%e3%80%81comfort-fit-synthetic-studs-3\/\",\"name\":\"Lab-Created Diamond Circle Earrings in 14K\/18K White\/Yellow Gold\/PT for Dating &amp; Outings\uff081.0ct tw\uff09 - UniCoring\",\"isPartOf\":{\"@id\":\"https:\/\/unicoring.com\/#website\"},\"primaryImageOfPage\":{\"@id\":\"https:\/\/unicoring.com\/product\/lab-grown-diamond-stud-earrings%ef%bc%8cvs-clarity-lab-grown-earrings%ef%bc%8ceveryday-lab-diamond-studs%e3%80%81comfort-fit-synthetic-studs-3\/#primaryimage\"},\"image\":{\"@id\":\"https:\/\/unicoring.com\/product\/lab-grown-diamond-stud-earrings%ef%bc%8cvs-clarity-lab-grown-earrings%ef%bc%8ceveryday-lab-diamond-studs%e3%80%81comfort-fit-synthetic-studs-3\/#primaryimage\"},\"thumbnailUrl\":\"https:\/\/unicoring.com\/wp-content\/uploads\/2025\/08\/ZBE00921-2.jpg\",\"datePublished\":\"2025-08-29T09:49:53+00:00\",\"dateModified\":\"2025-09-10T07:55:52+00:00\",\"description\":\"\u200b\u200bLab Grown Diamond Stud Earrings\u200b\uff0cVS Clarity Lab Grown Earrings\uff0cEveryday Lab Diamond Studs\u3001Comfort Fit Synthetic Studs\",\"breadcrumb\":{\"@id\":\"https:\/\/unicoring.com\/product\/lab-grown-diamond-stud-earrings%ef%bc%8cvs-clarity-lab-grown-earrings%ef%bc%8ceveryday-lab-diamond-studs%e3%80%81comfort-fit-synthetic-studs-3\/#breadcrumb\"},\"inLanguage\":\"de\",\"potentialAction\":[{\"@type\":\"ReadAction\",\"target\":[\"https:\/\/unicoring.com\/product\/lab-grown-diamond-stud-earrings%ef%bc%8cvs-clarity-lab-grown-earrings%ef%bc%8ceveryday-lab-diamond-studs%e3%80%81comfort-fit-synthetic-studs-3\/\"]}]},{\"@type\":\"ImageObject\",\"inLanguage\":\"de\",\"@id\":\"https:\/\/unicoring.com\/product\/lab-grown-diamond-stud-earrings%ef%bc%8cvs-clarity-lab-grown-earrings%ef%bc%8ceveryday-lab-diamond-studs%e3%80%81comfort-fit-synthetic-studs-3\/#primaryimage\",\"url\":\"https:\/\/unicoring.com\/wp-content\/uploads\/2025\/08\/ZBE00921-2.jpg\",\"contentUrl\":\"https:\/\/unicoring.com\/wp-content\/uploads\/2025\/08\/ZBE00921-2.jpg\",\"width\":1000,\"height\":1000},{\"@type\":\"BreadcrumbList\",\"@id\":\"https:\/\/unicoring.com\/product\/lab-grown-diamond-stud-earrings%ef%bc%8cvs-clarity-lab-grown-earrings%ef%bc%8ceveryday-lab-diamond-studs%e3%80%81comfort-fit-synthetic-studs-3\/#breadcrumb\",\"itemListElement\":[{\"@type\":\"ListItem\",\"position\":1,\"name\":\"\u9996\u9875\",\"item\":\"https:\/\/unicoring.com\/\"},{\"@type\":\"ListItem\",\"position\":2,\"name\":\"Shop\",\"item\":\"https:\/\/unicoring.com\/shop\/\"},{\"@type\":\"ListItem\",\"position\":3,\"name\":\"Lab-Created Diamond Circle Earrings in 14K\/18K White\/Yellow Gold\/PT for Dating &amp; Outings\uff081.0ct tw\uff09\"}]},{\"@type\":\"WebSite\",\"@id\":\"https:\/\/unicoring.com\/#website\",\"url\":\"https:\/\/unicoring.com\/\",\"name\":\"UniCoring\",\"description\":\"\",\"potentialAction\":[{\"@type\":\"SearchAction\",\"target\":{\"@type\":\"EntryPoint\",\"urlTemplate\":\"https:\/\/unicoring.com\/?s={search_term_string}\"},\"query-input\":{\"@type\":\"PropertyValueSpecification\",\"valueRequired\":true,\"valueName\":\"search_term_string\"}}],\"inLanguage\":\"de\"}]}<\/script>\n<!-- \/ Yoast SEO plugin. -->","yoast_head_json":{"title":"Lab-Created Diamond Circle Earrings in 14K\/18K White\/Yellow Gold\/PT for Dating &amp; Outings\uff081.0ct tw\uff09 - UniCoring","description":"\u200b\u200bLab Grown Diamond Stud Earrings\u200b\uff0cVS Clarity Lab Grown Earrings\uff0cEveryday Lab Diamond Studs\u3001Comfort Fit Synthetic Studs","robots":{"index":"index","follow":"follow","max-snippet":"max-snippet:-1","max-image-preview":"max-image-preview:large","max-video-preview":"max-video-preview:-1"},"canonical":"https:\/\/unicoring.com\/de\/produkt\/lab-grown-diamond-stud-earrings\uff0cvs-clarity-lab-grown-earrings\uff0ceveryday-lab-diamond-studs\u3001comfort-fit-synthetic-studs-3\/","og_locale":"de_DE","og_type":"article","og_title":"Lab-Created Diamond Circle Earrings in 14K\/18K White\/Yellow Gold\/PT for Dating &amp; Outings\uff081.0ct tw\uff09 - UniCoring","og_description":"\u200b\u200bLab Grown Diamond Stud Earrings\u200b\uff0cVS Clarity Lab Grown Earrings\uff0cEveryday Lab Diamond Studs\u3001Comfort Fit Synthetic Studs","og_url":"https:\/\/unicoring.com\/de\/produkt\/lab-grown-diamond-stud-earrings\uff0cvs-clarity-lab-grown-earrings\uff0ceveryday-lab-diamond-studs\u3001comfort-fit-synthetic-studs-3\/","og_site_name":"UniCoring","article_modified_time":"2025-09-10T07:55:52+00:00","og_image":[{"width":1000,"height":1000,"url":"https:\/\/unicoring.com\/wp-content\/uploads\/2025\/08\/ZBE00921-2.jpg","type":"image\/jpeg"}],"twitter_card":"summary_large_image","twitter_misc":{"Gesch\u00e4tzte Lesezeit":"1\u00a0Minute"},"schema":{"@context":"https:\/\/schema.org","@graph":[{"@type":"WebPage","@id":"https:\/\/unicoring.com\/product\/lab-grown-diamond-stud-earrings%ef%bc%8cvs-clarity-lab-grown-earrings%ef%bc%8ceveryday-lab-diamond-studs%e3%80%81comfort-fit-synthetic-studs-3\/","url":"https:\/\/unicoring.com\/product\/lab-grown-diamond-stud-earrings%ef%bc%8cvs-clarity-lab-grown-earrings%ef%bc%8ceveryday-lab-diamond-studs%e3%80%81comfort-fit-synthetic-studs-3\/","name":"Lab-Created Diamond Circle Earrings in 14K\/18K White\/Yellow Gold\/PT for Dating &amp; Outings\uff081.0ct tw\uff09 - UniCoring","isPartOf":{"@id":"https:\/\/unicoring.com\/#website"},"primaryImageOfPage":{"@id":"https:\/\/unicoring.com\/product\/lab-grown-diamond-stud-earrings%ef%bc%8cvs-clarity-lab-grown-earrings%ef%bc%8ceveryday-lab-diamond-studs%e3%80%81comfort-fit-synthetic-studs-3\/#primaryimage"},"image":{"@id":"https:\/\/unicoring.com\/product\/lab-grown-diamond-stud-earrings%ef%bc%8cvs-clarity-lab-grown-earrings%ef%bc%8ceveryday-lab-diamond-studs%e3%80%81comfort-fit-synthetic-studs-3\/#primaryimage"},"thumbnailUrl":"https:\/\/unicoring.com\/wp-content\/uploads\/2025\/08\/ZBE00921-2.jpg","datePublished":"2025-08-29T09:49:53+00:00","dateModified":"2025-09-10T07:55:52+00:00","description":"\u200b\u200bLab Grown Diamond Stud Earrings\u200b\uff0cVS Clarity Lab Grown Earrings\uff0cEveryday Lab Diamond Studs\u3001Comfort Fit Synthetic Studs","breadcrumb":{"@id":"https:\/\/unicoring.com\/product\/lab-grown-diamond-stud-earrings%ef%bc%8cvs-clarity-lab-grown-earrings%ef%bc%8ceveryday-lab-diamond-studs%e3%80%81comfort-fit-synthetic-studs-3\/#breadcrumb"},"inLanguage":"de","potentialAction":[{"@type":"ReadAction","target":["https:\/\/unicoring.com\/product\/lab-grown-diamond-stud-earrings%ef%bc%8cvs-clarity-lab-grown-earrings%ef%bc%8ceveryday-lab-diamond-studs%e3%80%81comfort-fit-synthetic-studs-3\/"]}]},{"@type":"ImageObject","inLanguage":"de","@id":"https:\/\/unicoring.com\/product\/lab-grown-diamond-stud-earrings%ef%bc%8cvs-clarity-lab-grown-earrings%ef%bc%8ceveryday-lab-diamond-studs%e3%80%81comfort-fit-synthetic-studs-3\/#primaryimage","url":"https:\/\/unicoring.com\/wp-content\/uploads\/2025\/08\/ZBE00921-2.jpg","contentUrl":"https:\/\/unicoring.com\/wp-content\/uploads\/2025\/08\/ZBE00921-2.jpg","width":1000,"height":1000},{"@type":"BreadcrumbList","@id":"https:\/\/unicoring.com\/product\/lab-grown-diamond-stud-earrings%ef%bc%8cvs-clarity-lab-grown-earrings%ef%bc%8ceveryday-lab-diamond-studs%e3%80%81comfort-fit-synthetic-studs-3\/#breadcrumb","itemListElement":[{"@type":"ListItem","position":1,"name":"\u9996\u9875","item":"https:\/\/unicoring.com\/"},{"@type":"ListItem","position":2,"name":"Shop","item":"https:\/\/unicoring.com\/shop\/"},{"@type":"ListItem","position":3,"name":"Lab-Created Diamond Circle Earrings in 14K\/18K White\/Yellow Gold\/PT for Dating &amp; Outings\uff081.0ct tw\uff09"}]},{"@type":"WebSite","@id":"https:\/\/unicoring.com\/#website","url":"https:\/\/unicoring.com\/","name":"UniCoring","description":"","potentialAction":[{"@type":"SearchAction","target":{"@type":"EntryPoint","urlTemplate":"https:\/\/unicoring.com\/?s={search_term_string}"},"query-input":{"@type":"PropertyValueSpecification","valueRequired":true,"valueName":"search_term_string"}}],"inLanguage":"de"}]}},"_links":{"self":[{"href":"https:\/\/unicoring.com\/de\/wp-json\/wp\/v2\/product\/4283","targetHints":{"allow":["GET"]}}],"collection":[{"href":"https:\/\/unicoring.com\/de\/wp-json\/wp\/v2\/product"}],"about":[{"href":"https:\/\/unicoring.com\/de\/wp-json\/wp\/v2\/types\/product"}],"replies":[{"embeddable":true,"href":"https:\/\/unicoring.com\/de\/wp-json\/wp\/v2\/comments?post=4283"}],"wp:featuredmedia":[{"embeddable":true,"href":"https:\/\/unicoring.com\/de\/wp-json\/wp\/v2\/media\/4534"}],"wp:attachment":[{"href":"https:\/\/unicoring.com\/de\/wp-json\/wp\/v2\/media?parent=4283"}],"wp:term":[{"taxonomy":"product_brand","embeddable":true,"href":"https:\/\/unicoring.com\/de\/wp-json\/wp\/v2\/product_brand?post=4283"},{"taxonomy":"product_cat","embeddable":true,"href":"https:\/\/unicoring.com\/de\/wp-json\/wp\/v2\/product_cat?post=4283"},{"taxonomy":"product_tag","embeddable":true,"href":"https:\/\/unicoring.com\/de\/wp-json\/wp\/v2\/product_tag?post=4283"}],"curies":[{"name":"wp","href":"https:\/\/api.w.org\/{rel}","templated":true}]}}