{"id":2715,"date":"2025-08-17T14:21:09","date_gmt":"2025-08-17T14:21:09","guid":{"rendered":"https:\/\/unicoring.com\/?page_id=2715"},"modified":"2025-08-17T14:21:10","modified_gmt":"2025-08-17T14:21:10","slug":"our-quality-assurance","status":"publish","type":"page","link":"https:\/\/unicoring.com\/fr\/our-quality-assurance\/","title":{"rendered":"Notre assurance qualit\u00e9"},"content":{"rendered":"<p id=\"wd-4fe0e6ef\" class=\"wp-block-wd-paragraph\"><\/p>\n\n\n\n<p id=\"wd-1b071f18\" class=\"wp-block-wd-paragraph\">Chez Unicoring, nos valeurs sont ancr\u00e9es dans chaque facette de notre entreprise.<\/p>\n\n\n\n<p id=\"wd-5744d739\" class=\"wp-block-wd-paragraph\">La qualit\u00e9 avant tout : Dans notre engagement envers la qualit\u00e9 avant tout, nous accordons la priorit\u00e9 \u00e0 la fabrication de bijoux m\u00e9ticuleusement con\u00e7us et de haute qualit\u00e9 qui offrent non seulement une valeur et une satisfaction durables, mais garantissent \u00e9galement des propri\u00e9t\u00e9s hypoallerg\u00e9niques et sans plomb.<\/p>\n\n\n\n<p id=\"wd-800d6aad\" class=\"wp-block-wd-paragraph\">Durabilit\u00e9 environnementale : Nous sommes conscients de notre impact sur l\u2019environnement et promouvons activement le d\u00e9veloppement durable en utilisant des mat\u00e9riaux et des processus respectueux de l\u2019environnement.<\/p>\n\n\n\n<p id=\"wd-d2e2da14\" class=\"wp-block-wd-paragraph\">Conception unique : Adoptant l&#039;unicit\u00e9 et l&#039;innovation, nous proposons une gamme diversifi\u00e9e de bijoux qui permettent \u00e0 nos clients d&#039;exprimer leur individualit\u00e9 et leur go\u00fbt.<\/p>\n\n\n\n<p id=\"wd-ff348192\" class=\"wp-block-wd-paragraph\">Nos produits sont r\u00e9put\u00e9s pour leur originalit\u00e9, leur style et leur respect de l&#039;environnement. De la moissanite exquise aux diamants synth\u00e9tiques, notre collection de bijoux comprend des bagues, des colliers, des boucles d&#039;oreilles et bien plus encore, chacun empreint de personnalit\u00e9 et de charme. Fabriqu\u00e9es avec un souci du d\u00e9tail m\u00e9ticuleux, nos pi\u00e8ces allient harmonieusement mode et respect de l&#039;environnement, vous permettant de vous exprimer tout en contribuant \u00e0 des causes environnementales.<\/p>\n\n\n\n<p id=\"wd-26c9fb0d\" class=\"wp-block-wd-paragraph\">Chez unicoting, nous appliquons des normes de qualit\u00e9 rigoureuses pour garantir que chaque bijou r\u00e9pond \u00e0 nos crit\u00e8res de qualit\u00e9 \u00e9lev\u00e9s. Chaque produit est soumis \u00e0 des contr\u00f4les et tests qualit\u00e9 rigoureux pour garantir durabilit\u00e9 et fiabilit\u00e9, vous offrant ainsi une exp\u00e9rience d&#039;achat satisfaisante et sereine.<\/p>\n\n\n\n<p><\/p>","protected":false},"excerpt":{"rendered":"","protected":false},"author":3,"featured_media":0,"parent":0,"menu_order":0,"comment_status":"closed","ping_status":"closed","template":"","meta":{"footnotes":""},"class_list":["post-2715","page","type-page","status-publish","hentry"],"yoast_head":"<!-- This site is optimized with the Yoast SEO plugin v25.7 - https:\/\/yoast.com\/wordpress\/plugins\/seo\/ -->\n<title>Our Quality Assurance - UniCoring<\/title>\n<meta name=\"robots\" content=\"index, follow, max-snippet:-1, max-image-preview:large, max-video-preview:-1\" \/>\n<link rel=\"canonical\" href=\"https:\/\/unicoring.com\/fr\/our-quality-assurance\/\" \/>\n<meta property=\"og:locale\" content=\"fr_FR\" \/>\n<meta property=\"og:type\" content=\"article\" \/>\n<meta property=\"og:title\" content=\"Our Quality Assurance - UniCoring\" \/>\n<meta property=\"og:url\" content=\"https:\/\/unicoring.com\/fr\/our-quality-assurance\/\" \/>\n<meta property=\"og:site_name\" content=\"UniCoring\" \/>\n<meta property=\"article:modified_time\" content=\"2025-08-17T14:21:10+00:00\" \/>\n<meta name=\"twitter:card\" content=\"summary_large_image\" \/>\n<meta name=\"twitter:label1\" content=\"Dur\u00e9e de lecture estim\u00e9e\" \/>\n\t<meta name=\"twitter:data1\" content=\"1 minute\" \/>\n<script type=\"application\/ld+json\" class=\"yoast-schema-graph\">{\"@context\":\"https:\/\/schema.org\",\"@graph\":[{\"@type\":\"WebPage\",\"@id\":\"https:\/\/unicoring.com\/our-quality-assurance\/\",\"url\":\"https:\/\/unicoring.com\/our-quality-assurance\/\",\"name\":\"Our Quality Assurance - UniCoring\",\"isPartOf\":{\"@id\":\"https:\/\/unicoring.com\/#website\"},\"datePublished\":\"2025-08-17T14:21:09+00:00\",\"dateModified\":\"2025-08-17T14:21:10+00:00\",\"breadcrumb\":{\"@id\":\"https:\/\/unicoring.com\/our-quality-assurance\/#breadcrumb\"},\"inLanguage\":\"fr-FR\",\"potentialAction\":[{\"@type\":\"ReadAction\",\"target\":[\"https:\/\/unicoring.com\/our-quality-assurance\/\"]}]},{\"@type\":\"BreadcrumbList\",\"@id\":\"https:\/\/unicoring.com\/our-quality-assurance\/#breadcrumb\",\"itemListElement\":[{\"@type\":\"ListItem\",\"position\":1,\"name\":\"\u9996\u9875\",\"item\":\"https:\/\/unicoring.com\/\"},{\"@type\":\"ListItem\",\"position\":2,\"name\":\"Our Quality Assurance\"}]},{\"@type\":\"WebSite\",\"@id\":\"https:\/\/unicoring.com\/#website\",\"url\":\"https:\/\/unicoring.com\/\",\"name\":\"UniCoring\",\"description\":\"\",\"potentialAction\":[{\"@type\":\"SearchAction\",\"target\":{\"@type\":\"EntryPoint\",\"urlTemplate\":\"https:\/\/unicoring.com\/?s={search_term_string}\"},\"query-input\":{\"@type\":\"PropertyValueSpecification\",\"valueRequired\":true,\"valueName\":\"search_term_string\"}}],\"inLanguage\":\"fr-FR\"}]}<\/script>\n<!-- \/ Yoast SEO plugin. -->","yoast_head_json":{"title":"Our Quality Assurance - UniCoring","robots":{"index":"index","follow":"follow","max-snippet":"max-snippet:-1","max-image-preview":"max-image-preview:large","max-video-preview":"max-video-preview:-1"},"canonical":"https:\/\/unicoring.com\/fr\/our-quality-assurance\/","og_locale":"fr_FR","og_type":"article","og_title":"Our Quality Assurance - UniCoring","og_url":"https:\/\/unicoring.com\/fr\/our-quality-assurance\/","og_site_name":"UniCoring","article_modified_time":"2025-08-17T14:21:10+00:00","twitter_card":"summary_large_image","twitter_misc":{"Dur\u00e9e de lecture estim\u00e9e":"1 minute"},"schema":{"@context":"https:\/\/schema.org","@graph":[{"@type":"WebPage","@id":"https:\/\/unicoring.com\/our-quality-assurance\/","url":"https:\/\/unicoring.com\/our-quality-assurance\/","name":"Our Quality Assurance - UniCoring","isPartOf":{"@id":"https:\/\/unicoring.com\/#website"},"datePublished":"2025-08-17T14:21:09+00:00","dateModified":"2025-08-17T14:21:10+00:00","breadcrumb":{"@id":"https:\/\/unicoring.com\/our-quality-assurance\/#breadcrumb"},"inLanguage":"fr-FR","potentialAction":[{"@type":"ReadAction","target":["https:\/\/unicoring.com\/our-quality-assurance\/"]}]},{"@type":"BreadcrumbList","@id":"https:\/\/unicoring.com\/our-quality-assurance\/#breadcrumb","itemListElement":[{"@type":"ListItem","position":1,"name":"\u9996\u9875","item":"https:\/\/unicoring.com\/"},{"@type":"ListItem","position":2,"name":"Our Quality Assurance"}]},{"@type":"WebSite","@id":"https:\/\/unicoring.com\/#website","url":"https:\/\/unicoring.com\/","name":"UniCoring","description":"","potentialAction":[{"@type":"SearchAction","target":{"@type":"EntryPoint","urlTemplate":"https:\/\/unicoring.com\/?s={search_term_string}"},"query-input":{"@type":"PropertyValueSpecification","valueRequired":true,"valueName":"search_term_string"}}],"inLanguage":"fr-FR"}]}},"_links":{"self":[{"href":"https:\/\/unicoring.com\/fr\/wp-json\/wp\/v2\/pages\/2715","targetHints":{"allow":["GET"]}}],"collection":[{"href":"https:\/\/unicoring.com\/fr\/wp-json\/wp\/v2\/pages"}],"about":[{"href":"https:\/\/unicoring.com\/fr\/wp-json\/wp\/v2\/types\/page"}],"author":[{"embeddable":true,"href":"https:\/\/unicoring.com\/fr\/wp-json\/wp\/v2\/users\/3"}],"replies":[{"embeddable":true,"href":"https:\/\/unicoring.com\/fr\/wp-json\/wp\/v2\/comments?post=2715"}],"version-history":[{"count":1,"href":"https:\/\/unicoring.com\/fr\/wp-json\/wp\/v2\/pages\/2715\/revisions"}],"predecessor-version":[{"id":2717,"href":"https:\/\/unicoring.com\/fr\/wp-json\/wp\/v2\/pages\/2715\/revisions\/2717"}],"wp:attachment":[{"href":"https:\/\/unicoring.com\/fr\/wp-json\/wp\/v2\/media?parent=2715"}],"curies":[{"name":"wp","href":"https:\/\/api.w.org\/{rel}","templated":true}]}}