{"id":3178,"date":"2025-08-19T02:57:17","date_gmt":"2025-08-19T02:57:17","guid":{"rendered":"https:\/\/unicoring.com\/?page_id=3178"},"modified":"2025-08-19T07:09:33","modified_gmt":"2025-08-19T07:09:33","slug":"free-lifetime-warranty","status":"publish","type":"page","link":"https:\/\/unicoring.com\/fr\/free-lifetime-warranty\/","title":{"rendered":"Garantie \u00e0 vie gratuite"},"content":{"rendered":"<p id=\"wd-57d5a513\" class=\"wp-block-wd-paragraph\">Les bijoux Unicoring sont r\u00e9put\u00e9s pour leur qualit\u00e9 et leur savoir-faire exceptionnels. Tous les bijoux achet\u00e9s sur notre site web sont garantis \u00e0 vie contre les d\u00e9fauts de mat\u00e9riaux et de fabrication.<\/p>\n\n\n\n<p id=\"wd-3f9b25db\" class=\"wp-block-wd-paragraph\">Nos diamants de culture et nos bijoux sont fabriqu\u00e9s selon les normes les plus strictes et avec les meilleurs mat\u00e9riaux. Chaque produit est soigneusement inspect\u00e9 dans nos ateliers et centres de distribution avant exp\u00e9dition.<\/p>\n\n\n\n<p id=\"wd-f8155693\" class=\"wp-block-wd-paragraph\">Nous offrons une garantie fabricant \u00e0 vie \u00e0 tous nos clients, quel que soit le prix ou le type d&#039;article. Cette garantie fabricant \u00e0 vie s&#039;applique uniquement aux articles achet\u00e9s sur Unicoring.com et est non transf\u00e9rable. Si vous pensez que votre article pr\u00e9sente un d\u00e9faut de fabrication, vous pouvez nous le retourner pour inspection. Si nous constatons que votre article a \u00e9t\u00e9 endommag\u00e9 en raison d&#039;un d\u00e9faut de fabrication, nous le r\u00e9parerons ou, si nous le jugeons appropri\u00e9, le remplacerons. Si l&#039;article n&#039;est plus disponible, nous pouvons, \u00e0 notre seule discr\u00e9tion, le remplacer par un article comparable ou vous rembourser le prix d&#039;achat initial de l&#039;article ou du composant.<\/p>\n\n\n\n<h2 class=\"wp-block-heading\">Bien que nous garantissions nos produits, nous ne couvrons pas les d\u00e9fauts suivants dans le cadre de notre garantie \u00e0 vie du fabricant\u00a0:<\/h2>\n\n\n\n<ul class=\"wp-block-list\">\n<li>Usure excessive et\/ou abus physique\/accidentel, perte (y compris la perte de pierres pr\u00e9cieuses), vol ou nettoyage et stockage inappropri\u00e9s.<\/li>\n\n\n\n<li>Les m\u00e9taux peuvent se d\u00e9colorer ou ternir avec le temps en raison d&#039;un entretien inappropri\u00e9 (par exemple, porter dans un jacuzzi ou une piscine, vaporiser du parfum ou d&#039;autres produits chimiques directement sur les bijoux, etc.).<\/li>\n\n\n\n<li>Les m\u00e9taux pr\u00e9cieux, en particulier les griffes, s&#039;usent avec le temps et une utilisation normale. L&#039;usure quotidienne peut amincir les griffes, les fissurer et faire tomber les diamants. Cependant, cela n&#039;est pas consid\u00e9r\u00e9 comme un d\u00e9faut de fabrication.<\/li>\n\n\n\n<li>La perte de diamants due \u00e0 l&#039;usure normale n&#039;est pas couverte par la Garantie Diamant \u00e0 Vie. Nous remplacerons volontiers la pierre pr\u00e9cieuse manquante moyennant le prix de la pierre et une petite participation aux frais de sertissage.<\/li>\n\n\n\n<li>Toute r\u00e9paration ou service tiers effectu\u00e9 sur vos bijoux par des soci\u00e9t\u00e9s autres que UNIGORING (y compris, mais sans s&#039;y limiter, le redimensionnement des bagues ou d&#039;autres r\u00e9parations) annulera votre garantie.<\/li>\n<\/ul>\n\n\n\n<p>Les bijoux UNIGORING sont con\u00e7us pour \u00eatre \u00e0 la fois beaux et durables. Nous souhaitons que vos bijoux UNIGORING durent de nombreuses ann\u00e9es.<\/p>\n\n\n\n<p id=\"wd-c997c110\" class=\"wp-block-wd-paragraph\">Si votre achat pr\u00e9sente un d\u00e9faut de fabrication, veuillez envoyer un e-mail \u00e0 service@unicoring.com et nous vous indiquerons une adresse de retour. D\u00e8s r\u00e9ception, nous inspecterons le bijou afin de d\u00e9terminer si le dommage est couvert par notre garantie fabricant \u00e0 vie. Si c&#039;est le cas, nous le r\u00e9parerons ou, \u00e0 notre discr\u00e9tion, le remplacerons gratuitement et vous le renverrons. Si le dommage n&#039;est pas couvert par la garantie fabricant \u00e0 vie, nous vous enverrons un devis par e-mail avant la r\u00e9paration. Si vous acceptez le devis, nous vous facturerons les frais de r\u00e9paration et d&#039;exp\u00e9dition. Nous effectuerons ensuite la r\u00e9paration et vous renverrons l&#039;article.<\/p>\n\n\n\n<p id=\"wd-5ce480eb\" class=\"wp-block-wd-paragraph\">Nous vous recommandons de souscrire une assurance pour vos bijoux afin de les prot\u00e9ger contre la perte, le vol, les dommages catastrophiques ou les dommages \u00e0 la pierre centrale. Parmi les dommages \u00e0 la pierre centrale, on peut citer l&#039;\u00e9caillage, la fissuration ou la cassure. Bien que nos moissanites et pierres pr\u00e9cieuses de couleur soient durables, elles ne sont pas indestructibles et l&#039;usure normale, notamment pour les bagues, peut les endommager.<\/p>\n\n\n\n<p id=\"wd-d759995d\" class=\"wp-block-wd-paragraph\">Pour profiter de notre garantie, veuillez nous contacter \u00e0 service@unicoring.com.<\/p>\n\n\n\n<p id=\"wd-d9a2f064\" class=\"wp-block-wd-paragraph\"><\/p>\n\n\n\n<h2 class=\"wp-block-heading\">Redimensionnement gratuit des bagues<\/h2>\n\n\n\n<p id=\"wd-d73f7a30\" class=\"wp-block-wd-paragraph\">Si vous avez command\u00e9 une bague (hors or massif 10 carats, 14 carats, 18 carats, platine, tailles\/mod\u00e8les personnalis\u00e9s et mod\u00e8les grav\u00e9s) et qu&#039;elle ne vous va pas, pas d&#039;inqui\u00e9tude\u00a0! Nous la redimensionnerons gratuitement une fois dans les 30\u00a0jours suivant l&#039;achat. Il vous suffit de nous l&#039;envoyer et nous nous occupons du reste. Si la mise \u00e0 taille est impossible, nous vous en informerons et vous proposerons des options de commande sp\u00e9ciale ou de retour.<\/p>\n\n\n\n<p id=\"wd-40fb0b6d\" class=\"wp-block-wd-paragraph\">Veuillez noter que nous redimensionnons les bagues pour pr\u00e9server leur int\u00e9grit\u00e9. Certaines bagues peuvent ne pas \u00eatre redimensionnables. Dans ce cas, nous pourrions \u00eatre amen\u00e9s \u00e0 redimensionner ou \u00e0 r\u00e9parer la bague moyennant des frais suppl\u00e9mentaires pour garantir la bonne taille.<\/p>\n\n\n\n<h2 class=\"wp-block-heading\">Pour un redimensionnement gratuit de votre bague, veuillez nous contacter \u00e0 service@unicoring.com. UNICORING<\/h2>\n\n\n\n<p id=\"wd-50bb5f73\" class=\"wp-block-wd-paragraph\">UNICORING facturera des frais d&#039;ajustement 30% pour les \u00e9l\u00e9ments suivants\u00a0:<\/p>\n\n\n\n<ol class=\"wp-block-list\">\n<li>Pi\u00e8ces sur mesure en or blanc, rose ou jaune 10k\/14k\/18k.<\/li>\n\n\n\n<li>Pi\u00e8ces sur mesure en platine.<\/li>\n\n\n\n<li>Pi\u00e8ces personnalis\u00e9es serties de moissanite, de diamants synth\u00e9tiques, de diamants naturels et de pierres pr\u00e9cieuses.<\/li>\n\n\n\n<li>Articles personnalis\u00e9s avec gravure, tels que bagues, colliers et bracelets.<\/li>\n\n\n\n<li>Les \u00e9l\u00e9ments finaux ne peuvent pas \u00eatre redimensionn\u00e9s.<\/li>\n<\/ol>\n\n\n\n<h2 class=\"wp-block-heading\">Remplacement de petites pierres pr\u00e9cieuses\u00a0:<\/h2>\n\n\n\n<p id=\"wd-cc2077b5\" class=\"wp-block-wd-paragraph\">Si une petite pierre pr\u00e9cieuse sertie en pav\u00e9 (moins de 2 mm de diam\u00e8tre) se d\u00e9tache de votre monture dans les 6 mois suivant la r\u00e9ception de votre bague,<br>Nous vous fournirons un remplacement gratuit. Les frais d&#039;exp\u00e9dition aller-retour vers un centre de r\u00e9paration UNICORING sont \u00e0 la charge du client. Les r\u00e9parations prennent g\u00e9n\u00e9ralement 4 \u00e0 5 semaines \u00e0 compter de la r\u00e9ception de la bague. Pour \u00e9conomiser sur les frais d&#039;exp\u00e9dition et le temps, nous pouvons \u00e9galement vous exp\u00e9dier directement la petite pierre pr\u00e9cieuse pour r\u00e9paration dans votre bijouterie locale.<\/p>\n\n\n\n<p id=\"wd-6408631e\" class=\"wp-block-wd-paragraph\"><\/p>\n\n\n\n<h2 class=\"wp-block-heading\">Vous avez des questions ou des pr\u00e9occupations concernant votre garantie ?<\/h2>\n\n\n\n<h2 class=\"wp-block-heading\"><a href=\"https:\/\/unicoring.com\/fr\/contact-us\/\">Contactez-nous<\/a><\/h2>\n\n\n\n<p id=\"wd-674b45fa\" class=\"wp-block-wd-paragraph\">Nous souhaitons que vos bijoux UNICORING laissent une impression durable. Pour toute question ou information sur notre garantie \u00e0 vie, n&#039;h\u00e9sitez pas \u00e0 nous contacter.<\/p>\n\n\n\n<p id=\"wd-8367f7bc\" class=\"wp-block-wd-paragraph\"><\/p>\n\n\n\n<p><\/p>","protected":false},"excerpt":{"rendered":"<p>While we stand behind our products, we do not cover the following defects under our lifetime manufacturer&#8217;s warranty: UNIGORING jewelry<\/p>","protected":false},"author":3,"featured_media":0,"parent":0,"menu_order":0,"comment_status":"closed","ping_status":"closed","template":"","meta":{"footnotes":""},"class_list":["post-3178","page","type-page","status-publish","hentry"],"yoast_head":"<!-- This site is optimized with the Yoast SEO plugin v25.7 - https:\/\/yoast.com\/wordpress\/plugins\/seo\/ -->\n<title>Free Lifetime Warranty - UniCoring<\/title>\n<meta name=\"robots\" content=\"index, follow, max-snippet:-1, max-image-preview:large, max-video-preview:-1\" \/>\n<link rel=\"canonical\" href=\"https:\/\/unicoring.com\/fr\/free-lifetime-warranty\/\" \/>\n<meta property=\"og:locale\" content=\"fr_FR\" \/>\n<meta property=\"og:type\" content=\"article\" \/>\n<meta property=\"og:title\" content=\"Free Lifetime Warranty - UniCoring\" \/>\n<meta property=\"og:description\" content=\"While we stand behind our products, we do not cover the following defects under our lifetime manufacturer&#8217;s warranty: UNIGORING jewelry\" \/>\n<meta property=\"og:url\" content=\"https:\/\/unicoring.com\/fr\/free-lifetime-warranty\/\" \/>\n<meta property=\"og:site_name\" content=\"UniCoring\" \/>\n<meta property=\"article:modified_time\" content=\"2025-08-19T07:09:33+00:00\" \/>\n<meta name=\"twitter:card\" content=\"summary_large_image\" \/>\n<meta name=\"twitter:label1\" content=\"Dur\u00e9e de lecture estim\u00e9e\" \/>\n\t<meta name=\"twitter:data1\" content=\"4 minutes\" \/>\n<script type=\"application\/ld+json\" class=\"yoast-schema-graph\">{\"@context\":\"https:\/\/schema.org\",\"@graph\":[{\"@type\":\"WebPage\",\"@id\":\"https:\/\/unicoring.com\/free-lifetime-warranty\/\",\"url\":\"https:\/\/unicoring.com\/free-lifetime-warranty\/\",\"name\":\"Free Lifetime Warranty - UniCoring\",\"isPartOf\":{\"@id\":\"https:\/\/unicoring.com\/#website\"},\"datePublished\":\"2025-08-19T02:57:17+00:00\",\"dateModified\":\"2025-08-19T07:09:33+00:00\",\"breadcrumb\":{\"@id\":\"https:\/\/unicoring.com\/free-lifetime-warranty\/#breadcrumb\"},\"inLanguage\":\"fr-FR\",\"potentialAction\":[{\"@type\":\"ReadAction\",\"target\":[\"https:\/\/unicoring.com\/free-lifetime-warranty\/\"]}]},{\"@type\":\"BreadcrumbList\",\"@id\":\"https:\/\/unicoring.com\/free-lifetime-warranty\/#breadcrumb\",\"itemListElement\":[{\"@type\":\"ListItem\",\"position\":1,\"name\":\"\u9996\u9875\",\"item\":\"https:\/\/unicoring.com\/\"},{\"@type\":\"ListItem\",\"position\":2,\"name\":\"Free Lifetime Warranty\"}]},{\"@type\":\"WebSite\",\"@id\":\"https:\/\/unicoring.com\/#website\",\"url\":\"https:\/\/unicoring.com\/\",\"name\":\"UniCoring\",\"description\":\"\",\"potentialAction\":[{\"@type\":\"SearchAction\",\"target\":{\"@type\":\"EntryPoint\",\"urlTemplate\":\"https:\/\/unicoring.com\/?s={search_term_string}\"},\"query-input\":{\"@type\":\"PropertyValueSpecification\",\"valueRequired\":true,\"valueName\":\"search_term_string\"}}],\"inLanguage\":\"fr-FR\"}]}<\/script>\n<!-- \/ Yoast SEO plugin. -->","yoast_head_json":{"title":"Free Lifetime Warranty - UniCoring","robots":{"index":"index","follow":"follow","max-snippet":"max-snippet:-1","max-image-preview":"max-image-preview:large","max-video-preview":"max-video-preview:-1"},"canonical":"https:\/\/unicoring.com\/fr\/free-lifetime-warranty\/","og_locale":"fr_FR","og_type":"article","og_title":"Free Lifetime Warranty - UniCoring","og_description":"While we stand behind our products, we do not cover the following defects under our lifetime manufacturer&#8217;s warranty: UNIGORING jewelry","og_url":"https:\/\/unicoring.com\/fr\/free-lifetime-warranty\/","og_site_name":"UniCoring","article_modified_time":"2025-08-19T07:09:33+00:00","twitter_card":"summary_large_image","twitter_misc":{"Dur\u00e9e de lecture estim\u00e9e":"4 minutes"},"schema":{"@context":"https:\/\/schema.org","@graph":[{"@type":"WebPage","@id":"https:\/\/unicoring.com\/free-lifetime-warranty\/","url":"https:\/\/unicoring.com\/free-lifetime-warranty\/","name":"Free Lifetime Warranty - UniCoring","isPartOf":{"@id":"https:\/\/unicoring.com\/#website"},"datePublished":"2025-08-19T02:57:17+00:00","dateModified":"2025-08-19T07:09:33+00:00","breadcrumb":{"@id":"https:\/\/unicoring.com\/free-lifetime-warranty\/#breadcrumb"},"inLanguage":"fr-FR","potentialAction":[{"@type":"ReadAction","target":["https:\/\/unicoring.com\/free-lifetime-warranty\/"]}]},{"@type":"BreadcrumbList","@id":"https:\/\/unicoring.com\/free-lifetime-warranty\/#breadcrumb","itemListElement":[{"@type":"ListItem","position":1,"name":"\u9996\u9875","item":"https:\/\/unicoring.com\/"},{"@type":"ListItem","position":2,"name":"Free Lifetime Warranty"}]},{"@type":"WebSite","@id":"https:\/\/unicoring.com\/#website","url":"https:\/\/unicoring.com\/","name":"UniCoring","description":"","potentialAction":[{"@type":"SearchAction","target":{"@type":"EntryPoint","urlTemplate":"https:\/\/unicoring.com\/?s={search_term_string}"},"query-input":{"@type":"PropertyValueSpecification","valueRequired":true,"valueName":"search_term_string"}}],"inLanguage":"fr-FR"}]}},"_links":{"self":[{"href":"https:\/\/unicoring.com\/fr\/wp-json\/wp\/v2\/pages\/3178","targetHints":{"allow":["GET"]}}],"collection":[{"href":"https:\/\/unicoring.com\/fr\/wp-json\/wp\/v2\/pages"}],"about":[{"href":"https:\/\/unicoring.com\/fr\/wp-json\/wp\/v2\/types\/page"}],"author":[{"embeddable":true,"href":"https:\/\/unicoring.com\/fr\/wp-json\/wp\/v2\/users\/3"}],"replies":[{"embeddable":true,"href":"https:\/\/unicoring.com\/fr\/wp-json\/wp\/v2\/comments?post=3178"}],"version-history":[{"count":2,"href":"https:\/\/unicoring.com\/fr\/wp-json\/wp\/v2\/pages\/3178\/revisions"}],"predecessor-version":[{"id":3264,"href":"https:\/\/unicoring.com\/fr\/wp-json\/wp\/v2\/pages\/3178\/revisions\/3264"}],"wp:attachment":[{"href":"https:\/\/unicoring.com\/fr\/wp-json\/wp\/v2\/media?parent=3178"}],"curies":[{"name":"wp","href":"https:\/\/api.w.org\/{rel}","templated":true}]}}