{"id":3276,"date":"2025-08-19T09:30:36","date_gmt":"2025-08-19T09:30:36","guid":{"rendered":"https:\/\/unicoring.com\/?page_id=3276"},"modified":"2025-08-19T09:30:37","modified_gmt":"2025-08-19T09:30:37","slug":"our-mission","status":"publish","type":"page","link":"https:\/\/unicoring.com\/fr\/our-mission\/","title":{"rendered":"Notre mission"},"content":{"rendered":"<div class=\"wp-block-cover is-light\" style=\"min-height:176px;aspect-ratio:unset;\"><span aria-hidden=\"true\" class=\"wp-block-cover__background has-white-background-color has-background-dim-100 has-background-dim\"><\/span><div class=\"wp-block-cover__inner-container is-layout-constrained wp-block-cover-is-layout-constrained\">\n<p class=\"has-text-align-center has-large-font-size\">Depuis le premier jour, nous cr\u00e9ons des bijoux que vous pouvez porter avec plaisir. Nous ne faisons aucun compromis entre qualit\u00e9 et conscience, et nos clients non plus.<\/p>\n<\/div><\/div>\n\n\n\n<div class=\"wp-block-cover is-light\" style=\"min-height:402px;aspect-ratio:unset;\"><img fetchpriority=\"high\" decoding=\"async\" width=\"1024\" height=\"576\" class=\"wp-block-cover__image-background wp-image-3280 size-large\" alt=\"\" src=\"https:\/\/unicoring.com\/wp-content\/uploads\/2025\/08\/\u5fae\u4fe1\u56fe\u7247_2025-08-19_170023_616-1024x576.jpg\" data-object-fit=\"cover\" srcset=\"https:\/\/unicoring.com\/wp-content\/uploads\/2025\/08\/\u5fae\u4fe1\u56fe\u7247_2025-08-19_170023_616-1024x576.jpg 1024w, https:\/\/unicoring.com\/wp-content\/uploads\/2025\/08\/\u5fae\u4fe1\u56fe\u7247_2025-08-19_170023_616-300x169.jpg 300w, https:\/\/unicoring.com\/wp-content\/uploads\/2025\/08\/\u5fae\u4fe1\u56fe\u7247_2025-08-19_170023_616-768x432.jpg 768w, https:\/\/unicoring.com\/wp-content\/uploads\/2025\/08\/\u5fae\u4fe1\u56fe\u7247_2025-08-19_170023_616-1536x864.jpg 1536w, https:\/\/unicoring.com\/wp-content\/uploads\/2025\/08\/\u5fae\u4fe1\u56fe\u7247_2025-08-19_170023_616-18x10.jpg 18w, https:\/\/unicoring.com\/wp-content\/uploads\/2025\/08\/\u5fae\u4fe1\u56fe\u7247_2025-08-19_170023_616-1200x675.jpg 1200w, https:\/\/unicoring.com\/wp-content\/uploads\/2025\/08\/\u5fae\u4fe1\u56fe\u7247_2025-08-19_170023_616-150x84.jpg 150w, https:\/\/unicoring.com\/wp-content\/uploads\/2025\/08\/\u5fae\u4fe1\u56fe\u7247_2025-08-19_170023_616.jpg 1920w\" sizes=\"(max-width: 1024px) 100vw, 1024px\" \/><span aria-hidden=\"true\" class=\"wp-block-cover__background has-background-dim\" style=\"background-color:#81d8d0\"><\/span><div class=\"wp-block-cover__inner-container is-layout-constrained wp-block-cover-is-layout-constrained\">\n<div class=\"wp-block-media-text has-media-on-the-right is-stacked-on-mobile\"><div class=\"wp-block-media-text__content\">\n<h2 class=\"wp-block-heading has-text-align-left\">Nos piliers d&#039;action<\/h2>\n\n\n\n<p>Nous savons d&#039;o\u00f9 viennent nos m\u00e9taux pr\u00e9cieux et nos pierres pr\u00e9cieuses et comment nos bijoux sont fabriqu\u00e9s. Nous partageons ces informations avec vous.<\/p>\n\n\n\n<h3 class=\"wp-block-heading\"><a href=\"https:\/\/www.brilliantearth.com\/about\/mission\/transparency\/\">Apprendre <\/a><a href=\"https:\/\/unicoring.com\/fr\/about-us\/\">Plus<\/a><\/h3>\n<\/div><figure class=\"wp-block-media-text__media\"><img decoding=\"async\" width=\"750\" height=\"420\" src=\"https:\/\/unicoring.com\/wp-content\/uploads\/2025\/08\/moissanites_1_c7e1d07c-ea1c-4186-ada9-3df94ce0a957.webp\" alt=\"\" class=\"wp-image-3279 size-full\" srcset=\"https:\/\/unicoring.com\/wp-content\/uploads\/2025\/08\/moissanites_1_c7e1d07c-ea1c-4186-ada9-3df94ce0a957.webp 750w, https:\/\/unicoring.com\/wp-content\/uploads\/2025\/08\/moissanites_1_c7e1d07c-ea1c-4186-ada9-3df94ce0a957-300x168.webp 300w, https:\/\/unicoring.com\/wp-content\/uploads\/2025\/08\/moissanites_1_c7e1d07c-ea1c-4186-ada9-3df94ce0a957-18x10.webp 18w, https:\/\/unicoring.com\/wp-content\/uploads\/2025\/08\/moissanites_1_c7e1d07c-ea1c-4186-ada9-3df94ce0a957-150x84.webp 150w\" sizes=\"(max-width: 750px) 100vw, 750px\" \/><\/figure><\/div>\n<\/div><\/div>\n\n\n\n<div class=\"wp-block-cover is-light\" style=\"min-height:384px;aspect-ratio:unset;\"><img fetchpriority=\"high\" decoding=\"async\" width=\"1024\" height=\"576\" class=\"wp-block-cover__image-background wp-image-3280 size-large\" alt=\"\" src=\"https:\/\/unicoring.com\/wp-content\/uploads\/2025\/08\/\u5fae\u4fe1\u56fe\u7247_2025-08-19_170023_616-1024x576.jpg\" data-object-fit=\"cover\" srcset=\"https:\/\/unicoring.com\/wp-content\/uploads\/2025\/08\/\u5fae\u4fe1\u56fe\u7247_2025-08-19_170023_616-1024x576.jpg 1024w, https:\/\/unicoring.com\/wp-content\/uploads\/2025\/08\/\u5fae\u4fe1\u56fe\u7247_2025-08-19_170023_616-300x169.jpg 300w, https:\/\/unicoring.com\/wp-content\/uploads\/2025\/08\/\u5fae\u4fe1\u56fe\u7247_2025-08-19_170023_616-768x432.jpg 768w, https:\/\/unicoring.com\/wp-content\/uploads\/2025\/08\/\u5fae\u4fe1\u56fe\u7247_2025-08-19_170023_616-1536x864.jpg 1536w, https:\/\/unicoring.com\/wp-content\/uploads\/2025\/08\/\u5fae\u4fe1\u56fe\u7247_2025-08-19_170023_616-18x10.jpg 18w, https:\/\/unicoring.com\/wp-content\/uploads\/2025\/08\/\u5fae\u4fe1\u56fe\u7247_2025-08-19_170023_616-1200x675.jpg 1200w, https:\/\/unicoring.com\/wp-content\/uploads\/2025\/08\/\u5fae\u4fe1\u56fe\u7247_2025-08-19_170023_616-150x84.jpg 150w, https:\/\/unicoring.com\/wp-content\/uploads\/2025\/08\/\u5fae\u4fe1\u56fe\u7247_2025-08-19_170023_616.jpg 1920w\" sizes=\"(max-width: 1024px) 100vw, 1024px\" \/><span aria-hidden=\"true\" class=\"wp-block-cover__background has-background-dim\" style=\"background-color:#81d8d0\"><\/span><div class=\"wp-block-cover__inner-container is-layout-constrained wp-block-cover-is-layout-constrained\">\n<p><\/p>\n\n\n\n<div class=\"wp-block-media-text is-stacked-on-mobile\"><figure class=\"wp-block-media-text__media\"><img decoding=\"async\" width=\"1000\" height=\"653\" src=\"https:\/\/unicoring.com\/wp-content\/uploads\/2025\/08\/64f9a292-a1c7-4d13-bea8-53bfece53768.jpg\" alt=\"\" class=\"wp-image-3283 size-full\" srcset=\"https:\/\/unicoring.com\/wp-content\/uploads\/2025\/08\/64f9a292-a1c7-4d13-bea8-53bfece53768.jpg 1000w, https:\/\/unicoring.com\/wp-content\/uploads\/2025\/08\/64f9a292-a1c7-4d13-bea8-53bfece53768-300x196.jpg 300w, https:\/\/unicoring.com\/wp-content\/uploads\/2025\/08\/64f9a292-a1c7-4d13-bea8-53bfece53768-768x502.jpg 768w, https:\/\/unicoring.com\/wp-content\/uploads\/2025\/08\/64f9a292-a1c7-4d13-bea8-53bfece53768-18x12.jpg 18w, https:\/\/unicoring.com\/wp-content\/uploads\/2025\/08\/64f9a292-a1c7-4d13-bea8-53bfece53768-150x98.jpg 150w\" sizes=\"(max-width: 1000px) 100vw, 1000px\" \/><\/figure><div class=\"wp-block-media-text__content\">\n<h2 class=\"wp-block-heading\">Durabilit\u00e9<\/h2>\n\n\n\n<p>Nous utilisons des mat\u00e9riaux recycl\u00e9s et durables, appliquons des pratiques \u00e9co\u00e9nerg\u00e9tiques et minimisons notre empreinte carbone. D\u00e8s le premier jour et chaque jour qui suit, nous nous sommes fix\u00e9s des objectifs ambitieux pour prot\u00e9ger la plan\u00e8te et nous nous effor\u00e7ons de les atteindre.<\/p>\n\n\n\n<h2 class=\"wp-block-heading\"><a href=\"https:\/\/whttps:\/\/unicoring.com\/about-us\/\">Apprendre encore plus<\/a><\/h2>\n<\/div><\/div>\n<\/div><\/div>\n\n\n\n<div class=\"wp-block-cover is-light\"><img fetchpriority=\"high\" decoding=\"async\" width=\"1024\" height=\"576\" class=\"wp-block-cover__image-background wp-image-3280 size-large\" alt=\"\" src=\"https:\/\/unicoring.com\/wp-content\/uploads\/2025\/08\/\u5fae\u4fe1\u56fe\u7247_2025-08-19_170023_616-1024x576.jpg\" data-object-fit=\"cover\" srcset=\"https:\/\/unicoring.com\/wp-content\/uploads\/2025\/08\/\u5fae\u4fe1\u56fe\u7247_2025-08-19_170023_616-1024x576.jpg 1024w, https:\/\/unicoring.com\/wp-content\/uploads\/2025\/08\/\u5fae\u4fe1\u56fe\u7247_2025-08-19_170023_616-300x169.jpg 300w, https:\/\/unicoring.com\/wp-content\/uploads\/2025\/08\/\u5fae\u4fe1\u56fe\u7247_2025-08-19_170023_616-768x432.jpg 768w, https:\/\/unicoring.com\/wp-content\/uploads\/2025\/08\/\u5fae\u4fe1\u56fe\u7247_2025-08-19_170023_616-1536x864.jpg 1536w, https:\/\/unicoring.com\/wp-content\/uploads\/2025\/08\/\u5fae\u4fe1\u56fe\u7247_2025-08-19_170023_616-18x10.jpg 18w, https:\/\/unicoring.com\/wp-content\/uploads\/2025\/08\/\u5fae\u4fe1\u56fe\u7247_2025-08-19_170023_616-1200x675.jpg 1200w, https:\/\/unicoring.com\/wp-content\/uploads\/2025\/08\/\u5fae\u4fe1\u56fe\u7247_2025-08-19_170023_616-150x84.jpg 150w, https:\/\/unicoring.com\/wp-content\/uploads\/2025\/08\/\u5fae\u4fe1\u56fe\u7247_2025-08-19_170023_616.jpg 1920w\" sizes=\"(max-width: 1024px) 100vw, 1024px\" \/><span aria-hidden=\"true\" class=\"wp-block-cover__background has-background-dim\" style=\"background-color:#81d8d0\"><\/span><div class=\"wp-block-cover__inner-container is-layout-constrained wp-block-cover-is-layout-constrained\">\n<p class=\"has-text-align-center has-large-font-size\">NOS OBJECTIFS DE MISSION<\/p>\n\n\n\n<div class=\"wp-block-media-text is-stacked-on-mobile\"><figure class=\"wp-block-media-text__media\"><img loading=\"lazy\" decoding=\"async\" width=\"1024\" height=\"1024\" src=\"https:\/\/unicoring.com\/wp-content\/uploads\/2025\/08\/\u5fae\u4fe1\u56fe\u7247_20250818180715_134-1024x1024.jpg\" alt=\"\" class=\"wp-image-3140 size-full\" srcset=\"https:\/\/unicoring.com\/wp-content\/uploads\/2025\/08\/\u5fae\u4fe1\u56fe\u7247_20250818180715_134-1024x1024.jpg 1024w, https:\/\/unicoring.com\/wp-content\/uploads\/2025\/08\/\u5fae\u4fe1\u56fe\u7247_20250818180715_134-300x300.jpg 300w, https:\/\/unicoring.com\/wp-content\/uploads\/2025\/08\/\u5fae\u4fe1\u56fe\u7247_20250818180715_134-150x150.jpg 150w, https:\/\/unicoring.com\/wp-content\/uploads\/2025\/08\/\u5fae\u4fe1\u56fe\u7247_20250818180715_134-768x768.jpg 768w, https:\/\/unicoring.com\/wp-content\/uploads\/2025\/08\/\u5fae\u4fe1\u56fe\u7247_20250818180715_134-12x12.jpg 12w, https:\/\/unicoring.com\/wp-content\/uploads\/2025\/08\/\u5fae\u4fe1\u56fe\u7247_20250818180715_134-600x600.jpg 600w, https:\/\/unicoring.com\/wp-content\/uploads\/2025\/08\/\u5fae\u4fe1\u56fe\u7247_20250818180715_134-1200x1200.jpg 1200w, https:\/\/unicoring.com\/wp-content\/uploads\/2025\/08\/\u5fae\u4fe1\u56fe\u7247_20250818180715_134.jpg 1280w\" sizes=\"(max-width: 1024px) 100vw, 1024px\" \/><\/figure><div class=\"wp-block-media-text__content\">\n<p>Notre raison d&#039;\u00eatre nous inspire et guide chacune de nos actions. La r\u00e9alisation de notre mission est ancr\u00e9e dans notre culture et rel\u00e8ve de la responsabilit\u00e9 de chacun chez Unicoring. Nous sommes particuli\u00e8rement fiers de nos objectifs de z\u00e9ro \u00e9mission nette \u00e0 court et long terme, conform\u00e9ment \u00e0 l&#039;initiative Science Based Targets.<\/p>\n<\/div><\/div>\n<\/div><\/div>","protected":false},"excerpt":{"rendered":"","protected":false},"author":3,"featured_media":0,"parent":0,"menu_order":0,"comment_status":"closed","ping_status":"closed","template":"","meta":{"footnotes":""},"class_list":["post-3276","page","type-page","status-publish","hentry"],"yoast_head":"<!-- This site is optimized with the Yoast SEO plugin v25.7 - https:\/\/yoast.com\/wordpress\/plugins\/seo\/ -->\n<title>Our Mission - UniCoring<\/title>\n<meta name=\"robots\" content=\"index, follow, max-snippet:-1, max-image-preview:large, max-video-preview:-1\" \/>\n<link rel=\"canonical\" href=\"https:\/\/unicoring.com\/fr\/our-mission\/\" \/>\n<meta property=\"og:locale\" content=\"fr_FR\" \/>\n<meta property=\"og:type\" content=\"article\" \/>\n<meta property=\"og:title\" content=\"Our Mission - UniCoring\" \/>\n<meta property=\"og:url\" content=\"https:\/\/unicoring.com\/fr\/our-mission\/\" \/>\n<meta property=\"og:site_name\" content=\"UniCoring\" \/>\n<meta property=\"article:modified_time\" content=\"2025-08-19T09:30:37+00:00\" \/>\n<meta property=\"og:image\" content=\"https:\/\/unicoring.com\/wp-content\/uploads\/2025\/08\/moissanites_1_c7e1d07c-ea1c-4186-ada9-3df94ce0a957.webp\" \/>\n<meta name=\"twitter:card\" content=\"summary_large_image\" \/>\n<meta name=\"twitter:label1\" content=\"Dur\u00e9e de lecture estim\u00e9e\" \/>\n\t<meta name=\"twitter:data1\" content=\"2 minutes\" \/>\n<script type=\"application\/ld+json\" class=\"yoast-schema-graph\">{\"@context\":\"https:\/\/schema.org\",\"@graph\":[{\"@type\":\"WebPage\",\"@id\":\"https:\/\/unicoring.com\/our-mission\/\",\"url\":\"https:\/\/unicoring.com\/our-mission\/\",\"name\":\"Our Mission - UniCoring\",\"isPartOf\":{\"@id\":\"https:\/\/unicoring.com\/#website\"},\"primaryImageOfPage\":{\"@id\":\"https:\/\/unicoring.com\/our-mission\/#primaryimage\"},\"image\":{\"@id\":\"https:\/\/unicoring.com\/our-mission\/#primaryimage\"},\"thumbnailUrl\":\"https:\/\/unicoring.com\/wp-content\/uploads\/2025\/08\/moissanites_1_c7e1d07c-ea1c-4186-ada9-3df94ce0a957.webp\",\"datePublished\":\"2025-08-19T09:30:36+00:00\",\"dateModified\":\"2025-08-19T09:30:37+00:00\",\"breadcrumb\":{\"@id\":\"https:\/\/unicoring.com\/our-mission\/#breadcrumb\"},\"inLanguage\":\"fr-FR\",\"potentialAction\":[{\"@type\":\"ReadAction\",\"target\":[\"https:\/\/unicoring.com\/our-mission\/\"]}]},{\"@type\":\"ImageObject\",\"inLanguage\":\"fr-FR\",\"@id\":\"https:\/\/unicoring.com\/our-mission\/#primaryimage\",\"url\":\"https:\/\/unicoring.com\/wp-content\/uploads\/2025\/08\/moissanites_1_c7e1d07c-ea1c-4186-ada9-3df94ce0a957.webp\",\"contentUrl\":\"https:\/\/unicoring.com\/wp-content\/uploads\/2025\/08\/moissanites_1_c7e1d07c-ea1c-4186-ada9-3df94ce0a957.webp\"},{\"@type\":\"BreadcrumbList\",\"@id\":\"https:\/\/unicoring.com\/our-mission\/#breadcrumb\",\"itemListElement\":[{\"@type\":\"ListItem\",\"position\":1,\"name\":\"\u9996\u9875\",\"item\":\"https:\/\/unicoring.com\/\"},{\"@type\":\"ListItem\",\"position\":2,\"name\":\"Our Mission\"}]},{\"@type\":\"WebSite\",\"@id\":\"https:\/\/unicoring.com\/#website\",\"url\":\"https:\/\/unicoring.com\/\",\"name\":\"UniCoring\",\"description\":\"\",\"potentialAction\":[{\"@type\":\"SearchAction\",\"target\":{\"@type\":\"EntryPoint\",\"urlTemplate\":\"https:\/\/unicoring.com\/?s={search_term_string}\"},\"query-input\":{\"@type\":\"PropertyValueSpecification\",\"valueRequired\":true,\"valueName\":\"search_term_string\"}}],\"inLanguage\":\"fr-FR\"}]}<\/script>\n<!-- \/ Yoast SEO plugin. -->","yoast_head_json":{"title":"Our Mission - UniCoring","robots":{"index":"index","follow":"follow","max-snippet":"max-snippet:-1","max-image-preview":"max-image-preview:large","max-video-preview":"max-video-preview:-1"},"canonical":"https:\/\/unicoring.com\/fr\/our-mission\/","og_locale":"fr_FR","og_type":"article","og_title":"Our Mission - UniCoring","og_url":"https:\/\/unicoring.com\/fr\/our-mission\/","og_site_name":"UniCoring","article_modified_time":"2025-08-19T09:30:37+00:00","og_image":[{"url":"https:\/\/unicoring.com\/wp-content\/uploads\/2025\/08\/moissanites_1_c7e1d07c-ea1c-4186-ada9-3df94ce0a957.webp","type":"","width":"","height":""}],"twitter_card":"summary_large_image","twitter_misc":{"Dur\u00e9e de lecture estim\u00e9e":"2 minutes"},"schema":{"@context":"https:\/\/schema.org","@graph":[{"@type":"WebPage","@id":"https:\/\/unicoring.com\/our-mission\/","url":"https:\/\/unicoring.com\/our-mission\/","name":"Our Mission - UniCoring","isPartOf":{"@id":"https:\/\/unicoring.com\/#website"},"primaryImageOfPage":{"@id":"https:\/\/unicoring.com\/our-mission\/#primaryimage"},"image":{"@id":"https:\/\/unicoring.com\/our-mission\/#primaryimage"},"thumbnailUrl":"https:\/\/unicoring.com\/wp-content\/uploads\/2025\/08\/moissanites_1_c7e1d07c-ea1c-4186-ada9-3df94ce0a957.webp","datePublished":"2025-08-19T09:30:36+00:00","dateModified":"2025-08-19T09:30:37+00:00","breadcrumb":{"@id":"https:\/\/unicoring.com\/our-mission\/#breadcrumb"},"inLanguage":"fr-FR","potentialAction":[{"@type":"ReadAction","target":["https:\/\/unicoring.com\/our-mission\/"]}]},{"@type":"ImageObject","inLanguage":"fr-FR","@id":"https:\/\/unicoring.com\/our-mission\/#primaryimage","url":"https:\/\/unicoring.com\/wp-content\/uploads\/2025\/08\/moissanites_1_c7e1d07c-ea1c-4186-ada9-3df94ce0a957.webp","contentUrl":"https:\/\/unicoring.com\/wp-content\/uploads\/2025\/08\/moissanites_1_c7e1d07c-ea1c-4186-ada9-3df94ce0a957.webp"},{"@type":"BreadcrumbList","@id":"https:\/\/unicoring.com\/our-mission\/#breadcrumb","itemListElement":[{"@type":"ListItem","position":1,"name":"\u9996\u9875","item":"https:\/\/unicoring.com\/"},{"@type":"ListItem","position":2,"name":"Our Mission"}]},{"@type":"WebSite","@id":"https:\/\/unicoring.com\/#website","url":"https:\/\/unicoring.com\/","name":"UniCoring","description":"","potentialAction":[{"@type":"SearchAction","target":{"@type":"EntryPoint","urlTemplate":"https:\/\/unicoring.com\/?s={search_term_string}"},"query-input":{"@type":"PropertyValueSpecification","valueRequired":true,"valueName":"search_term_string"}}],"inLanguage":"fr-FR"}]}},"_links":{"self":[{"href":"https:\/\/unicoring.com\/fr\/wp-json\/wp\/v2\/pages\/3276","targetHints":{"allow":["GET"]}}],"collection":[{"href":"https:\/\/unicoring.com\/fr\/wp-json\/wp\/v2\/pages"}],"about":[{"href":"https:\/\/unicoring.com\/fr\/wp-json\/wp\/v2\/types\/page"}],"author":[{"embeddable":true,"href":"https:\/\/unicoring.com\/fr\/wp-json\/wp\/v2\/users\/3"}],"replies":[{"embeddable":true,"href":"https:\/\/unicoring.com\/fr\/wp-json\/wp\/v2\/comments?post=3276"}],"version-history":[{"count":1,"href":"https:\/\/unicoring.com\/fr\/wp-json\/wp\/v2\/pages\/3276\/revisions"}],"predecessor-version":[{"id":3284,"href":"https:\/\/unicoring.com\/fr\/wp-json\/wp\/v2\/pages\/3276\/revisions\/3284"}],"wp:attachment":[{"href":"https:\/\/unicoring.com\/fr\/wp-json\/wp\/v2\/media?parent=3276"}],"curies":[{"name":"wp","href":"https:\/\/api.w.org\/{rel}","templated":true}]}}