{"id":3409,"date":"2025-08-21T03:45:06","date_gmt":"2025-08-21T03:45:06","guid":{"rendered":"https:\/\/unicoring.com\/?page_id=3409"},"modified":"2025-08-21T03:45:06","modified_gmt":"2025-08-21T03:45:06","slug":"how-we-give-back","status":"publish","type":"page","link":"https:\/\/unicoring.com\/fr\/how-we-give-back\/","title":{"rendered":"Comment nous redonnons"},"content":{"rendered":"<h4 class=\"wp-block-heading\">Dans le monde tr\u00e9pidant d&#039;aujourd&#039;hui, il est facile de se laisser emporter par l&#039;agitation du quotidien, oubliant souvent les moments qui nous d\u00e9finissent v\u00e9ritablement. Pourtant, c&#039;est pr\u00e9cis\u00e9ment dans ces instants apparemment ordinaires que nous d\u00e9couvrons la v\u00e9ritable essence de la vie. Chez UNICORING, nous nous engageons \u00e0 capturer la beaut\u00e9 \u00e9ph\u00e9m\u00e8re de ces instants, tout en privil\u00e9giant le d\u00e9veloppement durable.<\/h4>\n\n\n\n<hr class=\"wp-block-separator has-alpha-channel-opacity\"\/>\n\n\n\n<h3 class=\"wp-block-heading\">Nos valeurs sont au c\u0153ur de tout ce que nous faisons :<\/h3>\n\n\n\n<ul class=\"wp-block-list\">\n<li>La qualit\u00e9 avant tout : nous nous engageons \u00e0 fournir des bijoux m\u00e9ticuleusement fabriqu\u00e9s et de haute qualit\u00e9 qui offrent \u00e0 nos clients une valeur et une satisfaction durables.<\/li>\n\n\n\n<li>Durabilit\u00e9 environnementale : Conscients de notre impact, nous utilisons des mat\u00e9riaux et des proc\u00e9d\u00e9s respectueux de l&#039;environnement, promouvant activement le d\u00e9veloppement durable.<\/li>\n\n\n\n<li>Conception unique : nous adoptons l&#039;unicit\u00e9 et l&#039;innovation, en proposant une gamme diversifi\u00e9e de bijoux qui permettent aux clients d&#039;exprimer leur personnalit\u00e9 et leurs go\u00fbts.<br><\/li>\n<\/ul>\n\n\n\n<hr class=\"wp-block-separator has-alpha-channel-opacity\"\/>\n\n\n\n<h5 class=\"wp-block-heading\">Chaque bijou que nous fabriquons avec soin refl\u00e8te notre engagement envers l&#039;approvisionnement \u00e9thique en mat\u00e9riaux et notre conscience environnementale. Nous sommes convaincus que chaque instant fugace m\u00e9rite d&#039;\u00eatre v\u00e9n\u00e9r\u00e9 et que chaque \u00e9motion authentique m\u00e9rite d&#039;\u00eatre c\u00e9l\u00e9br\u00e9e, et ces c\u00e9l\u00e9brations doivent \u00eatre en phase avec notre responsabilit\u00e9 envers la Terre.<\/h5>\n\n\n\n<hr class=\"wp-block-separator has-alpha-channel-opacity\"\/>\n\n\n\n<p>Dans le cadre de nos efforts pour contribuer \u00e0 la protection de la nature, nous collaborons avec www.givebacktonature.org. Nous nous engageons \u00e0 planter dix arbres pour chaque produit vendu, contribuant ainsi \u00e0 la restauration d&#039;\u00e9cosyst\u00e8mes forestiers sains. La mission de notre projet va au-del\u00e0 de la plantation d&#039;arbres\u00a0; elle comprend la cr\u00e9ation d&#039;habitats durables pour la faune, la purification des sources d&#039;eau, la lutte contre les inondations et l&#039;\u00e9rosion des sols, la reconstitution des nutriments n\u00e9cessaires \u00e0 l&#039;agriculture, l&#039;am\u00e9lioration de la qualit\u00e9 de l&#039;air et la r\u00e9duction de la pollution. En fin de compte, notre objectif est de prot\u00e9ger notre pr\u00e9cieuse faune, d&#039;att\u00e9nuer les impacts du changement climatique et d&#039;assurer aux g\u00e9n\u00e9rations futures un avenir plus sain et plus vert.<\/p>\n\n\n\n<hr class=\"wp-block-separator has-alpha-channel-opacity\"\/>\n\n\n\n<p>Guid\u00e9s par la philosophie selon laquelle \u00ab\u00a0le meilleur moment pour planter des arbres, c&#039;est maintenant\u00a0\u00bb, nous embellissons la vie avec une \u00e9l\u00e9gance intemporelle et prenons soin de la Terre, dont nous d\u00e9pendons pour notre survie. Chaque achat chez UNICORING contribue significativement \u00e0 un monde plus durable, o\u00f9 beaut\u00e9 et responsabilit\u00e9 cohabitent harmonieusement.<\/p>","protected":false},"excerpt":{"rendered":"<p>In today&#8217;s fast-paced world, it&#8217;s easy to get swept up in the hustle and bustle of daily life, often overlooking<\/p>","protected":false},"author":3,"featured_media":0,"parent":0,"menu_order":0,"comment_status":"closed","ping_status":"closed","template":"","meta":{"footnotes":""},"class_list":["post-3409","page","type-page","status-publish","hentry"],"yoast_head":"<!-- This site is optimized with the Yoast SEO plugin v25.7 - https:\/\/yoast.com\/wordpress\/plugins\/seo\/ -->\n<title>How We Give Back - UniCoring<\/title>\n<meta name=\"robots\" content=\"index, follow, max-snippet:-1, max-image-preview:large, max-video-preview:-1\" \/>\n<link rel=\"canonical\" href=\"https:\/\/unicoring.com\/fr\/how-we-give-back\/\" \/>\n<meta property=\"og:locale\" content=\"fr_FR\" \/>\n<meta property=\"og:type\" content=\"article\" \/>\n<meta property=\"og:title\" content=\"How We Give Back - UniCoring\" \/>\n<meta property=\"og:description\" content=\"In today&#8217;s fast-paced world, it&#8217;s easy to get swept up in the hustle and bustle of daily life, often overlooking\" \/>\n<meta property=\"og:url\" content=\"https:\/\/unicoring.com\/fr\/how-we-give-back\/\" \/>\n<meta property=\"og:site_name\" content=\"UniCoring\" \/>\n<meta name=\"twitter:card\" content=\"summary_large_image\" \/>\n<meta name=\"twitter:label1\" content=\"Dur\u00e9e de lecture estim\u00e9e\" \/>\n\t<meta name=\"twitter:data1\" content=\"2 minutes\" \/>\n<script type=\"application\/ld+json\" class=\"yoast-schema-graph\">{\"@context\":\"https:\/\/schema.org\",\"@graph\":[{\"@type\":\"WebPage\",\"@id\":\"https:\/\/unicoring.com\/how-we-give-back\/\",\"url\":\"https:\/\/unicoring.com\/how-we-give-back\/\",\"name\":\"How We Give Back - UniCoring\",\"isPartOf\":{\"@id\":\"https:\/\/unicoring.com\/#website\"},\"datePublished\":\"2025-08-21T03:45:06+00:00\",\"breadcrumb\":{\"@id\":\"https:\/\/unicoring.com\/how-we-give-back\/#breadcrumb\"},\"inLanguage\":\"fr-FR\",\"potentialAction\":[{\"@type\":\"ReadAction\",\"target\":[\"https:\/\/unicoring.com\/how-we-give-back\/\"]}]},{\"@type\":\"BreadcrumbList\",\"@id\":\"https:\/\/unicoring.com\/how-we-give-back\/#breadcrumb\",\"itemListElement\":[{\"@type\":\"ListItem\",\"position\":1,\"name\":\"\u9996\u9875\",\"item\":\"https:\/\/unicoring.com\/\"},{\"@type\":\"ListItem\",\"position\":2,\"name\":\"How We Give Back\"}]},{\"@type\":\"WebSite\",\"@id\":\"https:\/\/unicoring.com\/#website\",\"url\":\"https:\/\/unicoring.com\/\",\"name\":\"UniCoring\",\"description\":\"\",\"potentialAction\":[{\"@type\":\"SearchAction\",\"target\":{\"@type\":\"EntryPoint\",\"urlTemplate\":\"https:\/\/unicoring.com\/?s={search_term_string}\"},\"query-input\":{\"@type\":\"PropertyValueSpecification\",\"valueRequired\":true,\"valueName\":\"search_term_string\"}}],\"inLanguage\":\"fr-FR\"}]}<\/script>\n<!-- \/ Yoast SEO plugin. -->","yoast_head_json":{"title":"How We Give Back - UniCoring","robots":{"index":"index","follow":"follow","max-snippet":"max-snippet:-1","max-image-preview":"max-image-preview:large","max-video-preview":"max-video-preview:-1"},"canonical":"https:\/\/unicoring.com\/fr\/how-we-give-back\/","og_locale":"fr_FR","og_type":"article","og_title":"How We Give Back - UniCoring","og_description":"In today&#8217;s fast-paced world, it&#8217;s easy to get swept up in the hustle and bustle of daily life, often overlooking","og_url":"https:\/\/unicoring.com\/fr\/how-we-give-back\/","og_site_name":"UniCoring","twitter_card":"summary_large_image","twitter_misc":{"Dur\u00e9e de lecture estim\u00e9e":"2 minutes"},"schema":{"@context":"https:\/\/schema.org","@graph":[{"@type":"WebPage","@id":"https:\/\/unicoring.com\/how-we-give-back\/","url":"https:\/\/unicoring.com\/how-we-give-back\/","name":"How We Give Back - UniCoring","isPartOf":{"@id":"https:\/\/unicoring.com\/#website"},"datePublished":"2025-08-21T03:45:06+00:00","breadcrumb":{"@id":"https:\/\/unicoring.com\/how-we-give-back\/#breadcrumb"},"inLanguage":"fr-FR","potentialAction":[{"@type":"ReadAction","target":["https:\/\/unicoring.com\/how-we-give-back\/"]}]},{"@type":"BreadcrumbList","@id":"https:\/\/unicoring.com\/how-we-give-back\/#breadcrumb","itemListElement":[{"@type":"ListItem","position":1,"name":"\u9996\u9875","item":"https:\/\/unicoring.com\/"},{"@type":"ListItem","position":2,"name":"How We Give Back"}]},{"@type":"WebSite","@id":"https:\/\/unicoring.com\/#website","url":"https:\/\/unicoring.com\/","name":"UniCoring","description":"","potentialAction":[{"@type":"SearchAction","target":{"@type":"EntryPoint","urlTemplate":"https:\/\/unicoring.com\/?s={search_term_string}"},"query-input":{"@type":"PropertyValueSpecification","valueRequired":true,"valueName":"search_term_string"}}],"inLanguage":"fr-FR"}]}},"_links":{"self":[{"href":"https:\/\/unicoring.com\/fr\/wp-json\/wp\/v2\/pages\/3409","targetHints":{"allow":["GET"]}}],"collection":[{"href":"https:\/\/unicoring.com\/fr\/wp-json\/wp\/v2\/pages"}],"about":[{"href":"https:\/\/unicoring.com\/fr\/wp-json\/wp\/v2\/types\/page"}],"author":[{"embeddable":true,"href":"https:\/\/unicoring.com\/fr\/wp-json\/wp\/v2\/users\/3"}],"replies":[{"embeddable":true,"href":"https:\/\/unicoring.com\/fr\/wp-json\/wp\/v2\/comments?post=3409"}],"version-history":[{"count":1,"href":"https:\/\/unicoring.com\/fr\/wp-json\/wp\/v2\/pages\/3409\/revisions"}],"predecessor-version":[{"id":3410,"href":"https:\/\/unicoring.com\/fr\/wp-json\/wp\/v2\/pages\/3409\/revisions\/3410"}],"wp:attachment":[{"href":"https:\/\/unicoring.com\/fr\/wp-json\/wp\/v2\/media?parent=3409"}],"curies":[{"name":"wp","href":"https:\/\/api.w.org\/{rel}","templated":true}]}}