{"id":3412,"date":"2025-08-21T04:16:09","date_gmt":"2025-08-21T04:16:09","guid":{"rendered":"https:\/\/unicoring.com\/?page_id=3412"},"modified":"2025-08-21T04:16:09","modified_gmt":"2025-08-21T04:16:09","slug":"free-resizing","status":"publish","type":"page","link":"https:\/\/unicoring.com\/fr\/free-resizing\/","title":{"rendered":"Redimensionnement gratuit"},"content":{"rendered":"<h3 class=\"wp-block-heading\">Processus et frais de redimensionnement de bague<\/h3>\n\n\n\n<h5 class=\"wp-block-heading\">Chez UNICORING, nous comprenons l&#039;importance d&#039;une bague parfaitement ajust\u00e9e. Si la taille command\u00e9e ne vous convient pas, nous proposons un service de mise \u00e0 taille. Vous trouverez ci-dessous les d\u00e9tails de notre service.<\/h5>\n\n\n\n<figure class=\"wp-block-image size-large\"><img fetchpriority=\"high\" decoding=\"async\" width=\"1024\" height=\"726\" src=\"https:\/\/unicoring.com\/wp-content\/uploads\/2025\/08\/5eb2f027-9895-41be-b26b-4d6561dc048d-1024x726.png\" alt=\"\" class=\"wp-image-3413\" srcset=\"https:\/\/unicoring.com\/wp-content\/uploads\/2025\/08\/5eb2f027-9895-41be-b26b-4d6561dc048d-1024x726.png 1024w, https:\/\/unicoring.com\/wp-content\/uploads\/2025\/08\/5eb2f027-9895-41be-b26b-4d6561dc048d-300x213.png 300w, https:\/\/unicoring.com\/wp-content\/uploads\/2025\/08\/5eb2f027-9895-41be-b26b-4d6561dc048d-768x545.png 768w, https:\/\/unicoring.com\/wp-content\/uploads\/2025\/08\/5eb2f027-9895-41be-b26b-4d6561dc048d-18x12.png 18w, https:\/\/unicoring.com\/wp-content\/uploads\/2025\/08\/5eb2f027-9895-41be-b26b-4d6561dc048d-150x106.png 150w, https:\/\/unicoring.com\/wp-content\/uploads\/2025\/08\/5eb2f027-9895-41be-b26b-4d6561dc048d.png 1152w\" sizes=\"(max-width: 1024px) 100vw, 1024px\" \/><\/figure>\n\n\n\n<h2 class=\"wp-block-heading\">D\u00e9lai d&#039;ex\u00e9cution<\/h2>\n\n\n\n<p>Notre processus de mise \u00e0 taille standard prend de 3 \u00e0 5 semaines, selon la complexit\u00e9 du mod\u00e8le. Les bagues aux d\u00e9tails complexes, notamment celles serties de diamants, peuvent n\u00e9cessiter plus de temps. Certains mod\u00e8les, comme les alliances, ne peuvent pas \u00eatre mis \u00e0 taille.<\/p>\n\n\n\n<h4 class=\"wp-block-heading\">Politique d&#039;ajustement de taille gratuite<\/h4>\n\n\n\n<h4 class=\"wp-block-heading\">Nous offrons des ajustements de taille gratuits dans les 30 jours suivant l&#039;achat dans les conditions suivantes :<\/h4>\n\n\n\n<ul class=\"wp-block-list\">\n<li>R\u00e9duction de taille : jusqu&#039;\u00e0 trois tailles plus petites (par exemple, taille T r\u00e9duite \u00e0 Q).<\/li>\n\n\n\n<li>Augmenter la taille : jusqu&#039;\u00e0 deux tailles plus grandes (par exemple, de la taille O \u00e0 la taille Q).<\/li>\n<\/ul>\n\n\n\n<p id=\"wd-f8bdca79\" class=\"wp-block-wd-paragraph\">Augmenter la taille : jusqu&#039;\u00e0 deux tailles plus grandes (par exemple, de la taille O \u00e0 la taille Q).<br>Pour les clients qui ont s\u00e9lectionn\u00e9 \u00ab Taille unique O pour femme \u2013 Si vous n&#039;\u00eates pas s\u00fbr, choisissez cette option \u2013 Ajustement de taille gratuit plus tard \u00bb lors du paiement, les ajustements de taille dans les 30 jours sont gratuits et vous n&#039;avez qu&#039;\u00e0 couvrir les frais d&#039;exp\u00e9dition.<\/p>\n\n\n\n<h2 class=\"wp-block-heading\">Frais d&#039;ajustement (frais de modification)<\/h2>\n\n\n\n<h4 class=\"wp-block-heading\">Pour les ajustements d\u00e9passant la limite gratuite ou effectu\u00e9s apr\u00e8s 30 jours, des frais de modification seront appliqu\u00e9s :<\/h4>\n\n\n\n<p id=\"wd-e9d7e8bf\" class=\"wp-block-wd-paragraph\">$100 \u00e0 $500, selon la complexit\u00e9 du r\u00e9glage de la taille et de la conception.<\/p>\n\n\n\n<p id=\"wd-9a5c4a4c\" class=\"wp-block-wd-paragraph\">Remarque : les clients sont responsables des frais de retour et de r\u00e9exp\u00e9dition.<\/p>\n\n\n\n<h3 class=\"wp-block-heading\">Bagues qui ne peuvent pas \u00eatre redimensionn\u00e9es<\/h3>\n\n\n\n<h4 class=\"wp-block-heading\">Certaines conceptions de bagues ne peuvent pas \u00eatre redimensionn\u00e9es en raison de limitations structurelles, notamment\u00a0:<\/h4>\n\n\n\n<p id=\"wd-11e1499b\" class=\"wp-block-wd-paragraph\">Bagues d&#039;\u00e9ternit\u00e9 (bagues avec diamants ou pierres pr\u00e9cieuses serties autour de l&#039;anneau).<br>Les conceptions complexes et d\u00e9licates peuvent \u00eatre affect\u00e9es par le redimensionnement.<br>Pour les clients qui ont besoin d&#039;ajustements de taille mineurs mais ne peuvent pas redimensionner leurs bagues, nous proposons des ajusteurs de bague qui peuvent \u00eatre plac\u00e9s \u00e0 l&#039;int\u00e9rieur de la bague comme solution d&#039;ajustement temporaire.<\/p>\n\n\n\n<h3 class=\"wp-block-heading\">Comment demander un redimensionnement<\/h3>\n\n\n\n<p id=\"wd-276a4ad2\" class=\"wp-block-wd-paragraph\">Contactez-nous service@unicoring.com.<br>Notre \u00e9quipe vous r\u00e9pondra dans les 24 heures et vous fournira des instructions suppl\u00e9mentaires.<br>Avant de nous envoyer votre bague, veuillez l&#039;emballer soigneusement et marquer clairement votre num\u00e9ro de commande \u00e0 l&#039;ext\u00e9rieur de l&#039;emballage.<br>Que se passe-t-il ensuite ?<\/p>\n\n\n\n<h3 class=\"wp-block-heading\">Une fois que nous recevons votre bague :<\/h3>\n\n\n\n<p id=\"wd-05794ce8\" class=\"wp-block-wd-paragraph\">Notre \u00e9quipe l&#039;inspectera et confirmera s&#039;il peut \u00eatre redimensionn\u00e9.<br>Si des frais suppl\u00e9mentaires sont requis, nous vous en informerons avant de proc\u00e9der.<br>Apr\u00e8s le redimensionnement, la bague sera nettoy\u00e9e, polie et replaqu\u00e9e (le cas \u00e9ch\u00e9ant).<br>Avant de vous le renvoyer, nous vous enverrons des photos ou des vid\u00e9os de contr\u00f4le qualit\u00e9 final.<br>Contactez-nous<br>Si vous avez des questions sur le redimensionnement, veuillez nous contacter \u00e0 \u8bf7\u968f\u65f6\u53d1\u9001\u7535\u5b50\u90ae\u4ef6\u81f3service@unicoring.com. Nous sommes heureux de vous aider!<\/p>","protected":false},"excerpt":{"rendered":"<p>Ring resizing process and fees At UNICORING, we understand how important it is to have a ring that fits perfectly.<\/p>","protected":false},"author":3,"featured_media":0,"parent":0,"menu_order":0,"comment_status":"closed","ping_status":"closed","template":"","meta":{"footnotes":""},"class_list":["post-3412","page","type-page","status-publish","hentry"],"yoast_head":"<!-- This site is optimized with the Yoast SEO plugin v25.7 - https:\/\/yoast.com\/wordpress\/plugins\/seo\/ -->\n<title>Free Resizing - UniCoring<\/title>\n<meta name=\"robots\" content=\"index, follow, max-snippet:-1, max-image-preview:large, max-video-preview:-1\" \/>\n<link rel=\"canonical\" href=\"https:\/\/unicoring.com\/fr\/free-resizing\/\" \/>\n<meta property=\"og:locale\" content=\"fr_FR\" \/>\n<meta property=\"og:type\" content=\"article\" \/>\n<meta property=\"og:title\" content=\"Free Resizing - UniCoring\" \/>\n<meta property=\"og:description\" content=\"Ring resizing process and fees At UNICORING, we understand how important it is to have a ring that fits perfectly.\" \/>\n<meta property=\"og:url\" content=\"https:\/\/unicoring.com\/fr\/free-resizing\/\" \/>\n<meta property=\"og:site_name\" content=\"UniCoring\" \/>\n<meta property=\"og:image\" content=\"https:\/\/unicoring.com\/wp-content\/uploads\/2025\/08\/5eb2f027-9895-41be-b26b-4d6561dc048d.png\" \/>\n\t<meta property=\"og:image:width\" content=\"1152\" \/>\n\t<meta property=\"og:image:height\" content=\"817\" \/>\n\t<meta property=\"og:image:type\" content=\"image\/png\" \/>\n<meta name=\"twitter:card\" content=\"summary_large_image\" \/>\n<meta name=\"twitter:label1\" content=\"Dur\u00e9e de lecture estim\u00e9e\" \/>\n\t<meta name=\"twitter:data1\" content=\"2 minutes\" \/>\n<script type=\"application\/ld+json\" class=\"yoast-schema-graph\">{\"@context\":\"https:\/\/schema.org\",\"@graph\":[{\"@type\":\"WebPage\",\"@id\":\"https:\/\/unicoring.com\/free-resizing\/\",\"url\":\"https:\/\/unicoring.com\/free-resizing\/\",\"name\":\"Free Resizing - UniCoring\",\"isPartOf\":{\"@id\":\"https:\/\/unicoring.com\/#website\"},\"primaryImageOfPage\":{\"@id\":\"https:\/\/unicoring.com\/free-resizing\/#primaryimage\"},\"image\":{\"@id\":\"https:\/\/unicoring.com\/free-resizing\/#primaryimage\"},\"thumbnailUrl\":\"https:\/\/unicoring.com\/wp-content\/uploads\/2025\/08\/5eb2f027-9895-41be-b26b-4d6561dc048d-1024x726.png\",\"datePublished\":\"2025-08-21T04:16:09+00:00\",\"breadcrumb\":{\"@id\":\"https:\/\/unicoring.com\/free-resizing\/#breadcrumb\"},\"inLanguage\":\"fr-FR\",\"potentialAction\":[{\"@type\":\"ReadAction\",\"target\":[\"https:\/\/unicoring.com\/free-resizing\/\"]}]},{\"@type\":\"ImageObject\",\"inLanguage\":\"fr-FR\",\"@id\":\"https:\/\/unicoring.com\/free-resizing\/#primaryimage\",\"url\":\"https:\/\/unicoring.com\/wp-content\/uploads\/2025\/08\/5eb2f027-9895-41be-b26b-4d6561dc048d-1024x726.png\",\"contentUrl\":\"https:\/\/unicoring.com\/wp-content\/uploads\/2025\/08\/5eb2f027-9895-41be-b26b-4d6561dc048d-1024x726.png\"},{\"@type\":\"BreadcrumbList\",\"@id\":\"https:\/\/unicoring.com\/free-resizing\/#breadcrumb\",\"itemListElement\":[{\"@type\":\"ListItem\",\"position\":1,\"name\":\"\u9996\u9875\",\"item\":\"https:\/\/unicoring.com\/\"},{\"@type\":\"ListItem\",\"position\":2,\"name\":\"Free Resizing\"}]},{\"@type\":\"WebSite\",\"@id\":\"https:\/\/unicoring.com\/#website\",\"url\":\"https:\/\/unicoring.com\/\",\"name\":\"UniCoring\",\"description\":\"\",\"potentialAction\":[{\"@type\":\"SearchAction\",\"target\":{\"@type\":\"EntryPoint\",\"urlTemplate\":\"https:\/\/unicoring.com\/?s={search_term_string}\"},\"query-input\":{\"@type\":\"PropertyValueSpecification\",\"valueRequired\":true,\"valueName\":\"search_term_string\"}}],\"inLanguage\":\"fr-FR\"}]}<\/script>\n<!-- \/ Yoast SEO plugin. -->","yoast_head_json":{"title":"Free Resizing - UniCoring","robots":{"index":"index","follow":"follow","max-snippet":"max-snippet:-1","max-image-preview":"max-image-preview:large","max-video-preview":"max-video-preview:-1"},"canonical":"https:\/\/unicoring.com\/fr\/free-resizing\/","og_locale":"fr_FR","og_type":"article","og_title":"Free Resizing - UniCoring","og_description":"Ring resizing process and fees At UNICORING, we understand how important it is to have a ring that fits perfectly.","og_url":"https:\/\/unicoring.com\/fr\/free-resizing\/","og_site_name":"UniCoring","og_image":[{"width":1152,"height":817,"url":"https:\/\/unicoring.com\/wp-content\/uploads\/2025\/08\/5eb2f027-9895-41be-b26b-4d6561dc048d.png","type":"image\/png"}],"twitter_card":"summary_large_image","twitter_misc":{"Dur\u00e9e de lecture estim\u00e9e":"2 minutes"},"schema":{"@context":"https:\/\/schema.org","@graph":[{"@type":"WebPage","@id":"https:\/\/unicoring.com\/free-resizing\/","url":"https:\/\/unicoring.com\/free-resizing\/","name":"Free Resizing - UniCoring","isPartOf":{"@id":"https:\/\/unicoring.com\/#website"},"primaryImageOfPage":{"@id":"https:\/\/unicoring.com\/free-resizing\/#primaryimage"},"image":{"@id":"https:\/\/unicoring.com\/free-resizing\/#primaryimage"},"thumbnailUrl":"https:\/\/unicoring.com\/wp-content\/uploads\/2025\/08\/5eb2f027-9895-41be-b26b-4d6561dc048d-1024x726.png","datePublished":"2025-08-21T04:16:09+00:00","breadcrumb":{"@id":"https:\/\/unicoring.com\/free-resizing\/#breadcrumb"},"inLanguage":"fr-FR","potentialAction":[{"@type":"ReadAction","target":["https:\/\/unicoring.com\/free-resizing\/"]}]},{"@type":"ImageObject","inLanguage":"fr-FR","@id":"https:\/\/unicoring.com\/free-resizing\/#primaryimage","url":"https:\/\/unicoring.com\/wp-content\/uploads\/2025\/08\/5eb2f027-9895-41be-b26b-4d6561dc048d-1024x726.png","contentUrl":"https:\/\/unicoring.com\/wp-content\/uploads\/2025\/08\/5eb2f027-9895-41be-b26b-4d6561dc048d-1024x726.png"},{"@type":"BreadcrumbList","@id":"https:\/\/unicoring.com\/free-resizing\/#breadcrumb","itemListElement":[{"@type":"ListItem","position":1,"name":"\u9996\u9875","item":"https:\/\/unicoring.com\/"},{"@type":"ListItem","position":2,"name":"Free Resizing"}]},{"@type":"WebSite","@id":"https:\/\/unicoring.com\/#website","url":"https:\/\/unicoring.com\/","name":"UniCoring","description":"","potentialAction":[{"@type":"SearchAction","target":{"@type":"EntryPoint","urlTemplate":"https:\/\/unicoring.com\/?s={search_term_string}"},"query-input":{"@type":"PropertyValueSpecification","valueRequired":true,"valueName":"search_term_string"}}],"inLanguage":"fr-FR"}]}},"_links":{"self":[{"href":"https:\/\/unicoring.com\/fr\/wp-json\/wp\/v2\/pages\/3412","targetHints":{"allow":["GET"]}}],"collection":[{"href":"https:\/\/unicoring.com\/fr\/wp-json\/wp\/v2\/pages"}],"about":[{"href":"https:\/\/unicoring.com\/fr\/wp-json\/wp\/v2\/types\/page"}],"author":[{"embeddable":true,"href":"https:\/\/unicoring.com\/fr\/wp-json\/wp\/v2\/users\/3"}],"replies":[{"embeddable":true,"href":"https:\/\/unicoring.com\/fr\/wp-json\/wp\/v2\/comments?post=3412"}],"version-history":[{"count":1,"href":"https:\/\/unicoring.com\/fr\/wp-json\/wp\/v2\/pages\/3412\/revisions"}],"predecessor-version":[{"id":3414,"href":"https:\/\/unicoring.com\/fr\/wp-json\/wp\/v2\/pages\/3412\/revisions\/3414"}],"wp:attachment":[{"href":"https:\/\/unicoring.com\/fr\/wp-json\/wp\/v2\/media?parent=3412"}],"curies":[{"name":"wp","href":"https:\/\/api.w.org\/{rel}","templated":true}]}}