{"id":3522,"date":"2025-08-22T02:11:50","date_gmt":"2025-08-22T02:11:50","guid":{"rendered":"https:\/\/unicoring.com\/?page_id=3522"},"modified":"2025-08-22T02:11:51","modified_gmt":"2025-08-22T02:11:51","slug":"shipping-delivery","status":"publish","type":"page","link":"https:\/\/unicoring.com\/fr\/shipping-delivery\/","title":{"rendered":"Exp\u00e9dition et livraison"},"content":{"rendered":"<h2 id=\"wd-9bcf1278\" class=\"wp-block-wd-title title\">Livraison et exp\u00e9dition<\/h2>\n\n\n\n<hr class=\"wp-block-separator has-alpha-channel-opacity\"\/>\n\n\n\n<h1 id=\"wd-32f16f4a\" class=\"wp-block-wd-title title\"><strong>Livraison gratuite<\/strong><\/h1>\n\n\n\n<p>Notre objectif est de vous offrir les meilleures options d&#039;exp\u00e9dition, o\u00f9 que vous soyez dans le monde. Nous livrons gratuitement \u00e0 des centaines de clients dans le monde entier chaque jour, et UNICORING s&#039;engage \u00e0 vous offrir un service de la plus haute qualit\u00e9.<\/p>\n\n\n\n<hr class=\"wp-block-separator has-alpha-channel-opacity\"\/>\n\n\n\n<h4 class=\"wp-block-heading\"><strong><strong>Le d\u00e9lai de livraison d&#039;une commande est divis\u00e9 en deux parties :<\/strong><\/strong><\/h4>\n\n\n\n<h4 class=\"wp-block-heading\"><em><strong>Temps de traitement\u00a0<\/strong><\/em><\/h4>\n\n\n\n<h2 class=\"wp-block-heading\"><em><strong>D\u00e9lai de livraison<\/strong><\/em><\/h2>\n\n\n\n<hr class=\"wp-block-separator has-alpha-channel-opacity\"\/>\n\n\n\n<h2 id=\"wd-2e6fb494\" class=\"wp-block-wd-title title\">                                                                                             Articles en stock :<\/h2>\n\n\n\n<ul class=\"wp-block-list\">\n<li>Certains de nos articles les plus populaires sont\u00a0<strong>En stock<\/strong>\u00a0et exp\u00e9di\u00e9 sous 48 heures.<\/li>\n\n\n\n<li>Une fois votre commande exp\u00e9di\u00e9e, nous l&#039;exp\u00e9dierons gratuitement en livraison standard. Vous recevrez un e-mail de confirmation d\u00e8s son exp\u00e9dition.<\/li>\n\n\n\n<li>Pour les articles artisanaux, le d\u00e9lai de production est de 7 \u00e0 15 jours ouvr\u00e9s. Les commandes express peuvent prendre jusqu&#039;\u00e0 7 jours ouvr\u00e9s.<\/li>\n<\/ul>\n\n\n\n<hr class=\"wp-block-separator has-alpha-channel-opacity\"\/>\n\n\n\n<h2 id=\"wd-671adc28\" class=\"wp-block-wd-title title\">                                                                          <strong>D\u00e9lai de livraison et frais de livraison<\/strong><\/h2>\n\n\n\n<p>                          <\/p>\n\n\n\n<figure class=\"wp-block-table\"><table class=\"has-fixed-layout\"><tbody><tr><td><strong>Destinations<\/strong><\/td><td><strong>Options d&#039;exp\u00e9dition<\/strong><\/td><td><strong>D\u00e9lai de traitement<\/strong><\/td><td><strong>D\u00e9lai de livraison<\/strong><\/td><td><strong>Taux<\/strong><\/td><\/tr><tr><td rowspan=\"2\"><strong>Australie<\/strong><\/td><td>Standard<\/td><td>7 \u00e0 12 jours ouvrables<\/td><td>5 \u00e0 7 jours ouvrables<\/td><td>$0&nbsp;<\/td><\/tr><tr><td>acc\u00e9l\u00e9r\u00e9<\/td><td>5 \u00e0 7 jours ouvrables<\/td><td>3 \u00e0 5 jours ouvrables<\/td><td>$39.00<\/td><\/tr><tr><td rowspan=\"2\"><strong>Canada<\/strong><\/td><td>Standard<\/td><td>7 \u00e0 12 jours ouvrables<\/td><td>7 \u00e0 15 jours ouvrables<\/td><td>$0&nbsp;<\/td><\/tr><tr><td>acc\u00e9l\u00e9r\u00e9<\/td><td>3 \u00e0 5 jours ouvrables<\/td><td>5 \u00e0 8 jours ouvrables<\/td><td>$39.00<\/td><\/tr><tr><td rowspan=\"2\"><strong>Royaume-Uni<\/strong><\/td><td>Standard<\/td><td>7 \u00e0 12 jours ouvrables<\/td><td>7 \u00e0 15 jours ouvrables<\/td><td>$0&nbsp;<\/td><\/tr><tr><td>acc\u00e9l\u00e9r\u00e9<\/td><td>3 \u00e0 5 jours ouvrables<\/td><td>5 \u00e0 8 jours ouvrables<\/td><td>$39.00&nbsp;<\/td><\/tr><tr><td rowspan=\"2\"><strong>\u00c9tats-Unis<\/strong><\/td><td>Standard<\/td><td>7 \u00e0 12 jours ouvrables<\/td><td>7 \u00e0 15 jours ouvrables<\/td><td>$0&nbsp;<\/td><\/tr><tr><td>acc\u00e9l\u00e9r\u00e9<\/td><td>3 \u00e0 5 jours ouvrables<\/td><td>5 \u00e0 8 jours ouvrables<\/td><td>$39.00<\/td><\/tr><tr><td rowspan=\"2\"><strong>Nouvelle-Z\u00e9lande<\/strong><\/td><td>Standard<\/td><td>7 \u00e0 12 jours ouvrables<\/td><td>7 \u00e0 15 jours ouvrables<\/td><td>$0<\/td><\/tr><tr><td>acc\u00e9l\u00e9r\u00e9<\/td><td>3 \u00e0 5 jours ouvrables<\/td><td>5 \u00e0 8 jours ouvrables<\/td><td>$39.00<\/td><\/tr><tr><td rowspan=\"2\"><strong>France<\/strong><\/td><td>Standard<\/td><td>7 \u00e0 12 jours ouvrables<\/td><td>7 \u00e0 15 jours ouvrables<\/td><td>$0<\/td><\/tr><tr><td>acc\u00e9l\u00e9r\u00e9<\/td><td>3 \u00e0 5 jours ouvrables<\/td><td>5 \u00e0 8 jours ouvrables<\/td><td>$39.00<\/td><\/tr><tr><td rowspan=\"2\"><strong>Allemagne<\/strong><\/td><td>Standard<\/td><td>7 \u00e0 12 jours ouvrables<\/td><td>7 \u00e0 15 jours ouvrables<\/td><td>$0<\/td><\/tr><tr><td>acc\u00e9l\u00e9r\u00e9<\/td><td>3 \u00e0 5 jours ouvrables<\/td><td>4 \u00e0 7 jours ouvrables<\/td><td>$39.00<\/td><\/tr><tr><td rowspan=\"2\"><strong>Autres r\u00e9gions<\/strong><\/td><td>Standard<\/td><td>7 \u00e0 12 jours ouvrables<\/td><td>Varie<\/td><td>Varie<\/td><\/tr><tr><td>acc\u00e9l\u00e9r\u00e9<\/td><td>3 \u00e0 5 jours ouvrables<\/td><td>Varie<\/td><td>Varie<\/td><\/tr><\/tbody><\/table><\/figure>\n\n\n\n<h2 id=\"wd-9d425994\" class=\"wp-block-wd-title title\">                                                                               <strong>Politiques d&#039;exp\u00e9dition :<\/strong><\/h2>\n\n\n\n<p>Une signature est requise pour la livraison de toutes les commandes.<br>Nous exp\u00e9dions exclusivement \u00e0 des adresses professionnelles ou personnelles physiques ; les adresses de bo\u00eetes postales ne sont pas accept\u00e9es.<br>Le risque de perte et le titre de l&#039;article vous sont transf\u00e9r\u00e9s, en tant que client, d\u00e8s notre livraison au transporteur.<br>Nous ne sommes pas responsables des retards d&#039;exp\u00e9dition caus\u00e9s par des intemp\u00e9ries, des retards du transporteur ou des informations d&#039;adresse incorrectes.<\/p>\n\n\n\n<hr class=\"wp-block-separator has-alpha-channel-opacity\"\/>\n\n\n\n<h2 class=\"wp-block-heading\"><strong>Avis de non-responsabilit\u00e9 concernant les adresses erron\u00e9es\u00a0:<\/strong><\/h2>\n\n\n\n<p>Il est de la responsabilit\u00e9 de l&#039;acheteur de s&#039;assurer que l&#039;adresse de livraison est correcte. Nous d\u00e9clinons toute responsabilit\u00e9 en cas de retour d&#039;un colis suite \u00e0 une adresse incorrecte ou non livrable. Veuillez nous contacter \u00e0 l&#039;adresse suivante\u00a0:\u00a0<em>service@unicoring.com<\/em>\u00a0imm\u00e9diatement si vous devez modifier votre adresse de livraison apr\u00e8s avoir pass\u00e9 votre commande.<\/p>\n\n\n\n<hr class=\"wp-block-separator has-alpha-channel-opacity\"\/>\n\n\n\n<h2 id=\"wd-e3902eaf\" class=\"wp-block-wd-title title\">                                                                                <strong>Droits et taxes :<\/strong><\/h2>\n\n\n\n<ul class=\"wp-block-list\">\n<li>\u00c9tats-Unis : les droits et taxes sont factur\u00e9s en fonction de votre r\u00e9gion.<\/li>\n\n\n\n<li>Australie, Canada, Royaume-Uni et Europe : Les commandes peuvent \u00eatre soumises \u00e0 des droits et taxes, qui sont \u00e0 la charge du client.<\/li>\n\n\n\n<li>International\u00a0: Les commandes peuvent \u00eatre soumises \u00e0 des droits et taxes, dont le client est responsable. Veuillez noter qu&#039;UNICORING n&#039;a aucun contr\u00f4le sur ces frais, qui varient selon les pays. Contactez votre bureau de douane local pour plus d&#039;informations.<\/li>\n<\/ul>\n\n\n\n<hr class=\"wp-block-separator has-alpha-channel-opacity\"\/>\n\n\n\n<p id=\"wd-477f0aa8\" class=\"wp-block-wd-paragraph\"><strong>Suivi d&#039;une commande :<\/strong><\/p>\n\n\n\n<p id=\"wd-c06dc519\" class=\"wp-block-wd-paragraph\">Vous recevrez un e-mail avec un num\u00e9ro de suivi une fois votre commande exp\u00e9di\u00e9e.\u00a0<a href=\"https:\/\/taylorkom.com\/tools\/order-tracking\">Suivez votre commande<\/a>\u00a0\u00e0\u00a0<a href=\"https:\/\/auspost.com.au\/\">AUS POST<\/a>,\u00a0<a href=\"https:\/\/taylorkom.com\/pages\/www.dhl.com\">www.dhl.com<\/a>,ou\u00a0<a href=\"https:\/\/taylorkom.com\/pages\/www.usps.com\">www.usps.com<\/a>Pour une assistance suppl\u00e9mentaire, n&#039;h\u00e9sitez pas \u00e0 nous envoyer un message et nous serons heureux de vous aider \u00e0 le suivre.<\/p>\n\n\n\n<h4 id=\"wd-d6b51b27\" class=\"wp-block-wd-title title\"><strong>Exp\u00e9dition et production \u00e0 Hong Kong<\/strong><\/h4>\n\n\n\n<ul class=\"wp-block-list\">\n<li>En cas de volumes de commandes \u00e9lev\u00e9s,\u00a0<strong>10% de commandes<\/strong>\u00a0peuvent \u00eatre trait\u00e9es dans notre\u00a0<strong>succursale de Hong Kong<\/strong>. Le\u00a0<strong>normes de qualit\u00e9<\/strong>\u00a0restent les m\u00eames, mais certains articles peuvent \u00eatre exp\u00e9di\u00e9s depuis Hong Kong pour un traitement plus rapide.\n<ul class=\"wp-block-list\">\n<li><strong>Note<\/strong>:Les articles exp\u00e9di\u00e9s depuis Hong Kong suivront toujours les m\u00eames\u00a0<strong>politiques d&#039;exp\u00e9dition<\/strong>\u00a0comme indiqu\u00e9 ci-dessus.<\/li>\n<\/ul>\n<\/li>\n<\/ul>\n\n\n\n<p><\/p>","protected":false},"excerpt":{"rendered":"<p>Our goal is to provide you with the best shipping options, no matter where you are in the world. We<\/p>","protected":false},"author":3,"featured_media":0,"parent":0,"menu_order":0,"comment_status":"closed","ping_status":"closed","template":"","meta":{"footnotes":""},"class_list":["post-3522","page","type-page","status-publish","hentry"],"yoast_head":"<!-- This site is optimized with the Yoast SEO plugin v25.7 - https:\/\/yoast.com\/wordpress\/plugins\/seo\/ -->\n<title>Shipping &amp; Delivery - UniCoring<\/title>\n<meta name=\"robots\" content=\"index, follow, max-snippet:-1, max-image-preview:large, max-video-preview:-1\" \/>\n<link rel=\"canonical\" href=\"https:\/\/unicoring.com\/fr\/shipping-delivery\/\" \/>\n<meta property=\"og:locale\" content=\"fr_FR\" \/>\n<meta property=\"og:type\" content=\"article\" \/>\n<meta property=\"og:title\" content=\"Shipping &amp; Delivery - UniCoring\" \/>\n<meta property=\"og:description\" content=\"Our goal is to provide you with the best shipping options, no matter where you are in the world. We\" \/>\n<meta property=\"og:url\" content=\"https:\/\/unicoring.com\/fr\/shipping-delivery\/\" \/>\n<meta property=\"og:site_name\" content=\"UniCoring\" \/>\n<meta property=\"article:modified_time\" content=\"2025-08-22T02:11:51+00:00\" \/>\n<meta name=\"twitter:card\" content=\"summary_large_image\" \/>\n<meta name=\"twitter:label1\" content=\"Dur\u00e9e de lecture estim\u00e9e\" \/>\n\t<meta name=\"twitter:data1\" content=\"3 minutes\" \/>\n<script type=\"application\/ld+json\" class=\"yoast-schema-graph\">{\"@context\":\"https:\/\/schema.org\",\"@graph\":[{\"@type\":\"WebPage\",\"@id\":\"https:\/\/unicoring.com\/shipping-delivery\/\",\"url\":\"https:\/\/unicoring.com\/shipping-delivery\/\",\"name\":\"Shipping &amp; Delivery - UniCoring\",\"isPartOf\":{\"@id\":\"https:\/\/unicoring.com\/#website\"},\"datePublished\":\"2025-08-22T02:11:50+00:00\",\"dateModified\":\"2025-08-22T02:11:51+00:00\",\"breadcrumb\":{\"@id\":\"https:\/\/unicoring.com\/shipping-delivery\/#breadcrumb\"},\"inLanguage\":\"fr-FR\",\"potentialAction\":[{\"@type\":\"ReadAction\",\"target\":[\"https:\/\/unicoring.com\/shipping-delivery\/\"]}]},{\"@type\":\"BreadcrumbList\",\"@id\":\"https:\/\/unicoring.com\/shipping-delivery\/#breadcrumb\",\"itemListElement\":[{\"@type\":\"ListItem\",\"position\":1,\"name\":\"\u9996\u9875\",\"item\":\"https:\/\/unicoring.com\/\"},{\"@type\":\"ListItem\",\"position\":2,\"name\":\"Shipping &amp; Delivery\"}]},{\"@type\":\"WebSite\",\"@id\":\"https:\/\/unicoring.com\/#website\",\"url\":\"https:\/\/unicoring.com\/\",\"name\":\"UniCoring\",\"description\":\"\",\"potentialAction\":[{\"@type\":\"SearchAction\",\"target\":{\"@type\":\"EntryPoint\",\"urlTemplate\":\"https:\/\/unicoring.com\/?s={search_term_string}\"},\"query-input\":{\"@type\":\"PropertyValueSpecification\",\"valueRequired\":true,\"valueName\":\"search_term_string\"}}],\"inLanguage\":\"fr-FR\"}]}<\/script>\n<!-- \/ Yoast SEO plugin. -->","yoast_head_json":{"title":"Shipping &amp; Delivery - UniCoring","robots":{"index":"index","follow":"follow","max-snippet":"max-snippet:-1","max-image-preview":"max-image-preview:large","max-video-preview":"max-video-preview:-1"},"canonical":"https:\/\/unicoring.com\/fr\/shipping-delivery\/","og_locale":"fr_FR","og_type":"article","og_title":"Shipping &amp; Delivery - UniCoring","og_description":"Our goal is to provide you with the best shipping options, no matter where you are in the world. We","og_url":"https:\/\/unicoring.com\/fr\/shipping-delivery\/","og_site_name":"UniCoring","article_modified_time":"2025-08-22T02:11:51+00:00","twitter_card":"summary_large_image","twitter_misc":{"Dur\u00e9e de lecture estim\u00e9e":"3 minutes"},"schema":{"@context":"https:\/\/schema.org","@graph":[{"@type":"WebPage","@id":"https:\/\/unicoring.com\/shipping-delivery\/","url":"https:\/\/unicoring.com\/shipping-delivery\/","name":"Shipping &amp; Delivery - UniCoring","isPartOf":{"@id":"https:\/\/unicoring.com\/#website"},"datePublished":"2025-08-22T02:11:50+00:00","dateModified":"2025-08-22T02:11:51+00:00","breadcrumb":{"@id":"https:\/\/unicoring.com\/shipping-delivery\/#breadcrumb"},"inLanguage":"fr-FR","potentialAction":[{"@type":"ReadAction","target":["https:\/\/unicoring.com\/shipping-delivery\/"]}]},{"@type":"BreadcrumbList","@id":"https:\/\/unicoring.com\/shipping-delivery\/#breadcrumb","itemListElement":[{"@type":"ListItem","position":1,"name":"\u9996\u9875","item":"https:\/\/unicoring.com\/"},{"@type":"ListItem","position":2,"name":"Shipping &amp; Delivery"}]},{"@type":"WebSite","@id":"https:\/\/unicoring.com\/#website","url":"https:\/\/unicoring.com\/","name":"UniCoring","description":"","potentialAction":[{"@type":"SearchAction","target":{"@type":"EntryPoint","urlTemplate":"https:\/\/unicoring.com\/?s={search_term_string}"},"query-input":{"@type":"PropertyValueSpecification","valueRequired":true,"valueName":"search_term_string"}}],"inLanguage":"fr-FR"}]}},"_links":{"self":[{"href":"https:\/\/unicoring.com\/fr\/wp-json\/wp\/v2\/pages\/3522","targetHints":{"allow":["GET"]}}],"collection":[{"href":"https:\/\/unicoring.com\/fr\/wp-json\/wp\/v2\/pages"}],"about":[{"href":"https:\/\/unicoring.com\/fr\/wp-json\/wp\/v2\/types\/page"}],"author":[{"embeddable":true,"href":"https:\/\/unicoring.com\/fr\/wp-json\/wp\/v2\/users\/3"}],"replies":[{"embeddable":true,"href":"https:\/\/unicoring.com\/fr\/wp-json\/wp\/v2\/comments?post=3522"}],"version-history":[{"count":1,"href":"https:\/\/unicoring.com\/fr\/wp-json\/wp\/v2\/pages\/3522\/revisions"}],"predecessor-version":[{"id":3524,"href":"https:\/\/unicoring.com\/fr\/wp-json\/wp\/v2\/pages\/3522\/revisions\/3524"}],"wp:attachment":[{"href":"https:\/\/unicoring.com\/fr\/wp-json\/wp\/v2\/media?parent=3522"}],"curies":[{"name":"wp","href":"https:\/\/api.w.org\/{rel}","templated":true}]}}