{"id":3526,"date":"2025-08-22T03:07:53","date_gmt":"2025-08-22T03:07:53","guid":{"rendered":"https:\/\/unicoring.com\/?page_id=3526"},"modified":"2025-08-22T03:07:55","modified_gmt":"2025-08-22T03:07:55","slug":"privacy-policy-2","status":"publish","type":"page","link":"https:\/\/unicoring.com\/fr\/privacy-policy-2\/","title":{"rendered":"politique de confidentialit\u00e9"},"content":{"rendered":"<p id=\"wd-f2bb4a80\" class=\"wp-block-wd-paragraph\">D\u00e9claration de confidentialit\u00e9<br>Derni\u00e8re modification\u00a0: [9 mai 2025]<\/p>\n\n\n\n<p id=\"wd-dc5cb95c\" class=\"wp-block-wd-paragraph\">Nous prenons votre vie priv\u00e9e tr\u00e8s au s\u00e9rieux. Cette d\u00e9claration de confidentialit\u00e9 explique comment unicoring.com (collectivement \u00ab\u00a0UNICORING\u00a0\u00bb, \u00ab\u00a0nous\u00a0\u00bb, \u00ab\u00a0notre\u00a0\u00bb ou \u00ab\u00a0nos\u00a0\u00bb) collecte, utilise, partage et traite vos informations.<\/p>\n\n\n\n<hr class=\"wp-block-separator has-alpha-channel-opacity\"\/>\n\n\n\n<p>Veuillez lire attentivement cette Politique de confidentialit\u00e9. En utilisant et en acc\u00e9dant aux Services, vous consentez \u00e0 la collecte, \u00e0 l&#039;utilisation et \u00e0 la divulgation de vos informations conform\u00e9ment \u00e0 la pr\u00e9sente Politique de confidentialit\u00e9. Si vous n&#039;acceptez pas cette Politique de confidentialit\u00e9, veuillez ne pas utiliser ni acc\u00e9der aux Services.<\/p>\n\n\n\n<h3 id=\"wd-28f50a75\" class=\"wp-block-wd-title title\">Collecte et utilisation des donn\u00e9es personnelles<\/h3>\n\n\n\n<p id=\"wd-f1bbb4c5\" class=\"wp-block-wd-paragraph\">Chez UNICORING, nous collectons des informations directement aupr\u00e8s de vous lors de vos diff\u00e9rentes interactions avec nos services. Cela inclut la cr\u00e9ation d&#039;un compte, la mise \u00e0 jour de votre profil, l&#039;acc\u00e8s \u00e0 nos contenus, les achats, la participation \u00e0 des promotions, la prise de contact avec le service client ou la candidature \u00e0 un emploi. Nous pouvons faire appel \u00e0 des prestataires de services pour collecter ces donn\u00e9es.<\/p>\n\n\n\n<p>Les informations que nous collectons englobent diff\u00e9rentes cat\u00e9gories pouvant vous \u00eatre directement ou indirectement li\u00e9es. Voici un aper\u00e7u des types d&#039;informations que nous collectons\u00a0:<\/p>\n\n\n\n<ul class=\"wp-block-list\">\n<li><strong>Coordonn\u00e9es<\/strong>:Cela inclut votre nom complet, votre adresse e-mail, votre adresse postale, votre num\u00e9ro de t\u00e9l\u00e9phone et des coordonn\u00e9es similaires.<br><strong>Informations d&#039;identification<\/strong>:Nous collectons des mots de passe et d&#039;autres informations d&#039;authentification pour l&#039;acc\u00e8s au compte.<br><strong>Donn\u00e9es d\u00e9mographiques<\/strong>:Des informations telles que l\u2019\u00e2ge, le sexe et le pays.<br><strong>Donn\u00e9es de paiement<\/strong>Informations n\u00e9cessaires au traitement des paiements, telles que les num\u00e9ros de carte de cr\u00e9dit, les codes de s\u00e9curit\u00e9 et les dates d&#039;expiration. Nous ne conservons pas ces donn\u00e9es apr\u00e8s la transaction.<br><strong>Donn\u00e9es de profil<\/strong>: Vos centres d&#039;int\u00e9r\u00eat, favoris, listes de souhaits, pr\u00e9f\u00e9rences de taille de bague et autres informations li\u00e9es \u00e0 votre profil.<br><strong>Contacts<\/strong>: Informations sur vos contacts, utilis\u00e9es pour r\u00e9pondre \u00e0 vos demandes, comme le partage des d\u00e9tails du produit avec des amis.<br><strong>Contenu<\/strong>:Messages, commentaires, avis sur les produits, questions au support client ou autre contenu que vous g\u00e9n\u00e9rez sur nos plateformes, y compris les r\u00e9seaux sociaux.<br><strong>Donn\u00e9es sur l&#039;emploi<\/strong>:Informations n\u00e9cessaires pour les candidatures \u00e0 un emploi, telles que les ant\u00e9c\u00e9dents professionnels, les CV, les relev\u00e9s de notes et les r\u00e9f\u00e9rences.<br><strong>Donn\u00e9es d&#039;identification du gouvernement<\/strong>:Informations d\u2019identification personnelle fournies \u00e0 des fins de pr\u00e9vention de la fraude ou de d\u00e9claration fiscale.<br>En outre, vous pouvez volontairement nous soumettre d\u2019autres informations, dont vous \u00eates seul responsable.<\/li>\n<\/ul>\n\n\n\n<h5 class=\"wp-block-heading\">Remarque : Pour toute utilisation des donn\u00e9es d\u00e9crite ci-dessus n\u00e9cessitant votre consentement expr\u00e8s pr\u00e9alable, veuillez noter que vous pouvez retirer votre consentement en contactant unicoring.com.<\/h5>\n\n\n\n<hr class=\"wp-block-separator has-alpha-channel-opacity\"\/>\n\n\n\n<h3 id=\"wd-15170145\" class=\"wp-block-wd-title title\">Cookies et technologies similaires<\/h3>\n\n\n\n<p id=\"wd-9eb34a38\" class=\"wp-block-wd-paragraph\">Cette d\u00e9claration sur les cookies s&#039;applique \u00e0 tous les affili\u00e9s, marques, sites Web, produits et services d&#039;unicoring.com (collectivement, \u00ab UNICORING \u00bb, \u00ab nous \u00bb, \u00ab notre \u00bb ou \u00ab nos \u00bb) et explique comment nous utilisons les cookies sur nos sites Web et services en ligne et les choix dont vous disposez.<\/p>\n\n\n\n<p id=\"wd-cee37cb8\" class=\"wp-block-wd-paragraph\">D\u00e9finition de \u00ab Cookies \u00bb<br>Les cookies sont de petits fichiers texte utilis\u00e9s pour stocker des informations sur les navigateurs web. Ils sont largement utilis\u00e9s pour stocker et recevoir des identifiants et autres informations sur les ordinateurs, t\u00e9l\u00e9phones et autres appareils. Nous utilisons \u00e9galement d&#039;autres technologies, notamment les donn\u00e9es que nous stockons sur votre navigateur web ou votre appareil, les identifiants associ\u00e9s \u00e0 votre appareil et d&#039;autres logiciels, \u00e0 des fins similaires. Dans la pr\u00e9sente D\u00e9claration relative aux cookies, nous d\u00e9signons toutes ces technologies par le terme \u00ab\u00a0cookies\u00a0\u00bb.<\/p>\n\n\n\n<p id=\"wd-0f7d7b7f\" class=\"wp-block-wd-paragraph\">Utilisation des cookies<br>Nous utilisons des cookies pour fournir, prot\u00e9ger et am\u00e9liorer nos produits et services, notamment en personnalisant le contenu, en proposant et en mesurant les publicit\u00e9s, en comprenant le comportement des utilisateurs et en offrant une exp\u00e9rience plus s\u00fbre. Veuillez noter que les cookies sp\u00e9cifiques que nous pouvons utiliser varient en fonction des sites web et des services que vous utilisez.<\/p>\n\n\n\n<hr class=\"wp-block-separator has-alpha-channel-opacity\"\/>\n\n\n\n<p id=\"wd-c2c7512b\" class=\"wp-block-wd-paragraph\"><strong>Informations provenant d&#039;autres sources<\/strong><\/p>\n\n\n\n<p id=\"wd-5ed103f7\" class=\"wp-block-wd-paragraph\">Nous obtenons \u00e9galement des informations aupr\u00e8s de sources externes pour compl\u00e9ter les donn\u00e9es que vous nous fournissez. Ces sources incluent des courtiers en donn\u00e9es, des r\u00e9seaux sociaux, des bailleurs de fonds, des partenaires de co-branding, des agences de publicit\u00e9 et des bases de donn\u00e9es publiques.<\/p>\n\n\n\n<p id=\"wd-842cf38a\" class=\"wp-block-wd-paragraph\"><strong>Utilisation des informations<\/strong><\/p>\n\n\n\n<p id=\"wd-bae2f9d7\" class=\"wp-block-wd-paragraph\">Les informations collect\u00e9es servent \u00e0 diverses fins commerciales et professionnelles, notamment :<\/p>\n\n\n\n<ul class=\"wp-block-list\">\n<li>Gestion de nos services, y compris les inscriptions, les comptes et les transactions.<\/li>\n\n\n\n<li>Fournir les services demand\u00e9s, traiter les commandes et offrir un support client.<\/li>\n\n\n\n<li>Envoi de notifications, de mises \u00e0 jour, d&#039;alertes de s\u00e9curit\u00e9 et de messages administratifs.<\/li>\n\n\n\n<li>Pr\u00e9venir les activit\u00e9s ill\u00e9gales et la fraude, et surveiller les tendances et les activit\u00e9s.<\/li>\n\n\n\n<li>R\u00e9aliser des enqu\u00eates, des recherches et am\u00e9liorer les efforts de marketing et les offres de produits.<\/li>\n\n\n\n<li>Envoi de communications de marketing direct et de publicit\u00e9s.<\/li>\n\n\n\n<li>V\u00e9rification de l&#039;\u00e9ligibilit\u00e9 et remise des prix pour les promotions.<\/li>\n\n\n\n<li>Fournir et diffuser des publicit\u00e9s sur nos plateformes et au-del\u00e0.<\/li>\n\n\n\n<li>Se conformer aux obligations l\u00e9gales et atteindre les objectifs commerciaux divulgu\u00e9s.<\/li>\n<\/ul>\n\n\n\n<hr class=\"wp-block-separator has-alpha-channel-opacity\"\/>\n\n\n\n<p id=\"wd-b8e2408c\" class=\"wp-block-wd-paragraph\"><strong>Partage d&#039;informations<\/strong><\/p>\n\n\n\n<p id=\"wd-24f4a08d\" class=\"wp-block-wd-paragraph\">Nous partageons vos informations avec diverses entit\u00e9s aux fins d\u00e9crites ci-dessus, notamment :<\/p>\n\n\n\n<ul class=\"wp-block-list\">\n<li>Fournisseurs de services, entit\u00e9s li\u00e9es et soci\u00e9t\u00e9s affili\u00e9es.<\/li>\n\n\n\n<li>Organisateurs d&#039;\u00e9v\u00e9nements sp\u00e9ciaux, plateformes de r\u00e9troaction et facilitateurs de demandes.<\/li>\n\n\n\n<li>Fournisseurs, compagnies maritimes, prestataires de services financiers et partenaires technologiques.<\/li>\n\n\n\n<li>Lors de transferts d&#039;entreprise, de fusions, d&#039;acquisitions ou en conformit\u00e9 avec les exigences l\u00e9gales en mati\u00e8re de protection contre la fraude et d&#039;application de la loi.<\/li>\n<\/ul>\n\n\n\n<p id=\"wd-7274a266\" class=\"wp-block-wd-paragraph\"><strong>S\u00e9curit\u00e9, conformit\u00e9 \u00e0 la loi et protection contre la fraude<\/strong><\/p>\n\n\n\n<p id=\"wd-310759f5\" class=\"wp-block-wd-paragraph\">Nous accordons la priorit\u00e9 \u00e0 la s\u00e9curit\u00e9 et au respect des lois et r\u00e9glementations en vigueur. Nous divulguons des informations lorsque cela est n\u00e9cessaire pour enqu\u00eater sur des activit\u00e9s ill\u00e9gales, pr\u00e9venir la fraude ou prot\u00e9ger les droits, la propri\u00e9t\u00e9 et la s\u00e9curit\u00e9 de nos utilisateurs et de la communaut\u00e9.<\/p>\n\n\n\n<hr class=\"wp-block-separator has-alpha-channel-opacity\"\/>\n\n\n\n<h2 class=\"wp-block-heading\"><strong>Enfants<\/strong><\/h2>\n\n\n\n<p>Enfants\u00a0: Nos produits et services sont destin\u00e9s aux adultes. Par cons\u00e9quent, nous ne collectons, n&#039;utilisons ni ne divulguons sciemment de donn\u00e9es personnelles d&#039;enfants de moins de 16\u00a0ans. Si nous constatons que nous avons collect\u00e9 des donn\u00e9es personnelles d&#039;un enfant de moins de 16\u00a0ans (ou n&#039;ayant pas atteint l&#039;\u00e2ge minimum requis par la juridiction), nous prendrons les mesures n\u00e9cessaires pour les supprimer dans les meilleurs d\u00e9lais. Si vous constatez qu&#039;un enfant de moins de 16\u00a0ans nous a fourni des donn\u00e9es personnelles, veuillez nous contacter imm\u00e9diatement.<\/p>\n\n\n\n<p id=\"wd-915d2126\" class=\"wp-block-wd-paragraph\"><strong>Autres sites Web et services tiers<\/strong><\/p>\n\n\n\n<p id=\"wd-e03eed5b\" class=\"wp-block-wd-paragraph\">Notre Service propose des liens vers des sites web, des emplacements, des plateformes et des services exploit\u00e9s et d\u00e9tenus par des tiers, qui \u00e9chappent \u00e0 notre contr\u00f4le et ne sont pas couverts par la pr\u00e9sente Politique de confidentialit\u00e9. Nous vous encourageons \u00e0 consulter les politiques de confidentialit\u00e9 publi\u00e9es sur ces sites web et services (et sur tous les autres). Des technologies de suivi peuvent \u00eatre utilis\u00e9es sur des sites web et services non affili\u00e9s pour collecter ind\u00e9pendamment des informations vous concernant et vous solliciter. Les informations collect\u00e9es et stock\u00e9es par des tiers, que ce soit via notre Service, leurs services ou leurs Fonctionnalit\u00e9s Sociales (d\u00e9finies ci-dessous), restent soumises \u00e0 leurs propres politiques et pratiques, notamment concernant les informations qu&#039;ils partagent avec nous, vos droits et choix sur leurs services et appareils, et leur localisation aux \u00c9tats-Unis ou ailleurs. Nous vous encourageons \u00e0 consulter leurs politiques de confidentialit\u00e9 et conditions d&#039;utilisation.<\/p>\n\n\n\n<p id=\"wd-0d9f76c6\" class=\"wp-block-wd-paragraph\"><strong>VOS DROITS ET VOS CHOIX<\/strong><\/p>\n\n\n\n<p id=\"wd-60205ce7\" class=\"wp-block-wd-paragraph\"><strong>Informations que vous fournissez<\/strong><\/p>\n\n\n\n<p id=\"wd-74865161\" class=\"wp-block-wd-paragraph\">Vous pouvez choisir de fournir ou non des informations sur ce site. Cependant, si vous choisissez de ne pas divulguer certaines informations, vous pourriez ne pas pouvoir vous inscrire comme utilisateur de ce site, ce qui pourrait limiter votre acc\u00e8s \u00e0 certaines parties de ce site.<\/p>\n\n\n\n<p id=\"wd-95809633\" class=\"wp-block-wd-paragraph\"><strong>D\u00e9sinscription par e-mail<\/strong><\/p>\n\n\n\n<p id=\"wd-e192e5f8\" class=\"wp-block-wd-paragraph\">Tous nos e-mails marketing incluent un lien pour vous d\u00e9sabonner. Les utilisateurs inscrits sur le Site peuvent \u00e9galement se connecter \u00e0 la rubrique \u00ab\u00a0Mon Compte\u00a0\u00bb pour modifier leurs pr\u00e9f\u00e9rences de messagerie. Nous traiterons votre demande de d\u00e9sabonnement dans les meilleurs d\u00e9lais. Des campagnes promotionnelles par e-mail sont peut-\u00eatre en cours et vous pourriez continuer \u00e0 recevoir des e-mails de notre part pendant quelques jours. Nous avons besoin d&#039;un d\u00e9lai maximum de quatorze jours pour traiter votre demande de d\u00e9sabonnement. Pass\u00e9 ce d\u00e9lai, vous ne recevrez plus d&#039;e-mails marketing d&#039;UNICORING. Vous pourrez n\u00e9anmoins continuer \u00e0 recevoir des e-mails concernant vos transactions, par exemple pour confirmer que vous avez pass\u00e9 une commande ou qu&#039;un produit a \u00e9t\u00e9 exp\u00e9di\u00e9.<\/p>\n\n\n\n<hr class=\"wp-block-separator has-alpha-channel-opacity\"\/>\n\n\n\n<h3 id=\"wd-9e54b5d2\" class=\"wp-block-wd-title title\">programme de messagerie ext<\/h3>\n\n\n\n<p id=\"wd-e80f4a66\" class=\"wp-block-wd-paragraph\">1. Inscription. Si vous vous inscrivez \u00e0 notre programme de messagerie texte (SMS), il vous sera demand\u00e9 de consentir express\u00e9ment \u2013 mat\u00e9rialis\u00e9 par la fourniture de votre num\u00e9ro de t\u00e9l\u00e9phone portable, d&#039;un ou plusieurs mots cl\u00e9s sp\u00e9cifi\u00e9s, ou d&#039;un SMS ou autre message texte de confirmation \u2013 \u00e0 recevoir des messages marketing automatis\u00e9s r\u00e9currents. Nous ou nos fournisseurs pouvons envoyer ces messages au num\u00e9ro de t\u00e9l\u00e9phone portable que vous avez fourni lors de votre inscription. Ce consentement n&#039;est pas une condition d&#039;utilisation de nos Services et peut \u00eatre retir\u00e9 \u00e0 tout moment en utilisant le m\u00e9canisme de d\u00e9sinscription sp\u00e9cifi\u00e9 au point 2 ou en nous contactant de toute autre mani\u00e8re.<\/p>\n\n\n\n<p id=\"wd-9928dcee\" class=\"wp-block-wd-paragraph\">2. D\u00e9sinscription. Vous pouvez vous d\u00e9sinscrire de la r\u00e9ception de SMS en cliquant sur le lien de d\u00e9sinscription pr\u00e9sent dans chaque SMS re\u00e7u via notre service de messagerie.<\/p>\n\n\n\n<p id=\"wd-c7b2a447\" class=\"wp-block-wd-paragraph\">3. Votre forfait mobile. Comme toujours, des frais de messagerie et de donn\u00e9es peuvent s&#039;appliquer \u00e0 tous les messages que vous recevez et que vous recevez. Pour toute question concernant votre forfait SMS ou donn\u00e9es, il est pr\u00e9f\u00e9rable de contacter votre op\u00e9rateur mobile.<\/p>\n\n\n\n<p id=\"wd-b3018d75\" class=\"wp-block-wd-paragraph\">4. Vos obligations concernant votre num\u00e9ro de t\u00e9l\u00e9phone. Vous d\u00e9clarez \u00eatre le titulaire du compte ou l&#039;utilisateur habituel du num\u00e9ro de t\u00e9l\u00e9phone mobile que vous avez fourni lors de votre inscription \u00e0 notre programme de messagerie texte. Si vous modifiez ou d\u00e9sactivez ce num\u00e9ro, vous \u00eates tenu de nous en informer imm\u00e9diatement via le Centre de confidentialit\u00e9. Ni nous, ni nos fournisseurs, ni aucun op\u00e9rateur mobile ne sommes responsables des messages retard\u00e9s ou non d\u00e9livr\u00e9s. Vous acceptez de nous indemniser int\u00e9gralement pour toutes r\u00e9clamations, d\u00e9penses et dommages li\u00e9s ou caus\u00e9s, en tout ou en partie, par votre omission de nous informer de votre changement de num\u00e9ro de t\u00e9l\u00e9phone.<\/p>\n\n\n\n<p id=\"wd-e5bd649e\" class=\"wp-block-wd-paragraph\">5. Participation sujette \u00e0 r\u00e9siliation ou modification. Nous pouvons suspendre ou interrompre la r\u00e9ception de nos messages marketing automatis\u00e9s si nous estimons que vous ne respectez pas les pr\u00e9sentes Conditions. La r\u00e9ception de ces messages est \u00e9galement sujette \u00e0 r\u00e9siliation en cas de r\u00e9siliation ou d&#039;interruption de votre service de t\u00e9l\u00e9phonie mobile. Nous nous r\u00e9servons le droit de modifier ou d&#039;interrompre, temporairement ou d\u00e9finitivement, tout ou partie de ces messages, avec ou sans pr\u00e9avis.<\/p>\n\n\n\n<hr class=\"wp-block-separator has-alpha-channel-opacity\"\/>\n\n\n\n<h3 id=\"wd-fbbecf31\" class=\"wp-block-wd-title title\">Modifications apport\u00e9es \u00e0 la pr\u00e9sente d\u00e9claration de confidentialit\u00e9<\/h3>\n\n\n\n<p>Nous pouvons \u00eatre amen\u00e9s \u00e0 modifier p\u00e9riodiquement cette D\u00e9claration de confidentialit\u00e9 afin de nous adapter aux nouvelles technologies, aux pratiques du secteur et aux exigences r\u00e9glementaires, entre autres. Votre utilisation continue de nos produits et services apr\u00e8s la date d&#039;entr\u00e9e en vigueur de la D\u00e9claration de confidentialit\u00e9 implique votre acceptation de la D\u00e9claration de confidentialit\u00e9 r\u00e9vis\u00e9e. Si vous n&#039;acceptez pas la D\u00e9claration de confidentialit\u00e9 r\u00e9vis\u00e9e, veuillez vous abstenir d&#039;utiliser nos produits ou services et\u00a0<a href=\"https:\/\/unicoring.com\/fr\/contact-us\/\">Contactez-nous<\/a>\u00a0pour fermer tout compte que vous avez pu cr\u00e9er.<\/p>\n\n\n\n<hr class=\"wp-block-separator has-alpha-channel-opacity\"\/>\n\n\n\n<h3 id=\"wd-f82f1d51\" class=\"wp-block-wd-title title\">Contactez-nous<\/h3>\n\n\n\n<p id=\"wd-aef8f102\" class=\"wp-block-wd-paragraph\">Si vous avez des questions sur cette d\u00e9claration de confidentialit\u00e9 ou sa mise en \u0153uvre, vous pouvez nous contacter \u00e0 l&#039;adresse suivante :<br>Concernant l&#039;utilisation de vos donn\u00e9es personnelles pour fournir les produits et services que vous demandez : service@unicoring.com<\/p>","protected":false},"excerpt":{"rendered":"<p>Please read this Privacy Policy carefully. By using and accessing any of the Services, you consent to the collection, use,<\/p>","protected":false},"author":3,"featured_media":0,"parent":0,"menu_order":0,"comment_status":"closed","ping_status":"closed","template":"","meta":{"footnotes":""},"class_list":["post-3526","page","type-page","status-publish","hentry"],"yoast_head":"<!-- This site is optimized with the Yoast SEO plugin v25.7 - https:\/\/yoast.com\/wordpress\/plugins\/seo\/ -->\n<title>Privacy Policy - UniCoring<\/title>\n<meta name=\"robots\" content=\"index, follow, max-snippet:-1, max-image-preview:large, max-video-preview:-1\" \/>\n<link rel=\"canonical\" href=\"https:\/\/unicoring.com\/fr\/privacy-policy-2\/\" \/>\n<meta property=\"og:locale\" content=\"fr_FR\" \/>\n<meta property=\"og:type\" content=\"article\" \/>\n<meta property=\"og:title\" content=\"Privacy Policy - UniCoring\" \/>\n<meta property=\"og:description\" content=\"Please read this Privacy Policy carefully. By using and accessing any of the Services, you consent to the collection, use,\" \/>\n<meta property=\"og:url\" content=\"https:\/\/unicoring.com\/fr\/privacy-policy-2\/\" \/>\n<meta property=\"og:site_name\" content=\"UniCoring\" \/>\n<meta property=\"article:modified_time\" content=\"2025-08-22T03:07:55+00:00\" \/>\n<meta name=\"twitter:card\" content=\"summary_large_image\" \/>\n<meta name=\"twitter:label1\" content=\"Dur\u00e9e de lecture estim\u00e9e\" \/>\n\t<meta name=\"twitter:data1\" content=\"7 minutes\" \/>\n<script type=\"application\/ld+json\" class=\"yoast-schema-graph\">{\"@context\":\"https:\/\/schema.org\",\"@graph\":[{\"@type\":\"WebPage\",\"@id\":\"https:\/\/unicoring.com\/privacy-policy-2\/\",\"url\":\"https:\/\/unicoring.com\/privacy-policy-2\/\",\"name\":\"Privacy Policy - UniCoring\",\"isPartOf\":{\"@id\":\"https:\/\/unicoring.com\/#website\"},\"datePublished\":\"2025-08-22T03:07:53+00:00\",\"dateModified\":\"2025-08-22T03:07:55+00:00\",\"breadcrumb\":{\"@id\":\"https:\/\/unicoring.com\/privacy-policy-2\/#breadcrumb\"},\"inLanguage\":\"fr-FR\",\"potentialAction\":[{\"@type\":\"ReadAction\",\"target\":[\"https:\/\/unicoring.com\/privacy-policy-2\/\"]}]},{\"@type\":\"BreadcrumbList\",\"@id\":\"https:\/\/unicoring.com\/privacy-policy-2\/#breadcrumb\",\"itemListElement\":[{\"@type\":\"ListItem\",\"position\":1,\"name\":\"\u9996\u9875\",\"item\":\"https:\/\/unicoring.com\/\"},{\"@type\":\"ListItem\",\"position\":2,\"name\":\"Privacy Policy\"}]},{\"@type\":\"WebSite\",\"@id\":\"https:\/\/unicoring.com\/#website\",\"url\":\"https:\/\/unicoring.com\/\",\"name\":\"UniCoring\",\"description\":\"\",\"potentialAction\":[{\"@type\":\"SearchAction\",\"target\":{\"@type\":\"EntryPoint\",\"urlTemplate\":\"https:\/\/unicoring.com\/?s={search_term_string}\"},\"query-input\":{\"@type\":\"PropertyValueSpecification\",\"valueRequired\":true,\"valueName\":\"search_term_string\"}}],\"inLanguage\":\"fr-FR\"}]}<\/script>\n<!-- \/ Yoast SEO plugin. -->","yoast_head_json":{"title":"Privacy Policy - UniCoring","robots":{"index":"index","follow":"follow","max-snippet":"max-snippet:-1","max-image-preview":"max-image-preview:large","max-video-preview":"max-video-preview:-1"},"canonical":"https:\/\/unicoring.com\/fr\/privacy-policy-2\/","og_locale":"fr_FR","og_type":"article","og_title":"Privacy Policy - UniCoring","og_description":"Please read this Privacy Policy carefully. By using and accessing any of the Services, you consent to the collection, use,","og_url":"https:\/\/unicoring.com\/fr\/privacy-policy-2\/","og_site_name":"UniCoring","article_modified_time":"2025-08-22T03:07:55+00:00","twitter_card":"summary_large_image","twitter_misc":{"Dur\u00e9e de lecture estim\u00e9e":"7 minutes"},"schema":{"@context":"https:\/\/schema.org","@graph":[{"@type":"WebPage","@id":"https:\/\/unicoring.com\/privacy-policy-2\/","url":"https:\/\/unicoring.com\/privacy-policy-2\/","name":"Privacy Policy - UniCoring","isPartOf":{"@id":"https:\/\/unicoring.com\/#website"},"datePublished":"2025-08-22T03:07:53+00:00","dateModified":"2025-08-22T03:07:55+00:00","breadcrumb":{"@id":"https:\/\/unicoring.com\/privacy-policy-2\/#breadcrumb"},"inLanguage":"fr-FR","potentialAction":[{"@type":"ReadAction","target":["https:\/\/unicoring.com\/privacy-policy-2\/"]}]},{"@type":"BreadcrumbList","@id":"https:\/\/unicoring.com\/privacy-policy-2\/#breadcrumb","itemListElement":[{"@type":"ListItem","position":1,"name":"\u9996\u9875","item":"https:\/\/unicoring.com\/"},{"@type":"ListItem","position":2,"name":"Privacy Policy"}]},{"@type":"WebSite","@id":"https:\/\/unicoring.com\/#website","url":"https:\/\/unicoring.com\/","name":"UniCoring","description":"","potentialAction":[{"@type":"SearchAction","target":{"@type":"EntryPoint","urlTemplate":"https:\/\/unicoring.com\/?s={search_term_string}"},"query-input":{"@type":"PropertyValueSpecification","valueRequired":true,"valueName":"search_term_string"}}],"inLanguage":"fr-FR"}]}},"_links":{"self":[{"href":"https:\/\/unicoring.com\/fr\/wp-json\/wp\/v2\/pages\/3526","targetHints":{"allow":["GET"]}}],"collection":[{"href":"https:\/\/unicoring.com\/fr\/wp-json\/wp\/v2\/pages"}],"about":[{"href":"https:\/\/unicoring.com\/fr\/wp-json\/wp\/v2\/types\/page"}],"author":[{"embeddable":true,"href":"https:\/\/unicoring.com\/fr\/wp-json\/wp\/v2\/users\/3"}],"replies":[{"embeddable":true,"href":"https:\/\/unicoring.com\/fr\/wp-json\/wp\/v2\/comments?post=3526"}],"version-history":[{"count":1,"href":"https:\/\/unicoring.com\/fr\/wp-json\/wp\/v2\/pages\/3526\/revisions"}],"predecessor-version":[{"id":3527,"href":"https:\/\/unicoring.com\/fr\/wp-json\/wp\/v2\/pages\/3526\/revisions\/3527"}],"wp:attachment":[{"href":"https:\/\/unicoring.com\/fr\/wp-json\/wp\/v2\/media?parent=3526"}],"curies":[{"name":"wp","href":"https:\/\/api.w.org\/{rel}","templated":true}]}}