{"id":2473,"date":"2025-08-15T02:10:28","date_gmt":"2025-08-15T02:10:28","guid":{"rendered":"https:\/\/unicoring.com\/?post_type=product&#038;p=2473"},"modified":"2025-09-10T08:13:52","modified_gmt":"2025-09-10T08:13:52","slug":"lab-diamond-stud-earrings-0-54ct-tw-in-14k-yellow-gold","status":"publish","type":"product","link":"https:\/\/unicoring.com\/fr\/produit\/lab-diamond-stud-earrings-0-54ct-tw-in-14k-yellow-gold\/","title":{"rendered":"Boucles d&#039;oreilles \u00e0 tige en or jaune 14 carats avec diamants de laboratoire (1,68 ct, poids total)"},"content":{"rendered":"<p>Inspir\u00e9es d&#039;un papillon saisissant, ces \u00e9l\u00e9gantes boucles d&#039;oreilles \u00e0 tige pr\u00e9sentent des diamants de laboratoire micro-pav\u00e9s \u00e9blouissants qui imitent des ailes d\u00e9licates.<\/p>\n<p>Sp\u00e9cifications des boucles d&#039;oreilles<br \/>\nMod\u00e8le\u00a0: ZBE0009<br \/>\nM\u00e9tal : or 14 carats\/18 carats et platine<br \/>\nDimensions : 0,48 po* 0,48 po<br \/>\nSupport : Push-Lock<br \/>\nMonture : Micro-Pav\u00e9<\/p>\n<p>D\u00e9tails des pierres pr\u00e9cieuses<br \/>\nType : Diamant de laboratoire<br \/>\nForme : Poire<br \/>\nTotal des diamants : 66<br \/>\nPoids de la pierre d&#039;accent : 1,14 ct<br \/>\nCouleur moyenne : DE\/F<br \/>\nClart\u00e9 moyenne : VVS2-VS<\/p>","protected":false},"excerpt":{"rendered":"<p>Inspired by a striking butterfly, these elegant stud earrings feature dazzling micro-pav\u00e9-set lab-grown diamonds that emulate delicate wings. Earring Specifications<\/p>","protected":false},"featured_media":3347,"comment_status":"closed","ping_status":"closed","template":"","meta":[],"product_brand":[107],"product_cat":[209,75,208,163,210,216,148,74,201,89,162,157,207,77,274,211,164,226,200,204,205],"product_tag":[],"class_list":{"0":"post-2473","1":"product","2":"type-product","3":"status-publish","4":"has-post-thumbnail","6":"product_brand-unicorimg","7":"product_cat-anniversary-gifts","8":"product_cat-best-sellers","9":"product_cat-birthday-gifts","10":"product_cat-birthstone-jewelry","11":"product_cat-bridal-party-gifts","12":"product_cat-earrings-shop-by-category","13":"product_cat-earrings","14":"product_cat-fine-jewelry","15":"product_cat-fine-jewelry-fine-jewelry","16":"product_cat-jewelry","17":"product_cat-gifts-by-recipient","18":"product_cat-gifts-for-her","19":"product_cat-gifts-or-everyone","20":"product_cat-diamonds","21":"product_cat-lab-grown-diamond-earrings","22":"product_cat-milestone-gifts","23":"product_cat-more-gift-ideas","24":"product_cat-see-all-fine-jewelry-fine-jewelry","25":"product_cat-shop-by-category","26":"product_cat-204","27":"product_cat-205","29":"first","30":"instock","31":"sale","32":"shipping-taxable","33":"purchasable","34":"product-type-variable","35":"has-default-attributes"},"yoast_head":"<!-- This site is optimized with the Yoast SEO plugin v25.7 - https:\/\/yoast.com\/wordpress\/plugins\/seo\/ -->\n<title>\u200b\u200bLab-Grown Diamond Stud Earrings (1.68 ct tw) in 14K Yellow Gold\u200b - UniCoring<\/title>\n<meta name=\"description\" content=\"\u200b\u200bLab Created Diamond Studs\u200b\uff0cVS Clarity Lab Grown Earrings\" \/>\n<meta name=\"robots\" content=\"index, follow, max-snippet:-1, max-image-preview:large, max-video-preview:-1\" \/>\n<link rel=\"canonical\" href=\"https:\/\/unicoring.com\/fr\/produit\/lab-diamond-stud-earrings-0-54ct-tw-in-14k-yellow-gold\/\" \/>\n<meta property=\"og:locale\" content=\"fr_FR\" \/>\n<meta property=\"og:type\" content=\"article\" \/>\n<meta property=\"og:title\" content=\"\u200b\u200bLab-Grown Diamond Stud Earrings (1.68 ct tw) in 14K Yellow Gold\u200b - UniCoring\" \/>\n<meta property=\"og:description\" content=\"\u200b\u200bLab Created Diamond Studs\u200b\uff0cVS Clarity Lab Grown Earrings\" \/>\n<meta property=\"og:url\" content=\"https:\/\/unicoring.com\/fr\/produit\/lab-diamond-stud-earrings-0-54ct-tw-in-14k-yellow-gold\/\" \/>\n<meta property=\"og:site_name\" content=\"UniCoring\" \/>\n<meta property=\"article:modified_time\" content=\"2025-09-10T08:13:52+00:00\" \/>\n<meta property=\"og:image\" content=\"https:\/\/unicoring.com\/wp-content\/uploads\/2025\/08\/\u5176\u4ed65.jpg\" \/>\n\t<meta property=\"og:image:width\" content=\"1000\" \/>\n\t<meta property=\"og:image:height\" content=\"1000\" \/>\n\t<meta property=\"og:image:type\" content=\"image\/jpeg\" \/>\n<meta name=\"twitter:card\" content=\"summary_large_image\" \/>\n<meta name=\"twitter:label1\" content=\"Dur\u00e9e de lecture estim\u00e9e\" \/>\n\t<meta name=\"twitter:data1\" content=\"1 minute\" \/>\n<script type=\"application\/ld+json\" class=\"yoast-schema-graph\">{\"@context\":\"https:\/\/schema.org\",\"@graph\":[{\"@type\":\"WebPage\",\"@id\":\"https:\/\/unicoring.com\/product\/lab-diamond-stud-earrings-0-54ct-tw-in-14k-yellow-gold\/\",\"url\":\"https:\/\/unicoring.com\/product\/lab-diamond-stud-earrings-0-54ct-tw-in-14k-yellow-gold\/\",\"name\":\"\u200b\u200bLab-Grown Diamond Stud Earrings (1.68 ct tw) in 14K Yellow Gold\u200b - UniCoring\",\"isPartOf\":{\"@id\":\"https:\/\/unicoring.com\/#website\"},\"primaryImageOfPage\":{\"@id\":\"https:\/\/unicoring.com\/product\/lab-diamond-stud-earrings-0-54ct-tw-in-14k-yellow-gold\/#primaryimage\"},\"image\":{\"@id\":\"https:\/\/unicoring.com\/product\/lab-diamond-stud-earrings-0-54ct-tw-in-14k-yellow-gold\/#primaryimage\"},\"thumbnailUrl\":\"https:\/\/unicoring.com\/wp-content\/uploads\/2025\/08\/\u5176\u4ed65.jpg\",\"datePublished\":\"2025-08-15T02:10:28+00:00\",\"dateModified\":\"2025-09-10T08:13:52+00:00\",\"description\":\"\u200b\u200bLab Created Diamond Studs\u200b\uff0cVS Clarity Lab Grown Earrings\",\"breadcrumb\":{\"@id\":\"https:\/\/unicoring.com\/product\/lab-diamond-stud-earrings-0-54ct-tw-in-14k-yellow-gold\/#breadcrumb\"},\"inLanguage\":\"fr-FR\",\"potentialAction\":[{\"@type\":\"ReadAction\",\"target\":[\"https:\/\/unicoring.com\/product\/lab-diamond-stud-earrings-0-54ct-tw-in-14k-yellow-gold\/\"]}]},{\"@type\":\"ImageObject\",\"inLanguage\":\"fr-FR\",\"@id\":\"https:\/\/unicoring.com\/product\/lab-diamond-stud-earrings-0-54ct-tw-in-14k-yellow-gold\/#primaryimage\",\"url\":\"https:\/\/unicoring.com\/wp-content\/uploads\/2025\/08\/\u5176\u4ed65.jpg\",\"contentUrl\":\"https:\/\/unicoring.com\/wp-content\/uploads\/2025\/08\/\u5176\u4ed65.jpg\",\"width\":1000,\"height\":1000},{\"@type\":\"BreadcrumbList\",\"@id\":\"https:\/\/unicoring.com\/product\/lab-diamond-stud-earrings-0-54ct-tw-in-14k-yellow-gold\/#breadcrumb\",\"itemListElement\":[{\"@type\":\"ListItem\",\"position\":1,\"name\":\"\u9996\u9875\",\"item\":\"https:\/\/unicoring.com\/\"},{\"@type\":\"ListItem\",\"position\":2,\"name\":\"Shop\",\"item\":\"https:\/\/unicoring.com\/shop\/\"},{\"@type\":\"ListItem\",\"position\":3,\"name\":\"\u200b\u200bLab-Grown Diamond Stud Earrings (1.68 ct tw) in 14K Yellow Gold\u200b\"}]},{\"@type\":\"WebSite\",\"@id\":\"https:\/\/unicoring.com\/#website\",\"url\":\"https:\/\/unicoring.com\/\",\"name\":\"UniCoring\",\"description\":\"\",\"potentialAction\":[{\"@type\":\"SearchAction\",\"target\":{\"@type\":\"EntryPoint\",\"urlTemplate\":\"https:\/\/unicoring.com\/?s={search_term_string}\"},\"query-input\":{\"@type\":\"PropertyValueSpecification\",\"valueRequired\":true,\"valueName\":\"search_term_string\"}}],\"inLanguage\":\"fr-FR\"}]}<\/script>\n<!-- \/ Yoast SEO plugin. -->","yoast_head_json":{"title":"\u200b\u200bLab-Grown Diamond Stud Earrings (1.68 ct tw) in 14K Yellow Gold\u200b - UniCoring","description":"\u200b\u200bLab Created Diamond Studs\u200b\uff0cVS Clarity Lab Grown Earrings","robots":{"index":"index","follow":"follow","max-snippet":"max-snippet:-1","max-image-preview":"max-image-preview:large","max-video-preview":"max-video-preview:-1"},"canonical":"https:\/\/unicoring.com\/fr\/produit\/lab-diamond-stud-earrings-0-54ct-tw-in-14k-yellow-gold\/","og_locale":"fr_FR","og_type":"article","og_title":"\u200b\u200bLab-Grown Diamond Stud Earrings (1.68 ct tw) in 14K Yellow Gold\u200b - UniCoring","og_description":"\u200b\u200bLab Created Diamond Studs\u200b\uff0cVS Clarity Lab Grown Earrings","og_url":"https:\/\/unicoring.com\/fr\/produit\/lab-diamond-stud-earrings-0-54ct-tw-in-14k-yellow-gold\/","og_site_name":"UniCoring","article_modified_time":"2025-09-10T08:13:52+00:00","og_image":[{"width":1000,"height":1000,"url":"https:\/\/unicoring.com\/wp-content\/uploads\/2025\/08\/\u5176\u4ed65.jpg","type":"image\/jpeg"}],"twitter_card":"summary_large_image","twitter_misc":{"Dur\u00e9e de lecture estim\u00e9e":"1 minute"},"schema":{"@context":"https:\/\/schema.org","@graph":[{"@type":"WebPage","@id":"https:\/\/unicoring.com\/product\/lab-diamond-stud-earrings-0-54ct-tw-in-14k-yellow-gold\/","url":"https:\/\/unicoring.com\/product\/lab-diamond-stud-earrings-0-54ct-tw-in-14k-yellow-gold\/","name":"\u200b\u200bLab-Grown Diamond Stud Earrings (1.68 ct tw) in 14K Yellow Gold\u200b - UniCoring","isPartOf":{"@id":"https:\/\/unicoring.com\/#website"},"primaryImageOfPage":{"@id":"https:\/\/unicoring.com\/product\/lab-diamond-stud-earrings-0-54ct-tw-in-14k-yellow-gold\/#primaryimage"},"image":{"@id":"https:\/\/unicoring.com\/product\/lab-diamond-stud-earrings-0-54ct-tw-in-14k-yellow-gold\/#primaryimage"},"thumbnailUrl":"https:\/\/unicoring.com\/wp-content\/uploads\/2025\/08\/\u5176\u4ed65.jpg","datePublished":"2025-08-15T02:10:28+00:00","dateModified":"2025-09-10T08:13:52+00:00","description":"\u200b\u200bLab Created Diamond Studs\u200b\uff0cVS Clarity Lab Grown Earrings","breadcrumb":{"@id":"https:\/\/unicoring.com\/product\/lab-diamond-stud-earrings-0-54ct-tw-in-14k-yellow-gold\/#breadcrumb"},"inLanguage":"fr-FR","potentialAction":[{"@type":"ReadAction","target":["https:\/\/unicoring.com\/product\/lab-diamond-stud-earrings-0-54ct-tw-in-14k-yellow-gold\/"]}]},{"@type":"ImageObject","inLanguage":"fr-FR","@id":"https:\/\/unicoring.com\/product\/lab-diamond-stud-earrings-0-54ct-tw-in-14k-yellow-gold\/#primaryimage","url":"https:\/\/unicoring.com\/wp-content\/uploads\/2025\/08\/\u5176\u4ed65.jpg","contentUrl":"https:\/\/unicoring.com\/wp-content\/uploads\/2025\/08\/\u5176\u4ed65.jpg","width":1000,"height":1000},{"@type":"BreadcrumbList","@id":"https:\/\/unicoring.com\/product\/lab-diamond-stud-earrings-0-54ct-tw-in-14k-yellow-gold\/#breadcrumb","itemListElement":[{"@type":"ListItem","position":1,"name":"\u9996\u9875","item":"https:\/\/unicoring.com\/"},{"@type":"ListItem","position":2,"name":"Shop","item":"https:\/\/unicoring.com\/shop\/"},{"@type":"ListItem","position":3,"name":"\u200b\u200bLab-Grown Diamond Stud Earrings (1.68 ct tw) in 14K Yellow Gold\u200b"}]},{"@type":"WebSite","@id":"https:\/\/unicoring.com\/#website","url":"https:\/\/unicoring.com\/","name":"UniCoring","description":"","potentialAction":[{"@type":"SearchAction","target":{"@type":"EntryPoint","urlTemplate":"https:\/\/unicoring.com\/?s={search_term_string}"},"query-input":{"@type":"PropertyValueSpecification","valueRequired":true,"valueName":"search_term_string"}}],"inLanguage":"fr-FR"}]}},"_links":{"self":[{"href":"https:\/\/unicoring.com\/fr\/wp-json\/wp\/v2\/product\/2473","targetHints":{"allow":["GET"]}}],"collection":[{"href":"https:\/\/unicoring.com\/fr\/wp-json\/wp\/v2\/product"}],"about":[{"href":"https:\/\/unicoring.com\/fr\/wp-json\/wp\/v2\/types\/product"}],"replies":[{"embeddable":true,"href":"https:\/\/unicoring.com\/fr\/wp-json\/wp\/v2\/comments?post=2473"}],"wp:featuredmedia":[{"embeddable":true,"href":"https:\/\/unicoring.com\/fr\/wp-json\/wp\/v2\/media\/3347"}],"wp:attachment":[{"href":"https:\/\/unicoring.com\/fr\/wp-json\/wp\/v2\/media?parent=2473"}],"wp:term":[{"taxonomy":"product_brand","embeddable":true,"href":"https:\/\/unicoring.com\/fr\/wp-json\/wp\/v2\/product_brand?post=2473"},{"taxonomy":"product_cat","embeddable":true,"href":"https:\/\/unicoring.com\/fr\/wp-json\/wp\/v2\/product_cat?post=2473"},{"taxonomy":"product_tag","embeddable":true,"href":"https:\/\/unicoring.com\/fr\/wp-json\/wp\/v2\/product_tag?post=2473"}],"curies":[{"name":"wp","href":"https:\/\/api.w.org\/{rel}","templated":true}]}}