{"id":2508,"date":"2025-08-15T03:54:07","date_gmt":"2025-08-15T03:54:07","guid":{"rendered":"https:\/\/unicoring.com\/?post_type=product&#038;p=2508"},"modified":"2025-09-10T08:13:52","modified_gmt":"2025-09-10T08:13:52","slug":"uniconing-lab-diamond-hoop-earrings-1-408ct-tw-in-14k-18k-white-gold","status":"publish","type":"product","link":"https:\/\/unicoring.com\/fr\/produit\/uniconing-lab-diamond-hoop-earrings-1-408ct-tw-in-14k-18k-white-gold\/","title":{"rendered":"Boucles d&#039;oreilles cr\u00e9oles en or blanc 14 carats et diamants de laboratoire (1,40 ct, poids total)"},"content":{"rendered":"<p>Un sertissage s\u00e9curis\u00e9 mais presque invisible met en valeur les diamants cultiv\u00e9s en laboratoire comme point focal de ces superbes boucles d&#039;oreilles cr\u00e9oles.<\/p>\n<p>Sp\u00e9cifications des boucles d&#039;oreilles<br \/>\nMod\u00e8le : ZBE0148<br \/>\nM\u00e9tal : Or 14 carats\/18 carats et platine<br \/>\nDimensions : 0,67 po x 0,67 po<br \/>\nSupport : Verrouillage arri\u00e8re<br \/>\nPlacage au rhodium : Oui<\/p>\n<p>D\u00e9tails des pierres pr\u00e9cieuses<br \/>\nType : Diamant de laboratoire<br \/>\nForme : Ovale<br \/>\nTotal des diamants : 10<br \/>\nPoids total en carats : 1,40 ct<br \/>\nCouleur moyenne : DE\/F<br \/>\nClart\u00e9 moyenne : VVS2-VS<\/p>","protected":false},"excerpt":{"rendered":"<p>A secure yet nearly invisible bezel setting highlights lab-grown diamonds as the focal point of these stunning hoop earrings. Earring<\/p>","protected":false},"featured_media":3348,"comment_status":"closed","ping_status":"closed","template":"","meta":[],"product_brand":[107],"product_cat":[220,209,75,208,163,210,148,216,74,201,89,161,162,157,207,77,274,211,164,78,226,200,204,205],"product_tag":[],"class_list":{"0":"post-2508","1":"product","2":"type-product","3":"status-publish","4":"has-post-thumbnail","6":"product_brand-unicorimg","7":"product_cat-all-jewelry","8":"product_cat-anniversary-gifts","9":"product_cat-best-sellers","10":"product_cat-birthday-gifts","11":"product_cat-birthstone-jewelry","12":"product_cat-bridal-party-gifts","13":"product_cat-earrings","14":"product_cat-earrings-shop-by-category","15":"product_cat-fine-jewelry","16":"product_cat-fine-jewelry-fine-jewelry","17":"product_cat-jewelry","18":"product_cat-gifts-by-occasion","19":"product_cat-gifts-by-recipient","20":"product_cat-gifts-for-her","21":"product_cat-gifts-or-everyone","22":"product_cat-diamonds","23":"product_cat-lab-grown-diamond-earrings","24":"product_cat-milestone-gifts","25":"product_cat-more-gift-ideas","26":"product_cat-oval","27":"product_cat-see-all-fine-jewelry-fine-jewelry","28":"product_cat-shop-by-category","29":"product_cat-204","30":"product_cat-205","32":"first","33":"instock","34":"sale","35":"shipping-taxable","36":"purchasable","37":"product-type-variable"},"yoast_head":"<!-- This site is optimized with the Yoast SEO plugin v25.7 - https:\/\/yoast.com\/wordpress\/plugins\/seo\/ -->\n<title>Lab-Grown Diamond Hoop Earrings (1.40 ct tw) in 14K\/18K White Gold\u200b - UniCoring<\/title>\n<meta name=\"description\" content=\"\u200b\u200bLab Created Diamond Studs\u200b\uff0cVS Clarity Lab Grown Earrings\" \/>\n<meta name=\"robots\" content=\"index, follow, max-snippet:-1, max-image-preview:large, max-video-preview:-1\" \/>\n<link rel=\"canonical\" href=\"https:\/\/unicoring.com\/fr\/produit\/uniconing-lab-diamond-hoop-earrings-1-408ct-tw-in-14k-18k-white-gold\/\" \/>\n<meta property=\"og:locale\" content=\"fr_FR\" \/>\n<meta property=\"og:type\" content=\"article\" \/>\n<meta property=\"og:title\" content=\"Lab-Grown Diamond Hoop Earrings (1.40 ct tw) in 14K\/18K White Gold\u200b - UniCoring\" \/>\n<meta property=\"og:description\" content=\"\u200b\u200bLab Created Diamond Studs\u200b\uff0cVS Clarity Lab Grown Earrings\" \/>\n<meta property=\"og:url\" content=\"https:\/\/unicoring.com\/fr\/produit\/uniconing-lab-diamond-hoop-earrings-1-408ct-tw-in-14k-18k-white-gold\/\" \/>\n<meta property=\"og:site_name\" content=\"UniCoring\" \/>\n<meta property=\"article:modified_time\" content=\"2025-09-10T08:13:52+00:00\" \/>\n<meta property=\"og:image\" content=\"https:\/\/unicoring.com\/wp-content\/uploads\/2025\/08\/\u8033\u94894-1.jpg\" \/>\n\t<meta property=\"og:image:width\" content=\"1000\" \/>\n\t<meta property=\"og:image:height\" content=\"1000\" \/>\n\t<meta property=\"og:image:type\" content=\"image\/jpeg\" \/>\n<meta name=\"twitter:card\" content=\"summary_large_image\" \/>\n<meta name=\"twitter:label1\" content=\"Dur\u00e9e de lecture estim\u00e9e\" \/>\n\t<meta name=\"twitter:data1\" content=\"1 minute\" \/>\n<script type=\"application\/ld+json\" class=\"yoast-schema-graph\">{\"@context\":\"https:\/\/schema.org\",\"@graph\":[{\"@type\":\"WebPage\",\"@id\":\"https:\/\/unicoring.com\/product\/uniconing-lab-diamond-hoop-earrings-1-408ct-tw-in-14k-18k-white-gold\/\",\"url\":\"https:\/\/unicoring.com\/product\/uniconing-lab-diamond-hoop-earrings-1-408ct-tw-in-14k-18k-white-gold\/\",\"name\":\"Lab-Grown Diamond Hoop Earrings (1.40 ct tw) in 14K\/18K White Gold\u200b - UniCoring\",\"isPartOf\":{\"@id\":\"https:\/\/unicoring.com\/#website\"},\"primaryImageOfPage\":{\"@id\":\"https:\/\/unicoring.com\/product\/uniconing-lab-diamond-hoop-earrings-1-408ct-tw-in-14k-18k-white-gold\/#primaryimage\"},\"image\":{\"@id\":\"https:\/\/unicoring.com\/product\/uniconing-lab-diamond-hoop-earrings-1-408ct-tw-in-14k-18k-white-gold\/#primaryimage\"},\"thumbnailUrl\":\"https:\/\/unicoring.com\/wp-content\/uploads\/2025\/08\/\u8033\u94894-1.jpg\",\"datePublished\":\"2025-08-15T03:54:07+00:00\",\"dateModified\":\"2025-09-10T08:13:52+00:00\",\"description\":\"\u200b\u200bLab Created Diamond Studs\u200b\uff0cVS Clarity Lab Grown Earrings\",\"breadcrumb\":{\"@id\":\"https:\/\/unicoring.com\/product\/uniconing-lab-diamond-hoop-earrings-1-408ct-tw-in-14k-18k-white-gold\/#breadcrumb\"},\"inLanguage\":\"fr-FR\",\"potentialAction\":[{\"@type\":\"ReadAction\",\"target\":[\"https:\/\/unicoring.com\/product\/uniconing-lab-diamond-hoop-earrings-1-408ct-tw-in-14k-18k-white-gold\/\"]}]},{\"@type\":\"ImageObject\",\"inLanguage\":\"fr-FR\",\"@id\":\"https:\/\/unicoring.com\/product\/uniconing-lab-diamond-hoop-earrings-1-408ct-tw-in-14k-18k-white-gold\/#primaryimage\",\"url\":\"https:\/\/unicoring.com\/wp-content\/uploads\/2025\/08\/\u8033\u94894-1.jpg\",\"contentUrl\":\"https:\/\/unicoring.com\/wp-content\/uploads\/2025\/08\/\u8033\u94894-1.jpg\",\"width\":1000,\"height\":1000},{\"@type\":\"BreadcrumbList\",\"@id\":\"https:\/\/unicoring.com\/product\/uniconing-lab-diamond-hoop-earrings-1-408ct-tw-in-14k-18k-white-gold\/#breadcrumb\",\"itemListElement\":[{\"@type\":\"ListItem\",\"position\":1,\"name\":\"\u9996\u9875\",\"item\":\"https:\/\/unicoring.com\/\"},{\"@type\":\"ListItem\",\"position\":2,\"name\":\"Shop\",\"item\":\"https:\/\/unicoring.com\/shop\/\"},{\"@type\":\"ListItem\",\"position\":3,\"name\":\"Lab-Grown Diamond Hoop Earrings (1.40 ct tw) in 14K\/18K White Gold\u200b\"}]},{\"@type\":\"WebSite\",\"@id\":\"https:\/\/unicoring.com\/#website\",\"url\":\"https:\/\/unicoring.com\/\",\"name\":\"UniCoring\",\"description\":\"\",\"potentialAction\":[{\"@type\":\"SearchAction\",\"target\":{\"@type\":\"EntryPoint\",\"urlTemplate\":\"https:\/\/unicoring.com\/?s={search_term_string}\"},\"query-input\":{\"@type\":\"PropertyValueSpecification\",\"valueRequired\":true,\"valueName\":\"search_term_string\"}}],\"inLanguage\":\"fr-FR\"}]}<\/script>\n<!-- \/ Yoast SEO plugin. -->","yoast_head_json":{"title":"Lab-Grown Diamond Hoop Earrings (1.40 ct tw) in 14K\/18K White Gold\u200b - UniCoring","description":"\u200b\u200bLab Created Diamond Studs\u200b\uff0cVS Clarity Lab Grown Earrings","robots":{"index":"index","follow":"follow","max-snippet":"max-snippet:-1","max-image-preview":"max-image-preview:large","max-video-preview":"max-video-preview:-1"},"canonical":"https:\/\/unicoring.com\/fr\/produit\/uniconing-lab-diamond-hoop-earrings-1-408ct-tw-in-14k-18k-white-gold\/","og_locale":"fr_FR","og_type":"article","og_title":"Lab-Grown Diamond Hoop Earrings (1.40 ct tw) in 14K\/18K White Gold\u200b - UniCoring","og_description":"\u200b\u200bLab Created Diamond Studs\u200b\uff0cVS Clarity Lab Grown Earrings","og_url":"https:\/\/unicoring.com\/fr\/produit\/uniconing-lab-diamond-hoop-earrings-1-408ct-tw-in-14k-18k-white-gold\/","og_site_name":"UniCoring","article_modified_time":"2025-09-10T08:13:52+00:00","og_image":[{"width":1000,"height":1000,"url":"https:\/\/unicoring.com\/wp-content\/uploads\/2025\/08\/\u8033\u94894-1.jpg","type":"image\/jpeg"}],"twitter_card":"summary_large_image","twitter_misc":{"Dur\u00e9e de lecture estim\u00e9e":"1 minute"},"schema":{"@context":"https:\/\/schema.org","@graph":[{"@type":"WebPage","@id":"https:\/\/unicoring.com\/product\/uniconing-lab-diamond-hoop-earrings-1-408ct-tw-in-14k-18k-white-gold\/","url":"https:\/\/unicoring.com\/product\/uniconing-lab-diamond-hoop-earrings-1-408ct-tw-in-14k-18k-white-gold\/","name":"Lab-Grown Diamond Hoop Earrings (1.40 ct tw) in 14K\/18K White Gold\u200b - UniCoring","isPartOf":{"@id":"https:\/\/unicoring.com\/#website"},"primaryImageOfPage":{"@id":"https:\/\/unicoring.com\/product\/uniconing-lab-diamond-hoop-earrings-1-408ct-tw-in-14k-18k-white-gold\/#primaryimage"},"image":{"@id":"https:\/\/unicoring.com\/product\/uniconing-lab-diamond-hoop-earrings-1-408ct-tw-in-14k-18k-white-gold\/#primaryimage"},"thumbnailUrl":"https:\/\/unicoring.com\/wp-content\/uploads\/2025\/08\/\u8033\u94894-1.jpg","datePublished":"2025-08-15T03:54:07+00:00","dateModified":"2025-09-10T08:13:52+00:00","description":"\u200b\u200bLab Created Diamond Studs\u200b\uff0cVS Clarity Lab Grown Earrings","breadcrumb":{"@id":"https:\/\/unicoring.com\/product\/uniconing-lab-diamond-hoop-earrings-1-408ct-tw-in-14k-18k-white-gold\/#breadcrumb"},"inLanguage":"fr-FR","potentialAction":[{"@type":"ReadAction","target":["https:\/\/unicoring.com\/product\/uniconing-lab-diamond-hoop-earrings-1-408ct-tw-in-14k-18k-white-gold\/"]}]},{"@type":"ImageObject","inLanguage":"fr-FR","@id":"https:\/\/unicoring.com\/product\/uniconing-lab-diamond-hoop-earrings-1-408ct-tw-in-14k-18k-white-gold\/#primaryimage","url":"https:\/\/unicoring.com\/wp-content\/uploads\/2025\/08\/\u8033\u94894-1.jpg","contentUrl":"https:\/\/unicoring.com\/wp-content\/uploads\/2025\/08\/\u8033\u94894-1.jpg","width":1000,"height":1000},{"@type":"BreadcrumbList","@id":"https:\/\/unicoring.com\/product\/uniconing-lab-diamond-hoop-earrings-1-408ct-tw-in-14k-18k-white-gold\/#breadcrumb","itemListElement":[{"@type":"ListItem","position":1,"name":"\u9996\u9875","item":"https:\/\/unicoring.com\/"},{"@type":"ListItem","position":2,"name":"Shop","item":"https:\/\/unicoring.com\/shop\/"},{"@type":"ListItem","position":3,"name":"Lab-Grown Diamond Hoop Earrings (1.40 ct tw) in 14K\/18K White Gold\u200b"}]},{"@type":"WebSite","@id":"https:\/\/unicoring.com\/#website","url":"https:\/\/unicoring.com\/","name":"UniCoring","description":"","potentialAction":[{"@type":"SearchAction","target":{"@type":"EntryPoint","urlTemplate":"https:\/\/unicoring.com\/?s={search_term_string}"},"query-input":{"@type":"PropertyValueSpecification","valueRequired":true,"valueName":"search_term_string"}}],"inLanguage":"fr-FR"}]}},"_links":{"self":[{"href":"https:\/\/unicoring.com\/fr\/wp-json\/wp\/v2\/product\/2508","targetHints":{"allow":["GET"]}}],"collection":[{"href":"https:\/\/unicoring.com\/fr\/wp-json\/wp\/v2\/product"}],"about":[{"href":"https:\/\/unicoring.com\/fr\/wp-json\/wp\/v2\/types\/product"}],"replies":[{"embeddable":true,"href":"https:\/\/unicoring.com\/fr\/wp-json\/wp\/v2\/comments?post=2508"}],"wp:featuredmedia":[{"embeddable":true,"href":"https:\/\/unicoring.com\/fr\/wp-json\/wp\/v2\/media\/3348"}],"wp:attachment":[{"href":"https:\/\/unicoring.com\/fr\/wp-json\/wp\/v2\/media?parent=2508"}],"wp:term":[{"taxonomy":"product_brand","embeddable":true,"href":"https:\/\/unicoring.com\/fr\/wp-json\/wp\/v2\/product_brand?post=2508"},{"taxonomy":"product_cat","embeddable":true,"href":"https:\/\/unicoring.com\/fr\/wp-json\/wp\/v2\/product_cat?post=2508"},{"taxonomy":"product_tag","embeddable":true,"href":"https:\/\/unicoring.com\/fr\/wp-json\/wp\/v2\/product_tag?post=2508"}],"curies":[{"name":"wp","href":"https:\/\/api.w.org\/{rel}","templated":true}]}}