{"id":3176,"date":"2025-08-19T02:34:43","date_gmt":"2025-08-19T02:34:43","guid":{"rendered":"https:\/\/unicoring.com\/?post_type=product&#038;p=3176"},"modified":"2025-09-10T08:40:10","modified_gmt":"2025-09-10T08:40:10","slug":"versailles-one-half-coverage-diamond-ring-1-2-ct-tw-in-14k-18k-pt","status":"publish","type":"product","link":"https:\/\/unicoring.com\/fr\/produit\/versailles-one-half-coverage-diamond-ring-1-2-ct-tw-in-14k-18k-pt\/","title":{"rendered":"Bague de fian\u00e7ailles Versailles en or 14 carats et platine (1,00-1,50 ct, poids total) avec diamants \u00e0 demi-clos"},"content":{"rendered":"<p>Des diamants ronds entourent la moiti\u00e9 de la bande, cr\u00e9ant un motif captivant sur cette bague chic et unique (1,00\u20131,50 carat).<\/p>\n<p>Votre commande comprend :<br \/>\nLivraison gratuite<br \/>\nEmballage discret<br \/>\nGarantie \u00e0 vie<br \/>\n\u00c9valuation professionnelle IGI<\/p>\n<p>\u200b\u200bInformations sur la bague\u200b\u200b<br \/>\nMod\u00e8le\u00a0: ZBR0008<br \/>\nM\u00e9tal\u00a0: Or blanc\/jaune\/rose 14\u00a0K\/18\u00a0K\u00a0; Platine (PT)<br \/>\nLargeur : 1,8 mm<br \/>\nPlaqu\u00e9 rhodium\u00a0: Oui<br \/>\n\u200b\u200bR\u00e9glage\u00a0:\u00a0Quatre griffes<br \/>\nForme : Ronde<br \/>\nTotal de diamants\u00a0: 9<br \/>\n\u200b\u200bPlage de poids de la pierre centrale\u00a0: 1,00 \u00e0 1,50 ct<br \/>\nPoids de la pierre lat\u00e9rale\u00a0: 0,32 ct<br \/>\nCouleur moyenne : DE\/F<br \/>\nClart\u00e9 moyenne : VVS2-VS1<\/p>","protected":false},"excerpt":{"rendered":"<p>Round diamonds encircle half of the band, creating a captivating pattern on this chic and unique ring (1.00\u20131.50 carats). \u200b\u200bYour<\/p>","protected":false},"featured_media":3371,"comment_status":"open","ping_status":"closed","template":"","meta":[],"product_brand":[107],"product_cat":[15,220,209,75,208,163,210,167,74,170,89,161,162,157,206,207,77,199,277,214,211,164,98,79,176,197,171,189,226,200,160,158,159,193,76,71,204,205],"product_tag":[],"class_list":{"0":"post-3176","1":"product","2":"type-product","3":"status-publish","4":"has-post-thumbnail","6":"product_brand-unicorimg","7":"product_cat-engagement-rings","8":"product_cat-all-jewelry","9":"product_cat-anniversary-gifts","10":"product_cat-best-sellers","11":"product_cat-birthday-gifts","12":"product_cat-birthstone-jewelry","13":"product_cat-bridal-party-gifts","14":"product_cat-classic-bands","15":"product_cat-fine-jewelry","16":"product_cat-gemstone-bands","17":"product_cat-jewelry","18":"product_cat-gifts-by-occasion","19":"product_cat-gifts-by-recipient","20":"product_cat-gifts-for-her","21":"product_cat-gifts-for-him","22":"product_cat-gifts-or-everyone","23":"product_cat-diamonds","24":"product_cat-lab-grown-diamond","25":"product_cat-lab-grown-diamond-ring","26":"product_cat-luxe-gifts","27":"product_cat-milestone-gifts","28":"product_cat-more-gift-ideas","29":"product_cat-ring","30":"product_cat-round","31":"product_cat-round-shop-by-gem","32":"product_cat-see-all-2","33":"product_cat-see-all","34":"product_cat-see-all-shop-by-shape","35":"product_cat-see-all-fine-jewelry-fine-jewelry","36":"product_cat-shop-by-category","37":"product_cat-shop-by-gem","38":"product_cat-shop-by-shape","39":"product_cat-shop-by-style","40":"product_cat-side-stone","41":"product_cat-wedding-rings","42":"product_cat-womens-wedding-rings","43":"product_cat-204","44":"product_cat-205","46":"first","47":"instock","48":"sale","49":"shipping-taxable","50":"purchasable","51":"product-type-variable"},"yoast_head":"<!-- This site is optimized with the Yoast SEO plugin v25.7 - https:\/\/yoast.com\/wordpress\/plugins\/seo\/ -->\n<title>Versailles Half-Bezel Diamond engagement Ring (1.00-1.50 ct tw) in 14K\/18K Gold &amp; Platinum\u200b - UniCoring<\/title>\n<meta name=\"description\" content=\"Lab Grown Diamond Rings\u200b\uff0cLab Created Diamond Engagement\" \/>\n<meta name=\"robots\" content=\"index, follow, max-snippet:-1, max-image-preview:large, max-video-preview:-1\" \/>\n<link rel=\"canonical\" href=\"https:\/\/unicoring.com\/fr\/produit\/versailles-one-half-coverage-diamond-ring-1-2-ct-tw-in-14k-18k-pt\/\" \/>\n<meta property=\"og:locale\" content=\"fr_FR\" \/>\n<meta property=\"og:type\" content=\"article\" \/>\n<meta property=\"og:title\" content=\"Versailles Half-Bezel Diamond engagement Ring (1.00-1.50 ct tw) in 14K\/18K Gold &amp; Platinum\u200b - UniCoring\" \/>\n<meta property=\"og:description\" content=\"Lab Grown Diamond Rings\u200b\uff0cLab Created Diamond Engagement\" \/>\n<meta property=\"og:url\" content=\"https:\/\/unicoring.com\/fr\/produit\/versailles-one-half-coverage-diamond-ring-1-2-ct-tw-in-14k-18k-pt\/\" \/>\n<meta property=\"og:site_name\" content=\"UniCoring\" \/>\n<meta property=\"article:modified_time\" content=\"2025-09-10T08:40:10+00:00\" \/>\n<meta property=\"og:image\" content=\"https:\/\/unicoring.com\/wp-content\/uploads\/2025\/08\/ZBR0008-1.jpg\" \/>\n\t<meta property=\"og:image:width\" content=\"1000\" \/>\n\t<meta property=\"og:image:height\" content=\"999\" \/>\n\t<meta property=\"og:image:type\" content=\"image\/jpeg\" \/>\n<meta name=\"twitter:card\" content=\"summary_large_image\" \/>\n<meta name=\"twitter:label1\" content=\"Dur\u00e9e de lecture estim\u00e9e\" \/>\n\t<meta name=\"twitter:data1\" content=\"1 minute\" \/>\n<script type=\"application\/ld+json\" class=\"yoast-schema-graph\">{\"@context\":\"https:\/\/schema.org\",\"@graph\":[{\"@type\":\"WebPage\",\"@id\":\"https:\/\/unicoring.com\/product\/versailles-one-half-coverage-diamond-ring-1-2-ct-tw-in-14k-18k-pt\/\",\"url\":\"https:\/\/unicoring.com\/product\/versailles-one-half-coverage-diamond-ring-1-2-ct-tw-in-14k-18k-pt\/\",\"name\":\"Versailles Half-Bezel Diamond engagement Ring (1.00-1.50 ct tw) in 14K\/18K Gold &amp; Platinum\u200b - UniCoring\",\"isPartOf\":{\"@id\":\"https:\/\/unicoring.com\/#website\"},\"primaryImageOfPage\":{\"@id\":\"https:\/\/unicoring.com\/product\/versailles-one-half-coverage-diamond-ring-1-2-ct-tw-in-14k-18k-pt\/#primaryimage\"},\"image\":{\"@id\":\"https:\/\/unicoring.com\/product\/versailles-one-half-coverage-diamond-ring-1-2-ct-tw-in-14k-18k-pt\/#primaryimage\"},\"thumbnailUrl\":\"https:\/\/unicoring.com\/wp-content\/uploads\/2025\/08\/ZBR0008-1.jpg\",\"datePublished\":\"2025-08-19T02:34:43+00:00\",\"dateModified\":\"2025-09-10T08:40:10+00:00\",\"description\":\"Lab Grown Diamond Rings\u200b\uff0cLab Created Diamond Engagement\",\"breadcrumb\":{\"@id\":\"https:\/\/unicoring.com\/product\/versailles-one-half-coverage-diamond-ring-1-2-ct-tw-in-14k-18k-pt\/#breadcrumb\"},\"inLanguage\":\"fr-FR\",\"potentialAction\":[{\"@type\":\"ReadAction\",\"target\":[\"https:\/\/unicoring.com\/product\/versailles-one-half-coverage-diamond-ring-1-2-ct-tw-in-14k-18k-pt\/\"]}]},{\"@type\":\"ImageObject\",\"inLanguage\":\"fr-FR\",\"@id\":\"https:\/\/unicoring.com\/product\/versailles-one-half-coverage-diamond-ring-1-2-ct-tw-in-14k-18k-pt\/#primaryimage\",\"url\":\"https:\/\/unicoring.com\/wp-content\/uploads\/2025\/08\/ZBR0008-1.jpg\",\"contentUrl\":\"https:\/\/unicoring.com\/wp-content\/uploads\/2025\/08\/ZBR0008-1.jpg\",\"width\":1000,\"height\":999},{\"@type\":\"BreadcrumbList\",\"@id\":\"https:\/\/unicoring.com\/product\/versailles-one-half-coverage-diamond-ring-1-2-ct-tw-in-14k-18k-pt\/#breadcrumb\",\"itemListElement\":[{\"@type\":\"ListItem\",\"position\":1,\"name\":\"\u9996\u9875\",\"item\":\"https:\/\/unicoring.com\/\"},{\"@type\":\"ListItem\",\"position\":2,\"name\":\"Shop\",\"item\":\"https:\/\/unicoring.com\/shop\/\"},{\"@type\":\"ListItem\",\"position\":3,\"name\":\"Versailles Half-Bezel Diamond engagement Ring (1.00-1.50 ct tw) in 14K\/18K Gold &amp; Platinum\u200b\"}]},{\"@type\":\"WebSite\",\"@id\":\"https:\/\/unicoring.com\/#website\",\"url\":\"https:\/\/unicoring.com\/\",\"name\":\"UniCoring\",\"description\":\"\",\"potentialAction\":[{\"@type\":\"SearchAction\",\"target\":{\"@type\":\"EntryPoint\",\"urlTemplate\":\"https:\/\/unicoring.com\/?s={search_term_string}\"},\"query-input\":{\"@type\":\"PropertyValueSpecification\",\"valueRequired\":true,\"valueName\":\"search_term_string\"}}],\"inLanguage\":\"fr-FR\"}]}<\/script>\n<!-- \/ Yoast SEO plugin. -->","yoast_head_json":{"title":"Versailles Half-Bezel Diamond engagement Ring (1.00-1.50 ct tw) in 14K\/18K Gold &amp; Platinum\u200b - UniCoring","description":"Lab Grown Diamond Rings\u200b\uff0cLab Created Diamond Engagement","robots":{"index":"index","follow":"follow","max-snippet":"max-snippet:-1","max-image-preview":"max-image-preview:large","max-video-preview":"max-video-preview:-1"},"canonical":"https:\/\/unicoring.com\/fr\/produit\/versailles-one-half-coverage-diamond-ring-1-2-ct-tw-in-14k-18k-pt\/","og_locale":"fr_FR","og_type":"article","og_title":"Versailles Half-Bezel Diamond engagement Ring (1.00-1.50 ct tw) in 14K\/18K Gold &amp; Platinum\u200b - UniCoring","og_description":"Lab Grown Diamond Rings\u200b\uff0cLab Created Diamond Engagement","og_url":"https:\/\/unicoring.com\/fr\/produit\/versailles-one-half-coverage-diamond-ring-1-2-ct-tw-in-14k-18k-pt\/","og_site_name":"UniCoring","article_modified_time":"2025-09-10T08:40:10+00:00","og_image":[{"width":1000,"height":999,"url":"https:\/\/unicoring.com\/wp-content\/uploads\/2025\/08\/ZBR0008-1.jpg","type":"image\/jpeg"}],"twitter_card":"summary_large_image","twitter_misc":{"Dur\u00e9e de lecture estim\u00e9e":"1 minute"},"schema":{"@context":"https:\/\/schema.org","@graph":[{"@type":"WebPage","@id":"https:\/\/unicoring.com\/product\/versailles-one-half-coverage-diamond-ring-1-2-ct-tw-in-14k-18k-pt\/","url":"https:\/\/unicoring.com\/product\/versailles-one-half-coverage-diamond-ring-1-2-ct-tw-in-14k-18k-pt\/","name":"Versailles Half-Bezel Diamond engagement Ring (1.00-1.50 ct tw) in 14K\/18K Gold &amp; Platinum\u200b - UniCoring","isPartOf":{"@id":"https:\/\/unicoring.com\/#website"},"primaryImageOfPage":{"@id":"https:\/\/unicoring.com\/product\/versailles-one-half-coverage-diamond-ring-1-2-ct-tw-in-14k-18k-pt\/#primaryimage"},"image":{"@id":"https:\/\/unicoring.com\/product\/versailles-one-half-coverage-diamond-ring-1-2-ct-tw-in-14k-18k-pt\/#primaryimage"},"thumbnailUrl":"https:\/\/unicoring.com\/wp-content\/uploads\/2025\/08\/ZBR0008-1.jpg","datePublished":"2025-08-19T02:34:43+00:00","dateModified":"2025-09-10T08:40:10+00:00","description":"Lab Grown Diamond Rings\u200b\uff0cLab Created Diamond Engagement","breadcrumb":{"@id":"https:\/\/unicoring.com\/product\/versailles-one-half-coverage-diamond-ring-1-2-ct-tw-in-14k-18k-pt\/#breadcrumb"},"inLanguage":"fr-FR","potentialAction":[{"@type":"ReadAction","target":["https:\/\/unicoring.com\/product\/versailles-one-half-coverage-diamond-ring-1-2-ct-tw-in-14k-18k-pt\/"]}]},{"@type":"ImageObject","inLanguage":"fr-FR","@id":"https:\/\/unicoring.com\/product\/versailles-one-half-coverage-diamond-ring-1-2-ct-tw-in-14k-18k-pt\/#primaryimage","url":"https:\/\/unicoring.com\/wp-content\/uploads\/2025\/08\/ZBR0008-1.jpg","contentUrl":"https:\/\/unicoring.com\/wp-content\/uploads\/2025\/08\/ZBR0008-1.jpg","width":1000,"height":999},{"@type":"BreadcrumbList","@id":"https:\/\/unicoring.com\/product\/versailles-one-half-coverage-diamond-ring-1-2-ct-tw-in-14k-18k-pt\/#breadcrumb","itemListElement":[{"@type":"ListItem","position":1,"name":"\u9996\u9875","item":"https:\/\/unicoring.com\/"},{"@type":"ListItem","position":2,"name":"Shop","item":"https:\/\/unicoring.com\/shop\/"},{"@type":"ListItem","position":3,"name":"Versailles Half-Bezel Diamond engagement Ring (1.00-1.50 ct tw) in 14K\/18K Gold &amp; Platinum\u200b"}]},{"@type":"WebSite","@id":"https:\/\/unicoring.com\/#website","url":"https:\/\/unicoring.com\/","name":"UniCoring","description":"","potentialAction":[{"@type":"SearchAction","target":{"@type":"EntryPoint","urlTemplate":"https:\/\/unicoring.com\/?s={search_term_string}"},"query-input":{"@type":"PropertyValueSpecification","valueRequired":true,"valueName":"search_term_string"}}],"inLanguage":"fr-FR"}]}},"_links":{"self":[{"href":"https:\/\/unicoring.com\/fr\/wp-json\/wp\/v2\/product\/3176","targetHints":{"allow":["GET"]}}],"collection":[{"href":"https:\/\/unicoring.com\/fr\/wp-json\/wp\/v2\/product"}],"about":[{"href":"https:\/\/unicoring.com\/fr\/wp-json\/wp\/v2\/types\/product"}],"replies":[{"embeddable":true,"href":"https:\/\/unicoring.com\/fr\/wp-json\/wp\/v2\/comments?post=3176"}],"wp:featuredmedia":[{"embeddable":true,"href":"https:\/\/unicoring.com\/fr\/wp-json\/wp\/v2\/media\/3371"}],"wp:attachment":[{"href":"https:\/\/unicoring.com\/fr\/wp-json\/wp\/v2\/media?parent=3176"}],"wp:term":[{"taxonomy":"product_brand","embeddable":true,"href":"https:\/\/unicoring.com\/fr\/wp-json\/wp\/v2\/product_brand?post=3176"},{"taxonomy":"product_cat","embeddable":true,"href":"https:\/\/unicoring.com\/fr\/wp-json\/wp\/v2\/product_cat?post=3176"},{"taxonomy":"product_tag","embeddable":true,"href":"https:\/\/unicoring.com\/fr\/wp-json\/wp\/v2\/product_tag?post=3176"}],"curies":[{"name":"wp","href":"https:\/\/api.w.org\/{rel}","templated":true}]}}