{"id":3459,"date":"2025-08-21T09:08:13","date_gmt":"2025-08-21T09:08:13","guid":{"rendered":"https:\/\/unicoring.com\/?post_type=product&#038;p=3459"},"modified":"2025-09-10T08:09:34","modified_gmt":"2025-09-10T08:09:34","slug":"heart-prong-set-lab-grown-diamond-engagement-ring-in-14k-18k-gold-platinum%ef%bc%881ct-tw%ef%bc%89","status":"publish","type":"product","link":"https:\/\/unicoring.com\/fr\/produit\/heart-prong-set-lab-grown-diamond-engagement-ring-in-14k-18k-gold-platinum%ef%bc%881ct-tw%ef%bc%89\/","title":{"rendered":"Bague de fian\u00e7ailles en or 14 carats et platine (1 ct, poids total) avec diamants synth\u00e9tiques sertis en c\u0153ur"},"content":{"rendered":"<p>Cette bague avant-gardiste mais sobre (pierre centrale : 1,00 ct) est fabriqu\u00e9e en or 14 carats\/18 carats et platine, sertie de griffes en forme de c\u0153ur.<\/p>\n<p>Votre commande comprend<br \/>\nLivraison gratuite<br \/>\nLivr\u00e9 dans un emballage discret<br \/>\n\u00c9valuation professionnelle IGI<br \/>\nGarantie \u00e0 vie gratuite<\/p>\n<p>Informations sur la bague<br \/>\nMod\u00e8le : ZBR0036<br \/>\nM\u00e9tal : or blanc 14 carats\/or jaune 14 carats\/or rose 14 carats\/or blanc 18 carats\/or jaune 18 carats\/or rose 18 carats\/PT<br \/>\nLargeur : 1,8 mm<br \/>\nMonture : Griffe<br \/>\nType : diamant de laboratoire<br \/>\nForme : Forme ronde<br \/>\nNum\u00e9ro : 1<br \/>\nPoids en carats de la pierre principale : 1 carat<br \/>\nCouleur moyenne : DE\/F<br \/>\nClart\u00e9 moyenne : VVS2-VS<\/p>","protected":false},"excerpt":{"rendered":"<p>This avant-garde yet understated ring (center stone: 1.00 ct) is crafted from 14K\/18K Gold &amp; Platinum, heart-shaped prong setting. Your<\/p>","protected":false},"featured_media":3462,"comment_status":"open","ping_status":"closed","template":"","meta":[],"product_brand":[107],"product_cat":[15,220,209,75,208,163,210,196,167,201,74,170,89,161,162,157,207,77,199,277,211,164,98,79,176,171,197,189,226,200,160,158,159,195,76,71,204],"product_tag":[],"class_list":{"0":"post-3459","1":"product","2":"type-product","3":"status-publish","4":"has-post-thumbnail","6":"product_brand-unicorimg","7":"product_cat-engagement-rings","8":"product_cat-all-jewelry","9":"product_cat-anniversary-gifts","10":"product_cat-best-sellers","11":"product_cat-birthday-gifts","12":"product_cat-birthstone-jewelry","13":"product_cat-bridal-party-gifts","14":"product_cat-bridal-sets","15":"product_cat-classic-bands","16":"product_cat-fine-jewelry-fine-jewelry","17":"product_cat-fine-jewelry","18":"product_cat-gemstone-bands","19":"product_cat-jewelry","20":"product_cat-gifts-by-occasion","21":"product_cat-gifts-by-recipient","22":"product_cat-gifts-for-her","23":"product_cat-gifts-or-everyone","24":"product_cat-diamonds","25":"product_cat-lab-grown-diamond","26":"product_cat-lab-grown-diamond-ring","27":"product_cat-milestone-gifts","28":"product_cat-more-gift-ideas","29":"product_cat-ring","30":"product_cat-round","31":"product_cat-round-shop-by-gem","32":"product_cat-see-all","33":"product_cat-see-all-2","34":"product_cat-see-all-shop-by-shape","35":"product_cat-see-all-fine-jewelry-fine-jewelry","36":"product_cat-shop-by-category","37":"product_cat-shop-by-gem","38":"product_cat-shop-by-shape","39":"product_cat-shop-by-style","40":"product_cat-vintage","41":"product_cat-wedding-rings","42":"product_cat-womens-wedding-rings","43":"product_cat-204","45":"first","46":"instock","47":"sale","48":"shipping-taxable","49":"purchasable","50":"product-type-variable"},"yoast_head":"<!-- This site is optimized with the Yoast SEO plugin v25.7 - https:\/\/yoast.com\/wordpress\/plugins\/seo\/ -->\n<title>Heart Prong-Set Lab-Grown Diamond Engagement Ring in 14K\/18K Gold &amp; Platinum\u200b\uff081ct tw\uff09 - UniCoring<\/title>\n<meta name=\"description\" content=\"Lab Grown Diamond Rings\u200b\uff0cLab Created Diamond Engagement\" \/>\n<meta name=\"robots\" content=\"index, follow, max-snippet:-1, max-image-preview:large, max-video-preview:-1\" \/>\n<link rel=\"canonical\" href=\"https:\/\/unicoring.com\/fr\/produit\/heart-prong-set-lab-grown-diamond-engagement-ring-in-14k-18k-gold-platinum\uff081ct-tw\uff09\/\" \/>\n<meta property=\"og:locale\" content=\"fr_FR\" \/>\n<meta property=\"og:type\" content=\"article\" \/>\n<meta property=\"og:title\" content=\"Heart Prong-Set Lab-Grown Diamond Engagement Ring in 14K\/18K Gold &amp; Platinum\u200b\uff081ct tw\uff09 - UniCoring\" \/>\n<meta property=\"og:description\" content=\"Lab Grown Diamond Rings\u200b\uff0cLab Created Diamond Engagement\" \/>\n<meta property=\"og:url\" content=\"https:\/\/unicoring.com\/fr\/produit\/heart-prong-set-lab-grown-diamond-engagement-ring-in-14k-18k-gold-platinum\uff081ct-tw\uff09\/\" \/>\n<meta property=\"og:site_name\" content=\"UniCoring\" \/>\n<meta property=\"article:modified_time\" content=\"2025-09-10T08:09:34+00:00\" \/>\n<meta property=\"og:image\" content=\"https:\/\/unicoring.com\/wp-content\/uploads\/2025\/08\/ZBR00362.jpg\" \/>\n\t<meta property=\"og:image:width\" content=\"1000\" \/>\n\t<meta property=\"og:image:height\" content=\"1000\" \/>\n\t<meta property=\"og:image:type\" content=\"image\/jpeg\" \/>\n<meta name=\"twitter:card\" content=\"summary_large_image\" \/>\n<meta name=\"twitter:label1\" content=\"Dur\u00e9e de lecture estim\u00e9e\" \/>\n\t<meta name=\"twitter:data1\" content=\"1 minute\" \/>\n<script type=\"application\/ld+json\" class=\"yoast-schema-graph\">{\"@context\":\"https:\/\/schema.org\",\"@graph\":[{\"@type\":\"WebPage\",\"@id\":\"https:\/\/unicoring.com\/product\/heart-prong-set-lab-grown-diamond-engagement-ring-in-14k-18k-gold-platinum%ef%bc%881ct-tw%ef%bc%89\/\",\"url\":\"https:\/\/unicoring.com\/product\/heart-prong-set-lab-grown-diamond-engagement-ring-in-14k-18k-gold-platinum%ef%bc%881ct-tw%ef%bc%89\/\",\"name\":\"Heart Prong-Set Lab-Grown Diamond Engagement Ring in 14K\/18K Gold &amp; Platinum\u200b\uff081ct tw\uff09 - UniCoring\",\"isPartOf\":{\"@id\":\"https:\/\/unicoring.com\/#website\"},\"primaryImageOfPage\":{\"@id\":\"https:\/\/unicoring.com\/product\/heart-prong-set-lab-grown-diamond-engagement-ring-in-14k-18k-gold-platinum%ef%bc%881ct-tw%ef%bc%89\/#primaryimage\"},\"image\":{\"@id\":\"https:\/\/unicoring.com\/product\/heart-prong-set-lab-grown-diamond-engagement-ring-in-14k-18k-gold-platinum%ef%bc%881ct-tw%ef%bc%89\/#primaryimage\"},\"thumbnailUrl\":\"https:\/\/unicoring.com\/wp-content\/uploads\/2025\/08\/ZBR00362.jpg\",\"datePublished\":\"2025-08-21T09:08:13+00:00\",\"dateModified\":\"2025-09-10T08:09:34+00:00\",\"description\":\"Lab Grown Diamond Rings\u200b\uff0cLab Created Diamond Engagement\",\"breadcrumb\":{\"@id\":\"https:\/\/unicoring.com\/product\/heart-prong-set-lab-grown-diamond-engagement-ring-in-14k-18k-gold-platinum%ef%bc%881ct-tw%ef%bc%89\/#breadcrumb\"},\"inLanguage\":\"fr-FR\",\"potentialAction\":[{\"@type\":\"ReadAction\",\"target\":[\"https:\/\/unicoring.com\/product\/heart-prong-set-lab-grown-diamond-engagement-ring-in-14k-18k-gold-platinum%ef%bc%881ct-tw%ef%bc%89\/\"]}]},{\"@type\":\"ImageObject\",\"inLanguage\":\"fr-FR\",\"@id\":\"https:\/\/unicoring.com\/product\/heart-prong-set-lab-grown-diamond-engagement-ring-in-14k-18k-gold-platinum%ef%bc%881ct-tw%ef%bc%89\/#primaryimage\",\"url\":\"https:\/\/unicoring.com\/wp-content\/uploads\/2025\/08\/ZBR00362.jpg\",\"contentUrl\":\"https:\/\/unicoring.com\/wp-content\/uploads\/2025\/08\/ZBR00362.jpg\",\"width\":1000,\"height\":1000},{\"@type\":\"BreadcrumbList\",\"@id\":\"https:\/\/unicoring.com\/product\/heart-prong-set-lab-grown-diamond-engagement-ring-in-14k-18k-gold-platinum%ef%bc%881ct-tw%ef%bc%89\/#breadcrumb\",\"itemListElement\":[{\"@type\":\"ListItem\",\"position\":1,\"name\":\"\u9996\u9875\",\"item\":\"https:\/\/unicoring.com\/\"},{\"@type\":\"ListItem\",\"position\":2,\"name\":\"Shop\",\"item\":\"https:\/\/unicoring.com\/shop\/\"},{\"@type\":\"ListItem\",\"position\":3,\"name\":\"Heart Prong-Set Lab-Grown Diamond Engagement Ring in 14K\/18K Gold &amp; Platinum\u200b\uff081ct tw\uff09\"}]},{\"@type\":\"WebSite\",\"@id\":\"https:\/\/unicoring.com\/#website\",\"url\":\"https:\/\/unicoring.com\/\",\"name\":\"UniCoring\",\"description\":\"\",\"potentialAction\":[{\"@type\":\"SearchAction\",\"target\":{\"@type\":\"EntryPoint\",\"urlTemplate\":\"https:\/\/unicoring.com\/?s={search_term_string}\"},\"query-input\":{\"@type\":\"PropertyValueSpecification\",\"valueRequired\":true,\"valueName\":\"search_term_string\"}}],\"inLanguage\":\"fr-FR\"}]}<\/script>\n<!-- \/ Yoast SEO plugin. -->","yoast_head_json":{"title":"Heart Prong-Set Lab-Grown Diamond Engagement Ring in 14K\/18K Gold &amp; Platinum\u200b\uff081ct tw\uff09 - UniCoring","description":"Lab Grown Diamond Rings\u200b\uff0cLab Created Diamond Engagement","robots":{"index":"index","follow":"follow","max-snippet":"max-snippet:-1","max-image-preview":"max-image-preview:large","max-video-preview":"max-video-preview:-1"},"canonical":"https:\/\/unicoring.com\/fr\/produit\/heart-prong-set-lab-grown-diamond-engagement-ring-in-14k-18k-gold-platinum\uff081ct-tw\uff09\/","og_locale":"fr_FR","og_type":"article","og_title":"Heart Prong-Set Lab-Grown Diamond Engagement Ring in 14K\/18K Gold &amp; Platinum\u200b\uff081ct tw\uff09 - UniCoring","og_description":"Lab Grown Diamond Rings\u200b\uff0cLab Created Diamond Engagement","og_url":"https:\/\/unicoring.com\/fr\/produit\/heart-prong-set-lab-grown-diamond-engagement-ring-in-14k-18k-gold-platinum\uff081ct-tw\uff09\/","og_site_name":"UniCoring","article_modified_time":"2025-09-10T08:09:34+00:00","og_image":[{"width":1000,"height":1000,"url":"https:\/\/unicoring.com\/wp-content\/uploads\/2025\/08\/ZBR00362.jpg","type":"image\/jpeg"}],"twitter_card":"summary_large_image","twitter_misc":{"Dur\u00e9e de lecture estim\u00e9e":"1 minute"},"schema":{"@context":"https:\/\/schema.org","@graph":[{"@type":"WebPage","@id":"https:\/\/unicoring.com\/product\/heart-prong-set-lab-grown-diamond-engagement-ring-in-14k-18k-gold-platinum%ef%bc%881ct-tw%ef%bc%89\/","url":"https:\/\/unicoring.com\/product\/heart-prong-set-lab-grown-diamond-engagement-ring-in-14k-18k-gold-platinum%ef%bc%881ct-tw%ef%bc%89\/","name":"Heart Prong-Set Lab-Grown Diamond Engagement Ring in 14K\/18K Gold &amp; Platinum\u200b\uff081ct tw\uff09 - UniCoring","isPartOf":{"@id":"https:\/\/unicoring.com\/#website"},"primaryImageOfPage":{"@id":"https:\/\/unicoring.com\/product\/heart-prong-set-lab-grown-diamond-engagement-ring-in-14k-18k-gold-platinum%ef%bc%881ct-tw%ef%bc%89\/#primaryimage"},"image":{"@id":"https:\/\/unicoring.com\/product\/heart-prong-set-lab-grown-diamond-engagement-ring-in-14k-18k-gold-platinum%ef%bc%881ct-tw%ef%bc%89\/#primaryimage"},"thumbnailUrl":"https:\/\/unicoring.com\/wp-content\/uploads\/2025\/08\/ZBR00362.jpg","datePublished":"2025-08-21T09:08:13+00:00","dateModified":"2025-09-10T08:09:34+00:00","description":"Lab Grown Diamond Rings\u200b\uff0cLab Created Diamond Engagement","breadcrumb":{"@id":"https:\/\/unicoring.com\/product\/heart-prong-set-lab-grown-diamond-engagement-ring-in-14k-18k-gold-platinum%ef%bc%881ct-tw%ef%bc%89\/#breadcrumb"},"inLanguage":"fr-FR","potentialAction":[{"@type":"ReadAction","target":["https:\/\/unicoring.com\/product\/heart-prong-set-lab-grown-diamond-engagement-ring-in-14k-18k-gold-platinum%ef%bc%881ct-tw%ef%bc%89\/"]}]},{"@type":"ImageObject","inLanguage":"fr-FR","@id":"https:\/\/unicoring.com\/product\/heart-prong-set-lab-grown-diamond-engagement-ring-in-14k-18k-gold-platinum%ef%bc%881ct-tw%ef%bc%89\/#primaryimage","url":"https:\/\/unicoring.com\/wp-content\/uploads\/2025\/08\/ZBR00362.jpg","contentUrl":"https:\/\/unicoring.com\/wp-content\/uploads\/2025\/08\/ZBR00362.jpg","width":1000,"height":1000},{"@type":"BreadcrumbList","@id":"https:\/\/unicoring.com\/product\/heart-prong-set-lab-grown-diamond-engagement-ring-in-14k-18k-gold-platinum%ef%bc%881ct-tw%ef%bc%89\/#breadcrumb","itemListElement":[{"@type":"ListItem","position":1,"name":"\u9996\u9875","item":"https:\/\/unicoring.com\/"},{"@type":"ListItem","position":2,"name":"Shop","item":"https:\/\/unicoring.com\/shop\/"},{"@type":"ListItem","position":3,"name":"Heart Prong-Set Lab-Grown Diamond Engagement Ring in 14K\/18K Gold &amp; Platinum\u200b\uff081ct tw\uff09"}]},{"@type":"WebSite","@id":"https:\/\/unicoring.com\/#website","url":"https:\/\/unicoring.com\/","name":"UniCoring","description":"","potentialAction":[{"@type":"SearchAction","target":{"@type":"EntryPoint","urlTemplate":"https:\/\/unicoring.com\/?s={search_term_string}"},"query-input":{"@type":"PropertyValueSpecification","valueRequired":true,"valueName":"search_term_string"}}],"inLanguage":"fr-FR"}]}},"_links":{"self":[{"href":"https:\/\/unicoring.com\/fr\/wp-json\/wp\/v2\/product\/3459","targetHints":{"allow":["GET"]}}],"collection":[{"href":"https:\/\/unicoring.com\/fr\/wp-json\/wp\/v2\/product"}],"about":[{"href":"https:\/\/unicoring.com\/fr\/wp-json\/wp\/v2\/types\/product"}],"replies":[{"embeddable":true,"href":"https:\/\/unicoring.com\/fr\/wp-json\/wp\/v2\/comments?post=3459"}],"wp:featuredmedia":[{"embeddable":true,"href":"https:\/\/unicoring.com\/fr\/wp-json\/wp\/v2\/media\/3462"}],"wp:attachment":[{"href":"https:\/\/unicoring.com\/fr\/wp-json\/wp\/v2\/media?parent=3459"}],"wp:term":[{"taxonomy":"product_brand","embeddable":true,"href":"https:\/\/unicoring.com\/fr\/wp-json\/wp\/v2\/product_brand?post=3459"},{"taxonomy":"product_cat","embeddable":true,"href":"https:\/\/unicoring.com\/fr\/wp-json\/wp\/v2\/product_cat?post=3459"},{"taxonomy":"product_tag","embeddable":true,"href":"https:\/\/unicoring.com\/fr\/wp-json\/wp\/v2\/product_tag?post=3459"}],"curies":[{"name":"wp","href":"https:\/\/api.w.org\/{rel}","templated":true}]}}