{"id":3502,"date":"2025-08-22T01:35:16","date_gmt":"2025-08-22T01:35:16","guid":{"rendered":"https:\/\/unicoring.com\/?post_type=product&#038;p=3502"},"modified":"2025-09-10T08:35:52","modified_gmt":"2025-09-10T08:35:52","slug":"secret-garden-lab-grown-diamond-ring-1-50-ct-tw-in-14k-18k-gold-platinum","status":"publish","type":"product","link":"https:\/\/unicoring.com\/fr\/produit\/secret-garden-lab-grown-diamond-ring-1-50-ct-tw-in-14k-18k-gold-platinum\/","title":{"rendered":"Bague Jardin Secret avec diamants de laboratoire (1,50 ct, poids total) en or 14 carats\/18 carats et platine"},"content":{"rendered":"<p>Des diamants taille marquise radieux sont dispos\u00e9s autour d&#039;une pierre centrale taille princesse, cr\u00e9ant une ambiance naturelle et \u00e9l\u00e9gante (poids total du diamant : 1,50 ct tw).<\/p>\n<p>Votre commande comprend :<br \/>\n\u2013 Livraison express gratuite<br \/>\n\u2013 Emballage discret<br \/>\n\u2013 Garantie \u00e0 vie<\/p>\n<p>Sp\u00e9cifications de la bague<br \/>\nMod\u00e8le : ZBR0130<br \/>\nM\u00e9tal : Or blanc\/jaune\/rose 14 carats\/18 carats et platine<br \/>\nLargeur : 4 mm<br \/>\nR\u00e9glage : Griffe<\/p>\n<p>D\u00e9tails des pierres pr\u00e9cieuses<br \/>\nType : Diamant de laboratoire<br \/>\nPierre centrale :<br \/>\nForme : Princesse<br \/>\nQuantit\u00e9 : 2<br \/>\nPoids total : 1,00 ct<br \/>\nPierres d&#039;accentuation :<br \/>\nForme : Marquise et Ronde<br \/>\nQuantit\u00e9 : 34<br \/>\nPoids total minimum : 0,50 ct<br \/>\nR\u00e9glage : Griffe<br \/>\nCouleur moyenne : DE\/F<br \/>\nClart\u00e9 moyenne : VVS2-VS<\/p>","protected":false},"excerpt":{"rendered":"<p>Radiant marquise-cut diamonds are arranged around a princess-cut center stone, creating a natural and elegant ambiance (total diamond weight: 1.50<\/p>","protected":false},"featured_media":3504,"comment_status":"open","ping_status":"closed","template":"","meta":[],"product_brand":[107],"product_cat":[15,220,209,75,208,163,210,196,201,170,89,161,162,157,207,199,77,277,211,164,186,86,98,79,171,226,200,160,158,159,195,76,71,204,205],"product_tag":[],"class_list":{"0":"post-3502","1":"product","2":"type-product","3":"status-publish","4":"has-post-thumbnail","6":"product_brand-unicorimg","7":"product_cat-engagement-rings","8":"product_cat-all-jewelry","9":"product_cat-anniversary-gifts","10":"product_cat-best-sellers","11":"product_cat-birthday-gifts","12":"product_cat-birthstone-jewelry","13":"product_cat-bridal-party-gifts","14":"product_cat-bridal-sets","15":"product_cat-fine-jewelry-fine-jewelry","16":"product_cat-gemstone-bands","17":"product_cat-jewelry","18":"product_cat-gifts-by-occasion","19":"product_cat-gifts-by-recipient","20":"product_cat-gifts-for-her","21":"product_cat-gifts-or-everyone","22":"product_cat-lab-grown-diamond","23":"product_cat-diamonds","24":"product_cat-lab-grown-diamond-ring","25":"product_cat-milestone-gifts","26":"product_cat-more-gift-ideas","27":"product_cat-princess-shop-by-shape","28":"product_cat-princess","29":"product_cat-ring","30":"product_cat-round","31":"product_cat-see-all","32":"product_cat-see-all-fine-jewelry-fine-jewelry","33":"product_cat-shop-by-category","34":"product_cat-shop-by-gem","35":"product_cat-shop-by-shape","36":"product_cat-shop-by-style","37":"product_cat-vintage","38":"product_cat-wedding-rings","39":"product_cat-womens-wedding-rings","40":"product_cat-204","41":"product_cat-205","43":"first","44":"instock","45":"sale","46":"shipping-taxable","47":"purchasable","48":"product-type-variable"},"yoast_head":"<!-- This site is optimized with the Yoast SEO plugin v25.7 - https:\/\/yoast.com\/wordpress\/plugins\/seo\/ -->\n<title>Secret Garden Lab-Grown Diamond Ring (1.50 ct tw) in 14K\/18K Gold &amp; Platinum\u200b - UniCoring<\/title>\n<meta name=\"description\" content=\"Lab Grown Diamond Rings\u200b\uff0cLab Created Diamond Engagement\" \/>\n<meta name=\"robots\" content=\"index, follow, max-snippet:-1, max-image-preview:large, max-video-preview:-1\" \/>\n<link rel=\"canonical\" href=\"https:\/\/unicoring.com\/fr\/produit\/secret-garden-lab-grown-diamond-ring-1-50-ct-tw-in-14k-18k-gold-platinum\/\" \/>\n<meta property=\"og:locale\" content=\"fr_FR\" \/>\n<meta property=\"og:type\" content=\"article\" \/>\n<meta property=\"og:title\" content=\"Secret Garden Lab-Grown Diamond Ring (1.50 ct tw) in 14K\/18K Gold &amp; Platinum\u200b - UniCoring\" \/>\n<meta property=\"og:description\" content=\"Lab Grown Diamond Rings\u200b\uff0cLab Created Diamond Engagement\" \/>\n<meta property=\"og:url\" content=\"https:\/\/unicoring.com\/fr\/produit\/secret-garden-lab-grown-diamond-ring-1-50-ct-tw-in-14k-18k-gold-platinum\/\" \/>\n<meta property=\"og:site_name\" content=\"UniCoring\" \/>\n<meta property=\"article:modified_time\" content=\"2025-09-10T08:35:52+00:00\" \/>\n<meta property=\"og:image\" content=\"https:\/\/unicoring.com\/wp-content\/uploads\/2025\/08\/ZBR0130.jpg\" \/>\n\t<meta property=\"og:image:width\" content=\"1000\" \/>\n\t<meta property=\"og:image:height\" content=\"1000\" \/>\n\t<meta property=\"og:image:type\" content=\"image\/jpeg\" \/>\n<meta name=\"twitter:card\" content=\"summary_large_image\" \/>\n<meta name=\"twitter:label1\" content=\"Dur\u00e9e de lecture estim\u00e9e\" \/>\n\t<meta name=\"twitter:data1\" content=\"1 minute\" \/>\n<script type=\"application\/ld+json\" class=\"yoast-schema-graph\">{\"@context\":\"https:\/\/schema.org\",\"@graph\":[{\"@type\":\"WebPage\",\"@id\":\"https:\/\/unicoring.com\/product\/secret-garden-lab-grown-diamond-ring-1-50-ct-tw-in-14k-18k-gold-platinum\/\",\"url\":\"https:\/\/unicoring.com\/product\/secret-garden-lab-grown-diamond-ring-1-50-ct-tw-in-14k-18k-gold-platinum\/\",\"name\":\"Secret Garden Lab-Grown Diamond Ring (1.50 ct tw) in 14K\/18K Gold &amp; Platinum\u200b - UniCoring\",\"isPartOf\":{\"@id\":\"https:\/\/unicoring.com\/#website\"},\"primaryImageOfPage\":{\"@id\":\"https:\/\/unicoring.com\/product\/secret-garden-lab-grown-diamond-ring-1-50-ct-tw-in-14k-18k-gold-platinum\/#primaryimage\"},\"image\":{\"@id\":\"https:\/\/unicoring.com\/product\/secret-garden-lab-grown-diamond-ring-1-50-ct-tw-in-14k-18k-gold-platinum\/#primaryimage\"},\"thumbnailUrl\":\"https:\/\/unicoring.com\/wp-content\/uploads\/2025\/08\/ZBR0130.jpg\",\"datePublished\":\"2025-08-22T01:35:16+00:00\",\"dateModified\":\"2025-09-10T08:35:52+00:00\",\"description\":\"Lab Grown Diamond Rings\u200b\uff0cLab Created Diamond Engagement\",\"breadcrumb\":{\"@id\":\"https:\/\/unicoring.com\/product\/secret-garden-lab-grown-diamond-ring-1-50-ct-tw-in-14k-18k-gold-platinum\/#breadcrumb\"},\"inLanguage\":\"fr-FR\",\"potentialAction\":[{\"@type\":\"ReadAction\",\"target\":[\"https:\/\/unicoring.com\/product\/secret-garden-lab-grown-diamond-ring-1-50-ct-tw-in-14k-18k-gold-platinum\/\"]}]},{\"@type\":\"ImageObject\",\"inLanguage\":\"fr-FR\",\"@id\":\"https:\/\/unicoring.com\/product\/secret-garden-lab-grown-diamond-ring-1-50-ct-tw-in-14k-18k-gold-platinum\/#primaryimage\",\"url\":\"https:\/\/unicoring.com\/wp-content\/uploads\/2025\/08\/ZBR0130.jpg\",\"contentUrl\":\"https:\/\/unicoring.com\/wp-content\/uploads\/2025\/08\/ZBR0130.jpg\",\"width\":1000,\"height\":1000},{\"@type\":\"BreadcrumbList\",\"@id\":\"https:\/\/unicoring.com\/product\/secret-garden-lab-grown-diamond-ring-1-50-ct-tw-in-14k-18k-gold-platinum\/#breadcrumb\",\"itemListElement\":[{\"@type\":\"ListItem\",\"position\":1,\"name\":\"\u9996\u9875\",\"item\":\"https:\/\/unicoring.com\/\"},{\"@type\":\"ListItem\",\"position\":2,\"name\":\"Shop\",\"item\":\"https:\/\/unicoring.com\/shop\/\"},{\"@type\":\"ListItem\",\"position\":3,\"name\":\"Secret Garden Lab-Grown Diamond Ring (1.50 ct tw) in 14K\/18K Gold &amp; Platinum\u200b\"}]},{\"@type\":\"WebSite\",\"@id\":\"https:\/\/unicoring.com\/#website\",\"url\":\"https:\/\/unicoring.com\/\",\"name\":\"UniCoring\",\"description\":\"\",\"potentialAction\":[{\"@type\":\"SearchAction\",\"target\":{\"@type\":\"EntryPoint\",\"urlTemplate\":\"https:\/\/unicoring.com\/?s={search_term_string}\"},\"query-input\":{\"@type\":\"PropertyValueSpecification\",\"valueRequired\":true,\"valueName\":\"search_term_string\"}}],\"inLanguage\":\"fr-FR\"}]}<\/script>\n<!-- \/ Yoast SEO plugin. -->","yoast_head_json":{"title":"Secret Garden Lab-Grown Diamond Ring (1.50 ct tw) in 14K\/18K Gold &amp; Platinum\u200b - UniCoring","description":"Lab Grown Diamond Rings\u200b\uff0cLab Created Diamond Engagement","robots":{"index":"index","follow":"follow","max-snippet":"max-snippet:-1","max-image-preview":"max-image-preview:large","max-video-preview":"max-video-preview:-1"},"canonical":"https:\/\/unicoring.com\/fr\/produit\/secret-garden-lab-grown-diamond-ring-1-50-ct-tw-in-14k-18k-gold-platinum\/","og_locale":"fr_FR","og_type":"article","og_title":"Secret Garden Lab-Grown Diamond Ring (1.50 ct tw) in 14K\/18K Gold &amp; Platinum\u200b - UniCoring","og_description":"Lab Grown Diamond Rings\u200b\uff0cLab Created Diamond Engagement","og_url":"https:\/\/unicoring.com\/fr\/produit\/secret-garden-lab-grown-diamond-ring-1-50-ct-tw-in-14k-18k-gold-platinum\/","og_site_name":"UniCoring","article_modified_time":"2025-09-10T08:35:52+00:00","og_image":[{"width":1000,"height":1000,"url":"https:\/\/unicoring.com\/wp-content\/uploads\/2025\/08\/ZBR0130.jpg","type":"image\/jpeg"}],"twitter_card":"summary_large_image","twitter_misc":{"Dur\u00e9e de lecture estim\u00e9e":"1 minute"},"schema":{"@context":"https:\/\/schema.org","@graph":[{"@type":"WebPage","@id":"https:\/\/unicoring.com\/product\/secret-garden-lab-grown-diamond-ring-1-50-ct-tw-in-14k-18k-gold-platinum\/","url":"https:\/\/unicoring.com\/product\/secret-garden-lab-grown-diamond-ring-1-50-ct-tw-in-14k-18k-gold-platinum\/","name":"Secret Garden Lab-Grown Diamond Ring (1.50 ct tw) in 14K\/18K Gold &amp; Platinum\u200b - UniCoring","isPartOf":{"@id":"https:\/\/unicoring.com\/#website"},"primaryImageOfPage":{"@id":"https:\/\/unicoring.com\/product\/secret-garden-lab-grown-diamond-ring-1-50-ct-tw-in-14k-18k-gold-platinum\/#primaryimage"},"image":{"@id":"https:\/\/unicoring.com\/product\/secret-garden-lab-grown-diamond-ring-1-50-ct-tw-in-14k-18k-gold-platinum\/#primaryimage"},"thumbnailUrl":"https:\/\/unicoring.com\/wp-content\/uploads\/2025\/08\/ZBR0130.jpg","datePublished":"2025-08-22T01:35:16+00:00","dateModified":"2025-09-10T08:35:52+00:00","description":"Lab Grown Diamond Rings\u200b\uff0cLab Created Diamond Engagement","breadcrumb":{"@id":"https:\/\/unicoring.com\/product\/secret-garden-lab-grown-diamond-ring-1-50-ct-tw-in-14k-18k-gold-platinum\/#breadcrumb"},"inLanguage":"fr-FR","potentialAction":[{"@type":"ReadAction","target":["https:\/\/unicoring.com\/product\/secret-garden-lab-grown-diamond-ring-1-50-ct-tw-in-14k-18k-gold-platinum\/"]}]},{"@type":"ImageObject","inLanguage":"fr-FR","@id":"https:\/\/unicoring.com\/product\/secret-garden-lab-grown-diamond-ring-1-50-ct-tw-in-14k-18k-gold-platinum\/#primaryimage","url":"https:\/\/unicoring.com\/wp-content\/uploads\/2025\/08\/ZBR0130.jpg","contentUrl":"https:\/\/unicoring.com\/wp-content\/uploads\/2025\/08\/ZBR0130.jpg","width":1000,"height":1000},{"@type":"BreadcrumbList","@id":"https:\/\/unicoring.com\/product\/secret-garden-lab-grown-diamond-ring-1-50-ct-tw-in-14k-18k-gold-platinum\/#breadcrumb","itemListElement":[{"@type":"ListItem","position":1,"name":"\u9996\u9875","item":"https:\/\/unicoring.com\/"},{"@type":"ListItem","position":2,"name":"Shop","item":"https:\/\/unicoring.com\/shop\/"},{"@type":"ListItem","position":3,"name":"Secret Garden Lab-Grown Diamond Ring (1.50 ct tw) in 14K\/18K Gold &amp; Platinum\u200b"}]},{"@type":"WebSite","@id":"https:\/\/unicoring.com\/#website","url":"https:\/\/unicoring.com\/","name":"UniCoring","description":"","potentialAction":[{"@type":"SearchAction","target":{"@type":"EntryPoint","urlTemplate":"https:\/\/unicoring.com\/?s={search_term_string}"},"query-input":{"@type":"PropertyValueSpecification","valueRequired":true,"valueName":"search_term_string"}}],"inLanguage":"fr-FR"}]}},"_links":{"self":[{"href":"https:\/\/unicoring.com\/fr\/wp-json\/wp\/v2\/product\/3502","targetHints":{"allow":["GET"]}}],"collection":[{"href":"https:\/\/unicoring.com\/fr\/wp-json\/wp\/v2\/product"}],"about":[{"href":"https:\/\/unicoring.com\/fr\/wp-json\/wp\/v2\/types\/product"}],"replies":[{"embeddable":true,"href":"https:\/\/unicoring.com\/fr\/wp-json\/wp\/v2\/comments?post=3502"}],"wp:featuredmedia":[{"embeddable":true,"href":"https:\/\/unicoring.com\/fr\/wp-json\/wp\/v2\/media\/3504"}],"wp:attachment":[{"href":"https:\/\/unicoring.com\/fr\/wp-json\/wp\/v2\/media?parent=3502"}],"wp:term":[{"taxonomy":"product_brand","embeddable":true,"href":"https:\/\/unicoring.com\/fr\/wp-json\/wp\/v2\/product_brand?post=3502"},{"taxonomy":"product_cat","embeddable":true,"href":"https:\/\/unicoring.com\/fr\/wp-json\/wp\/v2\/product_cat?post=3502"},{"taxonomy":"product_tag","embeddable":true,"href":"https:\/\/unicoring.com\/fr\/wp-json\/wp\/v2\/product_tag?post=3502"}],"curies":[{"name":"wp","href":"https:\/\/api.w.org\/{rel}","templated":true}]}}