{"id":3618,"date":"2025-08-25T07:27:51","date_gmt":"2025-08-25T07:27:51","guid":{"rendered":"https:\/\/unicoring.com\/?post_type=product&#038;p=3618"},"modified":"2025-09-10T08:35:07","modified_gmt":"2025-09-10T08:35:07","slug":"lab-grown-diamond-wedding-ring-1-00-ct-tw-in-14k-18k-yellow-gold-rose-gold-platinum","status":"publish","type":"product","link":"https:\/\/unicoring.com\/fr\/produit\/lab-grown-diamond-wedding-ring-1-00-ct-tw-in-14k-18k-yellow-gold-rose-gold-platinum\/","title":{"rendered":"Alliance en diamant de laboratoire (1,00 ct, poids total) en or blanc ou jaune 14 carats\/18 carats, or rose et platine"},"content":{"rendered":"<p>Cette bague captivante brille de mille feux gr\u00e2ce \u00e0 ses diamants de synth\u00e8se sertis sur des griffes partag\u00e9es d\u00e9licatement sculpt\u00e9es, qui subliment l&#039;\u00e9clat et la brillance de chaque pierre. Alliance id\u00e9ale pour un mariage ou un anniversaire, elle peut \u00eatre associ\u00e9e \u00e0 une bague de fian\u00e7ailles ou port\u00e9e seule pour un effet saisissant.<\/p>\n<p>Votre commande comprend :<br \/>\n\u2013 Livraison express gratuite<br \/>\n\u2013 Emballage priv\u00e9<br \/>\n\u2013 Garantie \u00e0 vie<\/p>\n<p>Sp\u00e9cifications de la bague<br \/>\nStyle : ZBR0018<br \/>\nM\u00e9tal : or blanc\/jaune\/rose 14 carats\/18 carats et platine<br \/>\nLargeur : 2 mm<br \/>\nRhodi\u00e9 : Oui<br \/>\nR\u00e9glage : Griffe<\/p>\n<p>D\u00e9tails des pierres pr\u00e9cieuses<br \/>\nType : Diamant de laboratoire<\/p>\n<p>Pierres lat\u00e9rales :<br \/>\nForme : Ronde<br \/>\nQuantit\u00e9 : 9<br \/>\nPoids total en carats : 1 carat<br \/>\nCouleur moyenne : DE\/F<br \/>\nClart\u00e9 moyenne : VS-VVS2<\/p>","protected":false},"excerpt":{"rendered":"<p>This eye-catching ring shines with lab-grown diamonds set in delicately sculpted shared prongs that maximize the fire and brilliance of<\/p>","protected":false},"featured_media":3627,"comment_status":"open","ping_status":"closed","template":"","meta":[],"product_brand":[107],"product_cat":[15,220,209,75,208,163,210,196,167,74,201,170,89,161,162,157,207,77,199,277,214,211,164,98,79,176,171,189,226,200,160,158,159,193,76,71,204,205],"product_tag":[],"class_list":{"0":"post-3618","1":"product","2":"type-product","3":"status-publish","4":"has-post-thumbnail","6":"product_brand-unicorimg","7":"product_cat-engagement-rings","8":"product_cat-all-jewelry","9":"product_cat-anniversary-gifts","10":"product_cat-best-sellers","11":"product_cat-birthday-gifts","12":"product_cat-birthstone-jewelry","13":"product_cat-bridal-party-gifts","14":"product_cat-bridal-sets","15":"product_cat-classic-bands","16":"product_cat-fine-jewelry","17":"product_cat-fine-jewelry-fine-jewelry","18":"product_cat-gemstone-bands","19":"product_cat-jewelry","20":"product_cat-gifts-by-occasion","21":"product_cat-gifts-by-recipient","22":"product_cat-gifts-for-her","23":"product_cat-gifts-or-everyone","24":"product_cat-diamonds","25":"product_cat-lab-grown-diamond","26":"product_cat-lab-grown-diamond-ring","27":"product_cat-luxe-gifts","28":"product_cat-milestone-gifts","29":"product_cat-more-gift-ideas","30":"product_cat-ring","31":"product_cat-round","32":"product_cat-round-shop-by-gem","33":"product_cat-see-all","34":"product_cat-see-all-shop-by-shape","35":"product_cat-see-all-fine-jewelry-fine-jewelry","36":"product_cat-shop-by-category","37":"product_cat-shop-by-gem","38":"product_cat-shop-by-shape","39":"product_cat-shop-by-style","40":"product_cat-side-stone","41":"product_cat-wedding-rings","42":"product_cat-womens-wedding-rings","43":"product_cat-204","44":"product_cat-205","46":"first","47":"instock","48":"sale","49":"shipping-taxable","50":"purchasable","51":"product-type-variable"},"yoast_head":"<!-- This site is optimized with the Yoast SEO plugin v25.7 - https:\/\/yoast.com\/wordpress\/plugins\/seo\/ -->\n<title>\u200b\u200bLab-Grown Diamond Wedding Ring (1.00 ct tw) in 14K\/18K White or Yellow Gold, Rose Gold &amp; Platinum\u200b\u200b - UniCoring<\/title>\n<meta name=\"description\" content=\"Lab Grown Diamond Rings\u200b\uff0cLab Created Diamond Engagement\" \/>\n<meta name=\"robots\" content=\"index, follow, max-snippet:-1, max-image-preview:large, max-video-preview:-1\" \/>\n<link rel=\"canonical\" href=\"https:\/\/unicoring.com\/fr\/produit\/lab-grown-diamond-wedding-ring-1-00-ct-tw-in-14k-18k-yellow-gold-rose-gold-platinum\/\" \/>\n<meta property=\"og:locale\" content=\"fr_FR\" \/>\n<meta property=\"og:type\" content=\"article\" \/>\n<meta property=\"og:title\" content=\"\u200b\u200bLab-Grown Diamond Wedding Ring (1.00 ct tw) in 14K\/18K White or Yellow Gold, Rose Gold &amp; Platinum\u200b\u200b - UniCoring\" \/>\n<meta property=\"og:description\" content=\"Lab Grown Diamond Rings\u200b\uff0cLab Created Diamond Engagement\" \/>\n<meta property=\"og:url\" content=\"https:\/\/unicoring.com\/fr\/produit\/lab-grown-diamond-wedding-ring-1-00-ct-tw-in-14k-18k-yellow-gold-rose-gold-platinum\/\" \/>\n<meta property=\"og:site_name\" content=\"UniCoring\" \/>\n<meta property=\"article:modified_time\" content=\"2025-09-10T08:35:07+00:00\" \/>\n<meta property=\"og:image\" content=\"https:\/\/unicoring.com\/wp-content\/uploads\/2025\/08\/ZBR00181.jpg\" \/>\n\t<meta property=\"og:image:width\" content=\"1000\" \/>\n\t<meta property=\"og:image:height\" content=\"999\" \/>\n\t<meta property=\"og:image:type\" content=\"image\/jpeg\" \/>\n<meta name=\"twitter:card\" content=\"summary_large_image\" \/>\n<meta name=\"twitter:label1\" content=\"Dur\u00e9e de lecture estim\u00e9e\" \/>\n\t<meta name=\"twitter:data1\" content=\"1 minute\" \/>\n<script type=\"application\/ld+json\" class=\"yoast-schema-graph\">{\"@context\":\"https:\/\/schema.org\",\"@graph\":[{\"@type\":\"WebPage\",\"@id\":\"https:\/\/unicoring.com\/product\/lab-grown-diamond-wedding-ring-1-00-ct-tw-in-14k-18k-yellow-gold-rose-gold-platinum\/\",\"url\":\"https:\/\/unicoring.com\/product\/lab-grown-diamond-wedding-ring-1-00-ct-tw-in-14k-18k-yellow-gold-rose-gold-platinum\/\",\"name\":\"\u200b\u200bLab-Grown Diamond Wedding Ring (1.00 ct tw) in 14K\/18K White or Yellow Gold, Rose Gold &amp; Platinum\u200b\u200b - UniCoring\",\"isPartOf\":{\"@id\":\"https:\/\/unicoring.com\/#website\"},\"primaryImageOfPage\":{\"@id\":\"https:\/\/unicoring.com\/product\/lab-grown-diamond-wedding-ring-1-00-ct-tw-in-14k-18k-yellow-gold-rose-gold-platinum\/#primaryimage\"},\"image\":{\"@id\":\"https:\/\/unicoring.com\/product\/lab-grown-diamond-wedding-ring-1-00-ct-tw-in-14k-18k-yellow-gold-rose-gold-platinum\/#primaryimage\"},\"thumbnailUrl\":\"https:\/\/unicoring.com\/wp-content\/uploads\/2025\/08\/ZBR00181.jpg\",\"datePublished\":\"2025-08-25T07:27:51+00:00\",\"dateModified\":\"2025-09-10T08:35:07+00:00\",\"description\":\"Lab Grown Diamond Rings\u200b\uff0cLab Created Diamond Engagement\",\"breadcrumb\":{\"@id\":\"https:\/\/unicoring.com\/product\/lab-grown-diamond-wedding-ring-1-00-ct-tw-in-14k-18k-yellow-gold-rose-gold-platinum\/#breadcrumb\"},\"inLanguage\":\"fr-FR\",\"potentialAction\":[{\"@type\":\"ReadAction\",\"target\":[\"https:\/\/unicoring.com\/product\/lab-grown-diamond-wedding-ring-1-00-ct-tw-in-14k-18k-yellow-gold-rose-gold-platinum\/\"]}]},{\"@type\":\"ImageObject\",\"inLanguage\":\"fr-FR\",\"@id\":\"https:\/\/unicoring.com\/product\/lab-grown-diamond-wedding-ring-1-00-ct-tw-in-14k-18k-yellow-gold-rose-gold-platinum\/#primaryimage\",\"url\":\"https:\/\/unicoring.com\/wp-content\/uploads\/2025\/08\/ZBR00181.jpg\",\"contentUrl\":\"https:\/\/unicoring.com\/wp-content\/uploads\/2025\/08\/ZBR00181.jpg\",\"width\":1000,\"height\":999},{\"@type\":\"BreadcrumbList\",\"@id\":\"https:\/\/unicoring.com\/product\/lab-grown-diamond-wedding-ring-1-00-ct-tw-in-14k-18k-yellow-gold-rose-gold-platinum\/#breadcrumb\",\"itemListElement\":[{\"@type\":\"ListItem\",\"position\":1,\"name\":\"\u9996\u9875\",\"item\":\"https:\/\/unicoring.com\/\"},{\"@type\":\"ListItem\",\"position\":2,\"name\":\"Shop\",\"item\":\"https:\/\/unicoring.com\/shop\/\"},{\"@type\":\"ListItem\",\"position\":3,\"name\":\"\u200b\u200bLab-Grown Diamond Wedding Ring (1.00 ct tw) in 14K\/18K White or Yellow Gold, Rose Gold &amp; Platinum\u200b\u200b\"}]},{\"@type\":\"WebSite\",\"@id\":\"https:\/\/unicoring.com\/#website\",\"url\":\"https:\/\/unicoring.com\/\",\"name\":\"UniCoring\",\"description\":\"\",\"potentialAction\":[{\"@type\":\"SearchAction\",\"target\":{\"@type\":\"EntryPoint\",\"urlTemplate\":\"https:\/\/unicoring.com\/?s={search_term_string}\"},\"query-input\":{\"@type\":\"PropertyValueSpecification\",\"valueRequired\":true,\"valueName\":\"search_term_string\"}}],\"inLanguage\":\"fr-FR\"}]}<\/script>\n<!-- \/ Yoast SEO plugin. -->","yoast_head_json":{"title":"\u200b\u200bLab-Grown Diamond Wedding Ring (1.00 ct tw) in 14K\/18K White or Yellow Gold, Rose Gold &amp; Platinum\u200b\u200b - UniCoring","description":"Lab Grown Diamond Rings\u200b\uff0cLab Created Diamond Engagement","robots":{"index":"index","follow":"follow","max-snippet":"max-snippet:-1","max-image-preview":"max-image-preview:large","max-video-preview":"max-video-preview:-1"},"canonical":"https:\/\/unicoring.com\/fr\/produit\/lab-grown-diamond-wedding-ring-1-00-ct-tw-in-14k-18k-yellow-gold-rose-gold-platinum\/","og_locale":"fr_FR","og_type":"article","og_title":"\u200b\u200bLab-Grown Diamond Wedding Ring (1.00 ct tw) in 14K\/18K White or Yellow Gold, Rose Gold &amp; Platinum\u200b\u200b - UniCoring","og_description":"Lab Grown Diamond Rings\u200b\uff0cLab Created Diamond Engagement","og_url":"https:\/\/unicoring.com\/fr\/produit\/lab-grown-diamond-wedding-ring-1-00-ct-tw-in-14k-18k-yellow-gold-rose-gold-platinum\/","og_site_name":"UniCoring","article_modified_time":"2025-09-10T08:35:07+00:00","og_image":[{"width":1000,"height":999,"url":"https:\/\/unicoring.com\/wp-content\/uploads\/2025\/08\/ZBR00181.jpg","type":"image\/jpeg"}],"twitter_card":"summary_large_image","twitter_misc":{"Dur\u00e9e de lecture estim\u00e9e":"1 minute"},"schema":{"@context":"https:\/\/schema.org","@graph":[{"@type":"WebPage","@id":"https:\/\/unicoring.com\/product\/lab-grown-diamond-wedding-ring-1-00-ct-tw-in-14k-18k-yellow-gold-rose-gold-platinum\/","url":"https:\/\/unicoring.com\/product\/lab-grown-diamond-wedding-ring-1-00-ct-tw-in-14k-18k-yellow-gold-rose-gold-platinum\/","name":"\u200b\u200bLab-Grown Diamond Wedding Ring (1.00 ct tw) in 14K\/18K White or Yellow Gold, Rose Gold &amp; Platinum\u200b\u200b - UniCoring","isPartOf":{"@id":"https:\/\/unicoring.com\/#website"},"primaryImageOfPage":{"@id":"https:\/\/unicoring.com\/product\/lab-grown-diamond-wedding-ring-1-00-ct-tw-in-14k-18k-yellow-gold-rose-gold-platinum\/#primaryimage"},"image":{"@id":"https:\/\/unicoring.com\/product\/lab-grown-diamond-wedding-ring-1-00-ct-tw-in-14k-18k-yellow-gold-rose-gold-platinum\/#primaryimage"},"thumbnailUrl":"https:\/\/unicoring.com\/wp-content\/uploads\/2025\/08\/ZBR00181.jpg","datePublished":"2025-08-25T07:27:51+00:00","dateModified":"2025-09-10T08:35:07+00:00","description":"Lab Grown Diamond Rings\u200b\uff0cLab Created Diamond Engagement","breadcrumb":{"@id":"https:\/\/unicoring.com\/product\/lab-grown-diamond-wedding-ring-1-00-ct-tw-in-14k-18k-yellow-gold-rose-gold-platinum\/#breadcrumb"},"inLanguage":"fr-FR","potentialAction":[{"@type":"ReadAction","target":["https:\/\/unicoring.com\/product\/lab-grown-diamond-wedding-ring-1-00-ct-tw-in-14k-18k-yellow-gold-rose-gold-platinum\/"]}]},{"@type":"ImageObject","inLanguage":"fr-FR","@id":"https:\/\/unicoring.com\/product\/lab-grown-diamond-wedding-ring-1-00-ct-tw-in-14k-18k-yellow-gold-rose-gold-platinum\/#primaryimage","url":"https:\/\/unicoring.com\/wp-content\/uploads\/2025\/08\/ZBR00181.jpg","contentUrl":"https:\/\/unicoring.com\/wp-content\/uploads\/2025\/08\/ZBR00181.jpg","width":1000,"height":999},{"@type":"BreadcrumbList","@id":"https:\/\/unicoring.com\/product\/lab-grown-diamond-wedding-ring-1-00-ct-tw-in-14k-18k-yellow-gold-rose-gold-platinum\/#breadcrumb","itemListElement":[{"@type":"ListItem","position":1,"name":"\u9996\u9875","item":"https:\/\/unicoring.com\/"},{"@type":"ListItem","position":2,"name":"Shop","item":"https:\/\/unicoring.com\/shop\/"},{"@type":"ListItem","position":3,"name":"\u200b\u200bLab-Grown Diamond Wedding Ring (1.00 ct tw) in 14K\/18K White or Yellow Gold, Rose Gold &amp; Platinum\u200b\u200b"}]},{"@type":"WebSite","@id":"https:\/\/unicoring.com\/#website","url":"https:\/\/unicoring.com\/","name":"UniCoring","description":"","potentialAction":[{"@type":"SearchAction","target":{"@type":"EntryPoint","urlTemplate":"https:\/\/unicoring.com\/?s={search_term_string}"},"query-input":{"@type":"PropertyValueSpecification","valueRequired":true,"valueName":"search_term_string"}}],"inLanguage":"fr-FR"}]}},"_links":{"self":[{"href":"https:\/\/unicoring.com\/fr\/wp-json\/wp\/v2\/product\/3618","targetHints":{"allow":["GET"]}}],"collection":[{"href":"https:\/\/unicoring.com\/fr\/wp-json\/wp\/v2\/product"}],"about":[{"href":"https:\/\/unicoring.com\/fr\/wp-json\/wp\/v2\/types\/product"}],"replies":[{"embeddable":true,"href":"https:\/\/unicoring.com\/fr\/wp-json\/wp\/v2\/comments?post=3618"}],"wp:featuredmedia":[{"embeddable":true,"href":"https:\/\/unicoring.com\/fr\/wp-json\/wp\/v2\/media\/3627"}],"wp:attachment":[{"href":"https:\/\/unicoring.com\/fr\/wp-json\/wp\/v2\/media?parent=3618"}],"wp:term":[{"taxonomy":"product_brand","embeddable":true,"href":"https:\/\/unicoring.com\/fr\/wp-json\/wp\/v2\/product_brand?post=3618"},{"taxonomy":"product_cat","embeddable":true,"href":"https:\/\/unicoring.com\/fr\/wp-json\/wp\/v2\/product_cat?post=3618"},{"taxonomy":"product_tag","embeddable":true,"href":"https:\/\/unicoring.com\/fr\/wp-json\/wp\/v2\/product_tag?post=3618"}],"curies":[{"name":"wp","href":"https:\/\/api.w.org\/{rel}","templated":true}]}}