{"id":3861,"date":"2025-08-27T07:01:25","date_gmt":"2025-08-27T07:01:25","guid":{"rendered":"https:\/\/unicoring.com\/?post_type=product&#038;p=3861"},"modified":"2025-09-10T08:09:28","modified_gmt":"2025-09-10T08:09:28","slug":"solitaire-lab-grown-diamond-engagement-ring-in-14k-18k-yellow-gold-rose-gold-platinum","status":"publish","type":"product","link":"https:\/\/unicoring.com\/fr\/produit\/solitaire-lab-grown-diamond-engagement-ring-in-14k-18k-yellow-gold-rose-gold-platinum\/","title":{"rendered":"Bague de fian\u00e7ailles solitaire en or blanc 14 carats\/18 carats, or jaune, or rose et platine (1,0 carat)"},"content":{"rendered":"<p>Ce mod\u00e8le discret pr\u00e9sente une forme organique et sculpturale en m\u00e9tal pr\u00e9cieux. La pierre centrale est sertie l\u00e9g\u00e8rement en biais et fix\u00e9e par des griffes pour un rendu saisissant.<\/p>\n<p>Votre commande comprend :<br \/>\n\u2013 Livraison express gratuite<br \/>\n\u2013 Emballage priv\u00e9<br \/>\n\u2013 Garantie \u00e0 vie<br \/>\n\u2013 \u00c9valuation professionnelle par IGI<\/p>\n<p>Sp\u00e9cifications de la bague<br \/>\nStyle : ZBR0081<br \/>\nM\u00e9tal : Or blanc\/jaune\/rose 14 carats\/18 carats et platine<br \/>\nLargeur : 2 mm<br \/>\nPlaqu\u00e9 rhodium : Oui<br \/>\nR\u00e9glage : Griffe<\/p>\n<p>D\u00e9tails des pierres pr\u00e9cieuses<br \/>\nType : Diamant cultiv\u00e9 en laboratoire<\/p>\n<p>Pierre centrale<br \/>\nForme : ovale<br \/>\nPoids : 1,00 ct<\/p>\n<p>Couleur moyenne : DE\/F<br \/>\nClart\u00e9 moyenne : VS-VVS2<\/p>","protected":false},"excerpt":{"rendered":"<p>An organic, sculptural form is crafted from precious metal in this low-profile design. The center gem is set at a<\/p>","protected":false},"featured_media":3872,"comment_status":"open","ping_status":"closed","template":"","meta":[],"product_brand":[107],"product_cat":[15,220,209,75,208,163,210,167,201,74,89,161,162,157,207,77,199,277,214,211,164,181,78,98,171,200,160,158,159,195,76,71,204,205],"product_tag":[],"class_list":{"0":"post-3861","1":"product","2":"type-product","3":"status-publish","4":"has-post-thumbnail","6":"product_brand-unicorimg","7":"product_cat-engagement-rings","8":"product_cat-all-jewelry","9":"product_cat-anniversary-gifts","10":"product_cat-best-sellers","11":"product_cat-birthday-gifts","12":"product_cat-birthstone-jewelry","13":"product_cat-bridal-party-gifts","14":"product_cat-classic-bands","15":"product_cat-fine-jewelry-fine-jewelry","16":"product_cat-fine-jewelry","17":"product_cat-jewelry","18":"product_cat-gifts-by-occasion","19":"product_cat-gifts-by-recipient","20":"product_cat-gifts-for-her","21":"product_cat-gifts-or-everyone","22":"product_cat-diamonds","23":"product_cat-lab-grown-diamond","24":"product_cat-lab-grown-diamond-ring","25":"product_cat-luxe-gifts","26":"product_cat-milestone-gifts","27":"product_cat-more-gift-ideas","28":"product_cat-oval-shop-by-shape","29":"product_cat-oval","30":"product_cat-ring","31":"product_cat-see-all","32":"product_cat-shop-by-category","33":"product_cat-shop-by-gem","34":"product_cat-shop-by-shape","35":"product_cat-shop-by-style","36":"product_cat-vintage","37":"product_cat-wedding-rings","38":"product_cat-womens-wedding-rings","39":"product_cat-204","40":"product_cat-205","42":"first","43":"instock","44":"sale","45":"shipping-taxable","46":"purchasable","47":"product-type-variable"},"yoast_head":"<!-- This site is optimized with the Yoast SEO plugin v25.7 - https:\/\/yoast.com\/wordpress\/plugins\/seo\/ -->\n<title>Solitaire Lab-Grown Diamond Engagement Ring in 14K\/18K White Gold, Yellow Gold, Rose Gold &amp; Platinum\u200b\uff081.0CT\uff09 - UniCoring<\/title>\n<meta name=\"description\" content=\"Lab Grown Diamond Rings\u200b\uff0cLab Created Diamond Engagement\" \/>\n<meta name=\"robots\" content=\"index, follow, max-snippet:-1, max-image-preview:large, max-video-preview:-1\" \/>\n<link rel=\"canonical\" href=\"https:\/\/unicoring.com\/fr\/produit\/solitaire-lab-grown-diamond-engagement-ring-in-14k-18k-yellow-gold-rose-gold-platinum\/\" \/>\n<meta property=\"og:locale\" content=\"fr_FR\" \/>\n<meta property=\"og:type\" content=\"article\" \/>\n<meta property=\"og:title\" content=\"Solitaire Lab-Grown Diamond Engagement Ring in 14K\/18K White Gold, Yellow Gold, Rose Gold &amp; Platinum\u200b\uff081.0CT\uff09 - UniCoring\" \/>\n<meta property=\"og:description\" content=\"Lab Grown Diamond Rings\u200b\uff0cLab Created Diamond Engagement\" \/>\n<meta property=\"og:url\" content=\"https:\/\/unicoring.com\/fr\/produit\/solitaire-lab-grown-diamond-engagement-ring-in-14k-18k-yellow-gold-rose-gold-platinum\/\" \/>\n<meta property=\"og:site_name\" content=\"UniCoring\" \/>\n<meta property=\"article:modified_time\" content=\"2025-09-10T08:09:28+00:00\" \/>\n<meta property=\"og:image\" content=\"https:\/\/unicoring.com\/wp-content\/uploads\/2025\/08\/ZBR00811.jpg\" \/>\n\t<meta property=\"og:image:width\" content=\"1260\" \/>\n\t<meta property=\"og:image:height\" content=\"1259\" \/>\n\t<meta property=\"og:image:type\" content=\"image\/jpeg\" \/>\n<meta name=\"twitter:card\" content=\"summary_large_image\" \/>\n<meta name=\"twitter:label1\" content=\"Dur\u00e9e de lecture estim\u00e9e\" \/>\n\t<meta name=\"twitter:data1\" content=\"1 minute\" \/>\n<script type=\"application\/ld+json\" class=\"yoast-schema-graph\">{\"@context\":\"https:\/\/schema.org\",\"@graph\":[{\"@type\":\"WebPage\",\"@id\":\"https:\/\/unicoring.com\/product\/solitaire-lab-grown-diamond-engagement-ring-in-14k-18k-yellow-gold-rose-gold-platinum\/\",\"url\":\"https:\/\/unicoring.com\/product\/solitaire-lab-grown-diamond-engagement-ring-in-14k-18k-yellow-gold-rose-gold-platinum\/\",\"name\":\"Solitaire Lab-Grown Diamond Engagement Ring in 14K\/18K White Gold, Yellow Gold, Rose Gold &amp; Platinum\u200b\uff081.0CT\uff09 - UniCoring\",\"isPartOf\":{\"@id\":\"https:\/\/unicoring.com\/#website\"},\"primaryImageOfPage\":{\"@id\":\"https:\/\/unicoring.com\/product\/solitaire-lab-grown-diamond-engagement-ring-in-14k-18k-yellow-gold-rose-gold-platinum\/#primaryimage\"},\"image\":{\"@id\":\"https:\/\/unicoring.com\/product\/solitaire-lab-grown-diamond-engagement-ring-in-14k-18k-yellow-gold-rose-gold-platinum\/#primaryimage\"},\"thumbnailUrl\":\"https:\/\/unicoring.com\/wp-content\/uploads\/2025\/08\/ZBR00811.jpg\",\"datePublished\":\"2025-08-27T07:01:25+00:00\",\"dateModified\":\"2025-09-10T08:09:28+00:00\",\"description\":\"Lab Grown Diamond Rings\u200b\uff0cLab Created Diamond Engagement\",\"breadcrumb\":{\"@id\":\"https:\/\/unicoring.com\/product\/solitaire-lab-grown-diamond-engagement-ring-in-14k-18k-yellow-gold-rose-gold-platinum\/#breadcrumb\"},\"inLanguage\":\"fr-FR\",\"potentialAction\":[{\"@type\":\"ReadAction\",\"target\":[\"https:\/\/unicoring.com\/product\/solitaire-lab-grown-diamond-engagement-ring-in-14k-18k-yellow-gold-rose-gold-platinum\/\"]}]},{\"@type\":\"ImageObject\",\"inLanguage\":\"fr-FR\",\"@id\":\"https:\/\/unicoring.com\/product\/solitaire-lab-grown-diamond-engagement-ring-in-14k-18k-yellow-gold-rose-gold-platinum\/#primaryimage\",\"url\":\"https:\/\/unicoring.com\/wp-content\/uploads\/2025\/08\/ZBR00811.jpg\",\"contentUrl\":\"https:\/\/unicoring.com\/wp-content\/uploads\/2025\/08\/ZBR00811.jpg\",\"width\":1260,\"height\":1259},{\"@type\":\"BreadcrumbList\",\"@id\":\"https:\/\/unicoring.com\/product\/solitaire-lab-grown-diamond-engagement-ring-in-14k-18k-yellow-gold-rose-gold-platinum\/#breadcrumb\",\"itemListElement\":[{\"@type\":\"ListItem\",\"position\":1,\"name\":\"\u9996\u9875\",\"item\":\"https:\/\/unicoring.com\/\"},{\"@type\":\"ListItem\",\"position\":2,\"name\":\"Shop\",\"item\":\"https:\/\/unicoring.com\/shop\/\"},{\"@type\":\"ListItem\",\"position\":3,\"name\":\"Solitaire Lab-Grown Diamond Engagement Ring in 14K\/18K White Gold, Yellow Gold, Rose Gold &amp; Platinum\u200b\uff081.0CT\uff09\"}]},{\"@type\":\"WebSite\",\"@id\":\"https:\/\/unicoring.com\/#website\",\"url\":\"https:\/\/unicoring.com\/\",\"name\":\"UniCoring\",\"description\":\"\",\"potentialAction\":[{\"@type\":\"SearchAction\",\"target\":{\"@type\":\"EntryPoint\",\"urlTemplate\":\"https:\/\/unicoring.com\/?s={search_term_string}\"},\"query-input\":{\"@type\":\"PropertyValueSpecification\",\"valueRequired\":true,\"valueName\":\"search_term_string\"}}],\"inLanguage\":\"fr-FR\"}]}<\/script>\n<!-- \/ Yoast SEO plugin. -->","yoast_head_json":{"title":"Solitaire Lab-Grown Diamond Engagement Ring in 14K\/18K White Gold, Yellow Gold, Rose Gold &amp; Platinum\u200b\uff081.0CT\uff09 - UniCoring","description":"Lab Grown Diamond Rings\u200b\uff0cLab Created Diamond Engagement","robots":{"index":"index","follow":"follow","max-snippet":"max-snippet:-1","max-image-preview":"max-image-preview:large","max-video-preview":"max-video-preview:-1"},"canonical":"https:\/\/unicoring.com\/fr\/produit\/solitaire-lab-grown-diamond-engagement-ring-in-14k-18k-yellow-gold-rose-gold-platinum\/","og_locale":"fr_FR","og_type":"article","og_title":"Solitaire Lab-Grown Diamond Engagement Ring in 14K\/18K White Gold, Yellow Gold, Rose Gold &amp; Platinum\u200b\uff081.0CT\uff09 - UniCoring","og_description":"Lab Grown Diamond Rings\u200b\uff0cLab Created Diamond Engagement","og_url":"https:\/\/unicoring.com\/fr\/produit\/solitaire-lab-grown-diamond-engagement-ring-in-14k-18k-yellow-gold-rose-gold-platinum\/","og_site_name":"UniCoring","article_modified_time":"2025-09-10T08:09:28+00:00","og_image":[{"width":1260,"height":1259,"url":"https:\/\/unicoring.com\/wp-content\/uploads\/2025\/08\/ZBR00811.jpg","type":"image\/jpeg"}],"twitter_card":"summary_large_image","twitter_misc":{"Dur\u00e9e de lecture estim\u00e9e":"1 minute"},"schema":{"@context":"https:\/\/schema.org","@graph":[{"@type":"WebPage","@id":"https:\/\/unicoring.com\/product\/solitaire-lab-grown-diamond-engagement-ring-in-14k-18k-yellow-gold-rose-gold-platinum\/","url":"https:\/\/unicoring.com\/product\/solitaire-lab-grown-diamond-engagement-ring-in-14k-18k-yellow-gold-rose-gold-platinum\/","name":"Solitaire Lab-Grown Diamond Engagement Ring in 14K\/18K White Gold, Yellow Gold, Rose Gold &amp; Platinum\u200b\uff081.0CT\uff09 - UniCoring","isPartOf":{"@id":"https:\/\/unicoring.com\/#website"},"primaryImageOfPage":{"@id":"https:\/\/unicoring.com\/product\/solitaire-lab-grown-diamond-engagement-ring-in-14k-18k-yellow-gold-rose-gold-platinum\/#primaryimage"},"image":{"@id":"https:\/\/unicoring.com\/product\/solitaire-lab-grown-diamond-engagement-ring-in-14k-18k-yellow-gold-rose-gold-platinum\/#primaryimage"},"thumbnailUrl":"https:\/\/unicoring.com\/wp-content\/uploads\/2025\/08\/ZBR00811.jpg","datePublished":"2025-08-27T07:01:25+00:00","dateModified":"2025-09-10T08:09:28+00:00","description":"Lab Grown Diamond Rings\u200b\uff0cLab Created Diamond Engagement","breadcrumb":{"@id":"https:\/\/unicoring.com\/product\/solitaire-lab-grown-diamond-engagement-ring-in-14k-18k-yellow-gold-rose-gold-platinum\/#breadcrumb"},"inLanguage":"fr-FR","potentialAction":[{"@type":"ReadAction","target":["https:\/\/unicoring.com\/product\/solitaire-lab-grown-diamond-engagement-ring-in-14k-18k-yellow-gold-rose-gold-platinum\/"]}]},{"@type":"ImageObject","inLanguage":"fr-FR","@id":"https:\/\/unicoring.com\/product\/solitaire-lab-grown-diamond-engagement-ring-in-14k-18k-yellow-gold-rose-gold-platinum\/#primaryimage","url":"https:\/\/unicoring.com\/wp-content\/uploads\/2025\/08\/ZBR00811.jpg","contentUrl":"https:\/\/unicoring.com\/wp-content\/uploads\/2025\/08\/ZBR00811.jpg","width":1260,"height":1259},{"@type":"BreadcrumbList","@id":"https:\/\/unicoring.com\/product\/solitaire-lab-grown-diamond-engagement-ring-in-14k-18k-yellow-gold-rose-gold-platinum\/#breadcrumb","itemListElement":[{"@type":"ListItem","position":1,"name":"\u9996\u9875","item":"https:\/\/unicoring.com\/"},{"@type":"ListItem","position":2,"name":"Shop","item":"https:\/\/unicoring.com\/shop\/"},{"@type":"ListItem","position":3,"name":"Solitaire Lab-Grown Diamond Engagement Ring in 14K\/18K White Gold, Yellow Gold, Rose Gold &amp; Platinum\u200b\uff081.0CT\uff09"}]},{"@type":"WebSite","@id":"https:\/\/unicoring.com\/#website","url":"https:\/\/unicoring.com\/","name":"UniCoring","description":"","potentialAction":[{"@type":"SearchAction","target":{"@type":"EntryPoint","urlTemplate":"https:\/\/unicoring.com\/?s={search_term_string}"},"query-input":{"@type":"PropertyValueSpecification","valueRequired":true,"valueName":"search_term_string"}}],"inLanguage":"fr-FR"}]}},"_links":{"self":[{"href":"https:\/\/unicoring.com\/fr\/wp-json\/wp\/v2\/product\/3861","targetHints":{"allow":["GET"]}}],"collection":[{"href":"https:\/\/unicoring.com\/fr\/wp-json\/wp\/v2\/product"}],"about":[{"href":"https:\/\/unicoring.com\/fr\/wp-json\/wp\/v2\/types\/product"}],"replies":[{"embeddable":true,"href":"https:\/\/unicoring.com\/fr\/wp-json\/wp\/v2\/comments?post=3861"}],"wp:featuredmedia":[{"embeddable":true,"href":"https:\/\/unicoring.com\/fr\/wp-json\/wp\/v2\/media\/3872"}],"wp:attachment":[{"href":"https:\/\/unicoring.com\/fr\/wp-json\/wp\/v2\/media?parent=3861"}],"wp:term":[{"taxonomy":"product_brand","embeddable":true,"href":"https:\/\/unicoring.com\/fr\/wp-json\/wp\/v2\/product_brand?post=3861"},{"taxonomy":"product_cat","embeddable":true,"href":"https:\/\/unicoring.com\/fr\/wp-json\/wp\/v2\/product_cat?post=3861"},{"taxonomy":"product_tag","embeddable":true,"href":"https:\/\/unicoring.com\/fr\/wp-json\/wp\/v2\/product_tag?post=3861"}],"curies":[{"name":"wp","href":"https:\/\/api.w.org\/{rel}","templated":true}]}}