{"id":3878,"date":"2025-08-27T08:21:51","date_gmt":"2025-08-27T08:21:51","guid":{"rendered":"https:\/\/unicoring.com\/?post_type=product&#038;p=3878"},"modified":"2025-09-10T08:02:33","modified_gmt":"2025-09-10T08:02:33","slug":"heart-shaped-lab-diamond-engagement-ring-in-14k-18k-yellow-gold-rose-gold-platinum%ef%bc%881-5ct-tw%ef%bc%89","status":"publish","type":"product","link":"https:\/\/unicoring.com\/fr\/produit\/heart-shaped-lab-diamond-engagement-ring-in-14k-18k-yellow-gold-rose-gold-platinum%ef%bc%881-5ct-tw%ef%bc%89\/","title":{"rendered":"Bague de fian\u00e7ailles en or blanc 14 carats, or jaune, or rose et platine (0,73 ct, poids total) avec diamants de laboratoire en forme de c\u0153ur"},"content":{"rendered":"<p>\u00c0 la fois tendance et romantique, cette bague chic pr\u00e9sente une bande brillante en m\u00e9tal pr\u00e9cieux accentu\u00e9e par un seul diamant de laboratoire en forme de c\u0153ur (poids total de 0,73 carat).<\/p>\n<p>Votre commande comprend :<br \/>\n\u2013 Livraison express gratuite<br \/>\n\u2013 Emballage priv\u00e9<br \/>\n\u2013 Garantie \u00e0 vie<\/p>\n<p>Sp\u00e9cifications de la bague<br \/>\nMod\u00e8le : ZBR0085-2<br \/>\nM\u00e9tal : Or blanc\/jaune\/rose 14 carats\/18 carats et platine<br \/>\nLargeur : 2 mm<br \/>\nPlaqu\u00e9 rhodium : Oui<br \/>\nR\u00e9glage : Griffe<\/p>\n<p>D\u00e9tails des pierres pr\u00e9cieuses<br \/>\nType : Diamant cultiv\u00e9 en laboratoire<\/p>\n<p>Pierre centrale<br \/>\nForme : en forme de c\u0153ur<br \/>\nPoids : 0,53 ct<\/p>\n<p>Pierres lat\u00e9rales<br \/>\nForme : Ronde<br \/>\nQuantit\u00e9 : 15<br \/>\nPoids total : 0,2 ct<\/p>\n<p>Couleur moyenne : DE\/F<br \/>\nClart\u00e9 moyenne : VS-VVS2<\/p>","protected":false},"excerpt":{"rendered":"<p>Equally on-trend and romantic, this chic ring features a lustrous band of precious metal accented by a single, heart-shaped lab<\/p>","protected":false},"featured_media":4357,"comment_status":"open","ping_status":"closed","template":"","meta":[],"product_brand":[107],"product_cat":[15,220,209,75,208,163,210,196,167,201,74,170,215,89,161,162,157,207,187,77,199,277,214,211,164,98,171,226,200,160,158,159,193,76,71,204,205],"product_tag":[],"class_list":{"0":"post-3878","1":"product","2":"type-product","3":"status-publish","4":"has-post-thumbnail","6":"product_brand-unicorimg","7":"product_cat-engagement-rings","8":"product_cat-all-jewelry","9":"product_cat-anniversary-gifts","10":"product_cat-best-sellers","11":"product_cat-birthday-gifts","12":"product_cat-birthstone-jewelry","13":"product_cat-bridal-party-gifts","14":"product_cat-bridal-sets","15":"product_cat-classic-bands","16":"product_cat-fine-jewelry-fine-jewelry","17":"product_cat-fine-jewelry","18":"product_cat-gemstone-bands","19":"product_cat-gift-cards","20":"product_cat-jewelry","21":"product_cat-gifts-by-occasion","22":"product_cat-gifts-by-recipient","23":"product_cat-gifts-for-her","24":"product_cat-gifts-or-everyone","25":"product_cat-heart","26":"product_cat-diamonds","27":"product_cat-lab-grown-diamond","28":"product_cat-lab-grown-diamond-ring","29":"product_cat-luxe-gifts","30":"product_cat-milestone-gifts","31":"product_cat-more-gift-ideas","32":"product_cat-ring","33":"product_cat-see-all","34":"product_cat-see-all-fine-jewelry-fine-jewelry","35":"product_cat-shop-by-category","36":"product_cat-shop-by-gem","37":"product_cat-shop-by-shape","38":"product_cat-shop-by-style","39":"product_cat-side-stone","40":"product_cat-wedding-rings","41":"product_cat-womens-wedding-rings","42":"product_cat-204","43":"product_cat-205","45":"first","46":"instock","47":"sale","48":"shipping-taxable","49":"purchasable","50":"product-type-variable","51":"has-default-attributes"},"yoast_head":"<!-- This site is optimized with the Yoast SEO plugin v25.7 - https:\/\/yoast.com\/wordpress\/plugins\/seo\/ -->\n<title>Heart Shaped Lab Diamond Engagement Ring in 14K\/18K White Gold, Yellow Gold, Rose Gold &amp; Platinum\u200b\uff080.73ct tw\uff09 - UniCoring<\/title>\n<meta name=\"description\" content=\"Lab Grown Diamond Rings\u200b\uff0cLab Created Diamond Engagement\" \/>\n<meta name=\"robots\" content=\"index, follow, max-snippet:-1, max-image-preview:large, max-video-preview:-1\" \/>\n<link rel=\"canonical\" href=\"https:\/\/unicoring.com\/fr\/produit\/heart-shaped-lab-diamond-engagement-ring-in-14k-18k-yellow-gold-rose-gold-platinum\uff081-5ct-tw\uff09\/\" \/>\n<meta property=\"og:locale\" content=\"fr_FR\" \/>\n<meta property=\"og:type\" content=\"article\" \/>\n<meta property=\"og:title\" content=\"Heart Shaped Lab Diamond Engagement Ring in 14K\/18K White Gold, Yellow Gold, Rose Gold &amp; Platinum\u200b\uff080.73ct tw\uff09 - UniCoring\" \/>\n<meta property=\"og:description\" content=\"Lab Grown Diamond Rings\u200b\uff0cLab Created Diamond Engagement\" \/>\n<meta property=\"og:url\" content=\"https:\/\/unicoring.com\/fr\/produit\/heart-shaped-lab-diamond-engagement-ring-in-14k-18k-yellow-gold-rose-gold-platinum\uff081-5ct-tw\uff09\/\" \/>\n<meta property=\"og:site_name\" content=\"UniCoring\" \/>\n<meta property=\"article:modified_time\" content=\"2025-09-10T08:02:33+00:00\" \/>\n<meta property=\"og:image\" content=\"https:\/\/unicoring.com\/wp-content\/uploads\/2025\/08\/IMG_44291.jpg\" \/>\n\t<meta property=\"og:image:width\" content=\"1000\" \/>\n\t<meta property=\"og:image:height\" content=\"1000\" \/>\n\t<meta property=\"og:image:type\" content=\"image\/jpeg\" \/>\n<meta name=\"twitter:card\" content=\"summary_large_image\" \/>\n<meta name=\"twitter:label1\" content=\"Dur\u00e9e de lecture estim\u00e9e\" \/>\n\t<meta name=\"twitter:data1\" content=\"1 minute\" \/>\n<script type=\"application\/ld+json\" class=\"yoast-schema-graph\">{\"@context\":\"https:\/\/schema.org\",\"@graph\":[{\"@type\":\"WebPage\",\"@id\":\"https:\/\/unicoring.com\/product\/heart-shaped-lab-diamond-engagement-ring-in-14k-18k-yellow-gold-rose-gold-platinum%ef%bc%881-5ct-tw%ef%bc%89\/\",\"url\":\"https:\/\/unicoring.com\/product\/heart-shaped-lab-diamond-engagement-ring-in-14k-18k-yellow-gold-rose-gold-platinum%ef%bc%881-5ct-tw%ef%bc%89\/\",\"name\":\"Heart Shaped Lab Diamond Engagement Ring in 14K\/18K White Gold, Yellow Gold, Rose Gold &amp; Platinum\u200b\uff080.73ct tw\uff09 - UniCoring\",\"isPartOf\":{\"@id\":\"https:\/\/unicoring.com\/#website\"},\"primaryImageOfPage\":{\"@id\":\"https:\/\/unicoring.com\/product\/heart-shaped-lab-diamond-engagement-ring-in-14k-18k-yellow-gold-rose-gold-platinum%ef%bc%881-5ct-tw%ef%bc%89\/#primaryimage\"},\"image\":{\"@id\":\"https:\/\/unicoring.com\/product\/heart-shaped-lab-diamond-engagement-ring-in-14k-18k-yellow-gold-rose-gold-platinum%ef%bc%881-5ct-tw%ef%bc%89\/#primaryimage\"},\"thumbnailUrl\":\"https:\/\/unicoring.com\/wp-content\/uploads\/2025\/08\/IMG_44291.jpg\",\"datePublished\":\"2025-08-27T08:21:51+00:00\",\"dateModified\":\"2025-09-10T08:02:33+00:00\",\"description\":\"Lab Grown Diamond Rings\u200b\uff0cLab Created Diamond Engagement\",\"breadcrumb\":{\"@id\":\"https:\/\/unicoring.com\/product\/heart-shaped-lab-diamond-engagement-ring-in-14k-18k-yellow-gold-rose-gold-platinum%ef%bc%881-5ct-tw%ef%bc%89\/#breadcrumb\"},\"inLanguage\":\"fr-FR\",\"potentialAction\":[{\"@type\":\"ReadAction\",\"target\":[\"https:\/\/unicoring.com\/product\/heart-shaped-lab-diamond-engagement-ring-in-14k-18k-yellow-gold-rose-gold-platinum%ef%bc%881-5ct-tw%ef%bc%89\/\"]}]},{\"@type\":\"ImageObject\",\"inLanguage\":\"fr-FR\",\"@id\":\"https:\/\/unicoring.com\/product\/heart-shaped-lab-diamond-engagement-ring-in-14k-18k-yellow-gold-rose-gold-platinum%ef%bc%881-5ct-tw%ef%bc%89\/#primaryimage\",\"url\":\"https:\/\/unicoring.com\/wp-content\/uploads\/2025\/08\/IMG_44291.jpg\",\"contentUrl\":\"https:\/\/unicoring.com\/wp-content\/uploads\/2025\/08\/IMG_44291.jpg\",\"width\":1000,\"height\":1000},{\"@type\":\"BreadcrumbList\",\"@id\":\"https:\/\/unicoring.com\/product\/heart-shaped-lab-diamond-engagement-ring-in-14k-18k-yellow-gold-rose-gold-platinum%ef%bc%881-5ct-tw%ef%bc%89\/#breadcrumb\",\"itemListElement\":[{\"@type\":\"ListItem\",\"position\":1,\"name\":\"\u9996\u9875\",\"item\":\"https:\/\/unicoring.com\/\"},{\"@type\":\"ListItem\",\"position\":2,\"name\":\"Shop\",\"item\":\"https:\/\/unicoring.com\/shop\/\"},{\"@type\":\"ListItem\",\"position\":3,\"name\":\"Heart Shaped Lab Diamond Engagement Ring in 14K\/18K White Gold, Yellow Gold, Rose Gold &amp; Platinum\u200b\uff080.73ct tw\uff09\"}]},{\"@type\":\"WebSite\",\"@id\":\"https:\/\/unicoring.com\/#website\",\"url\":\"https:\/\/unicoring.com\/\",\"name\":\"UniCoring\",\"description\":\"\",\"potentialAction\":[{\"@type\":\"SearchAction\",\"target\":{\"@type\":\"EntryPoint\",\"urlTemplate\":\"https:\/\/unicoring.com\/?s={search_term_string}\"},\"query-input\":{\"@type\":\"PropertyValueSpecification\",\"valueRequired\":true,\"valueName\":\"search_term_string\"}}],\"inLanguage\":\"fr-FR\"}]}<\/script>\n<!-- \/ Yoast SEO plugin. -->","yoast_head_json":{"title":"Heart Shaped Lab Diamond Engagement Ring in 14K\/18K White Gold, Yellow Gold, Rose Gold &amp; Platinum\u200b\uff080.73ct tw\uff09 - UniCoring","description":"Lab Grown Diamond Rings\u200b\uff0cLab Created Diamond Engagement","robots":{"index":"index","follow":"follow","max-snippet":"max-snippet:-1","max-image-preview":"max-image-preview:large","max-video-preview":"max-video-preview:-1"},"canonical":"https:\/\/unicoring.com\/fr\/produit\/heart-shaped-lab-diamond-engagement-ring-in-14k-18k-yellow-gold-rose-gold-platinum\uff081-5ct-tw\uff09\/","og_locale":"fr_FR","og_type":"article","og_title":"Heart Shaped Lab Diamond Engagement Ring in 14K\/18K White Gold, Yellow Gold, Rose Gold &amp; Platinum\u200b\uff080.73ct tw\uff09 - UniCoring","og_description":"Lab Grown Diamond Rings\u200b\uff0cLab Created Diamond Engagement","og_url":"https:\/\/unicoring.com\/fr\/produit\/heart-shaped-lab-diamond-engagement-ring-in-14k-18k-yellow-gold-rose-gold-platinum\uff081-5ct-tw\uff09\/","og_site_name":"UniCoring","article_modified_time":"2025-09-10T08:02:33+00:00","og_image":[{"width":1000,"height":1000,"url":"https:\/\/unicoring.com\/wp-content\/uploads\/2025\/08\/IMG_44291.jpg","type":"image\/jpeg"}],"twitter_card":"summary_large_image","twitter_misc":{"Dur\u00e9e de lecture estim\u00e9e":"1 minute"},"schema":{"@context":"https:\/\/schema.org","@graph":[{"@type":"WebPage","@id":"https:\/\/unicoring.com\/product\/heart-shaped-lab-diamond-engagement-ring-in-14k-18k-yellow-gold-rose-gold-platinum%ef%bc%881-5ct-tw%ef%bc%89\/","url":"https:\/\/unicoring.com\/product\/heart-shaped-lab-diamond-engagement-ring-in-14k-18k-yellow-gold-rose-gold-platinum%ef%bc%881-5ct-tw%ef%bc%89\/","name":"Heart Shaped Lab Diamond Engagement Ring in 14K\/18K White Gold, Yellow Gold, Rose Gold &amp; Platinum\u200b\uff080.73ct tw\uff09 - UniCoring","isPartOf":{"@id":"https:\/\/unicoring.com\/#website"},"primaryImageOfPage":{"@id":"https:\/\/unicoring.com\/product\/heart-shaped-lab-diamond-engagement-ring-in-14k-18k-yellow-gold-rose-gold-platinum%ef%bc%881-5ct-tw%ef%bc%89\/#primaryimage"},"image":{"@id":"https:\/\/unicoring.com\/product\/heart-shaped-lab-diamond-engagement-ring-in-14k-18k-yellow-gold-rose-gold-platinum%ef%bc%881-5ct-tw%ef%bc%89\/#primaryimage"},"thumbnailUrl":"https:\/\/unicoring.com\/wp-content\/uploads\/2025\/08\/IMG_44291.jpg","datePublished":"2025-08-27T08:21:51+00:00","dateModified":"2025-09-10T08:02:33+00:00","description":"Lab Grown Diamond Rings\u200b\uff0cLab Created Diamond Engagement","breadcrumb":{"@id":"https:\/\/unicoring.com\/product\/heart-shaped-lab-diamond-engagement-ring-in-14k-18k-yellow-gold-rose-gold-platinum%ef%bc%881-5ct-tw%ef%bc%89\/#breadcrumb"},"inLanguage":"fr-FR","potentialAction":[{"@type":"ReadAction","target":["https:\/\/unicoring.com\/product\/heart-shaped-lab-diamond-engagement-ring-in-14k-18k-yellow-gold-rose-gold-platinum%ef%bc%881-5ct-tw%ef%bc%89\/"]}]},{"@type":"ImageObject","inLanguage":"fr-FR","@id":"https:\/\/unicoring.com\/product\/heart-shaped-lab-diamond-engagement-ring-in-14k-18k-yellow-gold-rose-gold-platinum%ef%bc%881-5ct-tw%ef%bc%89\/#primaryimage","url":"https:\/\/unicoring.com\/wp-content\/uploads\/2025\/08\/IMG_44291.jpg","contentUrl":"https:\/\/unicoring.com\/wp-content\/uploads\/2025\/08\/IMG_44291.jpg","width":1000,"height":1000},{"@type":"BreadcrumbList","@id":"https:\/\/unicoring.com\/product\/heart-shaped-lab-diamond-engagement-ring-in-14k-18k-yellow-gold-rose-gold-platinum%ef%bc%881-5ct-tw%ef%bc%89\/#breadcrumb","itemListElement":[{"@type":"ListItem","position":1,"name":"\u9996\u9875","item":"https:\/\/unicoring.com\/"},{"@type":"ListItem","position":2,"name":"Shop","item":"https:\/\/unicoring.com\/shop\/"},{"@type":"ListItem","position":3,"name":"Heart Shaped Lab Diamond Engagement Ring in 14K\/18K White Gold, Yellow Gold, Rose Gold &amp; Platinum\u200b\uff080.73ct tw\uff09"}]},{"@type":"WebSite","@id":"https:\/\/unicoring.com\/#website","url":"https:\/\/unicoring.com\/","name":"UniCoring","description":"","potentialAction":[{"@type":"SearchAction","target":{"@type":"EntryPoint","urlTemplate":"https:\/\/unicoring.com\/?s={search_term_string}"},"query-input":{"@type":"PropertyValueSpecification","valueRequired":true,"valueName":"search_term_string"}}],"inLanguage":"fr-FR"}]}},"_links":{"self":[{"href":"https:\/\/unicoring.com\/fr\/wp-json\/wp\/v2\/product\/3878","targetHints":{"allow":["GET"]}}],"collection":[{"href":"https:\/\/unicoring.com\/fr\/wp-json\/wp\/v2\/product"}],"about":[{"href":"https:\/\/unicoring.com\/fr\/wp-json\/wp\/v2\/types\/product"}],"replies":[{"embeddable":true,"href":"https:\/\/unicoring.com\/fr\/wp-json\/wp\/v2\/comments?post=3878"}],"wp:featuredmedia":[{"embeddable":true,"href":"https:\/\/unicoring.com\/fr\/wp-json\/wp\/v2\/media\/4357"}],"wp:attachment":[{"href":"https:\/\/unicoring.com\/fr\/wp-json\/wp\/v2\/media?parent=3878"}],"wp:term":[{"taxonomy":"product_brand","embeddable":true,"href":"https:\/\/unicoring.com\/fr\/wp-json\/wp\/v2\/product_brand?post=3878"},{"taxonomy":"product_cat","embeddable":true,"href":"https:\/\/unicoring.com\/fr\/wp-json\/wp\/v2\/product_cat?post=3878"},{"taxonomy":"product_tag","embeddable":true,"href":"https:\/\/unicoring.com\/fr\/wp-json\/wp\/v2\/product_tag?post=3878"}],"curies":[{"name":"wp","href":"https:\/\/api.w.org\/{rel}","templated":true}]}}