{"id":3972,"date":"2025-08-28T01:51:34","date_gmt":"2025-08-28T01:51:34","guid":{"rendered":"https:\/\/unicoring.com\/?post_type=product&#038;p=3972"},"modified":"2025-09-10T08:02:31","modified_gmt":"2025-09-10T08:02:31","slug":"emerald-cut-double-band-laboratory-diamond-cluster-wedding-ring-in-14k-18k-yellow-gold-rose-gold-and-platinum-0-55-ct","status":"publish","type":"product","link":"https:\/\/unicoring.com\/fr\/produit\/emerald-cut-double-band-laboratory-diamond-cluster-wedding-ring-in-14k-18k-yellow-gold-rose-gold-and-platinum-0-55-ct\/","title":{"rendered":"Alliance \u00e0 double bande de diamants de laboratoire taille \u00e9meraude en or blanc 14 carats\/18 carats, or jaune, or rose et platine (0,55 ct)"},"content":{"rendered":"<p>Cette bague sculpturale \u00e0 double anneau arbore une pierre centrale g\u00e9om\u00e9trique taille \u00e9meraude, sublim\u00e9e par des diamants marquise. Enti\u00e8rement pav\u00e9e de diamants ronds brillants, la monture en platine rayonne \u00e0 chaque mouvement. Un mariage parfait entre design architectural et \u00e9l\u00e9gance intemporelle.<\/p>\n<p>Votre commande comprend :<br \/>\n\u2013 Livraison express gratuite<br \/>\n\u2013 Emballage priv\u00e9<br \/>\n\u2013 Garantie \u00e0 vie<\/p>\n<p>Sp\u00e9cifications de la bague<br \/>\nStyle : ZBR0133<br \/>\nM\u00e9tal : Or blanc\/jaune\/rose 14 carats\/18 carats et platine<br \/>\nLargeur : 2 mm<br \/>\nPlaqu\u00e9 rhodium : Oui<br \/>\nR\u00e9glage : Griffe<\/p>\n<p>D\u00e9tails des pierres pr\u00e9cieuses<br \/>\nType : Diamant cultiv\u00e9 en laboratoire<\/p>\n<p>Pierre centrale<br \/>\nForme : rectangle<br \/>\nPoids : 0,55 ct<\/p>\n<p>Pierres lat\u00e9rales<br \/>\nForme : Losange et cercle<br \/>\nQuantit\u00e9 : 34<br \/>\nPoids total : 0,38 ct<\/p>\n<p>Couleur moyenne : DE\/F<br \/>\nClart\u00e9 moyenne : VS-VVS2<\/p>","protected":false},"excerpt":{"rendered":"<p>This sculptural double band ring features a geometric emerald-cut center stone cushioned by marquise diamonds. Fully paved with brilliant rounds,<\/p>","protected":false},"featured_media":3976,"comment_status":"open","ping_status":"closed","template":"","meta":[],"product_brand":[107],"product_cat":[15,220,209,75,208,163,210,196,167,201,74,89,161,162,157,207,77,199,277,211,164,98,189,226,171,200,160,158,159,193,195,76,71,204,205],"product_tag":[],"class_list":{"0":"post-3972","1":"product","2":"type-product","3":"status-publish","4":"has-post-thumbnail","6":"product_brand-unicorimg","7":"product_cat-engagement-rings","8":"product_cat-all-jewelry","9":"product_cat-anniversary-gifts","10":"product_cat-best-sellers","11":"product_cat-birthday-gifts","12":"product_cat-birthstone-jewelry","13":"product_cat-bridal-party-gifts","14":"product_cat-bridal-sets","15":"product_cat-classic-bands","16":"product_cat-fine-jewelry-fine-jewelry","17":"product_cat-fine-jewelry","18":"product_cat-jewelry","19":"product_cat-gifts-by-occasion","20":"product_cat-gifts-by-recipient","21":"product_cat-gifts-for-her","22":"product_cat-gifts-or-everyone","23":"product_cat-diamonds","24":"product_cat-lab-grown-diamond","25":"product_cat-lab-grown-diamond-ring","26":"product_cat-milestone-gifts","27":"product_cat-more-gift-ideas","28":"product_cat-ring","29":"product_cat-see-all-shop-by-shape","30":"product_cat-see-all-fine-jewelry-fine-jewelry","31":"product_cat-see-all","32":"product_cat-shop-by-category","33":"product_cat-shop-by-gem","34":"product_cat-shop-by-shape","35":"product_cat-shop-by-style","36":"product_cat-side-stone","37":"product_cat-vintage","38":"product_cat-wedding-rings","39":"product_cat-womens-wedding-rings","40":"product_cat-204","41":"product_cat-205","43":"first","44":"instock","45":"sale","46":"shipping-taxable","47":"purchasable","48":"product-type-variable"},"yoast_head":"<!-- This site is optimized with the Yoast SEO plugin v25.7 - https:\/\/yoast.com\/wordpress\/plugins\/seo\/ -->\n<title>Emerald-Cut Double Band Laboratory Diamond Cluster Wedding Ring in 14K\/18K White Gold, Yellow Gold, Rose Gold, and Platinum (0.55 ct) - UniCoring<\/title>\n<meta name=\"description\" content=\"Lab Grown Diamond Rings\u200b\uff0cLab Created Diamond Engagement\" \/>\n<meta name=\"robots\" content=\"index, follow, max-snippet:-1, max-image-preview:large, max-video-preview:-1\" \/>\n<link rel=\"canonical\" href=\"https:\/\/unicoring.com\/fr\/produit\/emerald-cut-double-band-laboratory-diamond-cluster-wedding-ring-in-14k-18k-yellow-gold-rose-gold-and-platinum-0-55-ct\/\" \/>\n<meta property=\"og:locale\" content=\"fr_FR\" \/>\n<meta property=\"og:type\" content=\"article\" \/>\n<meta property=\"og:title\" content=\"Emerald-Cut Double Band Laboratory Diamond Cluster Wedding Ring in 14K\/18K White Gold, Yellow Gold, Rose Gold, and Platinum (0.55 ct) - UniCoring\" \/>\n<meta property=\"og:description\" content=\"Lab Grown Diamond Rings\u200b\uff0cLab Created Diamond Engagement\" \/>\n<meta property=\"og:url\" content=\"https:\/\/unicoring.com\/fr\/produit\/emerald-cut-double-band-laboratory-diamond-cluster-wedding-ring-in-14k-18k-yellow-gold-rose-gold-and-platinum-0-55-ct\/\" \/>\n<meta property=\"og:site_name\" content=\"UniCoring\" \/>\n<meta property=\"article:modified_time\" content=\"2025-09-10T08:02:31+00:00\" \/>\n<meta property=\"og:image\" content=\"https:\/\/unicoring.com\/wp-content\/uploads\/2025\/08\/ZBR01331.jpg\" \/>\n\t<meta property=\"og:image:width\" content=\"1000\" \/>\n\t<meta property=\"og:image:height\" content=\"999\" \/>\n\t<meta property=\"og:image:type\" content=\"image\/jpeg\" \/>\n<meta name=\"twitter:card\" content=\"summary_large_image\" \/>\n<meta name=\"twitter:label1\" content=\"Dur\u00e9e de lecture estim\u00e9e\" \/>\n\t<meta name=\"twitter:data1\" content=\"1 minute\" \/>\n<script type=\"application\/ld+json\" class=\"yoast-schema-graph\">{\"@context\":\"https:\/\/schema.org\",\"@graph\":[{\"@type\":\"WebPage\",\"@id\":\"https:\/\/unicoring.com\/product\/emerald-cut-double-band-laboratory-diamond-cluster-wedding-ring-in-14k-18k-yellow-gold-rose-gold-and-platinum-0-55-ct\/\",\"url\":\"https:\/\/unicoring.com\/product\/emerald-cut-double-band-laboratory-diamond-cluster-wedding-ring-in-14k-18k-yellow-gold-rose-gold-and-platinum-0-55-ct\/\",\"name\":\"Emerald-Cut Double Band Laboratory Diamond Cluster Wedding Ring in 14K\/18K White Gold, Yellow Gold, Rose Gold, and Platinum (0.55 ct) - UniCoring\",\"isPartOf\":{\"@id\":\"https:\/\/unicoring.com\/#website\"},\"primaryImageOfPage\":{\"@id\":\"https:\/\/unicoring.com\/product\/emerald-cut-double-band-laboratory-diamond-cluster-wedding-ring-in-14k-18k-yellow-gold-rose-gold-and-platinum-0-55-ct\/#primaryimage\"},\"image\":{\"@id\":\"https:\/\/unicoring.com\/product\/emerald-cut-double-band-laboratory-diamond-cluster-wedding-ring-in-14k-18k-yellow-gold-rose-gold-and-platinum-0-55-ct\/#primaryimage\"},\"thumbnailUrl\":\"https:\/\/unicoring.com\/wp-content\/uploads\/2025\/08\/ZBR01331.jpg\",\"datePublished\":\"2025-08-28T01:51:34+00:00\",\"dateModified\":\"2025-09-10T08:02:31+00:00\",\"description\":\"Lab Grown Diamond Rings\u200b\uff0cLab Created Diamond Engagement\",\"breadcrumb\":{\"@id\":\"https:\/\/unicoring.com\/product\/emerald-cut-double-band-laboratory-diamond-cluster-wedding-ring-in-14k-18k-yellow-gold-rose-gold-and-platinum-0-55-ct\/#breadcrumb\"},\"inLanguage\":\"fr-FR\",\"potentialAction\":[{\"@type\":\"ReadAction\",\"target\":[\"https:\/\/unicoring.com\/product\/emerald-cut-double-band-laboratory-diamond-cluster-wedding-ring-in-14k-18k-yellow-gold-rose-gold-and-platinum-0-55-ct\/\"]}]},{\"@type\":\"ImageObject\",\"inLanguage\":\"fr-FR\",\"@id\":\"https:\/\/unicoring.com\/product\/emerald-cut-double-band-laboratory-diamond-cluster-wedding-ring-in-14k-18k-yellow-gold-rose-gold-and-platinum-0-55-ct\/#primaryimage\",\"url\":\"https:\/\/unicoring.com\/wp-content\/uploads\/2025\/08\/ZBR01331.jpg\",\"contentUrl\":\"https:\/\/unicoring.com\/wp-content\/uploads\/2025\/08\/ZBR01331.jpg\",\"width\":1000,\"height\":999},{\"@type\":\"BreadcrumbList\",\"@id\":\"https:\/\/unicoring.com\/product\/emerald-cut-double-band-laboratory-diamond-cluster-wedding-ring-in-14k-18k-yellow-gold-rose-gold-and-platinum-0-55-ct\/#breadcrumb\",\"itemListElement\":[{\"@type\":\"ListItem\",\"position\":1,\"name\":\"\u9996\u9875\",\"item\":\"https:\/\/unicoring.com\/\"},{\"@type\":\"ListItem\",\"position\":2,\"name\":\"Shop\",\"item\":\"https:\/\/unicoring.com\/shop\/\"},{\"@type\":\"ListItem\",\"position\":3,\"name\":\"Emerald-Cut Double Band Laboratory Diamond Cluster Wedding Ring in 14K\/18K White Gold, Yellow Gold, Rose Gold, and Platinum (0.55 ct)\"}]},{\"@type\":\"WebSite\",\"@id\":\"https:\/\/unicoring.com\/#website\",\"url\":\"https:\/\/unicoring.com\/\",\"name\":\"UniCoring\",\"description\":\"\",\"potentialAction\":[{\"@type\":\"SearchAction\",\"target\":{\"@type\":\"EntryPoint\",\"urlTemplate\":\"https:\/\/unicoring.com\/?s={search_term_string}\"},\"query-input\":{\"@type\":\"PropertyValueSpecification\",\"valueRequired\":true,\"valueName\":\"search_term_string\"}}],\"inLanguage\":\"fr-FR\"}]}<\/script>\n<!-- \/ Yoast SEO plugin. -->","yoast_head_json":{"title":"Emerald-Cut Double Band Laboratory Diamond Cluster Wedding Ring in 14K\/18K White Gold, Yellow Gold, Rose Gold, and Platinum (0.55 ct) - UniCoring","description":"Lab Grown Diamond Rings\u200b\uff0cLab Created Diamond Engagement","robots":{"index":"index","follow":"follow","max-snippet":"max-snippet:-1","max-image-preview":"max-image-preview:large","max-video-preview":"max-video-preview:-1"},"canonical":"https:\/\/unicoring.com\/fr\/produit\/emerald-cut-double-band-laboratory-diamond-cluster-wedding-ring-in-14k-18k-yellow-gold-rose-gold-and-platinum-0-55-ct\/","og_locale":"fr_FR","og_type":"article","og_title":"Emerald-Cut Double Band Laboratory Diamond Cluster Wedding Ring in 14K\/18K White Gold, Yellow Gold, Rose Gold, and Platinum (0.55 ct) - UniCoring","og_description":"Lab Grown Diamond Rings\u200b\uff0cLab Created Diamond Engagement","og_url":"https:\/\/unicoring.com\/fr\/produit\/emerald-cut-double-band-laboratory-diamond-cluster-wedding-ring-in-14k-18k-yellow-gold-rose-gold-and-platinum-0-55-ct\/","og_site_name":"UniCoring","article_modified_time":"2025-09-10T08:02:31+00:00","og_image":[{"width":1000,"height":999,"url":"https:\/\/unicoring.com\/wp-content\/uploads\/2025\/08\/ZBR01331.jpg","type":"image\/jpeg"}],"twitter_card":"summary_large_image","twitter_misc":{"Dur\u00e9e de lecture estim\u00e9e":"1 minute"},"schema":{"@context":"https:\/\/schema.org","@graph":[{"@type":"WebPage","@id":"https:\/\/unicoring.com\/product\/emerald-cut-double-band-laboratory-diamond-cluster-wedding-ring-in-14k-18k-yellow-gold-rose-gold-and-platinum-0-55-ct\/","url":"https:\/\/unicoring.com\/product\/emerald-cut-double-band-laboratory-diamond-cluster-wedding-ring-in-14k-18k-yellow-gold-rose-gold-and-platinum-0-55-ct\/","name":"Emerald-Cut Double Band Laboratory Diamond Cluster Wedding Ring in 14K\/18K White Gold, Yellow Gold, Rose Gold, and Platinum (0.55 ct) - UniCoring","isPartOf":{"@id":"https:\/\/unicoring.com\/#website"},"primaryImageOfPage":{"@id":"https:\/\/unicoring.com\/product\/emerald-cut-double-band-laboratory-diamond-cluster-wedding-ring-in-14k-18k-yellow-gold-rose-gold-and-platinum-0-55-ct\/#primaryimage"},"image":{"@id":"https:\/\/unicoring.com\/product\/emerald-cut-double-band-laboratory-diamond-cluster-wedding-ring-in-14k-18k-yellow-gold-rose-gold-and-platinum-0-55-ct\/#primaryimage"},"thumbnailUrl":"https:\/\/unicoring.com\/wp-content\/uploads\/2025\/08\/ZBR01331.jpg","datePublished":"2025-08-28T01:51:34+00:00","dateModified":"2025-09-10T08:02:31+00:00","description":"Lab Grown Diamond Rings\u200b\uff0cLab Created Diamond Engagement","breadcrumb":{"@id":"https:\/\/unicoring.com\/product\/emerald-cut-double-band-laboratory-diamond-cluster-wedding-ring-in-14k-18k-yellow-gold-rose-gold-and-platinum-0-55-ct\/#breadcrumb"},"inLanguage":"fr-FR","potentialAction":[{"@type":"ReadAction","target":["https:\/\/unicoring.com\/product\/emerald-cut-double-band-laboratory-diamond-cluster-wedding-ring-in-14k-18k-yellow-gold-rose-gold-and-platinum-0-55-ct\/"]}]},{"@type":"ImageObject","inLanguage":"fr-FR","@id":"https:\/\/unicoring.com\/product\/emerald-cut-double-band-laboratory-diamond-cluster-wedding-ring-in-14k-18k-yellow-gold-rose-gold-and-platinum-0-55-ct\/#primaryimage","url":"https:\/\/unicoring.com\/wp-content\/uploads\/2025\/08\/ZBR01331.jpg","contentUrl":"https:\/\/unicoring.com\/wp-content\/uploads\/2025\/08\/ZBR01331.jpg","width":1000,"height":999},{"@type":"BreadcrumbList","@id":"https:\/\/unicoring.com\/product\/emerald-cut-double-band-laboratory-diamond-cluster-wedding-ring-in-14k-18k-yellow-gold-rose-gold-and-platinum-0-55-ct\/#breadcrumb","itemListElement":[{"@type":"ListItem","position":1,"name":"\u9996\u9875","item":"https:\/\/unicoring.com\/"},{"@type":"ListItem","position":2,"name":"Shop","item":"https:\/\/unicoring.com\/shop\/"},{"@type":"ListItem","position":3,"name":"Emerald-Cut Double Band Laboratory Diamond Cluster Wedding Ring in 14K\/18K White Gold, Yellow Gold, Rose Gold, and Platinum (0.55 ct)"}]},{"@type":"WebSite","@id":"https:\/\/unicoring.com\/#website","url":"https:\/\/unicoring.com\/","name":"UniCoring","description":"","potentialAction":[{"@type":"SearchAction","target":{"@type":"EntryPoint","urlTemplate":"https:\/\/unicoring.com\/?s={search_term_string}"},"query-input":{"@type":"PropertyValueSpecification","valueRequired":true,"valueName":"search_term_string"}}],"inLanguage":"fr-FR"}]}},"_links":{"self":[{"href":"https:\/\/unicoring.com\/fr\/wp-json\/wp\/v2\/product\/3972","targetHints":{"allow":["GET"]}}],"collection":[{"href":"https:\/\/unicoring.com\/fr\/wp-json\/wp\/v2\/product"}],"about":[{"href":"https:\/\/unicoring.com\/fr\/wp-json\/wp\/v2\/types\/product"}],"replies":[{"embeddable":true,"href":"https:\/\/unicoring.com\/fr\/wp-json\/wp\/v2\/comments?post=3972"}],"wp:featuredmedia":[{"embeddable":true,"href":"https:\/\/unicoring.com\/fr\/wp-json\/wp\/v2\/media\/3976"}],"wp:attachment":[{"href":"https:\/\/unicoring.com\/fr\/wp-json\/wp\/v2\/media?parent=3972"}],"wp:term":[{"taxonomy":"product_brand","embeddable":true,"href":"https:\/\/unicoring.com\/fr\/wp-json\/wp\/v2\/product_brand?post=3972"},{"taxonomy":"product_cat","embeddable":true,"href":"https:\/\/unicoring.com\/fr\/wp-json\/wp\/v2\/product_cat?post=3972"},{"taxonomy":"product_tag","embeddable":true,"href":"https:\/\/unicoring.com\/fr\/wp-json\/wp\/v2\/product_tag?post=3972"}],"curies":[{"name":"wp","href":"https:\/\/api.w.org\/{rel}","templated":true}]}}