{"id":4009,"date":"2025-08-28T02:40:00","date_gmt":"2025-08-28T02:40:00","guid":{"rendered":"https:\/\/unicoring.com\/?post_type=product&#038;p=4009"},"modified":"2025-09-10T08:02:30","modified_gmt":"2025-09-10T08:02:30","slug":"artisan-curved-multi-cut-lab-grown-diamond-eternity-wedding-ringin-14k-18k-yellow-gold-rose-gold-platinum%ef%bc%880-51ct-tw%ef%bc%89","status":"publish","type":"product","link":"https:\/\/unicoring.com\/fr\/produit\/artisan-curved-multi-cut-lab-grown-diamond-eternity-wedding-ringin-14k-18k-yellow-gold-rose-gold-platinum%ef%bc%880-51ct-tw%ef%bc%89\/","title":{"rendered":"Alliance \u00e9ternit\u00e9 artisanale en or blanc 14 carats\/18 carats, or jaune, or rose et platine (0,51 ct, poids total) avec diamants de synth\u00e8se multi-tailles incurv\u00e9s."},"content":{"rendered":"<p>Cette alliance moderne arbore un design \u00e9l\u00e9gant et incurv\u00e9, m\u00e9ticuleusement orn\u00e9 de diamants marquise et ronds de synth\u00e8se. Son anneau fluide \u00e9voque un luxe responsable, parfait pour marquer un engagement \u00e9ternel.<\/p>\n<p>Votre commande comprend :<br \/>\n\u2013 Livraison express gratuite<br \/>\n\u2013 Emballage priv\u00e9<br \/>\n\u2013 Garantie \u00e0 vie<\/p>\n<p>Sp\u00e9cifications de la bague<br \/>\nMod\u00e8le : ZBR0138A<br \/>\nM\u00e9tal : Or blanc\/jaune\/rose 14 carats\/18 carats et platine<br \/>\nLargeur : 2 mm<br \/>\nPlaqu\u00e9 rhodium : Oui<br \/>\nR\u00e9glage : Griffe<\/p>\n<p>D\u00e9tails des pierres pr\u00e9cieuses<br \/>\nType : Diamant cultiv\u00e9 en laboratoire<\/p>\n<p>Pierre centrale<br \/>\nForme : Losange<br \/>\nQuantit\u00e9 : 9<br \/>\nPoids : 0,17 ct<\/p>\n<p>Pierres lat\u00e9rales<br \/>\nForme : cercle<br \/>\nQuantit\u00e9 : 8<br \/>\nPoids total : 0,34 ct<\/p>\n<p>Couleur moyenne : DE\/F<br \/>\nClart\u00e9 moyenne : VS-VVS2<\/p>","protected":false},"excerpt":{"rendered":"<p>Cette alliance moderne arbore un design \u00e9l\u00e9gant et incurv\u00e9, m\u00e9ticuleusement orn\u00e9 de diamants marquise et ronds de synth\u00e8se. Son anneau fluide<\/p>","protected":false},"featured_media":4011,"comment_status":"open","ping_status":"closed","template":"","meta":[],"product_brand":[107],"product_cat":[15,220,209,75,208,163,210,167,74,201,170,89,161,162,157,207,77,199,277,211,164,98,171,189,226,200,160,158,159,76,71,204,205],"product_tag":[],"class_list":{"0":"post-4009","1":"product","2":"type-product","3":"status-publish","4":"has-post-thumbnail","6":"product_brand-unicorimg","7":"product_cat-engagement-rings","8":"product_cat-all-jewelry","9":"product_cat-anniversary-gifts","10":"product_cat-best-sellers","11":"product_cat-birthday-gifts","12":"product_cat-birthstone-jewelry","13":"product_cat-bridal-party-gifts","14":"product_cat-classic-bands","15":"product_cat-fine-jewelry","16":"product_cat-fine-jewelry-fine-jewelry","17":"product_cat-gemstone-bands","18":"product_cat-jewelry","19":"product_cat-gifts-by-occasion","20":"product_cat-gifts-by-recipient","21":"product_cat-gifts-for-her","22":"product_cat-gifts-or-everyone","23":"product_cat-diamonds","24":"product_cat-lab-grown-diamond","25":"product_cat-lab-grown-diamond-ring","26":"product_cat-milestone-gifts","27":"product_cat-more-gift-ideas","28":"product_cat-ring","29":"product_cat-see-all","30":"product_cat-see-all-shop-by-shape","31":"product_cat-see-all-fine-jewelry-fine-jewelry","32":"product_cat-shop-by-category","33":"product_cat-shop-by-gem","34":"product_cat-shop-by-shape","35":"product_cat-shop-by-style","36":"product_cat-wedding-rings","37":"product_cat-womens-wedding-rings","38":"product_cat-204","39":"product_cat-205","41":"first","42":"instock","43":"sale","44":"shipping-taxable","45":"purchasable","46":"product-type-variable"},"yoast_head":"<!-- This site is optimized with the Yoast SEO plugin v25.7 - https:\/\/yoast.com\/wordpress\/plugins\/seo\/ -->\n<title>Artisan Curved Multi-Cut Lab-Grown Diamond Eternity Wedding Ringin 14K\/18K White Gold, Yellow Gold, Rose Gold &amp; Platinum\u200b\uff080.51ct tw\uff09 - UniCoring<\/title>\n<meta name=\"description\" content=\"Lab Grown Diamond Rings\u200b\uff0cLab Created Diamond Engagement\" \/>\n<meta name=\"robots\" content=\"index, follow, max-snippet:-1, max-image-preview:large, max-video-preview:-1\" \/>\n<link rel=\"canonical\" href=\"https:\/\/unicoring.com\/fr\/produit\/artisan-curved-multi-cut-lab-grown-diamond-eternity-wedding-ringin-14k-18k-yellow-gold-rose-gold-platinum\uff080-51ct-tw\uff09\/\" \/>\n<meta property=\"og:locale\" content=\"fr_FR\" \/>\n<meta property=\"og:type\" content=\"article\" \/>\n<meta property=\"og:title\" content=\"Artisan Curved Multi-Cut Lab-Grown Diamond Eternity Wedding Ringin 14K\/18K White Gold, Yellow Gold, Rose Gold &amp; Platinum\u200b\uff080.51ct tw\uff09 - UniCoring\" \/>\n<meta property=\"og:description\" content=\"Lab Grown Diamond Rings\u200b\uff0cLab Created Diamond Engagement\" \/>\n<meta property=\"og:url\" content=\"https:\/\/unicoring.com\/fr\/produit\/artisan-curved-multi-cut-lab-grown-diamond-eternity-wedding-ringin-14k-18k-yellow-gold-rose-gold-platinum\uff080-51ct-tw\uff09\/\" \/>\n<meta property=\"og:site_name\" content=\"UniCoring\" \/>\n<meta property=\"article:modified_time\" content=\"2025-09-10T08:02:30+00:00\" \/>\n<meta property=\"og:image\" content=\"https:\/\/unicoring.com\/wp-content\/uploads\/2025\/08\/\u767d\u91d1-21.jpg\" \/>\n\t<meta property=\"og:image:width\" content=\"1000\" \/>\n\t<meta property=\"og:image:height\" content=\"1000\" \/>\n\t<meta property=\"og:image:type\" content=\"image\/jpeg\" \/>\n<meta name=\"twitter:card\" content=\"summary_large_image\" \/>\n<meta name=\"twitter:label1\" content=\"Dur\u00e9e de lecture estim\u00e9e\" \/>\n\t<meta name=\"twitter:data1\" content=\"1 minute\" \/>\n<script type=\"application\/ld+json\" class=\"yoast-schema-graph\">{\"@context\":\"https:\/\/schema.org\",\"@graph\":[{\"@type\":\"WebPage\",\"@id\":\"https:\/\/unicoring.com\/product\/artisan-curved-multi-cut-lab-grown-diamond-eternity-wedding-ringin-14k-18k-yellow-gold-rose-gold-platinum%ef%bc%880-51ct-tw%ef%bc%89\/\",\"url\":\"https:\/\/unicoring.com\/product\/artisan-curved-multi-cut-lab-grown-diamond-eternity-wedding-ringin-14k-18k-yellow-gold-rose-gold-platinum%ef%bc%880-51ct-tw%ef%bc%89\/\",\"name\":\"Artisan Curved Multi-Cut Lab-Grown Diamond Eternity Wedding Ringin 14K\/18K White Gold, Yellow Gold, Rose Gold &amp; Platinum\u200b\uff080.51ct tw\uff09 - UniCoring\",\"isPartOf\":{\"@id\":\"https:\/\/unicoring.com\/#website\"},\"primaryImageOfPage\":{\"@id\":\"https:\/\/unicoring.com\/product\/artisan-curved-multi-cut-lab-grown-diamond-eternity-wedding-ringin-14k-18k-yellow-gold-rose-gold-platinum%ef%bc%880-51ct-tw%ef%bc%89\/#primaryimage\"},\"image\":{\"@id\":\"https:\/\/unicoring.com\/product\/artisan-curved-multi-cut-lab-grown-diamond-eternity-wedding-ringin-14k-18k-yellow-gold-rose-gold-platinum%ef%bc%880-51ct-tw%ef%bc%89\/#primaryimage\"},\"thumbnailUrl\":\"https:\/\/unicoring.com\/wp-content\/uploads\/2025\/08\/\u767d\u91d1-21.jpg\",\"datePublished\":\"2025-08-28T02:40:00+00:00\",\"dateModified\":\"2025-09-10T08:02:30+00:00\",\"description\":\"Lab Grown Diamond Rings\u200b\uff0cLab Created Diamond Engagement\",\"breadcrumb\":{\"@id\":\"https:\/\/unicoring.com\/product\/artisan-curved-multi-cut-lab-grown-diamond-eternity-wedding-ringin-14k-18k-yellow-gold-rose-gold-platinum%ef%bc%880-51ct-tw%ef%bc%89\/#breadcrumb\"},\"inLanguage\":\"fr-FR\",\"potentialAction\":[{\"@type\":\"ReadAction\",\"target\":[\"https:\/\/unicoring.com\/product\/artisan-curved-multi-cut-lab-grown-diamond-eternity-wedding-ringin-14k-18k-yellow-gold-rose-gold-platinum%ef%bc%880-51ct-tw%ef%bc%89\/\"]}]},{\"@type\":\"ImageObject\",\"inLanguage\":\"fr-FR\",\"@id\":\"https:\/\/unicoring.com\/product\/artisan-curved-multi-cut-lab-grown-diamond-eternity-wedding-ringin-14k-18k-yellow-gold-rose-gold-platinum%ef%bc%880-51ct-tw%ef%bc%89\/#primaryimage\",\"url\":\"https:\/\/unicoring.com\/wp-content\/uploads\/2025\/08\/\u767d\u91d1-21.jpg\",\"contentUrl\":\"https:\/\/unicoring.com\/wp-content\/uploads\/2025\/08\/\u767d\u91d1-21.jpg\",\"width\":1000,\"height\":1000},{\"@type\":\"BreadcrumbList\",\"@id\":\"https:\/\/unicoring.com\/product\/artisan-curved-multi-cut-lab-grown-diamond-eternity-wedding-ringin-14k-18k-yellow-gold-rose-gold-platinum%ef%bc%880-51ct-tw%ef%bc%89\/#breadcrumb\",\"itemListElement\":[{\"@type\":\"ListItem\",\"position\":1,\"name\":\"\u9996\u9875\",\"item\":\"https:\/\/unicoring.com\/\"},{\"@type\":\"ListItem\",\"position\":2,\"name\":\"Shop\",\"item\":\"https:\/\/unicoring.com\/shop\/\"},{\"@type\":\"ListItem\",\"position\":3,\"name\":\"Artisan Curved Multi-Cut Lab-Grown Diamond Eternity Wedding Ringin 14K\/18K White Gold, Yellow Gold, Rose Gold &amp; Platinum\u200b\uff080.51ct tw\uff09\"}]},{\"@type\":\"WebSite\",\"@id\":\"https:\/\/unicoring.com\/#website\",\"url\":\"https:\/\/unicoring.com\/\",\"name\":\"UniCoring\",\"description\":\"\",\"potentialAction\":[{\"@type\":\"SearchAction\",\"target\":{\"@type\":\"EntryPoint\",\"urlTemplate\":\"https:\/\/unicoring.com\/?s={search_term_string}\"},\"query-input\":{\"@type\":\"PropertyValueSpecification\",\"valueRequired\":true,\"valueName\":\"search_term_string\"}}],\"inLanguage\":\"fr-FR\"}]}<\/script>\n<!-- \/ Yoast SEO plugin. -->","yoast_head_json":{"title":"Artisan Curved Multi-Cut Lab-Grown Diamond Eternity Wedding Ringin 14K\/18K White Gold, Yellow Gold, Rose Gold &amp; Platinum\u200b\uff080.51ct tw\uff09 - UniCoring","description":"Lab Grown Diamond Rings\u200b\uff0cLab Created Diamond Engagement","robots":{"index":"index","follow":"follow","max-snippet":"max-snippet:-1","max-image-preview":"max-image-preview:large","max-video-preview":"max-video-preview:-1"},"canonical":"https:\/\/unicoring.com\/fr\/produit\/artisan-curved-multi-cut-lab-grown-diamond-eternity-wedding-ringin-14k-18k-yellow-gold-rose-gold-platinum\uff080-51ct-tw\uff09\/","og_locale":"fr_FR","og_type":"article","og_title":"Artisan Curved Multi-Cut Lab-Grown Diamond Eternity Wedding Ringin 14K\/18K White Gold, Yellow Gold, Rose Gold &amp; Platinum\u200b\uff080.51ct tw\uff09 - UniCoring","og_description":"Lab Grown Diamond Rings\u200b\uff0cLab Created Diamond Engagement","og_url":"https:\/\/unicoring.com\/fr\/produit\/artisan-curved-multi-cut-lab-grown-diamond-eternity-wedding-ringin-14k-18k-yellow-gold-rose-gold-platinum\uff080-51ct-tw\uff09\/","og_site_name":"UniCoring","article_modified_time":"2025-09-10T08:02:30+00:00","og_image":[{"width":1000,"height":1000,"url":"https:\/\/unicoring.com\/wp-content\/uploads\/2025\/08\/\u767d\u91d1-21.jpg","type":"image\/jpeg"}],"twitter_card":"summary_large_image","twitter_misc":{"Dur\u00e9e de lecture estim\u00e9e":"1 minute"},"schema":{"@context":"https:\/\/schema.org","@graph":[{"@type":"WebPage","@id":"https:\/\/unicoring.com\/product\/artisan-curved-multi-cut-lab-grown-diamond-eternity-wedding-ringin-14k-18k-yellow-gold-rose-gold-platinum%ef%bc%880-51ct-tw%ef%bc%89\/","url":"https:\/\/unicoring.com\/product\/artisan-curved-multi-cut-lab-grown-diamond-eternity-wedding-ringin-14k-18k-yellow-gold-rose-gold-platinum%ef%bc%880-51ct-tw%ef%bc%89\/","name":"Artisan Curved Multi-Cut Lab-Grown Diamond Eternity Wedding Ringin 14K\/18K White Gold, Yellow Gold, Rose Gold &amp; Platinum\u200b\uff080.51ct tw\uff09 - UniCoring","isPartOf":{"@id":"https:\/\/unicoring.com\/#website"},"primaryImageOfPage":{"@id":"https:\/\/unicoring.com\/product\/artisan-curved-multi-cut-lab-grown-diamond-eternity-wedding-ringin-14k-18k-yellow-gold-rose-gold-platinum%ef%bc%880-51ct-tw%ef%bc%89\/#primaryimage"},"image":{"@id":"https:\/\/unicoring.com\/product\/artisan-curved-multi-cut-lab-grown-diamond-eternity-wedding-ringin-14k-18k-yellow-gold-rose-gold-platinum%ef%bc%880-51ct-tw%ef%bc%89\/#primaryimage"},"thumbnailUrl":"https:\/\/unicoring.com\/wp-content\/uploads\/2025\/08\/\u767d\u91d1-21.jpg","datePublished":"2025-08-28T02:40:00+00:00","dateModified":"2025-09-10T08:02:30+00:00","description":"Lab Grown Diamond Rings\u200b\uff0cLab Created Diamond Engagement","breadcrumb":{"@id":"https:\/\/unicoring.com\/product\/artisan-curved-multi-cut-lab-grown-diamond-eternity-wedding-ringin-14k-18k-yellow-gold-rose-gold-platinum%ef%bc%880-51ct-tw%ef%bc%89\/#breadcrumb"},"inLanguage":"fr-FR","potentialAction":[{"@type":"ReadAction","target":["https:\/\/unicoring.com\/product\/artisan-curved-multi-cut-lab-grown-diamond-eternity-wedding-ringin-14k-18k-yellow-gold-rose-gold-platinum%ef%bc%880-51ct-tw%ef%bc%89\/"]}]},{"@type":"ImageObject","inLanguage":"fr-FR","@id":"https:\/\/unicoring.com\/product\/artisan-curved-multi-cut-lab-grown-diamond-eternity-wedding-ringin-14k-18k-yellow-gold-rose-gold-platinum%ef%bc%880-51ct-tw%ef%bc%89\/#primaryimage","url":"https:\/\/unicoring.com\/wp-content\/uploads\/2025\/08\/\u767d\u91d1-21.jpg","contentUrl":"https:\/\/unicoring.com\/wp-content\/uploads\/2025\/08\/\u767d\u91d1-21.jpg","width":1000,"height":1000},{"@type":"BreadcrumbList","@id":"https:\/\/unicoring.com\/product\/artisan-curved-multi-cut-lab-grown-diamond-eternity-wedding-ringin-14k-18k-yellow-gold-rose-gold-platinum%ef%bc%880-51ct-tw%ef%bc%89\/#breadcrumb","itemListElement":[{"@type":"ListItem","position":1,"name":"\u9996\u9875","item":"https:\/\/unicoring.com\/"},{"@type":"ListItem","position":2,"name":"Shop","item":"https:\/\/unicoring.com\/shop\/"},{"@type":"ListItem","position":3,"name":"Artisan Curved Multi-Cut Lab-Grown Diamond Eternity Wedding Ringin 14K\/18K White Gold, Yellow Gold, Rose Gold &amp; Platinum\u200b\uff080.51ct tw\uff09"}]},{"@type":"WebSite","@id":"https:\/\/unicoring.com\/#website","url":"https:\/\/unicoring.com\/","name":"UniCoring","description":"","potentialAction":[{"@type":"SearchAction","target":{"@type":"EntryPoint","urlTemplate":"https:\/\/unicoring.com\/?s={search_term_string}"},"query-input":{"@type":"PropertyValueSpecification","valueRequired":true,"valueName":"search_term_string"}}],"inLanguage":"fr-FR"}]}},"_links":{"self":[{"href":"https:\/\/unicoring.com\/fr\/wp-json\/wp\/v2\/product\/4009","targetHints":{"allow":["GET"]}}],"collection":[{"href":"https:\/\/unicoring.com\/fr\/wp-json\/wp\/v2\/product"}],"about":[{"href":"https:\/\/unicoring.com\/fr\/wp-json\/wp\/v2\/types\/product"}],"replies":[{"embeddable":true,"href":"https:\/\/unicoring.com\/fr\/wp-json\/wp\/v2\/comments?post=4009"}],"wp:featuredmedia":[{"embeddable":true,"href":"https:\/\/unicoring.com\/fr\/wp-json\/wp\/v2\/media\/4011"}],"wp:attachment":[{"href":"https:\/\/unicoring.com\/fr\/wp-json\/wp\/v2\/media?parent=4009"}],"wp:term":[{"taxonomy":"product_brand","embeddable":true,"href":"https:\/\/unicoring.com\/fr\/wp-json\/wp\/v2\/product_brand?post=4009"},{"taxonomy":"product_cat","embeddable":true,"href":"https:\/\/unicoring.com\/fr\/wp-json\/wp\/v2\/product_cat?post=4009"},{"taxonomy":"product_tag","embeddable":true,"href":"https:\/\/unicoring.com\/fr\/wp-json\/wp\/v2\/product_tag?post=4009"}],"curies":[{"name":"wp","href":"https:\/\/api.w.org\/{rel}","templated":true}]}}