{"id":4268,"date":"2025-08-29T09:34:55","date_gmt":"2025-08-29T09:34:55","guid":{"rendered":"https:\/\/unicoring.com\/?post_type=product&#038;p=4268"},"modified":"2025-09-10T07:55:53","modified_gmt":"2025-09-10T07:55:53","slug":"lab-grown-diamond-stud-earrings%ef%bc%8cvs-clarity-lab-grown-earrings%ef%bc%8ceveryday-lab-diamond-studs%e3%80%81comfort-fit-synthetic-studs-2","status":"publish","type":"product","link":"https:\/\/unicoring.com\/fr\/produit\/lab-grown-diamond-stud-earrings%ef%bc%8cvs-clarity-lab-grown-earrings%ef%bc%8ceveryday-lab-diamond-studs%e3%80%81comfort-fit-synthetic-studs-2\/","title":{"rendered":"Boucles d&#039;oreilles \u00e0 tige en or blanc\/jaune 14 carats\/18 carats, serties de diamants synth\u00e9tiques, id\u00e9ales pour un rendez-vous galant ou pour une \u00e9l\u00e9gance au quotidien (1,0 ct, poids total)"},"content":{"rendered":"<p>Ces magnifiques boucles d&#039;oreilles \u00e0 tige en diamant cr\u00e9\u00e9es en laboratoire pr\u00e9sentent des diamants taille ronde brillants sertis dans des montures classiques \u00e0 quatre griffes. Les diamants d&#039;origine \u00e9thique et le design intemporel en font un accessoire essentiel pour le consommateur moderne et conscient.<\/p>\n<p>Sp\u00e9cifications des boucles d&#039;oreilles<br \/>\nStyle : ZBE0097<br \/>\nM\u00e9tal : Or 14 carats\/18 carats et platine<br \/>\nDimensions : 5,13 mm x 5,13 mm<br \/>\nR\u00e9glage : \u00e0 griffes<\/p>\n<p>D\u00e9tails des pierres pr\u00e9cieuses<br \/>\nType : Diamant de laboratoire<\/p>\n<p>Pierre centrale<br \/>\nForme : ronde<br \/>\nQuantit\u00e9 : 2<br \/>\nPoids total en carats : 1,0 ct tw<\/p>\n<p>Couleur moyenne : DE\/F<br \/>\nClart\u00e9 moyenne : VVS2-VS1<\/p>","protected":false},"excerpt":{"rendered":"<p>These exquisite lab-created diamond stud earrings feature brilliant round-cut diamonds set in classic four-prong settings.The ethically sourced diamonds and timeless<\/p>","protected":false},"featured_media":4537,"comment_status":"open","ping_status":"closed","template":"","meta":[],"product_brand":[107],"product_cat":[220,209,75,208,163,210,216,148,74,89,161,162,157,207,77,274,211,222,164,79,226,200,205],"product_tag":[],"class_list":{"0":"post-4268","1":"product","2":"type-product","3":"status-publish","4":"has-post-thumbnail","6":"product_brand-unicorimg","7":"product_cat-all-jewelry","8":"product_cat-anniversary-gifts","9":"product_cat-best-sellers","10":"product_cat-birthday-gifts","11":"product_cat-birthstone-jewelry","12":"product_cat-bridal-party-gifts","13":"product_cat-earrings-shop-by-category","14":"product_cat-earrings","15":"product_cat-fine-jewelry","16":"product_cat-jewelry","17":"product_cat-gifts-by-occasion","18":"product_cat-gifts-by-recipient","19":"product_cat-gifts-for-her","20":"product_cat-gifts-or-everyone","21":"product_cat-diamonds","22":"product_cat-lab-grown-diamond-earrings","23":"product_cat-milestone-gifts","24":"product_cat-moissanite-tennis-bracelet","25":"product_cat-more-gift-ideas","26":"product_cat-round","27":"product_cat-see-all-fine-jewelry-fine-jewelry","28":"product_cat-shop-by-category","29":"product_cat-205","31":"first","32":"instock","33":"sale","34":"shipping-taxable","35":"purchasable","36":"product-type-variable"},"yoast_head":"<!-- This site is optimized with the Yoast SEO plugin v25.7 - https:\/\/yoast.com\/wordpress\/plugins\/seo\/ -->\n<title>Lab-Created Diamond Stud Earrings in 14K\/18K White\/Yellow Gold\/PT for Dating &amp; Everyday Elegance\uff081.0ct tw) - UniCoring<\/title>\n<meta name=\"description\" content=\"\u200b\u200bLab Grown Diamond Stud Earrings\u200b\uff0cVS Clarity Lab Grown Earrings\uff0cEveryday Lab Diamond Studs\u3001Comfort Fit Synthetic Studs\" \/>\n<meta name=\"robots\" content=\"index, follow, max-snippet:-1, max-image-preview:large, max-video-preview:-1\" \/>\n<link rel=\"canonical\" href=\"https:\/\/unicoring.com\/fr\/produit\/lab-grown-diamond-stud-earrings\uff0cvs-clarity-lab-grown-earrings\uff0ceveryday-lab-diamond-studs\u3001comfort-fit-synthetic-studs-2\/\" \/>\n<meta property=\"og:locale\" content=\"fr_FR\" \/>\n<meta property=\"og:type\" content=\"article\" \/>\n<meta property=\"og:title\" content=\"Lab-Created Diamond Stud Earrings in 14K\/18K White\/Yellow Gold\/PT for Dating &amp; Everyday Elegance\uff081.0ct tw) - UniCoring\" \/>\n<meta property=\"og:description\" content=\"\u200b\u200bLab Grown Diamond Stud Earrings\u200b\uff0cVS Clarity Lab Grown Earrings\uff0cEveryday Lab Diamond Studs\u3001Comfort Fit Synthetic Studs\" \/>\n<meta property=\"og:url\" content=\"https:\/\/unicoring.com\/fr\/produit\/lab-grown-diamond-stud-earrings\uff0cvs-clarity-lab-grown-earrings\uff0ceveryday-lab-diamond-studs\u3001comfort-fit-synthetic-studs-2\/\" \/>\n<meta property=\"og:site_name\" content=\"UniCoring\" \/>\n<meta property=\"article:modified_time\" content=\"2025-09-10T07:55:53+00:00\" \/>\n<meta property=\"og:image\" content=\"https:\/\/unicoring.com\/wp-content\/uploads\/2025\/08\/1.jpg\" \/>\n\t<meta property=\"og:image:width\" content=\"1000\" \/>\n\t<meta property=\"og:image:height\" content=\"1000\" \/>\n\t<meta property=\"og:image:type\" content=\"image\/jpeg\" \/>\n<meta name=\"twitter:card\" content=\"summary_large_image\" \/>\n<meta name=\"twitter:label1\" content=\"Dur\u00e9e de lecture estim\u00e9e\" \/>\n\t<meta name=\"twitter:data1\" content=\"1 minute\" \/>\n<script type=\"application\/ld+json\" class=\"yoast-schema-graph\">{\"@context\":\"https:\/\/schema.org\",\"@graph\":[{\"@type\":\"WebPage\",\"@id\":\"https:\/\/unicoring.com\/product\/lab-grown-diamond-stud-earrings%ef%bc%8cvs-clarity-lab-grown-earrings%ef%bc%8ceveryday-lab-diamond-studs%e3%80%81comfort-fit-synthetic-studs-2\/\",\"url\":\"https:\/\/unicoring.com\/product\/lab-grown-diamond-stud-earrings%ef%bc%8cvs-clarity-lab-grown-earrings%ef%bc%8ceveryday-lab-diamond-studs%e3%80%81comfort-fit-synthetic-studs-2\/\",\"name\":\"Lab-Created Diamond Stud Earrings in 14K\/18K White\/Yellow Gold\/PT for Dating &amp; Everyday Elegance\uff081.0ct tw) - UniCoring\",\"isPartOf\":{\"@id\":\"https:\/\/unicoring.com\/#website\"},\"primaryImageOfPage\":{\"@id\":\"https:\/\/unicoring.com\/product\/lab-grown-diamond-stud-earrings%ef%bc%8cvs-clarity-lab-grown-earrings%ef%bc%8ceveryday-lab-diamond-studs%e3%80%81comfort-fit-synthetic-studs-2\/#primaryimage\"},\"image\":{\"@id\":\"https:\/\/unicoring.com\/product\/lab-grown-diamond-stud-earrings%ef%bc%8cvs-clarity-lab-grown-earrings%ef%bc%8ceveryday-lab-diamond-studs%e3%80%81comfort-fit-synthetic-studs-2\/#primaryimage\"},\"thumbnailUrl\":\"https:\/\/unicoring.com\/wp-content\/uploads\/2025\/08\/1.jpg\",\"datePublished\":\"2025-08-29T09:34:55+00:00\",\"dateModified\":\"2025-09-10T07:55:53+00:00\",\"description\":\"\u200b\u200bLab Grown Diamond Stud Earrings\u200b\uff0cVS Clarity Lab Grown Earrings\uff0cEveryday Lab Diamond Studs\u3001Comfort Fit Synthetic Studs\",\"breadcrumb\":{\"@id\":\"https:\/\/unicoring.com\/product\/lab-grown-diamond-stud-earrings%ef%bc%8cvs-clarity-lab-grown-earrings%ef%bc%8ceveryday-lab-diamond-studs%e3%80%81comfort-fit-synthetic-studs-2\/#breadcrumb\"},\"inLanguage\":\"fr-FR\",\"potentialAction\":[{\"@type\":\"ReadAction\",\"target\":[\"https:\/\/unicoring.com\/product\/lab-grown-diamond-stud-earrings%ef%bc%8cvs-clarity-lab-grown-earrings%ef%bc%8ceveryday-lab-diamond-studs%e3%80%81comfort-fit-synthetic-studs-2\/\"]}]},{\"@type\":\"ImageObject\",\"inLanguage\":\"fr-FR\",\"@id\":\"https:\/\/unicoring.com\/product\/lab-grown-diamond-stud-earrings%ef%bc%8cvs-clarity-lab-grown-earrings%ef%bc%8ceveryday-lab-diamond-studs%e3%80%81comfort-fit-synthetic-studs-2\/#primaryimage\",\"url\":\"https:\/\/unicoring.com\/wp-content\/uploads\/2025\/08\/1.jpg\",\"contentUrl\":\"https:\/\/unicoring.com\/wp-content\/uploads\/2025\/08\/1.jpg\",\"width\":1000,\"height\":1000},{\"@type\":\"BreadcrumbList\",\"@id\":\"https:\/\/unicoring.com\/product\/lab-grown-diamond-stud-earrings%ef%bc%8cvs-clarity-lab-grown-earrings%ef%bc%8ceveryday-lab-diamond-studs%e3%80%81comfort-fit-synthetic-studs-2\/#breadcrumb\",\"itemListElement\":[{\"@type\":\"ListItem\",\"position\":1,\"name\":\"\u9996\u9875\",\"item\":\"https:\/\/unicoring.com\/\"},{\"@type\":\"ListItem\",\"position\":2,\"name\":\"Shop\",\"item\":\"https:\/\/unicoring.com\/shop\/\"},{\"@type\":\"ListItem\",\"position\":3,\"name\":\"Lab-Created Diamond Stud Earrings in 14K\/18K White\/Yellow Gold\/PT for Dating &amp; Everyday Elegance\uff081.0ct tw)\"}]},{\"@type\":\"WebSite\",\"@id\":\"https:\/\/unicoring.com\/#website\",\"url\":\"https:\/\/unicoring.com\/\",\"name\":\"UniCoring\",\"description\":\"\",\"potentialAction\":[{\"@type\":\"SearchAction\",\"target\":{\"@type\":\"EntryPoint\",\"urlTemplate\":\"https:\/\/unicoring.com\/?s={search_term_string}\"},\"query-input\":{\"@type\":\"PropertyValueSpecification\",\"valueRequired\":true,\"valueName\":\"search_term_string\"}}],\"inLanguage\":\"fr-FR\"}]}<\/script>\n<!-- \/ Yoast SEO plugin. -->","yoast_head_json":{"title":"Lab-Created Diamond Stud Earrings in 14K\/18K White\/Yellow Gold\/PT for Dating &amp; Everyday Elegance\uff081.0ct tw) - UniCoring","description":"\u200b\u200bLab Grown Diamond Stud Earrings\u200b\uff0cVS Clarity Lab Grown Earrings\uff0cEveryday Lab Diamond Studs\u3001Comfort Fit Synthetic Studs","robots":{"index":"index","follow":"follow","max-snippet":"max-snippet:-1","max-image-preview":"max-image-preview:large","max-video-preview":"max-video-preview:-1"},"canonical":"https:\/\/unicoring.com\/fr\/produit\/lab-grown-diamond-stud-earrings\uff0cvs-clarity-lab-grown-earrings\uff0ceveryday-lab-diamond-studs\u3001comfort-fit-synthetic-studs-2\/","og_locale":"fr_FR","og_type":"article","og_title":"Lab-Created Diamond Stud Earrings in 14K\/18K White\/Yellow Gold\/PT for Dating &amp; Everyday Elegance\uff081.0ct tw) - UniCoring","og_description":"\u200b\u200bLab Grown Diamond Stud Earrings\u200b\uff0cVS Clarity Lab Grown Earrings\uff0cEveryday Lab Diamond Studs\u3001Comfort Fit Synthetic Studs","og_url":"https:\/\/unicoring.com\/fr\/produit\/lab-grown-diamond-stud-earrings\uff0cvs-clarity-lab-grown-earrings\uff0ceveryday-lab-diamond-studs\u3001comfort-fit-synthetic-studs-2\/","og_site_name":"UniCoring","article_modified_time":"2025-09-10T07:55:53+00:00","og_image":[{"width":1000,"height":1000,"url":"https:\/\/unicoring.com\/wp-content\/uploads\/2025\/08\/1.jpg","type":"image\/jpeg"}],"twitter_card":"summary_large_image","twitter_misc":{"Dur\u00e9e de lecture estim\u00e9e":"1 minute"},"schema":{"@context":"https:\/\/schema.org","@graph":[{"@type":"WebPage","@id":"https:\/\/unicoring.com\/product\/lab-grown-diamond-stud-earrings%ef%bc%8cvs-clarity-lab-grown-earrings%ef%bc%8ceveryday-lab-diamond-studs%e3%80%81comfort-fit-synthetic-studs-2\/","url":"https:\/\/unicoring.com\/product\/lab-grown-diamond-stud-earrings%ef%bc%8cvs-clarity-lab-grown-earrings%ef%bc%8ceveryday-lab-diamond-studs%e3%80%81comfort-fit-synthetic-studs-2\/","name":"Lab-Created Diamond Stud Earrings in 14K\/18K White\/Yellow Gold\/PT for Dating &amp; Everyday Elegance\uff081.0ct tw) - UniCoring","isPartOf":{"@id":"https:\/\/unicoring.com\/#website"},"primaryImageOfPage":{"@id":"https:\/\/unicoring.com\/product\/lab-grown-diamond-stud-earrings%ef%bc%8cvs-clarity-lab-grown-earrings%ef%bc%8ceveryday-lab-diamond-studs%e3%80%81comfort-fit-synthetic-studs-2\/#primaryimage"},"image":{"@id":"https:\/\/unicoring.com\/product\/lab-grown-diamond-stud-earrings%ef%bc%8cvs-clarity-lab-grown-earrings%ef%bc%8ceveryday-lab-diamond-studs%e3%80%81comfort-fit-synthetic-studs-2\/#primaryimage"},"thumbnailUrl":"https:\/\/unicoring.com\/wp-content\/uploads\/2025\/08\/1.jpg","datePublished":"2025-08-29T09:34:55+00:00","dateModified":"2025-09-10T07:55:53+00:00","description":"\u200b\u200bLab Grown Diamond Stud Earrings\u200b\uff0cVS Clarity Lab Grown Earrings\uff0cEveryday Lab Diamond Studs\u3001Comfort Fit Synthetic Studs","breadcrumb":{"@id":"https:\/\/unicoring.com\/product\/lab-grown-diamond-stud-earrings%ef%bc%8cvs-clarity-lab-grown-earrings%ef%bc%8ceveryday-lab-diamond-studs%e3%80%81comfort-fit-synthetic-studs-2\/#breadcrumb"},"inLanguage":"fr-FR","potentialAction":[{"@type":"ReadAction","target":["https:\/\/unicoring.com\/product\/lab-grown-diamond-stud-earrings%ef%bc%8cvs-clarity-lab-grown-earrings%ef%bc%8ceveryday-lab-diamond-studs%e3%80%81comfort-fit-synthetic-studs-2\/"]}]},{"@type":"ImageObject","inLanguage":"fr-FR","@id":"https:\/\/unicoring.com\/product\/lab-grown-diamond-stud-earrings%ef%bc%8cvs-clarity-lab-grown-earrings%ef%bc%8ceveryday-lab-diamond-studs%e3%80%81comfort-fit-synthetic-studs-2\/#primaryimage","url":"https:\/\/unicoring.com\/wp-content\/uploads\/2025\/08\/1.jpg","contentUrl":"https:\/\/unicoring.com\/wp-content\/uploads\/2025\/08\/1.jpg","width":1000,"height":1000},{"@type":"BreadcrumbList","@id":"https:\/\/unicoring.com\/product\/lab-grown-diamond-stud-earrings%ef%bc%8cvs-clarity-lab-grown-earrings%ef%bc%8ceveryday-lab-diamond-studs%e3%80%81comfort-fit-synthetic-studs-2\/#breadcrumb","itemListElement":[{"@type":"ListItem","position":1,"name":"\u9996\u9875","item":"https:\/\/unicoring.com\/"},{"@type":"ListItem","position":2,"name":"Shop","item":"https:\/\/unicoring.com\/shop\/"},{"@type":"ListItem","position":3,"name":"Lab-Created Diamond Stud Earrings in 14K\/18K White\/Yellow Gold\/PT for Dating &amp; Everyday Elegance\uff081.0ct tw)"}]},{"@type":"WebSite","@id":"https:\/\/unicoring.com\/#website","url":"https:\/\/unicoring.com\/","name":"UniCoring","description":"","potentialAction":[{"@type":"SearchAction","target":{"@type":"EntryPoint","urlTemplate":"https:\/\/unicoring.com\/?s={search_term_string}"},"query-input":{"@type":"PropertyValueSpecification","valueRequired":true,"valueName":"search_term_string"}}],"inLanguage":"fr-FR"}]}},"_links":{"self":[{"href":"https:\/\/unicoring.com\/fr\/wp-json\/wp\/v2\/product\/4268","targetHints":{"allow":["GET"]}}],"collection":[{"href":"https:\/\/unicoring.com\/fr\/wp-json\/wp\/v2\/product"}],"about":[{"href":"https:\/\/unicoring.com\/fr\/wp-json\/wp\/v2\/types\/product"}],"replies":[{"embeddable":true,"href":"https:\/\/unicoring.com\/fr\/wp-json\/wp\/v2\/comments?post=4268"}],"wp:featuredmedia":[{"embeddable":true,"href":"https:\/\/unicoring.com\/fr\/wp-json\/wp\/v2\/media\/4537"}],"wp:attachment":[{"href":"https:\/\/unicoring.com\/fr\/wp-json\/wp\/v2\/media?parent=4268"}],"wp:term":[{"taxonomy":"product_brand","embeddable":true,"href":"https:\/\/unicoring.com\/fr\/wp-json\/wp\/v2\/product_brand?post=4268"},{"taxonomy":"product_cat","embeddable":true,"href":"https:\/\/unicoring.com\/fr\/wp-json\/wp\/v2\/product_cat?post=4268"},{"taxonomy":"product_tag","embeddable":true,"href":"https:\/\/unicoring.com\/fr\/wp-json\/wp\/v2\/product_tag?post=4268"}],"curies":[{"name":"wp","href":"https:\/\/api.w.org\/{rel}","templated":true}]}}