{"id":7258,"date":"2025-09-08T10:30:25","date_gmt":"2025-09-08T10:30:25","guid":{"rendered":"https:\/\/unicoring.com\/?post_type=product&#038;p=7258"},"modified":"2025-09-11T01:39:31","modified_gmt":"2025-09-11T01:39:31","slug":"lab-grown-diamond-achievement-celebration-bracelet-in-14k-18k-white-yellow-gold-15-ct-tw","status":"publish","type":"product","link":"https:\/\/unicoring.com\/fr\/produit\/lab-grown-diamond-achievement-celebration-bracelet-in-14k-18k-white-yellow-gold-15-ct-tw\/","title":{"rendered":"Bracelet de c\u00e9l\u00e9bration de r\u00e9ussite en or blanc\/jaune 14 carats\/18 carats (15 ct, poids total) avec diamants de laboratoire"},"content":{"rendered":"<p>Avec ses diamants de synth\u00e8se taille carr\u00e9e dispos\u00e9s sur un anneau harmonieux, ce bracelet incarne l&#039;\u00e9l\u00e9gance moderne et la r\u00e9ussite. Son \u00e9clat brillant symbolise les \u00e9tapes importantes et un avenir prometteur, id\u00e9al pour c\u00e9l\u00e9brer une remise de dipl\u00f4me ou une r\u00e9ussite professionnelle, symbole de travail acharn\u00e9 et de gloire.<br \/>\nInformations sur le bracelet<br \/>\nStyle : ZBB0052<br \/>\nM\u00e9tal : Or blanc\/jaune 14 carats\/18 carats<br \/>\nInformations sur la cha\u00eene<br \/>\nType : Tennis<br \/>\nLongueur : 6 \u00e0 8 pouces<br \/>\nD\u00e9tails des pierres pr\u00e9cieuses<br \/>\nType : Diamant de laboratoire<br \/>\nForme : Carr\u00e9<br \/>\nPoids total en carats : 13-17,4<br \/>\nR\u00e9glage : Serti \u00e0 griffes<br \/>\nCouleur moyenne : DE\/F<br \/>\nClart\u00e9 moyenne : VVS2-VS1<\/p>","protected":false},"excerpt":{"rendered":"<p>Avec ses diamants de synth\u00e8se taille carr\u00e9e dispos\u00e9s en un anneau sans couture, ce bracelet incarne l&#039;\u00e9l\u00e9gance moderne et la r\u00e9ussite. Son \u00e9clat brillant<\/p>","protected":false},"featured_media":7073,"comment_status":"open","ping_status":"closed","template":"","meta":[],"product_brand":[107],"product_cat":[209,75,208,163,218,210,74,89,161,162,157,207,77,276,211,164,79,200],"product_tag":[],"class_list":{"0":"post-7258","1":"product","2":"type-product","3":"status-publish","4":"has-post-thumbnail","6":"product_brand-unicorimg","7":"product_cat-anniversary-gifts","8":"product_cat-best-sellers","9":"product_cat-birthday-gifts","10":"product_cat-birthstone-jewelry","11":"product_cat-bracelets","12":"product_cat-bridal-party-gifts","13":"product_cat-fine-jewelry","14":"product_cat-jewelry","15":"product_cat-gifts-by-occasion","16":"product_cat-gifts-by-recipient","17":"product_cat-gifts-for-her","18":"product_cat-gifts-or-everyone","19":"product_cat-diamonds","20":"product_cat-lab-grown-diamond-bracelet","21":"product_cat-milestone-gifts","22":"product_cat-more-gift-ideas","23":"product_cat-round","24":"product_cat-shop-by-category","26":"first","27":"instock","28":"sale","29":"shipping-taxable","30":"purchasable","31":"product-type-variable"},"yoast_head":"<!-- This site is optimized with the Yoast SEO plugin v25.7 - https:\/\/yoast.com\/wordpress\/plugins\/seo\/ -->\n<title>Lab-Grown Diamond Achievement Celebration Bracelet in 14K\/18K White\/Yellow Gold (15 ct tw) - UniCoring<\/title>\n<meta name=\"description\" content=\"\u200b\u200bIGI Certified 14K\u300118K \/Yellow White Gold Lab Grown Diamond Tennis Bracelet\u200b\u200b\" \/>\n<meta name=\"robots\" content=\"index, follow, max-snippet:-1, max-image-preview:large, max-video-preview:-1\" \/>\n<link rel=\"canonical\" href=\"https:\/\/unicoring.com\/fr\/produit\/lab-grown-diamond-achievement-celebration-bracelet-in-14k-18k-white-yellow-gold-15-ct-tw\/\" \/>\n<meta property=\"og:locale\" content=\"fr_FR\" \/>\n<meta property=\"og:type\" content=\"article\" \/>\n<meta property=\"og:title\" content=\"Lab-Grown Diamond Achievement Celebration Bracelet in 14K\/18K White\/Yellow Gold (15 ct tw) - UniCoring\" \/>\n<meta property=\"og:description\" content=\"\u200b\u200bIGI Certified 14K\u300118K \/Yellow White Gold Lab Grown Diamond Tennis Bracelet\u200b\u200b\" \/>\n<meta property=\"og:url\" content=\"https:\/\/unicoring.com\/fr\/produit\/lab-grown-diamond-achievement-celebration-bracelet-in-14k-18k-white-yellow-gold-15-ct-tw\/\" \/>\n<meta property=\"og:site_name\" content=\"UniCoring\" \/>\n<meta property=\"article:modified_time\" content=\"2025-09-11T01:39:31+00:00\" \/>\n<meta property=\"og:image\" content=\"https:\/\/unicoring.com\/wp-content\/uploads\/2025\/09\/IMG_4594.jpg\" \/>\n\t<meta property=\"og:image:width\" content=\"1000\" \/>\n\t<meta property=\"og:image:height\" content=\"1000\" \/>\n\t<meta property=\"og:image:type\" content=\"image\/jpeg\" \/>\n<meta name=\"twitter:card\" content=\"summary_large_image\" \/>\n<meta name=\"twitter:label1\" content=\"Dur\u00e9e de lecture estim\u00e9e\" \/>\n\t<meta name=\"twitter:data1\" content=\"1 minute\" \/>\n<script type=\"application\/ld+json\" class=\"yoast-schema-graph\">{\"@context\":\"https:\/\/schema.org\",\"@graph\":[{\"@type\":\"WebPage\",\"@id\":\"https:\/\/unicoring.com\/product\/lab-grown-diamond-achievement-celebration-bracelet-in-14k-18k-white-yellow-gold-15-ct-tw\/\",\"url\":\"https:\/\/unicoring.com\/product\/lab-grown-diamond-achievement-celebration-bracelet-in-14k-18k-white-yellow-gold-15-ct-tw\/\",\"name\":\"Lab-Grown Diamond Achievement Celebration Bracelet in 14K\/18K White\/Yellow Gold (15 ct tw) - UniCoring\",\"isPartOf\":{\"@id\":\"https:\/\/unicoring.com\/#website\"},\"primaryImageOfPage\":{\"@id\":\"https:\/\/unicoring.com\/product\/lab-grown-diamond-achievement-celebration-bracelet-in-14k-18k-white-yellow-gold-15-ct-tw\/#primaryimage\"},\"image\":{\"@id\":\"https:\/\/unicoring.com\/product\/lab-grown-diamond-achievement-celebration-bracelet-in-14k-18k-white-yellow-gold-15-ct-tw\/#primaryimage\"},\"thumbnailUrl\":\"https:\/\/unicoring.com\/wp-content\/uploads\/2025\/09\/IMG_4594.jpg\",\"datePublished\":\"2025-09-08T10:30:25+00:00\",\"dateModified\":\"2025-09-11T01:39:31+00:00\",\"description\":\"\u200b\u200bIGI Certified 14K\u300118K \/Yellow White Gold Lab Grown Diamond Tennis Bracelet\u200b\u200b\",\"breadcrumb\":{\"@id\":\"https:\/\/unicoring.com\/product\/lab-grown-diamond-achievement-celebration-bracelet-in-14k-18k-white-yellow-gold-15-ct-tw\/#breadcrumb\"},\"inLanguage\":\"fr-FR\",\"potentialAction\":[{\"@type\":\"ReadAction\",\"target\":[\"https:\/\/unicoring.com\/product\/lab-grown-diamond-achievement-celebration-bracelet-in-14k-18k-white-yellow-gold-15-ct-tw\/\"]}]},{\"@type\":\"ImageObject\",\"inLanguage\":\"fr-FR\",\"@id\":\"https:\/\/unicoring.com\/product\/lab-grown-diamond-achievement-celebration-bracelet-in-14k-18k-white-yellow-gold-15-ct-tw\/#primaryimage\",\"url\":\"https:\/\/unicoring.com\/wp-content\/uploads\/2025\/09\/IMG_4594.jpg\",\"contentUrl\":\"https:\/\/unicoring.com\/wp-content\/uploads\/2025\/09\/IMG_4594.jpg\",\"width\":1000,\"height\":1000},{\"@type\":\"BreadcrumbList\",\"@id\":\"https:\/\/unicoring.com\/product\/lab-grown-diamond-achievement-celebration-bracelet-in-14k-18k-white-yellow-gold-15-ct-tw\/#breadcrumb\",\"itemListElement\":[{\"@type\":\"ListItem\",\"position\":1,\"name\":\"\u9996\u9875\",\"item\":\"https:\/\/unicoring.com\/\"},{\"@type\":\"ListItem\",\"position\":2,\"name\":\"Shop\",\"item\":\"https:\/\/unicoring.com\/shop\/\"},{\"@type\":\"ListItem\",\"position\":3,\"name\":\"Lab-Grown Diamond Achievement Celebration Bracelet in 14K\/18K White\/Yellow Gold (15 ct tw)\"}]},{\"@type\":\"WebSite\",\"@id\":\"https:\/\/unicoring.com\/#website\",\"url\":\"https:\/\/unicoring.com\/\",\"name\":\"UniCoring\",\"description\":\"\",\"potentialAction\":[{\"@type\":\"SearchAction\",\"target\":{\"@type\":\"EntryPoint\",\"urlTemplate\":\"https:\/\/unicoring.com\/?s={search_term_string}\"},\"query-input\":{\"@type\":\"PropertyValueSpecification\",\"valueRequired\":true,\"valueName\":\"search_term_string\"}}],\"inLanguage\":\"fr-FR\"}]}<\/script>\n<!-- \/ Yoast SEO plugin. -->","yoast_head_json":{"title":"Lab-Grown Diamond Achievement Celebration Bracelet in 14K\/18K White\/Yellow Gold (15 ct tw) - UniCoring","description":"\u200b\u200bIGI Certified 14K\u300118K \/Yellow White Gold Lab Grown Diamond Tennis Bracelet\u200b\u200b","robots":{"index":"index","follow":"follow","max-snippet":"max-snippet:-1","max-image-preview":"max-image-preview:large","max-video-preview":"max-video-preview:-1"},"canonical":"https:\/\/unicoring.com\/fr\/produit\/lab-grown-diamond-achievement-celebration-bracelet-in-14k-18k-white-yellow-gold-15-ct-tw\/","og_locale":"fr_FR","og_type":"article","og_title":"Lab-Grown Diamond Achievement Celebration Bracelet in 14K\/18K White\/Yellow Gold (15 ct tw) - UniCoring","og_description":"\u200b\u200bIGI Certified 14K\u300118K \/Yellow White Gold Lab Grown Diamond Tennis Bracelet\u200b\u200b","og_url":"https:\/\/unicoring.com\/fr\/produit\/lab-grown-diamond-achievement-celebration-bracelet-in-14k-18k-white-yellow-gold-15-ct-tw\/","og_site_name":"UniCoring","article_modified_time":"2025-09-11T01:39:31+00:00","og_image":[{"width":1000,"height":1000,"url":"https:\/\/unicoring.com\/wp-content\/uploads\/2025\/09\/IMG_4594.jpg","type":"image\/jpeg"}],"twitter_card":"summary_large_image","twitter_misc":{"Dur\u00e9e de lecture estim\u00e9e":"1 minute"},"schema":{"@context":"https:\/\/schema.org","@graph":[{"@type":"WebPage","@id":"https:\/\/unicoring.com\/product\/lab-grown-diamond-achievement-celebration-bracelet-in-14k-18k-white-yellow-gold-15-ct-tw\/","url":"https:\/\/unicoring.com\/product\/lab-grown-diamond-achievement-celebration-bracelet-in-14k-18k-white-yellow-gold-15-ct-tw\/","name":"Lab-Grown Diamond Achievement Celebration Bracelet in 14K\/18K White\/Yellow Gold (15 ct tw) - UniCoring","isPartOf":{"@id":"https:\/\/unicoring.com\/#website"},"primaryImageOfPage":{"@id":"https:\/\/unicoring.com\/product\/lab-grown-diamond-achievement-celebration-bracelet-in-14k-18k-white-yellow-gold-15-ct-tw\/#primaryimage"},"image":{"@id":"https:\/\/unicoring.com\/product\/lab-grown-diamond-achievement-celebration-bracelet-in-14k-18k-white-yellow-gold-15-ct-tw\/#primaryimage"},"thumbnailUrl":"https:\/\/unicoring.com\/wp-content\/uploads\/2025\/09\/IMG_4594.jpg","datePublished":"2025-09-08T10:30:25+00:00","dateModified":"2025-09-11T01:39:31+00:00","description":"\u200b\u200bIGI Certified 14K\u300118K \/Yellow White Gold Lab Grown Diamond Tennis Bracelet\u200b\u200b","breadcrumb":{"@id":"https:\/\/unicoring.com\/product\/lab-grown-diamond-achievement-celebration-bracelet-in-14k-18k-white-yellow-gold-15-ct-tw\/#breadcrumb"},"inLanguage":"fr-FR","potentialAction":[{"@type":"ReadAction","target":["https:\/\/unicoring.com\/product\/lab-grown-diamond-achievement-celebration-bracelet-in-14k-18k-white-yellow-gold-15-ct-tw\/"]}]},{"@type":"ImageObject","inLanguage":"fr-FR","@id":"https:\/\/unicoring.com\/product\/lab-grown-diamond-achievement-celebration-bracelet-in-14k-18k-white-yellow-gold-15-ct-tw\/#primaryimage","url":"https:\/\/unicoring.com\/wp-content\/uploads\/2025\/09\/IMG_4594.jpg","contentUrl":"https:\/\/unicoring.com\/wp-content\/uploads\/2025\/09\/IMG_4594.jpg","width":1000,"height":1000},{"@type":"BreadcrumbList","@id":"https:\/\/unicoring.com\/product\/lab-grown-diamond-achievement-celebration-bracelet-in-14k-18k-white-yellow-gold-15-ct-tw\/#breadcrumb","itemListElement":[{"@type":"ListItem","position":1,"name":"\u9996\u9875","item":"https:\/\/unicoring.com\/"},{"@type":"ListItem","position":2,"name":"Shop","item":"https:\/\/unicoring.com\/shop\/"},{"@type":"ListItem","position":3,"name":"Lab-Grown Diamond Achievement Celebration Bracelet in 14K\/18K White\/Yellow Gold (15 ct tw)"}]},{"@type":"WebSite","@id":"https:\/\/unicoring.com\/#website","url":"https:\/\/unicoring.com\/","name":"UniCoring","description":"","potentialAction":[{"@type":"SearchAction","target":{"@type":"EntryPoint","urlTemplate":"https:\/\/unicoring.com\/?s={search_term_string}"},"query-input":{"@type":"PropertyValueSpecification","valueRequired":true,"valueName":"search_term_string"}}],"inLanguage":"fr-FR"}]}},"_links":{"self":[{"href":"https:\/\/unicoring.com\/fr\/wp-json\/wp\/v2\/product\/7258","targetHints":{"allow":["GET"]}}],"collection":[{"href":"https:\/\/unicoring.com\/fr\/wp-json\/wp\/v2\/product"}],"about":[{"href":"https:\/\/unicoring.com\/fr\/wp-json\/wp\/v2\/types\/product"}],"replies":[{"embeddable":true,"href":"https:\/\/unicoring.com\/fr\/wp-json\/wp\/v2\/comments?post=7258"}],"wp:featuredmedia":[{"embeddable":true,"href":"https:\/\/unicoring.com\/fr\/wp-json\/wp\/v2\/media\/7073"}],"wp:attachment":[{"href":"https:\/\/unicoring.com\/fr\/wp-json\/wp\/v2\/media?parent=7258"}],"wp:term":[{"taxonomy":"product_brand","embeddable":true,"href":"https:\/\/unicoring.com\/fr\/wp-json\/wp\/v2\/product_brand?post=7258"},{"taxonomy":"product_cat","embeddable":true,"href":"https:\/\/unicoring.com\/fr\/wp-json\/wp\/v2\/product_cat?post=7258"},{"taxonomy":"product_tag","embeddable":true,"href":"https:\/\/unicoring.com\/fr\/wp-json\/wp\/v2\/product_tag?post=7258"}],"curies":[{"name":"wp","href":"https:\/\/api.w.org\/{rel}","templated":true}]}}