{"id":7498,"date":"2025-09-17T02:12:42","date_gmt":"2025-09-17T02:12:42","guid":{"rendered":"https:\/\/unicoring.com\/?post_type=product&#038;p=7498"},"modified":"2025-10-20T06:30:07","modified_gmt":"2025-10-20T06:30:07","slug":"1-3carat-oval-lab-grown-igi-certified-diamond-set-in-an-18k-white-gold-engagement-ring-%e5%a4%8d%e5%88%b6","status":"publish","type":"product","link":"https:\/\/unicoring.com\/fr\/produit\/1-3carat-oval-lab-grown-igi-certified-diamond-set-in-an-18k-white-gold-engagement-ring-%e5%a4%8d%e5%88%b6\/","title":{"rendered":"Diamant ovale de 1 \u00e0 3 carats cultiv\u00e9 en laboratoire et certifi\u00e9 IGI, serti dans une bague de fian\u00e7ailles en or blanc 18 carats (\u590d\u5236)"},"content":{"rendered":"<p>Cette bague scintille d&#039;une brillance classique, avec un diamant de laboratoire taille ovale de 1 \u00e0 3 carats en son centre (les pierres lat\u00e9rales p\u00e8sent 0,28 carat).<\/p>\n<p>Le diamant central a \u00e9t\u00e9 certifi\u00e9 par un laboratoire de classement ind\u00e9pendant et est grav\u00e9 d&#039;un num\u00e9ro correspondant au certificat IGI.<\/p>\n<p>Votre commande comprend :<\/p>\n<p>Livraison FedEx gratuite,<\/p>\n<p>Emballage confidentiel,<\/p>\n<p>\u00c9valuation professionnelle IGI,<\/p>\n<p>Garantie \u00e0 vie gratuite,<\/p>\n<p>Coffret en bois certifi\u00e9 FSC<\/p>\n<p>Informations sur la bague<\/p>\n<p>Mod\u00e8le : ZBR0195-18KY<\/p>\n<p>M\u00e9tal : or blanc 14 carats, or jaune 14 carats, or rose 14 carats, or blanc 18 carats, or jaune 18 carats, or rose 18 carats, platine PT<\/p>\n<p>Type de diamant : taille diamant de laboratoire<\/p>\n<p>Taille : Ovale<br \/>\ndiamant central : 1 ct, 2 ct, 3 ct<\/p>\n<p>Pierres d&#039;accent<br \/>\nType : Diamant<br \/>\nForme : Ronde<br \/>\nQuantit\u00e9 : 24<br \/>\nPoids total minimum en carats\u00a0: 0,28<br \/>\nCadre : Pav\u00e9 festonn\u00e9<br \/>\nCouleur moyenne : DE\/F<br \/>\nClart\u00e9 moyenne : VVS2-VS1<\/p>\n<p>&nbsp;<\/p>","protected":false},"excerpt":{"rendered":"<p>Cette bague scintille d&#039;une brillance classique, avec un diamant de laboratoire taille ovale de 1 \u00e0 3 carats en son centre (les pierres lat\u00e9rales p\u00e8sent 0,28<\/p>","protected":false},"featured_media":7642,"comment_status":"open","ping_status":"closed","template":"","meta":[],"product_brand":[107],"product_cat":[15,209,208,74,201,162,157,77,277,181,158,71],"product_tag":[238],"class_list":{"0":"post-7498","1":"product","2":"type-product","3":"status-publish","4":"has-post-thumbnail","6":"product_brand-unicorimg","7":"product_cat-engagement-rings","8":"product_cat-anniversary-gifts","9":"product_cat-birthday-gifts","10":"product_cat-fine-jewelry","11":"product_cat-fine-jewelry-fine-jewelry","12":"product_cat-gifts-by-recipient","13":"product_cat-gifts-for-her","14":"product_cat-diamonds","15":"product_cat-lab-grown-diamond-ring","16":"product_cat-oval-shop-by-shape","17":"product_cat-shop-by-shape","18":"product_cat-womens-wedding-rings","19":"product_tag-wedding-engagement-rings","21":"first","22":"instock","23":"sale","24":"shipping-taxable","25":"purchasable","26":"product-type-variable","27":"has-default-attributes"},"yoast_head":"<!-- This site is optimized with the Yoast SEO plugin v25.7 - https:\/\/yoast.com\/wordpress\/plugins\/seo\/ -->\n<title>1-3carat oval lab-grown IGI certified diamond, set in an 18K white gold engagement ring (\u590d\u5236) - UniCoring<\/title>\n<meta name=\"description\" content=\"Wedding &amp; Engagement Rings \u2014 Our engagement rings are handcrafted and set with ethically sourced diamonds &amp; gemstones. Explore our extensive collection of...\" \/>\n<meta name=\"robots\" content=\"index, follow, max-snippet:-1, max-image-preview:large, max-video-preview:-1\" \/>\n<link rel=\"canonical\" href=\"https:\/\/unicoring.com\/fr\/produit\/1-3carat-oval-lab-grown-igi-certified-diamond-set-in-an-18k-white-gold-engagement-ring-\u590d\u5236\/\" \/>\n<meta property=\"og:locale\" content=\"fr_FR\" \/>\n<meta property=\"og:type\" content=\"article\" \/>\n<meta property=\"og:title\" content=\"1-3carat oval lab-grown IGI certified diamond, set in an 18K white gold engagement ring (\u590d\u5236) - UniCoring\" \/>\n<meta property=\"og:description\" content=\"Wedding &amp; Engagement Rings \u2014 Our engagement rings are handcrafted and set with ethically sourced diamonds &amp; gemstones. Explore our extensive collection of...\" \/>\n<meta property=\"og:url\" content=\"https:\/\/unicoring.com\/fr\/produit\/1-3carat-oval-lab-grown-igi-certified-diamond-set-in-an-18k-white-gold-engagement-ring-\u590d\u5236\/\" \/>\n<meta property=\"og:site_name\" content=\"UniCoring\" \/>\n<meta property=\"article:modified_time\" content=\"2025-10-20T06:30:07+00:00\" \/>\n<meta property=\"og:image\" content=\"https:\/\/unicoring.com\/wp-content\/uploads\/2025\/09\/DSR014-3.jpg\" \/>\n\t<meta property=\"og:image:width\" content=\"1000\" \/>\n\t<meta property=\"og:image:height\" content=\"1000\" \/>\n\t<meta property=\"og:image:type\" content=\"image\/jpeg\" \/>\n<meta name=\"twitter:card\" content=\"summary_large_image\" \/>\n<meta name=\"twitter:label1\" content=\"Dur\u00e9e de lecture estim\u00e9e\" \/>\n\t<meta name=\"twitter:data1\" content=\"1 minute\" \/>\n<script type=\"application\/ld+json\" class=\"yoast-schema-graph\">{\"@context\":\"https:\/\/schema.org\",\"@graph\":[{\"@type\":\"WebPage\",\"@id\":\"https:\/\/unicoring.com\/product\/1-3carat-oval-lab-grown-igi-certified-diamond-set-in-an-18k-white-gold-engagement-ring-%e5%a4%8d%e5%88%b6\/\",\"url\":\"https:\/\/unicoring.com\/product\/1-3carat-oval-lab-grown-igi-certified-diamond-set-in-an-18k-white-gold-engagement-ring-%e5%a4%8d%e5%88%b6\/\",\"name\":\"1-3carat oval lab-grown IGI certified diamond, set in an 18K white gold engagement ring (\u590d\u5236) - UniCoring\",\"isPartOf\":{\"@id\":\"https:\/\/unicoring.com\/#website\"},\"primaryImageOfPage\":{\"@id\":\"https:\/\/unicoring.com\/product\/1-3carat-oval-lab-grown-igi-certified-diamond-set-in-an-18k-white-gold-engagement-ring-%e5%a4%8d%e5%88%b6\/#primaryimage\"},\"image\":{\"@id\":\"https:\/\/unicoring.com\/product\/1-3carat-oval-lab-grown-igi-certified-diamond-set-in-an-18k-white-gold-engagement-ring-%e5%a4%8d%e5%88%b6\/#primaryimage\"},\"thumbnailUrl\":\"https:\/\/unicoring.com\/wp-content\/uploads\/2025\/09\/DSR014-3.jpg\",\"datePublished\":\"2025-09-17T02:12:42+00:00\",\"dateModified\":\"2025-10-20T06:30:07+00:00\",\"description\":\"Wedding & Engagement Rings \u2014 Our engagement rings are handcrafted and set with ethically sourced diamonds & gemstones. Explore our extensive collection of...\",\"breadcrumb\":{\"@id\":\"https:\/\/unicoring.com\/product\/1-3carat-oval-lab-grown-igi-certified-diamond-set-in-an-18k-white-gold-engagement-ring-%e5%a4%8d%e5%88%b6\/#breadcrumb\"},\"inLanguage\":\"fr-FR\",\"potentialAction\":[{\"@type\":\"ReadAction\",\"target\":[\"https:\/\/unicoring.com\/product\/1-3carat-oval-lab-grown-igi-certified-diamond-set-in-an-18k-white-gold-engagement-ring-%e5%a4%8d%e5%88%b6\/\"]}]},{\"@type\":\"ImageObject\",\"inLanguage\":\"fr-FR\",\"@id\":\"https:\/\/unicoring.com\/product\/1-3carat-oval-lab-grown-igi-certified-diamond-set-in-an-18k-white-gold-engagement-ring-%e5%a4%8d%e5%88%b6\/#primaryimage\",\"url\":\"https:\/\/unicoring.com\/wp-content\/uploads\/2025\/09\/DSR014-3.jpg\",\"contentUrl\":\"https:\/\/unicoring.com\/wp-content\/uploads\/2025\/09\/DSR014-3.jpg\",\"width\":1000,\"height\":1000},{\"@type\":\"BreadcrumbList\",\"@id\":\"https:\/\/unicoring.com\/product\/1-3carat-oval-lab-grown-igi-certified-diamond-set-in-an-18k-white-gold-engagement-ring-%e5%a4%8d%e5%88%b6\/#breadcrumb\",\"itemListElement\":[{\"@type\":\"ListItem\",\"position\":1,\"name\":\"\u9996\u9875\",\"item\":\"https:\/\/unicoring.com\/\"},{\"@type\":\"ListItem\",\"position\":2,\"name\":\"Shop\",\"item\":\"https:\/\/unicoring.com\/shop\/\"},{\"@type\":\"ListItem\",\"position\":3,\"name\":\"1-3carat oval lab-grown IGI certified diamond, set in an 18K white gold engagement ring (\u590d\u5236)\"}]},{\"@type\":\"WebSite\",\"@id\":\"https:\/\/unicoring.com\/#website\",\"url\":\"https:\/\/unicoring.com\/\",\"name\":\"UniCoring\",\"description\":\"\",\"potentialAction\":[{\"@type\":\"SearchAction\",\"target\":{\"@type\":\"EntryPoint\",\"urlTemplate\":\"https:\/\/unicoring.com\/?s={search_term_string}\"},\"query-input\":{\"@type\":\"PropertyValueSpecification\",\"valueRequired\":true,\"valueName\":\"search_term_string\"}}],\"inLanguage\":\"fr-FR\"}]}<\/script>\n<!-- \/ Yoast SEO plugin. -->","yoast_head_json":{"title":"1-3carat oval lab-grown IGI certified diamond, set in an 18K white gold engagement ring (\u590d\u5236) - UniCoring","description":"Wedding & Engagement Rings \u2014 Our engagement rings are handcrafted and set with ethically sourced diamonds & gemstones. Explore our extensive collection of...","robots":{"index":"index","follow":"follow","max-snippet":"max-snippet:-1","max-image-preview":"max-image-preview:large","max-video-preview":"max-video-preview:-1"},"canonical":"https:\/\/unicoring.com\/fr\/produit\/1-3carat-oval-lab-grown-igi-certified-diamond-set-in-an-18k-white-gold-engagement-ring-\u590d\u5236\/","og_locale":"fr_FR","og_type":"article","og_title":"1-3carat oval lab-grown IGI certified diamond, set in an 18K white gold engagement ring (\u590d\u5236) - UniCoring","og_description":"Wedding & Engagement Rings \u2014 Our engagement rings are handcrafted and set with ethically sourced diamonds & gemstones. Explore our extensive collection of...","og_url":"https:\/\/unicoring.com\/fr\/produit\/1-3carat-oval-lab-grown-igi-certified-diamond-set-in-an-18k-white-gold-engagement-ring-\u590d\u5236\/","og_site_name":"UniCoring","article_modified_time":"2025-10-20T06:30:07+00:00","og_image":[{"width":1000,"height":1000,"url":"https:\/\/unicoring.com\/wp-content\/uploads\/2025\/09\/DSR014-3.jpg","type":"image\/jpeg"}],"twitter_card":"summary_large_image","twitter_misc":{"Dur\u00e9e de lecture estim\u00e9e":"1 minute"},"schema":{"@context":"https:\/\/schema.org","@graph":[{"@type":"WebPage","@id":"https:\/\/unicoring.com\/product\/1-3carat-oval-lab-grown-igi-certified-diamond-set-in-an-18k-white-gold-engagement-ring-%e5%a4%8d%e5%88%b6\/","url":"https:\/\/unicoring.com\/product\/1-3carat-oval-lab-grown-igi-certified-diamond-set-in-an-18k-white-gold-engagement-ring-%e5%a4%8d%e5%88%b6\/","name":"1-3carat oval lab-grown IGI certified diamond, set in an 18K white gold engagement ring (\u590d\u5236) - UniCoring","isPartOf":{"@id":"https:\/\/unicoring.com\/#website"},"primaryImageOfPage":{"@id":"https:\/\/unicoring.com\/product\/1-3carat-oval-lab-grown-igi-certified-diamond-set-in-an-18k-white-gold-engagement-ring-%e5%a4%8d%e5%88%b6\/#primaryimage"},"image":{"@id":"https:\/\/unicoring.com\/product\/1-3carat-oval-lab-grown-igi-certified-diamond-set-in-an-18k-white-gold-engagement-ring-%e5%a4%8d%e5%88%b6\/#primaryimage"},"thumbnailUrl":"https:\/\/unicoring.com\/wp-content\/uploads\/2025\/09\/DSR014-3.jpg","datePublished":"2025-09-17T02:12:42+00:00","dateModified":"2025-10-20T06:30:07+00:00","description":"Wedding & Engagement Rings \u2014 Our engagement rings are handcrafted and set with ethically sourced diamonds & gemstones. Explore our extensive collection of...","breadcrumb":{"@id":"https:\/\/unicoring.com\/product\/1-3carat-oval-lab-grown-igi-certified-diamond-set-in-an-18k-white-gold-engagement-ring-%e5%a4%8d%e5%88%b6\/#breadcrumb"},"inLanguage":"fr-FR","potentialAction":[{"@type":"ReadAction","target":["https:\/\/unicoring.com\/product\/1-3carat-oval-lab-grown-igi-certified-diamond-set-in-an-18k-white-gold-engagement-ring-%e5%a4%8d%e5%88%b6\/"]}]},{"@type":"ImageObject","inLanguage":"fr-FR","@id":"https:\/\/unicoring.com\/product\/1-3carat-oval-lab-grown-igi-certified-diamond-set-in-an-18k-white-gold-engagement-ring-%e5%a4%8d%e5%88%b6\/#primaryimage","url":"https:\/\/unicoring.com\/wp-content\/uploads\/2025\/09\/DSR014-3.jpg","contentUrl":"https:\/\/unicoring.com\/wp-content\/uploads\/2025\/09\/DSR014-3.jpg","width":1000,"height":1000},{"@type":"BreadcrumbList","@id":"https:\/\/unicoring.com\/product\/1-3carat-oval-lab-grown-igi-certified-diamond-set-in-an-18k-white-gold-engagement-ring-%e5%a4%8d%e5%88%b6\/#breadcrumb","itemListElement":[{"@type":"ListItem","position":1,"name":"\u9996\u9875","item":"https:\/\/unicoring.com\/"},{"@type":"ListItem","position":2,"name":"Shop","item":"https:\/\/unicoring.com\/shop\/"},{"@type":"ListItem","position":3,"name":"1-3carat oval lab-grown IGI certified diamond, set in an 18K white gold engagement ring (\u590d\u5236)"}]},{"@type":"WebSite","@id":"https:\/\/unicoring.com\/#website","url":"https:\/\/unicoring.com\/","name":"UniCoring","description":"","potentialAction":[{"@type":"SearchAction","target":{"@type":"EntryPoint","urlTemplate":"https:\/\/unicoring.com\/?s={search_term_string}"},"query-input":{"@type":"PropertyValueSpecification","valueRequired":true,"valueName":"search_term_string"}}],"inLanguage":"fr-FR"}]}},"_links":{"self":[{"href":"https:\/\/unicoring.com\/fr\/wp-json\/wp\/v2\/product\/7498","targetHints":{"allow":["GET"]}}],"collection":[{"href":"https:\/\/unicoring.com\/fr\/wp-json\/wp\/v2\/product"}],"about":[{"href":"https:\/\/unicoring.com\/fr\/wp-json\/wp\/v2\/types\/product"}],"replies":[{"embeddable":true,"href":"https:\/\/unicoring.com\/fr\/wp-json\/wp\/v2\/comments?post=7498"}],"wp:featuredmedia":[{"embeddable":true,"href":"https:\/\/unicoring.com\/fr\/wp-json\/wp\/v2\/media\/7642"}],"wp:attachment":[{"href":"https:\/\/unicoring.com\/fr\/wp-json\/wp\/v2\/media?parent=7498"}],"wp:term":[{"taxonomy":"product_brand","embeddable":true,"href":"https:\/\/unicoring.com\/fr\/wp-json\/wp\/v2\/product_brand?post=7498"},{"taxonomy":"product_cat","embeddable":true,"href":"https:\/\/unicoring.com\/fr\/wp-json\/wp\/v2\/product_cat?post=7498"},{"taxonomy":"product_tag","embeddable":true,"href":"https:\/\/unicoring.com\/fr\/wp-json\/wp\/v2\/product_tag?post=7498"}],"curies":[{"name":"wp","href":"https:\/\/api.w.org\/{rel}","templated":true}]}}